{"id":166,"date":"2015-01-22T11:02:05","date_gmt":"2015-01-22T11:02:05","guid":{"rendered":"https:\/\/www.spymasterpro.com\/es\/?page_id=166"},"modified":"2020-03-07T11:18:56","modified_gmt":"2020-03-07T11:18:56","slug":"sobre-nosotros","status":"publish","type":"page","link":"https:\/\/www.spymasterpro.com\/es\/sobre-nosotros\/","title":{"rendered":"Sobre Nosotros"},"content":{"rendered":"<img decoding=\"async\" src=\"https:\/\/www.spymasterpro.com\/es\/wp-content\/uploads\/2017\/04\/about_top_banner.jpg\" alt=\"img\" \/>\r\n<p style=\"text-align: justify;\">Spymaster Pro est\u00e1 especializado en el \u00e1mbito del monitoreo y rastreo de tel\u00e9fonos m\u00f3viles. Ofrecemos la mejor tecnolog\u00eda en la monitorizaci\u00f3n de tel\u00e9fonos m\u00f3viles garantizando al mismo tiempo una interfaz f\u00e1cil de usar para nuestros clientes. Su trayectoria sigue con nosotros incluso despu\u00e9s de haber comprador el producto. Queremos ofrecer un servicio de m\u00e1xima calidad para nuestros clientes, por lo que tenemos un equipo de personas que siempre est\u00e1n a la espera de recibir y solucionar sus consultas.<\/p>\r\n<p style=\"text-align: justify;\">Al comprar esta aplicaci\u00f3n, no solo ganar\u00e1 el apoyo de una de las compa\u00f1\u00edas m\u00e1s pioneras del mundo, tambi\u00e9n contar\u00e1 con nuestro compromiso a ofrecerle la mejor experiencia como usuario nuestro.<\/p>\r\n<p style=\"text-align: justify;\">Do you seek a partnership with our company? En caso de buscar una asociaci\u00f3n con la compa\u00f1\u00eda, puede hacerlo a trav\u00e9s de nuestro programa de afiliados. Si necesitase m\u00e1s informaci\u00f3n sobre nosotros, nos lo puede hacer saber o bien a trav\u00e9s de nuestra p\u00e1gina web o con una llamada. Nuestro equipo de atenci\u00f3n al cliente responder\u00e1 a sus consultas. Para otras consultas nos puede contactar aqu\u00ed<\/p>","protected":false},"excerpt":{"rendered":"<p>Spymaster Pro est\u00e1 especializado en el \u00e1mbito del monitoreo y rastreo de tel\u00e9fonos m\u00f3viles. Ofrecemos la mejor tecnolog\u00eda en la monitorizaci\u00f3n de tel\u00e9fonos m\u00f3viles garantizando al mismo tiempo una interfaz f\u00e1cil de usar para nuestros clientes. Su trayectoria sigue con nosotros incluso despu\u00e9s de haber comprador el producto. Queremos ofrecer un servicio de m\u00e1xima calidad &hellip; <a href=\"https:\/\/www.spymasterpro.com\/es\/sobre-nosotros\/\" class=\"more-link\">Continue reading<span class=\"screen-reader-text\"> &#8220;Sobre Nosotros&#8221;<\/span><\/a><\/p>\n","protected":false},"author":1,"featured_media":0,"parent":0,"menu_order":0,"comment_status":"open","ping_status":"open","template":"","meta":{"_acf_changed":false,"footnotes":""},"class_list":["post-166","page","type-page","status-publish","hentry"],"acf":[],"aioseo_notices":[],"_links":{"self":[{"href":"https:\/\/www.spymasterpro.com\/es\/wp-json\/wp\/v2\/pages\/166","targetHints":{"allow":["GET"]}}],"collection":[{"href":"https:\/\/www.spymasterpro.com\/es\/wp-json\/wp\/v2\/pages"}],"about":[{"href":"https:\/\/www.spymasterpro.com\/es\/wp-json\/wp\/v2\/types\/page"}],"author":[{"embeddable":true,"href":"https:\/\/www.spymasterpro.com\/es\/wp-json\/wp\/v2\/users\/1"}],"replies":[{"embeddable":true,"href":"https:\/\/www.spymasterpro.com\/es\/wp-json\/wp\/v2\/comments?post=166"}],"version-history":[{"count":0,"href":"https:\/\/www.spymasterpro.com\/es\/wp-json\/wp\/v2\/pages\/166\/revisions"}],"wp:attachment":[{"href":"https:\/\/www.spymasterpro.com\/es\/wp-json\/wp\/v2\/media?parent=166"}],"curies":[{"name":"wp","href":"https:\/\/api.w.org\/{rel}","templated":true}]}}