{"id":1598,"date":"2019-01-09T12:35:02","date_gmt":"2019-01-09T12:35:02","guid":{"rendered":"https:\/\/www.spymasterpro.com\/es\/?page_id=1598"},"modified":"2023-03-09T10:33:51","modified_gmt":"2023-03-09T10:33:51","slug":"monitoreo-de-tinder","status":"publish","type":"page","link":"https:\/\/www.spymasterpro.com\/es\/monitoreo-de-tinder\/","title":{"rendered":"Monitoreo de Tinder"},"content":{"rendered":"<section id=\"Tinder_spy_banner\">\r\n<div class=\"container\">\r\n<div class=\"row\">\r\n<div class=\"col-xl-9 col-lg-9 col-md-9 col-sm-12 iphone_right_point\">\r\n<h4><img loading=\"lazy\" decoding=\"async\" class=\"alignnone\" title=\"Tinder\" src=\"https:\/\/www.spymasterpro.com\/es\/wp-content\/uploads\/2019\/01\/spy-tinder-logo_03.png\" alt=\"Tinder\" width=\"64\" height=\"81\" \/> Monitoreo de Tinder<\/h4>\r\n<h6>USE LA APLICACI\u00d3N DE MONITOREO DE TINDER PARA LEER DE MANERA SECRETA LOS CHATS<\/h6>\r\n<ul>\r\n \t<li>Remotamente obtenga los mensajes de Tinder del celular que usted elija.<\/li>\r\n \t<li>Trabaja en modo escondido.<\/li>\r\n \t<li>Compatible con Android y iPhone<\/li>\r\n \t<li>24\/7 suporte en todos los idiomas<\/li>\r\n \t<li>100% seguro y f\u00e1cil de usar<\/li>\r\n<\/ul>\r\n<div class=\"slider_btn\"><a class=\"blue_btn\" href=\"https:\/\/www.spymasterpro.com\/es\/caracteristicas\/\">Caracteristicas<\/a>\r\n<a class=\"blue_btn demo_btn\" href=\"https:\/\/www.spymasterpro.com\/demo\/index.php\"><i class=\"fa fa-play\"><\/i> Demo <\/a><\/div>\r\n<\/div>\r\n<div class=\"col-xl-3 col-lg-3 col-md-3 hidden-sm-down iphone_left_img no_padding\"><img loading=\"lazy\" decoding=\"async\" class=\"alignnone\" title=\"Monitoreo de Tinder\" src=\"https:\/\/www.spymasterpro.com\/es\/wp-content\/uploads\/2019\/01\/spy-tinder-phone_03.png\" alt=\"Monitoreo de Tinder\" width=\"286\" height=\"358\" \/><\/div>\r\n<\/div>\r\n<\/div>\r\n<\/section>\r\n<section id=\"whatsapp_middel\">\r\n<div class=\"container\">\r\n<div class=\"row\">\r\n<div class=\"col-lg-3 col-md-3 col-sm-12 col-xs-12 text-xs-center about_img2\"><img loading=\"lazy\" decoding=\"async\" class=\"alignnone\" title=\"Aplicaci\u00f3n de monitoreo de Tinder para iPhone\" src=\"https:\/\/www.spymasterpro.com\/es\/wp-content\/uploads\/2019\/01\/tinder-iphone.png\" alt=\"Aplicaci\u00f3n de monitoreo de Tinder para iPhone\" width=\"326\" height=\"515\" \/><\/div>\r\n<div class=\"col-lg-9 col-md-9 col-sm-12 col-xs-12 inner_txt\">\r\n<h2>Aplicaci\u00f3n de monitoreo de Tinder para iPhone<\/h2>\r\n<h6>Para monitorear los chats de Tinder del celular que desea, siga los siguientes pasos:<\/h6>\r\n<ul>\r\n \t<li>Obtenga la aplicaci\u00f3n de monitoreo de Tinder e inicie sesi\u00f3n con las credenciales enviadas a su correo electr\u00f3nico.<\/li>\r\n \t<li>Obtenga las credenciales de iCloud del celular a monitorear<\/li>\r\n \t<li>Complete el resto de la informaci\u00f3n pedida y<\/li>\r\n \t<li>Comience a monitorear a la persona que desee.<\/li>\r\n<\/ul>\r\n<strong>Nota: no se necesita instalar en el celular elegido<\/strong>\r\n<div class=\"whatsapp_btns text-xs-center\"><a class=\"blue_btn\" href=\"https:\/\/www.spymasterpro.com\/es\/espia-iphone-sin-jailbreak\/\">Iphone Espia<\/a>\r\n<a class=\"blue_btn\" href=\"https:\/\/www.spymasterpro.com\/es\/comprar-ahora\/\">CONSIGALO AQU\u00cd<\/a><\/div>\r\n<\/div>\r\n<\/div>\r\n<\/div>\r\n<\/section><!-- whatsapp spy middel part end -->\r\n\r\n<!-- whatsapp spy end part start -->\r\n\r\n<section id=\"whatsapp_middel\">\r\n<div class=\"container\">\r\n<div class=\"row\">\r\n\r\n<div class=\"col-lg-9 col-md-9 col-sm-12 col-xs-12 inner_txt\">\r\n<h2>Aplicaci\u00f3n de monitoreo de Tinder para Android<\/h2>\r\n<h6>Para monitorear los mensajes de Tinder de un celular Android, siga los pasos presentados a continuaci\u00f3n:<\/h6>\r\n<ul>\r\n \t<li>Haga una compra online para obtener las credenciales para iniciar sesi\u00f3n.<\/li>\r\n \t<li>Descargue e instale la aplicaci\u00f3n en el celular Android a monitorear. Este proceso es muy sencillo y le tomara apenas 5 minutos realizarlo.<\/li>\r\n \t<li>Visite el sitio web e inicie sesi\u00f3n desde el buscador.<\/li>\r\n<\/ul>\r\n<strong>Obtenga todos los chats de Tinder del celular Android que desea monitorear.<\/strong>\r\n<div class=\"whatsapp_btns text-xs-center\"><a class=\"blue_btn\" href=\"https:\/\/www.spymasterpro.com\/es\/android-espia\/\">Android Espia<\/a>\r\n<a class=\"blue_btn\" href=\"https:\/\/www.spymasterpro.com\/es\/comprar-ahora\/\"> CONSIGALO AQU\u00cd<\/a><\/div>\r\n<\/div>\r\n<div class=\"col-lg-3 col-md-3 col-sm-3 col-xs-3 about_img2 text-xs-center\"><img loading=\"lazy\" decoding=\"async\" class=\"alignnone\" title=\"Android Espia\" src=\"https:\/\/www.spymasterpro.com\/es\/wp-content\/uploads\/2019\/01\/tinder-android.png\" alt=\"Android Espia\" width=\"185\" height=\"371\" \/><\/div>\r\n\r\n<\/div>\r\n<\/div>\r\n<\/section>\r\n<script type=\"application\/ld+json\">\r\n    {\r\n      \"@context\": \"https:\/\/schema.org\",\r\n      \"@type\": \"SoftwareApplication\",\r\n      \"name\" : \"Spymaster Pro\",\r\n  \t  \"image\" : \"https:\/\/www.spymasterpro.com\/es\/wp-content\/uploads\/2019\/01\/spy-tinder-phone_03.png\",\r\n  \t  \"operatingSystem\": \"Windows 7, OSX 10.6, Android 1.6\",\r\n      \"applicationCategory\": \"BusinessApplication\",\r\n      \"featureList\": \"WhatsApp, Facebook, Instagram\",\r\n      \"aggregateRating\": {\r\n        \"@type\": \"AggregateRating\",\r\n        \"ratingValue\": \"4.9\",\r\n        \"ratingCount\": \"68523\"\r\n      },\r\n      \"offers\": {\r\n        \"@type\": \"Offer\",\r\n        \"price\": \"7.99\",\r\n        \"priceCurrency\": \"USD\"\r\n      }\r\n    }\r\n    <\/script>","protected":false},"excerpt":{"rendered":"<p>Monitoreo de Tinder USE LA APLICACI\u00d3N DE MONITOREO DE TINDER PARA LEER DE MANERA SECRETA LOS CHATS Remotamente obtenga los mensajes de Tinder del celular que usted elija. Trabaja en modo escondido. Compatible con Android y iPhone 24\/7 suporte en todos los idiomas 100% seguro y f\u00e1cil de usar Caracteristicas Demo Aplicaci\u00f3n de monitoreo de &hellip; <a href=\"https:\/\/www.spymasterpro.com\/es\/monitoreo-de-tinder\/\" class=\"more-link\">Continue reading<span class=\"screen-reader-text\"> &#8220;Monitoreo de Tinder&#8221;<\/span><\/a><\/p>\n","protected":false},"author":1,"featured_media":0,"parent":0,"menu_order":0,"comment_status":"closed","ping_status":"closed","template":"page-full.php","meta":{"_acf_changed":false,"footnotes":""},"class_list":["post-1598","page","type-page","status-publish","hentry"],"acf":[],"aioseo_notices":[],"_links":{"self":[{"href":"https:\/\/www.spymasterpro.com\/es\/wp-json\/wp\/v2\/pages\/1598","targetHints":{"allow":["GET"]}}],"collection":[{"href":"https:\/\/www.spymasterpro.com\/es\/wp-json\/wp\/v2\/pages"}],"about":[{"href":"https:\/\/www.spymasterpro.com\/es\/wp-json\/wp\/v2\/types\/page"}],"author":[{"embeddable":true,"href":"https:\/\/www.spymasterpro.com\/es\/wp-json\/wp\/v2\/users\/1"}],"replies":[{"embeddable":true,"href":"https:\/\/www.spymasterpro.com\/es\/wp-json\/wp\/v2\/comments?post=1598"}],"version-history":[{"count":3,"href":"https:\/\/www.spymasterpro.com\/es\/wp-json\/wp\/v2\/pages\/1598\/revisions"}],"predecessor-version":[{"id":3847,"href":"https:\/\/www.spymasterpro.com\/es\/wp-json\/wp\/v2\/pages\/1598\/revisions\/3847"}],"wp:attachment":[{"href":"https:\/\/www.spymasterpro.com\/es\/wp-json\/wp\/v2\/media?parent=1598"}],"curies":[{"name":"wp","href":"https:\/\/api.w.org\/{rel}","templated":true}]}}