{"id":1583,"date":"2019-01-09T11:59:36","date_gmt":"2019-01-09T11:59:36","guid":{"rendered":"https:\/\/www.spymasterpro.com\/es\/?page_id=1583"},"modified":"2023-03-09T10:36:51","modified_gmt":"2023-03-09T10:36:51","slug":"monitoreo-de-kik","status":"publish","type":"page","link":"https:\/\/www.spymasterpro.com\/es\/monitoreo-de-kik\/","title":{"rendered":"Monitoreo de KIK"},"content":{"rendered":"<section id=\"KIK_spy_banner\">\r\n<div class=\"container\">\r\n<div class=\"row\">\r\n<div class=\"col-xl-9 col-lg-9 col-md-9 col-sm-12 iphone_right_point\">\r\n<h4><img loading=\"lazy\" decoding=\"async\" class=\"alignnone\" title=\"KIK\" src=\"https:\/\/www.spymasterpro.com\/es\/wp-content\/uploads\/2019\/01\/spy-kik-phone_03.png\" alt=\"KIK\" width=\"102\" height=\"65\" \/> Monitoreo de KIK<\/h4>\r\n<h6>LEE LOS MENSAJES DE KIK DEL CELULAR QUE DESEES DESDE LA COMODIDAD DE TU HOGAR.<\/h6>\r\n<ul>\r\n \t<li>Lee los mensajes enviados y recibidos con KIK del tel\u00e9fono celular que elijas.<\/li>\r\n \t<li>100% seguro y f\u00e1cil de usar.<\/li>\r\n \t<li>Compatible con IPhone y Android.<\/li>\r\n \t<li>Accesible desde cualquier buscador.<\/li>\r\n \t<li>24\/7 soporte en todos los idiomas.<\/li>\r\n<\/ul>\r\n<div class=\"slider_btn\"><a class=\"blue_btn\" href=\"https:\/\/www.spymasterpro.com\/es\/caracteristicas\/\">Caracteristicas<\/a>\r\n<a class=\"blue_btn demo_btn\" href=\"https:\/\/www.spymasterpro.com\/demo\/index.php\"><i class=\"fa fa-play\"><\/i> Demo <\/a><\/div>\r\n<\/div>\r\n<div class=\"col-xl-3 col-lg-3 col-md-3 hidden-sm-down iphone_left_img no_padding\"><img loading=\"lazy\" decoding=\"async\" class=\"alignnone\" title=\"Monitoreo de KIK\" src=\"https:\/\/www.spymasterpro.com\/es\/wp-content\/uploads\/2019\/01\/spy-kik-phoness_06.png\" alt=\"Monitoreo de KIK\" width=\"249\" height=\"336\" \/><\/div>\r\n<\/div>\r\n<\/div>\r\n<\/section><section id=\"whatsapp_middel\">\r\n<div class=\"container\">\r\n<div class=\"row\">\r\n\r\n<div class=\"col-lg-3 col-md-3 col-sm-12 col-xs-12 text-xs-center about_img2\"><img loading=\"lazy\" decoding=\"async\" class=\"alignnone\" title=\"MONITOREO DE KIK PARA IPHONE\" src=\"https:\/\/www.spymasterpro.com\/es\/wp-content\/uploads\/2019\/01\/kik-iphone.png\" alt=\"MONITOREO DE KIK PARA IPHONE\" width=\"326\" height=\"515\" \/><\/div>\r\n<div class=\"col-lg-9 col-md-9 col-sm-12 col-xs-12 inner_txt\">\r\n<h2>MONITOREO DE KIK PARA IPHONE<\/h2>\r\n<h6>Para leer los mensajes de KIK de un IPhone, simplemente siga estos pasos:<\/h6>\r\n<ul>\r\n \t<li>Comprar la aplicaci\u00f3n de <strong>monitoreo de KIK<\/strong>,<\/li>\r\n \t<li>Obtener las credenciales de iCloud del celular a monitorear,<\/li>\r\n \t<li>Chequea tu email e ingresa a tu cuenta, y<\/li>\r\n \t<li>Revisa todos los detalles del celular elegido desde la comodidad de tu hogar.<\/li>\r\n<\/ul>\r\n<strong>Nota: no es necesario instalar el software en el iPhone.<\/strong>\r\n<div class=\"whatsapp_btns text-xs-center\"><a class=\"blue_btn\" href=\"https:\/\/www.spymasterpro.com\/es\/espia-iphone-sin-jailbreak\/\">Iphone Espia<\/a>\r\n<a class=\"blue_btn\" href=\"https:\/\/www.spymasterpro.com\/es\/comprar-ahora\/\">CONSIGALO AQU\u00cd<\/a><\/div>\r\n<\/div>\r\n\r\n<\/div>\r\n<\/div>\r\n<\/section><!-- whatsapp spy middel part end -->\r\n\r\n<!-- whatsapp spy end part start -->\r\n\r\n<section id=\"whatsapp_middel\">\r\n<div class=\"container\">\r\n<div class=\"row\">\r\n\r\n<div class=\"col-lg-9 col-md-9 col-sm-12 col-xs-12 inner_txt\">\r\n<h2>MONITOREO DE KIK PARA ANDROID<\/h2>\r\n<h6>Para leer los mensajes de KIK del sospechoso, simplemente siga estos pasos:<\/h6>\r\n<ul>\r\n \t<li>Obtenga la <a href=\"https:\/\/www.spymasterpro.com\/es\" target=\"_blank\" rel=\"noopener noreferrer\"><strong>aplicaci\u00f3n de monitoreo de KIK<\/strong><\/a> y recibir\u00e1 un email con el nombre de usuario y la contrase\u00f1a para ingresar a la aplicaci\u00f3n.<\/li>\r\n \t<li>Instale el software en el tel\u00e9fono celular elegido. Este es un proceso f\u00e1cil de realizar, que le tomara apenas 5 minutos.<\/li>\r\n \t<li>Use las credenciales para iniciar sesi\u00f3n y acceda al celular deseado desde cualquier lugar en cualquier momento.<\/li>\r\n<\/ul>\r\n<strong>Comience a revisar los mensajes de KIK del celular seleccionado.<\/strong>\r\n<div class=\"whatsapp_btns text-xs-center\"><a class=\"blue_btn\" href=\"https:\/\/www.spymasterpro.com\/es\/android-espia\/\">Android Espia<\/a>\r\n<a class=\"blue_btn\" href=\"https:\/\/www.spymasterpro.com\/es\/comprar-ahora\/\"> CONSIGALO AQU\u00cd<\/a><\/div>\r\n<\/div>\r\n<div class=\"col-lg-3 col-md-3 col-sm-3 col-xs-3 about_img2 text-xs-center\"><img loading=\"lazy\" decoding=\"async\" class=\"alignnone\" title=\"MONITOREO DE KIK PARA ANDROID\" src=\"https:\/\/www.spymasterpro.com\/es\/wp-content\/uploads\/2019\/01\/kik-android.png\" alt=\"MONITOREO DE KIK PARA ANDROID\" width=\"185\" height=\"371\" \/><\/div>\r\n\r\n<\/div>\r\n<\/div>\r\n<\/section>\r\n<script type=\"application\/ld+json\">\r\n    {\r\n      \"@context\": \"https:\/\/schema.org\",\r\n      \"@type\": \"SoftwareApplication\",\r\n      \"name\" : \"Spymaster Pro\",\r\n  \t  \"image\" : \"https:\/\/www.spymasterpro.com\/es\/wp-content\/uploads\/2019\/01\/spy-kik-phoness_06.png\",\r\n  \t  \"operatingSystem\": \"Windows 7, OSX 10.6, Android 1.6\",\r\n      \"applicationCategory\": \"BusinessApplication\",\r\n      \"featureList\": \"WhatsApp, Facebook, Instagram\",\r\n      \"aggregateRating\": {\r\n        \"@type\": \"AggregateRating\",\r\n        \"ratingValue\": \"4.8\",\r\n        \"ratingCount\": \"69523\"\r\n      },\r\n      \"offers\": {\r\n        \"@type\": \"Offer\",\r\n        \"price\": \"7.99\",\r\n        \"priceCurrency\": \"USD\"\r\n      }\r\n    }\r\n    <\/script>","protected":false},"excerpt":{"rendered":"<p>Monitoreo de KIK LEE LOS MENSAJES DE KIK DEL CELULAR QUE DESEES DESDE LA COMODIDAD DE TU HOGAR. Lee los mensajes enviados y recibidos con KIK del tel\u00e9fono celular que elijas. 100% seguro y f\u00e1cil de usar. Compatible con IPhone y Android. Accesible desde cualquier buscador. 24\/7 soporte en todos los idiomas. Caracteristicas Demo MONITOREO &hellip; <a href=\"https:\/\/www.spymasterpro.com\/es\/monitoreo-de-kik\/\" class=\"more-link\">Continue reading<span class=\"screen-reader-text\"> &#8220;Monitoreo de KIK&#8221;<\/span><\/a><\/p>\n","protected":false},"author":1,"featured_media":0,"parent":0,"menu_order":0,"comment_status":"closed","ping_status":"closed","template":"page-full.php","meta":{"_acf_changed":false,"footnotes":""},"class_list":["post-1583","page","type-page","status-publish","hentry"],"acf":[],"aioseo_notices":[],"_links":{"self":[{"href":"https:\/\/www.spymasterpro.com\/es\/wp-json\/wp\/v2\/pages\/1583","targetHints":{"allow":["GET"]}}],"collection":[{"href":"https:\/\/www.spymasterpro.com\/es\/wp-json\/wp\/v2\/pages"}],"about":[{"href":"https:\/\/www.spymasterpro.com\/es\/wp-json\/wp\/v2\/types\/page"}],"author":[{"embeddable":true,"href":"https:\/\/www.spymasterpro.com\/es\/wp-json\/wp\/v2\/users\/1"}],"replies":[{"embeddable":true,"href":"https:\/\/www.spymasterpro.com\/es\/wp-json\/wp\/v2\/comments?post=1583"}],"version-history":[{"count":3,"href":"https:\/\/www.spymasterpro.com\/es\/wp-json\/wp\/v2\/pages\/1583\/revisions"}],"predecessor-version":[{"id":3849,"href":"https:\/\/www.spymasterpro.com\/es\/wp-json\/wp\/v2\/pages\/1583\/revisions\/3849"}],"wp:attachment":[{"href":"https:\/\/www.spymasterpro.com\/es\/wp-json\/wp\/v2\/media?parent=1583"}],"curies":[{"name":"wp","href":"https:\/\/api.w.org\/{rel}","templated":true}]}}