{"id":1507,"date":"2018-07-16T11:01:42","date_gmt":"2018-07-16T11:01:42","guid":{"rendered":"https:\/\/www.spymasterpro.com\/es\/?page_id=1507"},"modified":"2023-03-09T08:04:33","modified_gmt":"2023-03-09T08:04:33","slug":"espia-iphone","status":"publish","type":"page","link":"https:\/\/www.spymasterpro.com\/es\/espia-iphone\/","title":{"rendered":"Esp\u00eda iPhone"},"content":{"rendered":"<section id=\"iphone_spy_banner\">\r\n<div class=\"container\">\r\n<div class=\"row\">\r\n<div class=\"col-xl-3 col-lg-3 col-md-3 hidden-sm-down iphone_left_img\">\r\n\r\n<img loading=\"lazy\" decoding=\"async\" class=\"alignnone\" title=\"Software Esp\u00eda para iPhone\" src=\"..\/wp-content\/themes\/spymaster\/images\/iphone_spy_phone_img.png\" alt=\"Software Esp\u00eda para iPhone\" width=\"236\" height=\"295\" \/>\r\n\r\n<\/div>\r\n<div class=\"col-xl-9 col-lg-9 col-md-9 col-sm-12 iphone_right_point\">\r\n<h4>Software Esp\u00eda para iPhone<\/h4>\r\n<h6>SPYMASTER es COMPATIBLE con IOS 9 &#8211; IOS 11.4<\/h6>\r\n<ul>\r\n \t<li>Esp\u00eda remotamente cualquier iPhone usando Spymaster Pro<\/li>\r\n \t<li>Supervise remotamente las actividades m\u00f3viles de su hijo o de otra persona importante.<\/li>\r\n \t<li>Mira los mensajes de chat eliminados: WhatsApp, Facebook, Instagram, Snapchat y muchos m\u00e1s.<\/li>\r\n \t<li>No se requiere acceso f\u00edsico al iPhone a espiar.<\/li>\r\n \t<li>Trabaja en modo oculto<\/li>\r\n \t<li>100% de seguridad garantizada<\/li>\r\n \t<li>Accesible desde todos los navegadores web.<\/li>\r\n<\/ul>\r\n<div class=\"slider_btn\">\r\n\r\n<a class=\"blue_btn\" href=\"https:\/\/www.spymasterpro.com\/demo\/index.php\"><i class=\"fa fa-play\"><\/i> Demo<\/a><a class=\"blue_btn demo_btn\" href=\"https:\/\/www.spymasterpro.com\/es\/comprar-ahora\/\">CONSIGALO AQU\u00cd<\/a>\r\n\r\n<\/div>\r\n<\/div>\r\n<\/div>\r\n<\/div>\r\n<\/section><section id=\"android_spy\">\r\n<div class=\"container\">\r\n<div class=\"row\">\r\n<div class=\"col-xs-12\">\r\n<h2>\u00a1Esp\u00eda el iPhone con Spymaster Pro!<\/h2>\r\n<\/div>\r\n\r\n<div class=\"col-xl-5 col-lg-5 col-sm-5 col-md-5 col-sm-12 col-xs-12\"><img loading=\"lazy\" decoding=\"async\" class=\"alignnone\" title=\"\u00a1Esp\u00eda el iPhone con Spymaster Pro!\" src=\"https:\/\/www.spymasterpro.com\/wp-content\/uploads\/2018\/06\/new.png\" alt=\"\u00a1Esp\u00eda el iPhone con Spymaster Pro!\" width=\"477\" height=\"241\" \/><\/div>\r\n<div class=\"col-xl-7 col-lg-7 col-sm-7 col-md-7 col-sm-12 col-xs-12\">\r\n\r\nSpymaster Pro es un software de espionaje para iPhone dise\u00f1ado de manera que simplifica el seguimiento de todas las actividades de telefon\u00eda m\u00f3vil del iPhone deseado. Esp\u00eda de forma remota y obt\u00e9n toda la informaci\u00f3n precisa que est\u00e1s buscando. No se necesita acceso f\u00edsico al iPhone deseado. Simplemente obtenga este software esp\u00eda para iPhone y comience a espiar a la persona sospechosa. La mejor parte es que el usuario bajo la supervisi\u00f3n no podr\u00e1 saber que est\u00e1s espi\u00e1ndole en secreto. Disfruta de las siguientes funciones esp\u00eda para iPhone de Spymaster Pro\r\n\r\n<\/div>\r\n\r\n<\/div>\r\n<\/div>\r\n<\/section><section id=\"android_spy_feature\" class=\"iphone_spy_feature\">\r\n<div class=\"container\">\r\n<div class=\"row\">\r\n<div class=\"feature_heading text-xs-center\">\r\n<h3>Disfruta del siguiente iPhone Esp\u00eda Caracter\u00edsticas de Spymaster Pro<\/h3>\r\n<\/div>\r\n<div class=\"col-xl-6 col-lg-6 col-sm-6 col-md-6 col-xs-6 android_spy_points\">\r\n<h5><img loading=\"lazy\" decoding=\"async\" class=\"alignnone\" title=\"Seguimiento de llamadas\" src=\"..\/wp-content\/uploads\/2017\/02\/feature_newicon3.png\" alt=\"Seguimiento de llamadas\" width=\"182\" height=\"182\" \/> Seguimiento de llamadas<\/h5>\r\nLa funci\u00f3n de seguimiento de llamadas le da acceso a todos los registros de llamadas de la persona deseada. Recibir\u00e1 todas las llamadas entrantes y salientes (n\u00fameros marcados y recibidos) del iPhone objetivo, incluso la duraci\u00f3n de las llamadas.\r\n\r\n<\/div>\r\n<div class=\"col-xl-6 col-lg-6 col-sm-6 col-md-6 col-xs-6 android_spy_points\">\r\n<h5><img loading=\"lazy\" decoding=\"async\" class=\"alignnone\" title=\"Seguimiento de WhatsApp\" src=\"..\/wp-content\/uploads\/2017\/02\/feature_newicon7.png\" alt=\"Seguimiento de WhatsApp\" width=\"186\" height=\"187\" \/> Seguimiento de WhatsApp<\/h5>\r\nSpymaster Pro transfiere con eficacia todos los chats de <a href=\"https:\/\/www.spymasterpro.com\/es\/espiar-whatsapp\/\" target=\"_blank\" rel=\"noopener noreferrer\"><strong>WhatsApp<\/strong><\/a> del iPhone de destino a su cuenta personal de Spymaster Pro. Ahora puedes leer en secreto todos los chats de WhatsApp de la persona sospechosa.\r\n\r\n<\/div>\r\n<div class=\"col-xl-6 col-lg-6 col-sm-6 col-md-6 col-xs-6 android_spy_points\">\r\n<h5><img loading=\"lazy\" decoding=\"async\" class=\"alignnone\" title=\"Seguimiento de SMS\" src=\"..\/wp-content\/uploads\/2017\/02\/feature_newicon1.png\" alt=\"Seguimiento de SMS\" width=\"185\" height=\"191\" \/> \u00a0Seguimiento de SMS<\/h5>\r\nS\u00ed, el seguimiento de SMS tambi\u00e9n es posible con este maravilloso software esp\u00eda. Puede controlar y leer de forma remota todos los mensajes enviados y recibidos desde el iPhone deseado. Tambi\u00e9n obtendr\u00e1 el n\u00famero de remitente o receptor.\r\n\r\n<\/div>\r\n<div class=\"col-xl-6 col-lg-6 col-sm-6 col-md-6 col-xs-6 android_spy_points\">\r\n<h5><img loading=\"lazy\" decoding=\"async\" class=\"alignnone\" title=\"Seguimiento de fotos\" src=\"..\/wp-content\/uploads\/2017\/02\/feature_newicon11.png\" alt=\"Seguimiento de fotos\" width=\"178\" height=\"180\" \/> Seguimiento de fotos<\/h5>\r\nEl lugar m\u00e1s secreto en el m\u00f3vil de uno es la galer\u00eda multimedia. El seguimiento de fotos o multimedia le permite rastrear todos los archivos de im\u00e1genes almacenados en el iPhone. Seguramente puede obtener mucha informaci\u00f3n de la galer\u00eda multimedia de la persona.\r\n\r\n<\/div>\r\n<div class=\"col-xl-6 col-lg-6 col-sm-6 col-md-6 col-xs-6 android_spy_points\">\r\n<h5><img loading=\"lazy\" decoding=\"async\" class=\"alignnone\" title=\"Seguimiento de Instagram\" src=\"https:\/\/www.spymasterpro.com\/es\/wp-content\/uploads\/2017\/08\/feature_2.png\" alt=\"Seguimiento de Instagram\" width=\"136\" height=\"134\" \/> \u00a0Seguimiento de Instagram<\/h5>\r\nPara agregar m\u00e1s \u00e1reas de espionaje, aqu\u00ed viene otra caracter\u00edstica de espionaje \u00fanica de <strong>Spymaster Pro<\/strong> que le brinda la informaci\u00f3n precisa de los chats de<a href=\"https:\/\/www.spymasterpro.com\/es\/instagram-espia\/\" target=\"_blank\" rel=\"noopener noreferrer\"><strong> Instagram<\/strong><\/a>. Lee y guarde las evidencias, incluso si el chat se elimina en el iPhone de destino.\r\n\r\n<\/div>\r\n<div class=\"col-xl-6 col-lg-6 col-sm-6 col-md-6 col-xs-6 android_spy_points\">\r\n<h5><img loading=\"lazy\" decoding=\"async\" class=\"alignnone\" title=\"Seguimiento de Facebook Messenger\" src=\"..\/wp-content\/uploads\/2017\/02\/feature_newicon8.jpg\" alt=\"Seguimiento de Facebook Messenger\" width=\"200\" height=\"163\" \/> \u00a0Seguimiento de Facebook Messenger<\/h5>\r\nSpymaster Pro es el poderoso software de espionaje de iPhone que te permite espiar en secreto el Messenger de <a href=\"https:\/\/www.spymasterpro.com\/es\/facebook-spia\/\" target=\"_blank\" rel=\"noopener noreferrer\"><strong>Facebook<\/strong><\/a> de la persona deseada. Puede rastrear todas las conversaciones de chat de Facebook de forma remota con la marca de fecha y hora exacta.\r\n\r\n<\/div>\r\n<div class=\"col-xl-6 col-lg-6 col-sm-6 col-md-6 col-xs-6 android_spy_points\">\r\n<h5><img loading=\"lazy\" decoding=\"async\" class=\"alignnone\" title=\"Seguimiento de Snapchat\" src=\"https:\/\/www.spymasterpro.com\/es\/wp-content\/uploads\/2017\/08\/feature_1.png\" alt=\"Seguimiento de Snapchat\" width=\"136\" height=\"134\" \/> Seguimiento de Snapchat<\/h5>\r\nLa funci\u00f3n de <a href=\"https:\/\/www.spymasterpro.com\/es\/snapchat-espia\/\" target=\"_blank\" rel=\"noopener noreferrer\"><strong>seguimiento de Snapchat<\/strong><\/a> de Spymaster Pro le permite acceder a todas las conversaciones de chat que tiene la persona. Con este software esp\u00eda para iPhone, puede acceder a informaci\u00f3n completa, como la fecha y hora exacta en que se intercambiaron las conversaciones.\r\n\r\n<\/div>\r\n<div class=\"col-xl-6 col-lg-6 col-sm-6 col-md-6 col-xs-6 android_spy_points\">\r\n<h5><img loading=\"lazy\" decoding=\"async\" class=\"alignnone\" title=\"Seguimiento de la agenda telef\u00f3nica\" src=\"..\/wp-content\/uploads\/2017\/02\/feature_newicon10.png\" alt=\"Seguimiento de la agenda telef\u00f3nica\" width=\"182\" height=\"182\" \/> \u00a0Seguimiento de la agenda telef\u00f3nica<\/h5>\r\nEl Spymaster Pro tambi\u00e9n viene con la funci\u00f3n de seguimiento de la gu\u00eda telef\u00f3nica que transfiere todos los contactos almacenados en el iPhone de la persona objetivo.\r\n\r\n<\/div>\r\n<\/div>\r\n<\/div>\r\n<\/section>\r\n<script type=\"application\/ld+json\">\r\n    {\r\n      \"@context\": \"https:\/\/schema.org\",\r\n      \"@type\": \"SoftwareApplication\",\r\n      \"name\" : \"Spymaster Pro\",\r\n  \t  \"image\" : \"https:\/\/www.spymasterpro.com\/es\/wp-content\/themes\/spymaster\/images\/iphone_spy_phone_img.png\",\r\n  \t  \"operatingSystem\": \"Windows 7, OSX 10.6, Android 1.6\",\r\n      \"applicationCategory\": \"BusinessApplication\",\r\n      \"featureList\": \"WhatsApp, Facebook, Instagram\",\r\n      \"aggregateRating\": {\r\n        \"@type\": \"AggregateRating\",\r\n        \"ratingValue\": \"4.8\",\r\n        \"ratingCount\": \"63578\"\r\n      },\r\n      \"offers\": {\r\n        \"@type\": \"Offer\",\r\n        \"price\": \"7.99\",\r\n        \"priceCurrency\": \"USD\"\r\n      }\r\n    }\r\n    <\/script>","protected":false},"excerpt":{"rendered":"<p>Software Esp\u00eda para iPhone SPYMASTER es COMPATIBLE con IOS 9 &#8211; IOS 11.4 Esp\u00eda remotamente cualquier iPhone usando Spymaster Pro Supervise remotamente las actividades m\u00f3viles de su hijo o de otra persona importante. Mira los mensajes de chat eliminados: WhatsApp, Facebook, Instagram, Snapchat y muchos m\u00e1s. No se requiere acceso f\u00edsico al iPhone a espiar. &hellip; <a href=\"https:\/\/www.spymasterpro.com\/es\/espia-iphone\/\" class=\"more-link\">Continue reading<span class=\"screen-reader-text\"> &#8220;Esp\u00eda iPhone&#8221;<\/span><\/a><\/p>\n","protected":false},"author":1,"featured_media":0,"parent":0,"menu_order":0,"comment_status":"closed","ping_status":"closed","template":"page-full.php","meta":{"_acf_changed":false,"footnotes":""},"class_list":["post-1507","page","type-page","status-publish","hentry"],"acf":[],"aioseo_notices":[],"_links":{"self":[{"href":"https:\/\/www.spymasterpro.com\/es\/wp-json\/wp\/v2\/pages\/1507","targetHints":{"allow":["GET"]}}],"collection":[{"href":"https:\/\/www.spymasterpro.com\/es\/wp-json\/wp\/v2\/pages"}],"about":[{"href":"https:\/\/www.spymasterpro.com\/es\/wp-json\/wp\/v2\/types\/page"}],"author":[{"embeddable":true,"href":"https:\/\/www.spymasterpro.com\/es\/wp-json\/wp\/v2\/users\/1"}],"replies":[{"embeddable":true,"href":"https:\/\/www.spymasterpro.com\/es\/wp-json\/wp\/v2\/comments?post=1507"}],"version-history":[{"count":3,"href":"https:\/\/www.spymasterpro.com\/es\/wp-json\/wp\/v2\/pages\/1507\/revisions"}],"predecessor-version":[{"id":3839,"href":"https:\/\/www.spymasterpro.com\/es\/wp-json\/wp\/v2\/pages\/1507\/revisions\/3839"}],"wp:attachment":[{"href":"https:\/\/www.spymasterpro.com\/es\/wp-json\/wp\/v2\/media?parent=1507"}],"curies":[{"name":"wp","href":"https:\/\/api.w.org\/{rel}","templated":true}]}}