{"id":1418,"date":"2018-04-25T06:23:11","date_gmt":"2018-04-25T06:23:11","guid":{"rendered":"https:\/\/www.spymasterpro.com\/es\/?page_id=1418"},"modified":"2022-08-09T10:22:22","modified_gmt":"2022-08-09T10:22:22","slug":"viber-espia","status":"publish","type":"page","link":"https:\/\/www.spymasterpro.com\/es\/viber-espia\/","title":{"rendered":"Viber Esp\u00eda"},"content":{"rendered":"<section id=\"snapchat_banner\">\r\n<div class=\"container\">\r\n<div class=\"row\">\r\n<div class=\"col-xl-8 col-lg-8 col-md-8 col-sm-12 iphone_right_point\">\r\n<h4>\u00bfDispuesto a monitorear el Viber de otra persona? \u00a1Utiliza Spymaster Pro!<\/h4>\r\n<h6>\u00a1Ahora proteja a sus seres queridos de los depredadores usando Spymaster Pro!<\/h6>\r\n<ul>\r\n \t<li>Rastrear sin problemas todos los chats realizados por otro usuario<\/li>\r\n \t<li>Acceder a todos los datos rastreados a trav\u00e9s del panel de control del software<\/li>\r\n \t<li>Supervisar su sesi\u00f3n cuando lo desee y sin que nadie lo sepa<\/li>\r\n<\/ul>\r\n<div class=\"slider_btn\"><a class=\"blue_btn demo_btn\" href=\"https:\/\/www.spymasterpro.com\/es\/comprar-ahora\/\">Comprar Ahora<\/a><\/div>\r\n<\/div>\r\n<div class=\"col-xl-4 col-lg-4 col-md-4 hidden-sm-down iphone_left_img text-xs-center\"><img loading=\"lazy\" decoding=\"async\" class=\"alignnone\" title=\"Viber Esp\u00eda\" src=\"https:\/\/www.spymasterpro.com\/es\/wp-content\/uploads\/2018\/04\/viber_mobile.png\" alt=\"Viber Esp\u00eda\" width=\"217\" height=\"434\" \/><\/div>\r\n<\/div>\r\n<\/div>\r\n<\/section><section id=\"snapchat_info\">\r\n<div class=\"container\">\r\n<div class=\"row\">\r\n<div class=\"col-xs-12 text-xs-center\">\r\n\r\n<img loading=\"lazy\" decoding=\"async\" class=\"alignnone\" title=\"Viber\" src=\"https:\/\/www.spymasterpro.com\/es\/wp-content\/uploads\/2018\/04\/viber.png\" alt=\"Viber\" width=\"70\" height=\"69\" \/>\r\n<h6>Monitoreo de Viber Chat<\/h6>\r\nLa monitorizaci\u00f3n de Viber introducida por Spymaster Pro ofrece una forma \u00fanica de rastrear secretamente los chats Viber desde un tel\u00e9fono espec\u00edfico. \u00a0Toda la informaci\u00f3n capturada se proporcionar\u00e1 al usuario en su panel de control y tambi\u00e9n con la fecha y hora exactas.\r\n\r\n<\/div>\r\n<\/div>\r\n<\/div>\r\n<\/section><section id=\"snapchat_feature\">\r\n<div class=\"container\">\r\n<div class=\"row\">\r\n<div class=\"col-xs-12 text-xs-center\">\r\n<h3>Spymaster Pro Caracter\u00edsticas<\/h3>\r\n<\/div>\r\n<div class=\"col-md-3 col-sm-6 col-xs-12 text-xs-center\">\r\n<div class=\"snapchat_bx\"><a href=\"https:\/\/www.spymasterpro.com\/es\/espiar-whatsapp\/\">\r\n<i class=\"fa fa-whatsapp\" aria-hidden=\"true\"><!--tr--><\/i><\/a>\r\n<h6>WhatsApp Espia<\/h6>\r\n<\/div>\r\n&nbsp;\r\n\r\n<\/div>\r\n<div class=\"col-md-3 col-sm-6 col-xs-12 text-xs-center\">\r\n<div class=\"snapchat_bx\"><a href=\"https:\/\/www.spymasterpro.com\/es\/facebook-spia\/\">\r\n<i class=\"fa fa-facebook-square\" aria-hidden=\"true\"><!--tr--><\/i><\/a>\r\n<h6>Facebook Espia<\/h6>\r\n<\/div>\r\n&nbsp;\r\n\r\n<\/div>\r\n<div class=\"col-md-3 col-sm-6 col-xs-12 text-xs-center\">\r\n<div class=\"snapchat_bx\"><a href=\"https:\/\/www.spymasterpro.com\/es\/seguimiento-gps-del-telefono\/\">\r\n<i class=\"fa fa-map-marker\" aria-hidden=\"true\"><!--tr--><\/i><\/a>\r\n<h6>Seguimiento GPS Del Tel\u00e9fono<\/h6>\r\n<\/div>\r\n&nbsp;\r\n\r\n<\/div>\r\n<div class=\"col-md-3 col-sm-6 col-xs-12 text-xs-center\">\r\n<div class=\"snapchat_bx\"><a href=\"https:\/\/www.spymasterpro.com\/es\/seguimiento-de-sms\/\">\r\n<i class=\"fa fa-commenting-o\" aria-hidden=\"true\"><!--tr--><\/i><\/a>\r\n<h6>Seguimiento SMS<\/h6>\r\n<\/div>\r\n&nbsp;\r\n\r\n<\/div>\r\n<div class=\"col-md-3 col-sm-6 col-xs-12 text-xs-center\">\r\n<div class=\"snapchat_bx\"><a href=\"https:\/\/www.spymasterpro.com\/es\/seguimiento-multimedia\/\">\r\n<i class=\"fa fa-picture-o\" aria-hidden=\"true\"><!--tr--><\/i><\/a>\r\n<h6>Foto Seguimiento<\/h6>\r\n<\/div>\r\n&nbsp;\r\n\r\n<\/div>\r\n<div class=\"col-md-3 col-sm-6 col-xs-12 text-xs-center\">\r\n<div class=\"snapchat_bx\"><a href=\"https:\/\/www.spymasterpro.com\/es\/rastreador-de-registro-de-llamadas-moviles\/\">\r\n<i class=\"fa fa-phone\" aria-hidden=\"true\"><!--tr--><\/i><\/a>\r\n<h6>Seguimiento de registros de llamadas<\/h6>\r\n<\/div>\r\n&nbsp;\r\n\r\n<\/div>\r\n<div class=\"col-md-3 col-sm-6 col-xs-12 text-xs-center\">\r\n<div class=\"snapchat_bx\"><a href=\"https:\/\/www.spymasterpro.com\/es\/aplicacion-de-seguimiento-de-correo-electronico\/\">\r\n<i class=\"fa fa-envelope-o\" aria-hidden=\"true\"><!--tr--><\/i><\/a>\r\n<h6>Seguimiento de correo electr\u00f3nico<\/h6>\r\n<\/div>\r\n&nbsp;\r\n\r\n<\/div>\r\n<div class=\"col-md-3 col-sm-6 col-xs-12 text-xs-center\">\r\n<div class=\"snapchat_bx\"><a href=\"https:\/\/www.spymasterpro.com\/es\/instagram-espia\/\">\r\n<i class=\"fa fa-instagram\" aria-hidden=\"true\"><!--tr--><\/i><\/a>\r\n<h6>Instagram Espia<\/h6>\r\n<\/div>\r\n&nbsp;\r\n\r\n<\/div>\r\n<\/div>\r\n<\/div>\r\n<\/section><section id=\"iphone_spy_work\">\r\n<div class=\"container\">\r\n<div class=\"row\">\r\n<div class=\"feature_heading text-xs-center\">\r\n<h3>C\u00d3MO FUNCIONA<\/h3>\r\n<\/div>\r\n<div class=\"row iphone_spy_work_phone\">\r\n<div class=\"col-xl-4 col-lg-4 col-md-4 col-sm-4 text-xs-center\">\r\n<div class=\"iphone_spy_bx\">\r\n\r\n<img loading=\"lazy\" decoding=\"async\" class=\"alignnone\" title=\"COMPRAR SPYMASTER PRO\" src=\"https:\/\/www.spymasterpro.com\/es\/wp-content\/uploads\/2017\/09\/new_icon1-1.png\" alt=\"COMPRAR SPYMASTER PRO\" width=\"97\" height=\"97\" \/>\r\n<h5>COMPRAR SPYMASTER PRO<\/h5>\r\nHaga clic en el bot\u00f3n Comprar ahora o Comprar ahora en nuestro sitio web. Env\u00ede sus datos. Despu\u00e9s de rellenar los detalles requeridos, proceda a la comprobaci\u00f3n.\r\n\r\n<\/div>\r\n<\/div>\r\n<div class=\"col-xl-4 col-lg-4 col-md-4 col-sm-4 text-xs-center\">\r\n<div class=\"iphone_spy_bx\">\r\n\r\n<img loading=\"lazy\" decoding=\"async\" class=\"alignnone\" title=\"INSTALE EL SOFTWARE\" src=\"https:\/\/www.spymasterpro.com\/es\/wp-content\/uploads\/2017\/09\/new_icon2-1.png\" alt=\"INSTALE EL SOFTWARE\" width=\"97\" height=\"97\" \/>\r\n<h5>INSTALE EL SOFTWARE<\/h5>\r\nDescargue e instale el software en el tel\u00e9fono deseado. Siga las instrucciones, enviadas a su email, de forma cuidadosa.\r\n\r\n<\/div>\r\n<\/div>\r\n<div class=\"col-xl-4 col-lg-4 col-md-4 col-sm-4 text-xs-center\">\r\n<div class=\"iphone_spy_bx\">\r\n\r\n<img loading=\"lazy\" decoding=\"async\" class=\"alignnone\" title=\"COMIENCE A MONITORIZAR!!\" src=\"https:\/\/www.spymasterpro.com\/es\/wp-content\/uploads\/2017\/09\/new_icon3-1.png\" alt=\"COMIENCE A MONITORIZAR!!\" width=\"97\" height=\"97\" \/>\r\n<h5>COMIENCE A MONITORIZAR!!<\/h5>\r\nInicie sesi\u00f3n en el panel de Control de su Spymaster Pro, utilizando los detalles de acceso que le hemos enviado a su email. Comience a monitorizar y supervisar a sus seres queridos. Proteja su familia y negocio de forma remota..\r\n\r\n<\/div>\r\n<\/div>\r\n<div class=\"text-xs-center col-xs-12\">\r\n<p style=\"padding: 22px 0 0; color: red;\">** No se necesita instalar en el iPhone<\/p>\r\n&nbsp;\r\n\r\n<\/div>\r\n<div class=\"col-xl-12 col-xs-12 col-sm-12 col-md-12 text-xs-center\">\r\n<div class=\"strip_txt\">Ahora Compre iPhone Spymaster Pro Con Un 50% De Descuento A Solo $ 7.05\/ Mes<\/div>\r\n<\/div>\r\n<\/div>\r\n<\/div>\r\n<\/div>\r\n<\/section><section id=\"snapchat_safe_use\">\r\n<div class=\"container\">\r\n<div class=\"row\">\r\n<div class=\"col-xs-12 text-xs-center\">\r\n<h2>SEGURO DE USAR<\/h2>\r\n<\/div>\r\n<div class=\"col-md-6 col-xs-12 safe_box\">\r\n<div class=\"col-sm-3 no_padding\">\r\n<div class=\"safe_bx_icon text-xs-center\"><img loading=\"lazy\" decoding=\"async\" class=\"alignnone\" title=\"Ning\u00fan icono ser\u00e1 mostrado en el tel\u00e9fono\" src=\"https:\/\/www.spymasterpro.com\/es\/wp-content\/uploads\/2017\/09\/safe_icon.png\" alt=\"Ning\u00fan icono ser\u00e1 mostrado en el tel\u00e9fono\" width=\"70\" height=\"69\" \/><\/div>\r\n<\/div>\r\n<div class=\"col-sm-9\">\r\n<div class=\"safe_bx_info\">\r\n<h6>Ning\u00fan icono ser\u00e1 mostrado en el tel\u00e9fono<\/h6>\r\nEste software est\u00e1 dise\u00f1ado inteligentemente por expertos que lo han dise\u00f1ado de forma invisible. Hace su trabajo en modo oculto, los usuarios nunca llegan a saber acerca de su existencia en su tel\u00e9fono.\r\n\r\n<\/div>\r\n<\/div>\r\n<\/div>\r\n<div class=\"col-md-6 col-xs-12 safe_box\">\r\n<div class=\"col-sm-3 no_padding\">\r\n<div class=\"safe_bx_icon text-xs-center\"><img loading=\"lazy\" decoding=\"async\" class=\"alignnone\" title=\"El usuario no lo sabr\u00e1 hasta que se lo diga\" src=\"https:\/\/www.spymasterpro.com\/es\/wp-content\/uploads\/2017\/09\/safe_icon2.png\" alt=\"El usuario no lo sabr\u00e1 hasta que se lo diga\" width=\"69\" height=\"69\" \/><\/div>\r\n<\/div>\r\n<div class=\"col-sm-9\">\r\n<div class=\"safe_bx_info\">\r\n<h6>El usuario no lo sabr\u00e1 hasta que se lo diga<\/h6>\r\nEl usuario nunca sabr\u00e1 que alguien le est\u00e1 espiando en secreto.\r\n\r\n<\/div>\r\n<\/div>\r\n<\/div>\r\n<div class=\"col-md-6 col-xs-12 safe_box\">\r\n<div class=\"col-sm-3 no_padding\">\r\n<div class=\"safe_bx_icon text-xs-center\"><img loading=\"lazy\" decoding=\"async\" class=\"alignnone\" title=\"El Software trabaja en modo oculto\" src=\"https:\/\/www.spymasterpro.com\/es\/wp-content\/uploads\/2017\/09\/safe_icon3.png\" alt=\"El Software trabaja en modo oculto\" width=\"70\" height=\"69\" \/><\/div>\r\n<\/div>\r\n<div class=\"col-sm-9\">\r\n<div class=\"safe_bx_info\">\r\n<h6>El Software trabaja en modo oculto<\/h6>\r\nEste software realiza de forma silenciosa copias de cada detalle del tel\u00e9fono deseado y son enviadas a su panel de control. Puede iniciar sesi\u00f3n en cualquier momento a su cuenta de Spymaster Pro\r\n\r\n<\/div>\r\n<\/div>\r\n<\/div>\r\n<div class=\"col-md-6 col-xs-12 safe_box\">\r\n<div class=\"col-sm-3 no_padding\">\r\n<div class=\"safe_bx_icon text-xs-center\"><img loading=\"lazy\" decoding=\"async\" class=\"alignnone\" title=\"Trabaja de forma Remota\" src=\"https:\/\/www.spymasterpro.com\/es\/wp-content\/uploads\/2017\/09\/safe_icon4.png\" alt=\"Trabaja de forma Remota\" width=\"71\" height=\"70\" \/><\/div>\r\n<\/div>\r\n<div class=\"col-sm-9\">\r\n<div class=\"safe_bx_info\">\r\n<h6>Trabaja de forma Remota<\/h6>\r\nEste software de monitorizaci\u00f3n funciona de forma remota lo que significa que puede rastrear su objetivo desde cualquier parte del mundo tanto si est\u00e1 de viaje de negocios, o asistiendo a la escuela o simplemente sentado en la habitaci\u00f3n de al lado.\r\n\r\n<\/div>\r\n<\/div>\r\n<\/div>\r\n<\/div>\r\n<\/div>\r\n<\/section><section id=\"iphone_spy_bottom\">\r\n<div class=\"container\">\r\n<div class=\"row\">\r\n<div class=\"col-xl-12 col-xs-12 col-sm-12 col-md-12 text-xs-center\">\r\n<div class=\"strip_txt\">\r\n\r\nAhora Compre Spymaster Pro Android B\u00e1sico Con Un 50% De Descuento A Solo $ 4.4\/ Mes\r\n\r\n<\/div>\r\n<\/div>\r\n<div class=\"col-xl-12 col-xs-12 col-sm-12 col-md-12 strip_btn spy_btn feature_bottom text-xs-center\"><a class=\"blue_btn\" href=\"https:\/\/www.spymasterpro.com\/es\/seguro-de-usar\/\">Seguro De Usar<\/a> <a class=\"white_btn demo_btn hidden-sm-down\" href=\"https:\/\/www.spymasterpro.com\/es\/comprar-ahora\/\">Comprar Ahora<\/a><\/div>\r\n<\/div>\r\n<\/div>\r\n<\/section>\r\n<script type=\"application\/ld+json\">\r\n    {\r\n      \"@context\": \"https:\/\/schema.org\",\r\n      \"@type\": \"SoftwareApplication\",\r\n      \"name\" : \"Spymaster Pro\",\r\n  \t  \"image\" : \"https:\/\/www.spymasterpro.com\/es\/wp-content\/uploads\/2018\/04\/viber_mobile.png\",\r\n  \t  \"operatingSystem\": \"Windows 7, OSX 10.6, Android 1.6\",\r\n      \"applicationCategory\": \"BusinessApplication\",\r\n      \"featureList\": \"WhatsApp, Facebook, Instagram\",\r\n      \"aggregateRating\": {\r\n        \"@type\": \"AggregateRating\",\r\n        \"ratingValue\": \"4.9\",\r\n        \"ratingCount\": \"36256\"\r\n      },\r\n      \"offers\": {\r\n        \"@type\": \"Offer\",\r\n        \"price\": \"7.99\",\r\n        \"priceCurrency\": \"USD\"\r\n      }\r\n    }\r\n    <\/script>","protected":false},"excerpt":{"rendered":"<p>\u00bfDispuesto a monitorear el Viber de otra persona? \u00a1Utiliza Spymaster Pro! \u00a1Ahora proteja a sus seres queridos de los depredadores usando Spymaster Pro! Rastrear sin problemas todos los chats realizados por otro usuario Acceder a todos los datos rastreados a trav\u00e9s del panel de control del software Supervisar su sesi\u00f3n cuando lo desee y sin &hellip; <a href=\"https:\/\/www.spymasterpro.com\/es\/viber-espia\/\" class=\"more-link\">Continue reading<span class=\"screen-reader-text\"> &#8220;Viber Esp\u00eda&#8221;<\/span><\/a><\/p>\n","protected":false},"author":1,"featured_media":0,"parent":0,"menu_order":0,"comment_status":"closed","ping_status":"closed","template":"page-full.php","meta":{"_acf_changed":false,"footnotes":""},"class_list":["post-1418","page","type-page","status-publish","hentry"],"acf":[],"aioseo_notices":[],"_links":{"self":[{"href":"https:\/\/www.spymasterpro.com\/es\/wp-json\/wp\/v2\/pages\/1418","targetHints":{"allow":["GET"]}}],"collection":[{"href":"https:\/\/www.spymasterpro.com\/es\/wp-json\/wp\/v2\/pages"}],"about":[{"href":"https:\/\/www.spymasterpro.com\/es\/wp-json\/wp\/v2\/types\/page"}],"author":[{"embeddable":true,"href":"https:\/\/www.spymasterpro.com\/es\/wp-json\/wp\/v2\/users\/1"}],"replies":[{"embeddable":true,"href":"https:\/\/www.spymasterpro.com\/es\/wp-json\/wp\/v2\/comments?post=1418"}],"version-history":[{"count":2,"href":"https:\/\/www.spymasterpro.com\/es\/wp-json\/wp\/v2\/pages\/1418\/revisions"}],"predecessor-version":[{"id":3764,"href":"https:\/\/www.spymasterpro.com\/es\/wp-json\/wp\/v2\/pages\/1418\/revisions\/3764"}],"wp:attachment":[{"href":"https:\/\/www.spymasterpro.com\/es\/wp-json\/wp\/v2\/media?parent=1418"}],"curies":[{"name":"wp","href":"https:\/\/api.w.org\/{rel}","templated":true}]}}