{"id":86,"date":"2014-06-23T06:48:08","date_gmt":"2014-06-23T06:48:08","guid":{"rendered":"https:\/\/spymasterpro.com\/de\/?page_id=86"},"modified":"2023-03-22T14:45:53","modified_gmt":"2023-03-22T09:15:53","slug":"gps-standort-tracking","status":"publish","type":"page","link":"https:\/\/www.spymasterpro.com\/de\/gps-standort-tracking\/","title":{"rendered":"GPS Standort Tracking"},"content":{"rendered":"<p style=\"text-align: center;\"><a href=\"https:\/\/www.spymasterpro.com\/cellphone-gps-tracking\/\"><img loading=\"lazy\" decoding=\"async\" class=\"aligncenter wp-image-2307 size-full\" title=\"GPS Standort Tracking\" src=\"https:\/\/www.spymasterpro.com\/de\/wp-content\/uploads\/2017\/04\/gps12.png\" alt=\"GPS Standort Tracking\" width=\"546\" height=\"285\" \/><\/a><\/p>\n<h2>STANDORTPUNKTE<\/h2>\n<p>Spymaster Pro ist in der Lage den genauen Standortpunkt des Ziel-Smartphone zu bestimmen. Auf diese Weise sehen Sie die Orte und Stellen, die er\/sie aufsucht oder zu einer bestimmten Tageszeit ist. Der Anwender kann:-<\/p>\n<div class=\"spy-viber-it-change\" style=\"margin-bottom: 20px;\">\n<ul>\n<li><strong>Sehen Sie den Standortpunkt.<\/strong><\/li>\n<li><strong>Erhalten Sie die Anfahrtbeschreibung zu diesem Standort.<\/strong><\/li>\n<\/ul>\n<\/div>\n<h4>Warum Sie es brauchen?<\/h4>\n<p>Diese Funktion von Spymaster pro ist lebensrettend, besonders in Situationen, in denen Ihr heranwachsendes Kind nicht in der Lage war, Sie zu kontaktieren und Sie wissen wollen, wo Ihr Kind sich gerade befindet. Und es hilft Ihnen dabei, ein wachsames Auge auf Ihre Angestellten zu haben, besonders, wenn Sie wissen, dass diese sich gerne w\u00e4hrend der Arbeitszeit vom Arbeitsplatz entfernen. In einem Solchen Fall k\u00f6nnen Sie, falls Sie Spymaster pro auf den Mobiltelefonen installiert haben, die Sie tracken wollen, stets die M\u00f6glichkeit, den genauen GPS-Standort zu ermitteln, indem Sie diese Funktion nutzen!<\/p>\n<h2>PR\u00dcFEN SIE DEN STANDORT<\/h2>\n<p>Spymaster Pro markiert alle Standorte des \u00fcberwachten Mobiltelefons auf einer Landkarte, so dass Sie ohne Probleme jeden Schauplatz erkennen k\u00f6nnen. Alle Orte werden ganau auf der Landkarte angezeigt. Als Anwender gilt f\u00fcr Sie:-<\/p>\n<div class=\"spy-viber-it-change\" style=\"margin-bottom: 20px;\">\n<ul>\n<li><strong>Sehen Sie pr\u00e4zise Informationen zum Standort.<\/strong><\/li>\n<li><strong>Sehen Sie die Einzelheiten zu Uhrzeit und Datum.<\/strong><\/li>\n<\/ul>\n<\/div>\n<h4>Warum Sie es brauchen?<\/h4>\n<p>Lassen Sie sich nicht mit permanenten L\u00fcgen \u00fcber den Standort Ihres partners abspeisen! Sch\u00fctzen Sie Ihre Firma vor \u00fcberh\u00f6hten Reisekostenabrechnungen indem Sie sicherstellen, dass Ihre Mitarbeiter auch wirklich nur abrechnen, was angemessen ist. Nutzen Sie die Vorz\u00fcge der Spymaster Pro Software, um alle Orte zu checken, die Ihre Zielpersonen aufgesucht haben.<\/p>\n<div class=\"col-xl-12 col-xs-12 col-sm-12 col-md-12 strip_txt text-xs-center bigtext-red\" style=\"margin-bottom: 20px;\">Bereits ab $6.66 \/ Monat<\/div>\n<div class=\"strip_btn feature_bottom text-xs-center\"><a class=\"hidden-sm-down blue_btn\" href=\"https:\/\/spymasterpro.com\/demo\/\">Live Demo<\/a> <a class=\"white_btn demo_btn hidden-md-up\" href=\"https:\/\/www.spymasterpro.com\/de\/funktionen\/\">Funktionen<\/a> <a class=\"white_btn demo_btn hidden-md-up\" href=\"https:\/\/www.spymasterpro.com\/de\/jetzt-kaufen\/\">Jetzt Kaufen<\/a><\/div>\n","protected":false},"excerpt":{"rendered":"<p>STANDORTPUNKTE Spymaster Pro ist in der Lage den genauen Standortpunkt des Ziel-Smartphone zu bestimmen. Auf diese Weise sehen Sie die Orte und Stellen, die er\/sie aufsucht oder zu einer bestimmten Tageszeit ist. Der Anwender kann:- Sehen Sie den Standortpunkt. Erhalten Sie die Anfahrtbeschreibung zu diesem Standort. Warum Sie es brauchen? Diese Funktion von Spymaster pro &hellip; <a href=\"https:\/\/www.spymasterpro.com\/de\/gps-standort-tracking\/\" class=\"more-link\">Continue reading<span class=\"screen-reader-text\"> &#8220;GPS Standort Tracking&#8221;<\/span><\/a><\/p>\n","protected":false},"author":1,"featured_media":0,"parent":0,"menu_order":0,"comment_status":"open","ping_status":"open","template":"","meta":{"_acf_changed":false,"footnotes":""},"class_list":["post-86","page","type-page","status-publish","hentry"],"acf":[],"aioseo_notices":[],"_links":{"self":[{"href":"https:\/\/www.spymasterpro.com\/de\/wp-json\/wp\/v2\/pages\/86","targetHints":{"allow":["GET"]}}],"collection":[{"href":"https:\/\/www.spymasterpro.com\/de\/wp-json\/wp\/v2\/pages"}],"about":[{"href":"https:\/\/www.spymasterpro.com\/de\/wp-json\/wp\/v2\/types\/page"}],"author":[{"embeddable":true,"href":"https:\/\/www.spymasterpro.com\/de\/wp-json\/wp\/v2\/users\/1"}],"replies":[{"embeddable":true,"href":"https:\/\/www.spymasterpro.com\/de\/wp-json\/wp\/v2\/comments?post=86"}],"version-history":[{"count":1,"href":"https:\/\/www.spymasterpro.com\/de\/wp-json\/wp\/v2\/pages\/86\/revisions"}],"predecessor-version":[{"id":4061,"href":"https:\/\/www.spymasterpro.com\/de\/wp-json\/wp\/v2\/pages\/86\/revisions\/4061"}],"wp:attachment":[{"href":"https:\/\/www.spymasterpro.com\/de\/wp-json\/wp\/v2\/media?parent=86"}],"curies":[{"name":"wp","href":"https:\/\/api.w.org\/{rel}","templated":true}]}}