{"id":832,"date":"2016-01-18T06:50:44","date_gmt":"2016-01-18T06:50:44","guid":{"rendered":"https:\/\/spymasterpro.com\/de\/?page_id=832"},"modified":"2019-05-08T10:42:42","modified_gmt":"2019-05-08T10:42:42","slug":"keyword-filterung","status":"publish","type":"page","link":"https:\/\/www.spymasterpro.com\/de\/keyword-filterung\/","title":{"rendered":"Keyword-Filterung"},"content":{"rendered":"<p>Keyword-Filterung ist eine fortschrittliche Funktion, entwickelt von Spymaster Pro. Sie erm\u00f6glicht dem Benutzer wirksame Schl\u00fcsselw\u00f6rter, die sogenannten Keywords festzulegen, um aus der F\u00fclle ein- und ausgehender E-Mails die f\u00fcr den Spymaster Pro Benutzer interessanten Nachrichten zu selektieren.<\/p>\n<p><a href=\"https:\/\/spymasterpro.com\/de\/wp-content\/uploads\/2016\/01\/german-keywords1.jpg\"><img loading=\"lazy\" decoding=\"async\" class=\"alignright size-full wp-image-847\" src=\"https:\/\/spymasterpro.com\/de\/wp-content\/uploads\/2016\/01\/german-keywords1.jpg\" alt=\"german-keywords\" width=\"729\" height=\"300\" srcset=\"https:\/\/www.spymasterpro.com\/de\/wp-content\/uploads\/2016\/01\/german-keywords1.jpg 729w, https:\/\/www.spymasterpro.com\/de\/wp-content\/uploads\/2016\/01\/german-keywords1-600x247.jpg 600w, https:\/\/www.spymasterpro.com\/de\/wp-content\/uploads\/2016\/01\/german-keywords1-300x123.jpg 300w\" sizes=\"auto, (max-width: 729px) 85vw, 729px\" \/><\/a><\/p>\n<h4><strong>Funktionen<\/strong><\/h4>\n<div class=\"spy-viber-it-change\" style=\"margin-bottom: 20px;\">\n<ul>\n<li>Legen Sie einige Schl\u00fcsselw\u00f6rter, sogenannte Keywords fest, die Ihnen interessant und wichtig erscheinen<\/li>\n<li>Relevante Nachrichten werden aus s\u00e4mtlichen Daten ausgefiltert<\/li>\n<li>Verfeinerte Suche<\/li>\n<li>Schneller Zugriff auf entsprechende Nachrichten<\/li>\n<li>Es ist kein Rooten erforderlich<\/li>\n<li>Anwendungssicher<\/li>\n<\/ul>\n<\/div>\n<h4><b>Warum\u00a0diese\u00a0neue\u00a0Funktion?\u00a0<\/b><\/h4>\n<p>Lassen\u00a0Sie\u00a0sich\u00a0warnen,\u00a0wenn\u00a0von\u00a0dem\u00a0Zieltelefon\u00a0problematische\u00a0Nachrichten\u00a0gesendet\u00a0werdenoder\u00a0auf\u00a0ihm\u00a0eingehen.\u00a0Legen\u00a0Sie\u00a0mehrere\u00a0Schl\u00fcsselw\u00f6rter,\u00a0die\u00a0sog.\u00a0Keywords\u00a0fest,\u00a0um\u00a0Aktivit\u00e4ten\u00a0mit\u00a0verd\u00e4chtigen\u00a0Risiken\u00a0herauszufiltern.Diese\u00a0Funktion\u00a0wird\u00a0auf\u00a0dem\u00a0Zieltelefon\u00a0diejenigen\u00a0Nachrichten\u00a0sammeln,\u00a0die\u00a0diese\u00a0Keywords\u00a0beinhalten.\u00a0Sie\u00a0pr\u00e4sentiert\u00a0Ihnen\u00a0die\u00a0gefilterten\u00a0SMS\u00a0Inhalte\u00a0und\u00a0spart\u00a0Ihnen\u00a0somit\u00a0eine\u00a0Menge\u00a0Zeit.<\/p>\n<div class=\"bigtext-red\">Holen Sie sich die Spymaster Basic nur von $6.66 pro Monat<\/div>\n<div class=\"big-button\"><a class=\"blue_btnandroid\" href=\"https:\/\/www.spymasterpro.com\/de\/jetzt-kaufen\/\">Jetzt Kaufen<\/a><\/div>\n","protected":false},"excerpt":{"rendered":"<p>Keyword-Filterung ist eine fortschrittliche Funktion, entwickelt von Spymaster Pro. Sie erm\u00f6glicht dem Benutzer wirksame Schl\u00fcsselw\u00f6rter, die sogenannten Keywords festzulegen, um aus der F\u00fclle ein- und ausgehender E-Mails die f\u00fcr den Spymaster Pro Benutzer interessanten Nachrichten zu selektieren. Funktionen Legen Sie einige Schl\u00fcsselw\u00f6rter, sogenannte Keywords fest, die Ihnen interessant und wichtig erscheinen Relevante Nachrichten werden aus &hellip; <a href=\"https:\/\/www.spymasterpro.com\/de\/keyword-filterung\/\" class=\"more-link\">Continue reading<span class=\"screen-reader-text\"> &#8220;Keyword-Filterung&#8221;<\/span><\/a><\/p>\n","protected":false},"author":1,"featured_media":0,"parent":0,"menu_order":0,"comment_status":"open","ping_status":"open","template":"","meta":{"_acf_changed":false,"footnotes":""},"class_list":["post-832","page","type-page","status-publish","hentry"],"acf":[],"aioseo_notices":[],"_links":{"self":[{"href":"https:\/\/www.spymasterpro.com\/de\/wp-json\/wp\/v2\/pages\/832","targetHints":{"allow":["GET"]}}],"collection":[{"href":"https:\/\/www.spymasterpro.com\/de\/wp-json\/wp\/v2\/pages"}],"about":[{"href":"https:\/\/www.spymasterpro.com\/de\/wp-json\/wp\/v2\/types\/page"}],"author":[{"embeddable":true,"href":"https:\/\/www.spymasterpro.com\/de\/wp-json\/wp\/v2\/users\/1"}],"replies":[{"embeddable":true,"href":"https:\/\/www.spymasterpro.com\/de\/wp-json\/wp\/v2\/comments?post=832"}],"version-history":[{"count":0,"href":"https:\/\/www.spymasterpro.com\/de\/wp-json\/wp\/v2\/pages\/832\/revisions"}],"wp:attachment":[{"href":"https:\/\/www.spymasterpro.com\/de\/wp-json\/wp\/v2\/media?parent=832"}],"curies":[{"name":"wp","href":"https:\/\/api.w.org\/{rel}","templated":true}]}}