{"id":829,"date":"2016-01-18T06:45:41","date_gmt":"2016-01-18T06:45:41","guid":{"rendered":"https:\/\/spymasterpro.com\/de\/?page_id=829"},"modified":"2019-05-08T07:08:44","modified_gmt":"2019-05-08T07:08:44","slug":"geo-fencing","status":"publish","type":"page","link":"https:\/\/www.spymasterpro.com\/de\/geo-fencing\/","title":{"rendered":"Geo-Fencing"},"content":{"rendered":"<p>Geo-fencing erm\u00f6glicht Ihnen, eine virtuelle Barriere f\u00fcr das Zielger\u00e4t einzustellen, so dass Sie eine Benachrichtigung erhalten, wenn ein Zielger\u00e4t diese definierte Grenze \u00fcberschreitet. Sie k\u00f6nnen 5 Standorte mit einer 500 m Zone als 5 erlaubte Bereiche f\u00fcr das Zieltelefon festsetzen.<\/p>\n<p style=\"text-align: center\">\n<img decoding=\"async\" src=\"https:\/\/www.spymasterpro.com\/de\/wp-content\/uploads\/2017\/04\/gps12.png\" \/>\n<\/p>\n<h4>Funktionen<\/h4>\n<div class=\"spy-viber-it-change\" style=\"margin-bottom: 15px;\">\n<ul>\n<li>Setzen\u00a0Sie\u00a0f\u00fcnf\u00a0definierte\u00a0Standorte\u00a0f\u00fcr\u00a0das\u00a0Zieltelefon\u00a0fest<\/li>\n<li>Erlauben\u00a0Sie\u00a0dem\u00a0Ger\u00e4t,\u00a0eine\u00a0500\u00a0m\u00a0Zone\u00a0um\u00a0diesen\u00a0Standort\u00a0festzusetzen<\/li>\n<li>Sie\u00a0erhalten\u00a0eine\u00a0Benachrichtigung,\u00a0wenn\u00a0das\u00a0Zielger\u00e4t\u00a0die\u00a0von\u00a0Ihnen\u00a0definierte\u00a0sichere\u00a0Zone\u00a0verl\u00e4sst<\/li>\n<li>Kein\u00a0Rooten\u00a0erforderlich<\/li>\n<li>Anwendungssicher<\/li>\n<li>Sicherer\u00a0Schutz(zaun)<\/li>\n<\/ul>\n<\/div>\n<h4>Warum\u00a0diese\u00a0neue\u00a0Funktion\u00a0?<\/h4>\n<p>Die\u00a0Funktion\u00a0erm\u00f6glicht\u00a0Ihnen\u00a0die\u00a0Bewegungen\u00a0der\u00a0Zielperson\u00a0zu\u00a0\u00fcberwachen.\u00a0Sie\u00a0k\u00f6nnen\u00a0so\u00a0die\u00a0Aufenthaltsorte\u00a0Ihrer\u00a0Kinder\u00a0nachverfolgen\u00a0und\u00a0sicherstellen,\u00a0dass\u00a0sie\u00a0sich\u00a0nicht\u00a0gef\u00e4hrlichen\u00a0Gebieten\u00a0n\u00e4hern.\u00a0Geofencing\u00a0ist\u00a0auch\u00a0hilfreich,\u00a0um\u00a0festzustellen\u00a0ob\u00a0ein\u00a0Angestellter\u00a0unbefugte\u00a0Bereiche\u00a0betritt.\u00a0Diese\u00a0Funktion\u00a0benachrichtigt\u00a0Sie\u00a0sofort,\u00a0wenn\u00a0das\u00a0Zielger\u00e4t\u00a0die\u00a0erlaubte\u00a0Zone\u00a0verl\u00e4sst\u00a0und\u00a0erlaubt\u00a0Ihnen\u00a0somit\u00a0rechtzeitig,\u00a0erforderliche\u00a0Schritte\u00a0zu\u00a0unternehmen.\u00a0Es\u00a0ist\u00a0eine\u00a0Vorsichtsma\u00dfnahme,\u00a0um\u00a0Schutz\u00a0und\u00a0Sicherheit\u00a0zu\u00a0gew\u00e4hrleisten.<\/p>\n<div class=\"bigtext-red\">Holen Sie sich die Spymaster Basic nur von $6.66 pro Monat<\/div>\n<div class=\"big-button\"><a class=\"blue_btnandroid\" href=\"https:\/\/www.spymasterpro.com\/de\/jetzt-kaufen\/\">Jetzt Kaufen<\/a><\/div>\n","protected":false},"excerpt":{"rendered":"<p>Geo-fencing erm\u00f6glicht Ihnen, eine virtuelle Barriere f\u00fcr das Zielger\u00e4t einzustellen, so dass Sie eine Benachrichtigung erhalten, wenn ein Zielger\u00e4t diese definierte Grenze \u00fcberschreitet. Sie k\u00f6nnen 5 Standorte mit einer 500 m Zone als 5 erlaubte Bereiche f\u00fcr das Zieltelefon festsetzen. Funktionen Setzen\u00a0Sie\u00a0f\u00fcnf\u00a0definierte\u00a0Standorte\u00a0f\u00fcr\u00a0das\u00a0Zieltelefon\u00a0fest Erlauben\u00a0Sie\u00a0dem\u00a0Ger\u00e4t,\u00a0eine\u00a0500\u00a0m\u00a0Zone\u00a0um\u00a0diesen\u00a0Standort\u00a0festzusetzen Sie\u00a0erhalten\u00a0eine\u00a0Benachrichtigung,\u00a0wenn\u00a0das\u00a0Zielger\u00e4t\u00a0die\u00a0von\u00a0Ihnen\u00a0definierte\u00a0sichere\u00a0Zone\u00a0verl\u00e4sst Kein\u00a0Rooten\u00a0erforderlich Anwendungssicher Sicherer\u00a0Schutz(zaun) Warum\u00a0diese\u00a0neue\u00a0Funktion\u00a0? Die\u00a0Funktion\u00a0erm\u00f6glicht\u00a0Ihnen\u00a0die\u00a0Bewegungen\u00a0der\u00a0Zielperson\u00a0zu\u00a0\u00fcberwachen.\u00a0Sie\u00a0k\u00f6nnen\u00a0so\u00a0die\u00a0Aufenthaltsorte\u00a0Ihrer\u00a0Kinder\u00a0nachverfolgen\u00a0und\u00a0sicherstellen,\u00a0dass\u00a0sie\u00a0sich\u00a0nicht\u00a0gef\u00e4hrlichen\u00a0Gebieten\u00a0n\u00e4hern.\u00a0Geofencing\u00a0ist\u00a0auch\u00a0hilfreich,\u00a0um\u00a0festzustellen\u00a0ob\u00a0ein\u00a0Angestellter\u00a0unbefugte\u00a0Bereiche\u00a0betritt.\u00a0Diese\u00a0Funktion\u00a0benachrichtigt\u00a0Sie\u00a0sofort,\u00a0wenn\u00a0das\u00a0Zielger\u00e4t\u00a0die\u00a0erlaubte\u00a0Zone\u00a0verl\u00e4sst\u00a0und\u00a0erlaubt\u00a0Ihnen\u00a0somit\u00a0rechtzeitig,\u00a0erforderliche\u00a0Schritte\u00a0zu\u00a0unternehmen.\u00a0Es\u00a0ist\u00a0eine\u00a0Vorsichtsma\u00dfnahme,\u00a0um\u00a0Schutz\u00a0und\u00a0Sicherheit\u00a0zu\u00a0gew\u00e4hrleisten. Holen Sie sich die Spymaster Basic &hellip; <a href=\"https:\/\/www.spymasterpro.com\/de\/geo-fencing\/\" class=\"more-link\">Continue reading<span class=\"screen-reader-text\"> &#8220;Geo-Fencing&#8221;<\/span><\/a><\/p>\n","protected":false},"author":1,"featured_media":0,"parent":0,"menu_order":0,"comment_status":"open","ping_status":"open","template":"","meta":{"_acf_changed":false,"footnotes":""},"class_list":["post-829","page","type-page","status-publish","hentry"],"acf":[],"aioseo_notices":[],"_links":{"self":[{"href":"https:\/\/www.spymasterpro.com\/de\/wp-json\/wp\/v2\/pages\/829","targetHints":{"allow":["GET"]}}],"collection":[{"href":"https:\/\/www.spymasterpro.com\/de\/wp-json\/wp\/v2\/pages"}],"about":[{"href":"https:\/\/www.spymasterpro.com\/de\/wp-json\/wp\/v2\/types\/page"}],"author":[{"embeddable":true,"href":"https:\/\/www.spymasterpro.com\/de\/wp-json\/wp\/v2\/users\/1"}],"replies":[{"embeddable":true,"href":"https:\/\/www.spymasterpro.com\/de\/wp-json\/wp\/v2\/comments?post=829"}],"version-history":[{"count":0,"href":"https:\/\/www.spymasterpro.com\/de\/wp-json\/wp\/v2\/pages\/829\/revisions"}],"wp:attachment":[{"href":"https:\/\/www.spymasterpro.com\/de\/wp-json\/wp\/v2\/media?parent=829"}],"curies":[{"name":"wp","href":"https:\/\/api.w.org\/{rel}","templated":true}]}}