{"id":804,"date":"2015-12-25T05:30:03","date_gmt":"2015-12-25T05:30:03","guid":{"rendered":"https:\/\/spymasterpro.com\/de\/?page_id=804"},"modified":"2022-07-17T13:49:24","modified_gmt":"2022-07-17T13:49:24","slug":"iphone-installationsanleitung","status":"publish","type":"page","link":"https:\/\/www.spymasterpro.com\/de\/iphone-installationsanleitung\/","title":{"rendered":"iPhone Installationsanleitung"},"content":{"rendered":"<h2 style=\"text-align: center;\">Installationsanleitung\u00a0f\u00fcr\u00a0das\u00a0iPhone<\/h2>\n<p align=\"justify\">Willkommen auf der Spymaster Pro Installationsanleitungsseite. Spymaster Pro hat die Installation auf dem iPhone sehr benutzerfreundlich gestaltet. Wenn Sie die Software kaufen, erhalten Sie einen Link um auf die Website zu gelangen sowie Ihren Benutzernamen und ein Passwort.<\/p>\n<p><strong>Link: <a href=\"https:\/\/senseye.spymasterpro.com\/main_admin\/login.php\" target=\"_blank\" rel=\"noopener\">https:\/\/senseye.spymasterpro.com\/main_admin\/login.php<\/a><\/strong><\/p>\n<p align=\"justify\">Melden Sie sich auf dieser Seite dann mit dem Benutzernamen und dem Passwort an. Nach Ihrer Anmeldung werden Sie zu Ihrem Controlpanel\/ Dashoboard weitergeleitet. Danach f\u00fchren Sie bitte nachfolgende Schritte durch:<\/p>\n<p><strong>Schritt1: Klicken Sie auf iPhone<\/strong><\/p>\n<p><a href=\"https:\/\/spymasterpro.com\/de\/wp-content\/uploads\/2015\/12\/1-1.png\" rel=\"attachment wp-att-952\"><img loading=\"lazy\" decoding=\"async\" class=\"alignright size-full wp-image-952\" src=\"https:\/\/spymasterpro.com\/de\/wp-content\/uploads\/2015\/12\/1-1.png\" alt=\"1 (1)\" width=\"1287\" height=\"886\" srcset=\"https:\/\/www.spymasterpro.com\/de\/wp-content\/uploads\/2015\/12\/1-1.png 1287w, https:\/\/www.spymasterpro.com\/de\/wp-content\/uploads\/2015\/12\/1-1-600x413.png 600w, https:\/\/www.spymasterpro.com\/de\/wp-content\/uploads\/2015\/12\/1-1-300x207.png 300w, https:\/\/www.spymasterpro.com\/de\/wp-content\/uploads\/2015\/12\/1-1-768x529.png 768w, https:\/\/www.spymasterpro.com\/de\/wp-content\/uploads\/2015\/12\/1-1-1024x705.png 1024w, https:\/\/www.spymasterpro.com\/de\/wp-content\/uploads\/2015\/12\/1-1-1200x826.png 1200w\" sizes=\"auto, (max-width: 709px) 85vw, (max-width: 909px) 67vw, (max-width: 1362px) 62vw, 840px\" \/><\/a><\/p>\n<p><strong>Schritt 2: Danach, richten Sie das Ger\u00e4t ein. Daf\u00fcr \u00fcberpr\u00fcfen Sie ob iCloud Backup des Zieltelefons aktiviert ist (EIN).<\/strong><\/p>\n<div class=\"spy-viber-it-change\">\n<ul>\n<li>Falls ja, klicken Sie auf die \u201cWeiter\u201d Schaltfl\u00e4che.<\/li>\n<li>Falls nein, dann aktivieren Sie es und klicken Sie danach auf die \u201cWeiter\u201d Schaltfl\u00e4che.<\/li>\n<\/ul>\n<\/div>\n<p>Sie werden zur iCloud Benutzerkonto Seite weitergef\u00fchrt. (Beachten Sie: iCloud Backup Aktivierung ist unumg\u00e4nglich).<br \/>\n<img loading=\"lazy\" decoding=\"async\" class=\"aligncenter size-full wp-image-4491\" src=\"https:\/\/www.spymasterpro.com\/de\/wp-content\/uploads\/2019\/05\/image_2019_05_08T10_16_58_573Z.png\" alt=\"2 -nw\" width=\"999\" height=\"1125\" \/><br \/>\n<strong>Schritt3: Melden Sie sich mit den iCloud Zugangsdaten des Zieltelefons an, also mit Benutzername und Passwort.<\/strong><\/p>\n<p><a href=\"https:\/\/spymasterpro.com\/de\/wp-content\/uploads\/2015\/12\/3.png\" rel=\"attachment wp-att-953\"><img loading=\"lazy\" decoding=\"async\" class=\"alignright size-full wp-image-953\" src=\"https:\/\/spymasterpro.com\/de\/wp-content\/uploads\/2015\/12\/3.png\" alt=\"3\" width=\"1287\" height=\"936\" srcset=\"https:\/\/www.spymasterpro.com\/de\/wp-content\/uploads\/2015\/12\/3.png 1287w, https:\/\/www.spymasterpro.com\/de\/wp-content\/uploads\/2015\/12\/3-600x436.png 600w, https:\/\/www.spymasterpro.com\/de\/wp-content\/uploads\/2015\/12\/3-300x218.png 300w, https:\/\/www.spymasterpro.com\/de\/wp-content\/uploads\/2015\/12\/3-768x559.png 768w, https:\/\/www.spymasterpro.com\/de\/wp-content\/uploads\/2015\/12\/3-1024x745.png 1024w, https:\/\/www.spymasterpro.com\/de\/wp-content\/uploads\/2015\/12\/3-1200x873.png 1200w\" sizes=\"auto, (max-width: 709px) 85vw, (max-width: 909px) 67vw, (max-width: 1362px) 62vw, 840px\" \/><\/a><\/p>\n<p align=\"justify\">Nach Beendigung von Schritt3 werden Sie nach kurzer Zeit die iPhone Daten auf Ihrem Dashboard einsehen k\u00f6nnen.<\/p>\n<p align=\"justify\">F\u00fcr weitere Informationen bitte kontaktieren Sie uns \u00fcber <strong>support@spymasterpro.com.<\/strong><\/p>\n<div class=\"buy_panel\"><a class=\"blue_btn hidden-sm-down\" href=\"https:\/\/www.spymasterpro.com\/de\/sichere-anwendung\/\">Sichere-anwendung<\/a> <a class=\"blue_btn demo_btn hidden-sm-down\" href=\"https:\/\/www.spymasterpro.com\/de.\/jetzt-kaufen\/\">Jetzt Kaufen<\/a> <a class=\"blue_btn\" href=\"https:\/\/www.spymasterpro.com\/de\/iphone-spion\/\">iPhone Spion<\/a> <a class=\"blue_btn hidden-md-up\" href=\"https:\/\/www.spymasterpro.com\/buynow\">buy now<\/a><\/div>\n","protected":false},"excerpt":{"rendered":"<p>Installationsanleitung\u00a0f\u00fcr\u00a0das\u00a0iPhone Willkommen auf der Spymaster Pro Installationsanleitungsseite. Spymaster Pro hat die Installation auf dem iPhone sehr benutzerfreundlich gestaltet. Wenn Sie die Software kaufen, erhalten Sie einen Link um auf die Website zu gelangen sowie Ihren Benutzernamen und ein Passwort. Link: https:\/\/senseye.spymasterpro.com\/main_admin\/login.php Melden Sie sich auf dieser Seite dann mit dem Benutzernamen und dem Passwort an. &hellip; <a href=\"https:\/\/www.spymasterpro.com\/de\/iphone-installationsanleitung\/\" class=\"more-link\">Continue reading<span class=\"screen-reader-text\"> &#8220;iPhone Installationsanleitung&#8221;<\/span><\/a><\/p>\n","protected":false},"author":1,"featured_media":0,"parent":0,"menu_order":0,"comment_status":"open","ping_status":"open","template":"","meta":{"_acf_changed":false,"footnotes":""},"class_list":["post-804","page","type-page","status-publish","hentry"],"acf":[],"aioseo_notices":[],"_links":{"self":[{"href":"https:\/\/www.spymasterpro.com\/de\/wp-json\/wp\/v2\/pages\/804","targetHints":{"allow":["GET"]}}],"collection":[{"href":"https:\/\/www.spymasterpro.com\/de\/wp-json\/wp\/v2\/pages"}],"about":[{"href":"https:\/\/www.spymasterpro.com\/de\/wp-json\/wp\/v2\/types\/page"}],"author":[{"embeddable":true,"href":"https:\/\/www.spymasterpro.com\/de\/wp-json\/wp\/v2\/users\/1"}],"replies":[{"embeddable":true,"href":"https:\/\/www.spymasterpro.com\/de\/wp-json\/wp\/v2\/comments?post=804"}],"version-history":[{"count":0,"href":"https:\/\/www.spymasterpro.com\/de\/wp-json\/wp\/v2\/pages\/804\/revisions"}],"wp:attachment":[{"href":"https:\/\/www.spymasterpro.com\/de\/wp-json\/wp\/v2\/media?parent=804"}],"curies":[{"name":"wp","href":"https:\/\/api.w.org\/{rel}","templated":true}]}}