{"id":8,"date":"2013-03-30T07:20:26","date_gmt":"2013-03-30T07:20:26","guid":{"rendered":"https:\/\/spymasterpro.com\/de\/?page_id=8"},"modified":"2023-03-22T16:30:19","modified_gmt":"2023-03-22T11:00:19","slug":"iphone-spion","status":"publish","type":"page","link":"https:\/\/www.spymasterpro.com\/de\/iphone-spion\/","title":{"rendered":"iPhone Spion"},"content":{"rendered":"<section id=\"iphone_spy_banner\">\n<div class=\"container\">\n<div class=\"row\">\n<div class=\"col-xl-3 col-lg-3 col-md-3 hidden-sm-down iphone_left_img\"><img loading=\"lazy\" decoding=\"async\" class=\"alignnone\" title=\"iPhone Spion\" src=\"..\/wp-content\/themes\/spymaster\/images\/iphone_spy_phone_img.png\" alt=\"iPhone Spion\" width=\"236\" height=\"295\" \/><\/div>\n<div class=\"col-xl-9 col-lg-9 col-md-9 col-sm-12 iphone_right_point\">\n<h4>iPhone Aussp\u00e4hsoftware<\/h4>\n<h6>Mit Spymaster Pro jedes iPhone aus der Ferne aussp\u00e4hen<\/h6>\n<ul>\n<li>\u00dcberwachen Sie Ihr die gesamten Handy-Aktivit\u00e4ten Ihres Kindes oder wichtigen anderen Personen aus der Ferne<\/li>\n<li>Erforschen Sie die gel\u00f6schten Chatnachrichten: WhatsApp, Facebook, Instagram, Snapchat und viele mehr<\/li>\n<li>Kein technischer Zugriff n\u00f6tig, um das iPhone anzuvisieren<\/li>\n<li>L\u00e4uft im versteckten Modus<\/li>\n<li>100 % Sicherheitsgarantie<\/li>\n<li>Von allen Webbrowsern erreichbar<\/li>\n<\/ul>\n<div class=\"slider_btn\"><a class=\"blue_btn\" href=\"https:\/\/www.spymasterpro.com\/demo\/\"><i class=\"fa fa-play\"><\/i> Live Demo<\/a><a class=\"blue_btn demo_btn\" href=\"..\/jetzt-kaufen\/\">JETZT KAUFEN<\/a><\/div>\n<\/p><\/div>\n<\/p><\/div>\n<\/p><\/div>\n<\/section>\n<section class=\"iphone_spy_feature\">\n<div class=\"container\">\n<div class=\"row\">\n<div class=\"col-xs-12\">\n<h2>Mit Spymaster Pro ein iPhone aussp\u00e4hen<\/h2>\n<\/p><\/div>\n<div class=\"col-xl-5 col-lg-5 col-sm-5 col-md-5 col-xs-12\"><img loading=\"lazy\" decoding=\"async\" class=\"alignnone\" title=\"Mit Spymaster Pro ein iPhone aussp\u00e4hen\" src=\"..\/wp-content\/uploads\/2018\/07\/iphone-spia.png\" alt=\"Mit Spymaster Pro ein iPhone aussp\u00e4hen\" width=\"477\" height=\"241\" \/><\/div>\n<div class=\"col-xl-7 col-lg-7 col-sm-7 col-md-7 col-xs-12\">\n\t\t\t\tSpymaster Pro ist eine intelligent gestaltete Aussp\u00e4hsoftware f\u00fcr iPhones, die das sehr einfach macht, die Aktivit\u00e4ten auf dem Ziel-iPhone nachzuvollziehen. Sp\u00e4hen Sie das Handy aus der Ferne aus und erhalten Sie alle Informationen, die Sie sich w\u00fcnschen. Besorgen Sie sich einfach diese zuverl\u00e4ssige iPhone Aussp\u00e4hsoftware und fangen Sie an, die verd\u00e4chtige Person zu beobachten. Das beste daran ist, dass die Person, die \u00fcberwacht wird, nicht wei\u00df, dass Sie ihn\/sie geheim aussp\u00e4hen.\n\t\t\t<\/div>\n<\/p><\/div>\n<\/p><\/div>\n<\/section>\n<section id=\"android_spy_feature\" class=\"iphone_spy_feature\">\n<div class=\"container\">\n<div class=\"row\">\n<div class=\"feature_heading text-xs-center\">\n<h3>Lesen Sie mehr \u00fcber die Aussp\u00e4hfunktionen von Spymaster Pro f\u00fcr iPhones<\/h3>\n<\/p><\/div>\n<div class=\"col-xl-6 col-lg-6 col-sm-6 col-md-6 col-xs-12 android_spy_points\">\n<h5><img loading=\"lazy\" decoding=\"async\" class=\"alignnone\" title=\"Verfolgung der Kontaktliste\" src=\"..\/wp-content\/themes\/spymaster\/images\/android_icon.png\" alt=\"Verfolgung der Kontaktliste\" width=\"31\" height=\"25\" \/> Verfolgung der Kontaktliste<\/h5>\n<p>\t\t\t\tSpymaster Pro bietet auch eine Verfolgungsfunktion der Kontaktliste und \u00fcbertr\u00e4gt alle Kontaktdaten, die auf dem Ziel-iPhones gespeichert wurden.\n\t\t\t<\/p><\/div>\n<div class=\"col-xl-6 col-lg-6 col-sm-6 col-md-6 col-xs-12 android_spy_points\">\n<h5><img loading=\"lazy\" decoding=\"async\" class=\"alignnone\" title=\"Verfolgung von Anrufen\" src=\"..\/wp-content\/themes\/spymaster\/images\/iphone_spy_icon.png\" alt=\"Verfolgung von Anrufen\" width=\"27\" height=\"27\" \/> Verfolgung von Anrufen<\/h5>\n<p>\t\t\t\tMit der Funktion der Verfolgung von Anrufen erhalten Sie Zugriff auf die gesamte Gespr\u00e4chsliste des Zieltelefons. Alle eingehenden Anrufe und gef\u00fchrten Telefonate (gew\u00e4hlte Nummern der ausgehenden und eingehenden Gespr\u00e4che) des Ziel-iPhones und die L\u00e4nge der Gespr\u00e4che.\n\t\t\t<\/p><\/div>\n<div class=\"col-xl-6 col-lg-6 col-sm-6 col-md-6 col-xs-12 android_spy_points\">\n<h5><img loading=\"lazy\" decoding=\"async\" class=\"alignnone\" title=\"SMS-Verfolgung\" src=\"..\/wp-content\/uploads\/2017\/02\/feature_icon2.png\" alt=\"SMS-Verfolgung\" width=\"48\" height=\"38\" \/>SMS-Verfolgung<\/h5>\n<p>\t\t\t\tMit dieser wundervollen Aussp\u00e4hsoftware k\u00f6nnen Sie auch SMS verfolgen. Sie k\u00f6nnen aus der Ferne alle versendendeten und erhaltenden des Ziel-iPhones beobachten und lesen. Sie erhalten die Nummer des Versenders oder Empf\u00e4ngers gleich mit.\n\t\t\t<\/p><\/div>\n<div class=\"col-xl-6 col-lg-6 col-sm-6 col-md-6 col-xs-12 android_spy_points\">\n<h5><img loading=\"lazy\" decoding=\"async\" class=\"alignnone\" title=\"Verfolgung von WhatsApp-Aktivit\u00e4ten\" src=\"..\/wp-content\/themes\/spymaster\/images\/feature_icon8.png\" alt=\"Verfolgung von WhatsApp-Aktivit\u00e4ten\" width=\"50\" height=\"50\" \/> Verfolgung von WhatsApp-Aktivit\u00e4ten<\/h5>\n<p>\t\t\t\tSpymaster Pro \u00fcbermittelt alle WhatsApp-Unterhaltungen des Ziel-iPhones zu Ihrem pers\u00f6nlichen iPhone-Konto. Nun k\u00f6nnen Sie alle WhatsApp-Chats der verd\u00e4chtigsten Person geheim mitlesen.\n\t\t\t<\/p><\/div>\n<div class=\"col-xl-6 col-lg-6 col-sm-6 col-md-6 col-xs-12 android_spy_points\">\n<h5><img loading=\"lazy\" decoding=\"async\" class=\"alignnone\" title=\"Verfolgung von Nachrichten \u00fcber den Facebook Messenger\" src=\"..\/wp-content\/themes\/spymaster\/images\/feature_icon9.png\" alt=\"Verfolgung von Nachrichten \u00fcber den Facebook Messenger\" width=\"44\" height=\"44\" \/>Verfolgung von Nachrichten \u00fcber den Facebook Messenger<\/h5>\n<p>\t\t\t\tSpymaster Pro ist eine wundervolle Aussp\u00e4hsoftware f\u00fcr iPhones, mit der Sie den Facebook Messenger auf dem Ziel-iPhone \u00fcberpr\u00fcfen k\u00f6nnen. Sie k\u00f6nnen alle Facebook-Unterhaltungen aus der Ferne nachverfolgen, einschlie\u00dflich der genauen Zeit und Datumsstempel.\n\t\t\t<\/p><\/div>\n<div class=\"col-xl-6 col-lg-6 col-sm-6 col-md-6 col-xs-12 android_spy_points\">\n<h5><img loading=\"lazy\" decoding=\"async\" class=\"alignnone\" title=\"Verfolgung von Fotos\" src=\"..\/wp-content\/themes\/spymaster\/images\/feature_icon10.png\" alt=\"Verfolgung von Fotos\" width=\"52\" height=\"42\" \/>Verfolgung von Fotos<\/h5>\n<p>\t\t\t\tAn einem geheimen Ort auf dem Handy befindet sich die Multimedia-Bibliothek. Mit der Foto- multimedialen Verfolgung k\u00f6nnen Sie alle Bilddateien, die auf dem iPhone gespeichert sind, erkennen. Sie erhalten zus\u00e4tzlich die Nummer des Versenders oder Empf\u00e4ngers.\n\t\t\t<\/p><\/div>\n<div class=\"col-xl-6 col-lg-6 col-sm-6 col-md-6 col-xs-12 android_spy_points\">\n<h5><img loading=\"lazy\" decoding=\"async\" class=\"alignnone\" title=\"Verfolgung von Snapchat-Gespr\u00e4chen\" src=\"https:\/\/www.spymasterpro.com\/de\/wp-content\/uploads\/2017\/08\/snapchat_icon.png\" alt=\"Verfolgung von Snapchat-Gespr\u00e4chen\" width=\"19\" height=\"17\" \/> Verfolgung von Snapchat-Gespr\u00e4chen<\/h5>\n<p>\t\t\t\tDie Funktion von Spymaster Pro, Konversationen \u00fcber Snapchat zu verfolgen, erm\u00f6glicht es Ihnen, alle Gespr\u00e4che nachzuverfolgen, die die Zielperson gef\u00fchrt hat. Mit dieser Aussp\u00e4hsoftware f\u00fcr iPhones erhalten Sie die gesamten Informationen, beispielsweise das Datum und den genauen Zeitpunkt, an dem die Gespr\u00e4che ausgetauscht wurden.\n\t\t\t<\/p><\/div>\n<div class=\"col-xl-6 col-lg-6 col-sm-6 col-md-6 col-xs-12 android_spy_points\">\n<h5><img loading=\"lazy\" decoding=\"async\" class=\"alignnone\" title=\"Verfolgung bei Instagram\" src=\"https:\/\/www.spymasterpro.com\/de\/wp-content\/uploads\/2017\/08\/instagram_icon.png\" alt=\"Verfolgung bei Instagram\" width=\"19\" height=\"17\" \/>Verfolgung bei Instagram<\/h5>\n<p>\t\t\t\tEine weitere einzigartige Funktion von Spymaster Pro, die noch hinzu kommt, ist das Aussp\u00e4hen von Konversationen \u00fcber Instagram, die Sie mit genauen Informationen versorgt. Sie k\u00f6nnen sie lesen und als Belege speichern, auch wenn sie auf dem Ziel-iPhone gel\u00f6scht wurden.\n\t\t\t<\/p><\/div>\n<div class=\"iphone_note col-xs-12\">\n\t\t\t\t<strong>Beachten Sie:<\/strong>iCloud Anmeldedaten sind erforderlich um ein iOS Ger\u00e4t ohne einen Jailbreak zu \u00fcberwachen.\n\t\t\t<\/div>\n<div class=\"col-xl-12 col-xs-12 col-sm-12 col-md-12 strip_btn spy_btn feature_bottom text-xs-center hidden-md-up\">\n\t\t\t\t<a class=\"white_btn\" href=\"..\/wie-spymaster-pro-funktioniert\/\">schnelle Tour<\/a> <a class=\"blue_btn\" href=\"..\/jetzt-kaufen\/\">HIER KAUFEN<\/a>\n\t\t\t<\/div>\n<\/p><\/div>\n<\/p><\/div>\n<\/section>\n<section id=\"iphone_spy_work\">\n<div class=\"container\">\n<div class=\"row\">\n<div class=\"feature_heading text-xs-center\">\n<h3>So funktioniert<\/h3>\n<\/p><\/div>\n<div class=\"row iphone_spy_work_phone\">\n<div class=\"col-xl-4 col-lg-4 col-md-4 col-sm-4 text-xs-center\">\n<div class=\"iphone_spy_bx\">\n\t\t\t\t\t\t<img loading=\"lazy\" decoding=\"async\" class=\"alignnone\" title=\"So funktioniert\" src=\"..\/wp-content\/themes\/spymaster\/images\/iphone_spy_img1.png\" alt=\"So funktioniert\" width=\"152\" height=\"97\" \/><\/p>\n<h5>So erhalten Sie die iCloud Anmeldedaten<\/h5>\n<p>\t\t\t\t\t\tErhalten Sie Zugriff auf die iCloud Anmeldedaten des Zielger\u00e4ts (ohne Jailbreak). Es kann sein, dass Sie physischen Zugriff bern\u00f6tigen, falls iCloud Backup nicht aktiviert ist.\n\t\t\t\t\t<\/p><\/div>\n<\/p><\/div>\n<div class=\"col-xl-4 col-lg-4 col-md-4 col-sm-4 text-xs-center\">\n<div class=\"iphone_spy_bx\">\n\t\t\t\t\t\t<img loading=\"lazy\" decoding=\"async\" class=\"alignnone\" title=\"So erhalten Sie die iCloud Anmeldedaten\" src=\"..\/wp-content\/themes\/spymaster\/images\/iphone_spy_img2.png\" alt=\"So erhalten Sie die iCloud Anmeldedaten\" width=\"101\" height=\"101\" \/><\/p>\n<h5>Funktionen ausw\u00e4hlen<\/h5>\n<p>\t\t\t\t\t\tW\u00e4hlen Sie die Funktionen, die Sie nach erhaltenem Zugriff kontrollieren wollen.\n\t\t\t\t\t<\/p><\/div>\n<\/p><\/div>\n<div class=\"col-xl-4 col-lg-4 col-md-4 col-sm-4 text-xs-center\">\n<div class=\"iphone_spy_bx\">\n\t\t\t\t\t\t<img loading=\"lazy\" decoding=\"async\" class=\"alignnone\" title=\"Funktionen ausw\u00e4hlen\" src=\"..\/wp-content\/themes\/spymaster\/images\/iphone_spy_img3.jpg\" alt=\"Funktionen ausw\u00e4hlen\" width=\"97\" height=\"97\" \/><\/p>\n<h5>Starten Sie die \u00dcberwachung<\/h5>\n<p>\t\t\t\t\t\tLoggen Sie sich in Ihr pers\u00f6nliches Control Panel ein und starten Sie die \u00dcberwachung des Ger\u00e4ts.\n\t\t\t\t\t<\/p><\/div>\n<\/p><\/div>\n<\/p><\/div>\n<\/p><\/div>\n<\/p><\/div>\n<\/section>\n<section id=\"iphone_spy_bottom\">\n<div class=\"container\">\n<div class=\"row\">\n<div class=\"col-xl-12 col-xs-12 col-sm-12 col-md-12 strip_txt text-xs-center\">Holen Sie sich Spymaster pro iPhone f\u00fcr nur $9.99 \/ Monat<\/div>\n<div class=\"col-xl-12 col-xs-12 col-sm-12 col-md-12 strip_btn spy_btn feature_bottom text-xs-center\"><a class=\"blue_btn\" href=\"..\/sichere-anwendung\/\">Sicher zu bedienen<\/a> <a class=\"white_btn demo_btn hidden-sm-down\" href=\"..\/jetzt-kaufen\/\">HIER KAUFEN<\/a> <a class=\"white_btn demo_btn hidden-md-up\" href=\"..\/jetzt-kaufen\/\">JETZT KAUFEN<\/a><\/div>\n<\/p><\/div>\n<\/p><\/div>\n<\/section>\n","protected":false},"excerpt":{"rendered":"<p>iPhone Aussp\u00e4hsoftware Mit Spymaster Pro jedes iPhone aus der Ferne aussp\u00e4hen \u00dcberwachen Sie Ihr die gesamten Handy-Aktivit\u00e4ten Ihres Kindes oder wichtigen anderen Personen aus der Ferne Erforschen Sie die gel\u00f6schten Chatnachrichten: WhatsApp, Facebook, Instagram, Snapchat und viele mehr Kein technischer Zugriff n\u00f6tig, um das iPhone anzuvisieren L\u00e4uft im versteckten Modus 100 % Sicherheitsgarantie Von allen &hellip; <a href=\"https:\/\/www.spymasterpro.com\/de\/iphone-spion\/\" class=\"more-link\">Continue reading<span class=\"screen-reader-text\"> &#8220;iPhone Spion&#8221;<\/span><\/a><\/p>\n","protected":false},"author":1,"featured_media":0,"parent":0,"menu_order":0,"comment_status":"open","ping_status":"open","template":"page-full.php","meta":{"_acf_changed":false,"footnotes":""},"class_list":["post-8","page","type-page","status-publish","hentry"],"acf":[],"aioseo_notices":[],"_links":{"self":[{"href":"https:\/\/www.spymasterpro.com\/de\/wp-json\/wp\/v2\/pages\/8","targetHints":{"allow":["GET"]}}],"collection":[{"href":"https:\/\/www.spymasterpro.com\/de\/wp-json\/wp\/v2\/pages"}],"about":[{"href":"https:\/\/www.spymasterpro.com\/de\/wp-json\/wp\/v2\/types\/page"}],"author":[{"embeddable":true,"href":"https:\/\/www.spymasterpro.com\/de\/wp-json\/wp\/v2\/users\/1"}],"replies":[{"embeddable":true,"href":"https:\/\/www.spymasterpro.com\/de\/wp-json\/wp\/v2\/comments?post=8"}],"version-history":[{"count":1,"href":"https:\/\/www.spymasterpro.com\/de\/wp-json\/wp\/v2\/pages\/8\/revisions"}],"predecessor-version":[{"id":4070,"href":"https:\/\/www.spymasterpro.com\/de\/wp-json\/wp\/v2\/pages\/8\/revisions\/4070"}],"wp:attachment":[{"href":"https:\/\/www.spymasterpro.com\/de\/wp-json\/wp\/v2\/media?parent=8"}],"curies":[{"name":"wp","href":"https:\/\/api.w.org\/{rel}","templated":true}]}}