{"id":751,"date":"2015-10-26T06:57:24","date_gmt":"2015-10-26T06:57:24","guid":{"rendered":"https:\/\/spymasterpro.com\/de\/?page_id=751"},"modified":"2019-05-08T11:08:31","modified_gmt":"2019-05-08T11:08:31","slug":"iphone-spion-ohne-jailbrealk","status":"publish","type":"page","link":"https:\/\/www.spymasterpro.com\/de\/iphone-spion-ohne-jailbrealk\/","title":{"rendered":"iPhone Spion ohne jailbrealk"},"content":{"rendered":"<p><img loading=\"lazy\" decoding=\"async\" class=\"aligncenter size-full \" src=\"https:\/\/www.spymasterpro.com\/de\/wp-content\/uploads\/2015\/10\/iphone-spy-without-jailbreak-de.png\" alt=\"iphone spy no jailbreAK\" width=\"707\" height=\"310\" \/><\/p>\n<h4><strong>\u00dcberwachen Sie das Ziel-iPhone aus der Ferne<\/strong><\/h4>\n<div class=\"spy-viber-it-change\"style=\"margin-bottom: 20px\">\n<ul>\n<li>Tracken Sie jede Einzelheit auf dem Ziel-iPhone \u2013 Anrufprotokolle, Nachrichten, WhatsApp-Chats und vieles mehr<\/li>\n<li>\u00dcberwachen Sie Ihre Lieben und Angestellten<\/li>\n<li>Kein Jailbreak erforderlich<\/li>\n<li>Keine Installation erforderlich<\/li>\n<li>L\u00e4uft auf allen Browsern<\/li>\n<\/ul>\n<\/div>\n<h4><strong>Kontakte<\/strong><\/h4>\n<p>Erhalten Sie Zugriff auf alle im Ziel-iPhone gespeicherten Kontakte, ohne es zu ber\u00fchren. Sie werden auch in der Lage sein, alle Kontakte mit ihren Namen und Nummern zu sehen. Falls Sie unangemessene Daten finden, k\u00f6nnen Sie sofort reagieren.<\/p>\n<h4><strong>Anrufprotokolle<\/strong><\/h4>\n<p>Mit dieser intelligenten Software werden Sie in der Lage sein, alle Anrufe des iPhone zu tracken, die f\u00fcr wichtig halten. Sie m\u00fcssen nun nicht mehr insgeheim lauschen, gehen Sie den intelligenten Weg. Verschaffen Sie sich Gewissheit, mit wem und wie lange die Zielperson spricht.<\/p>\n<h4><strong>WhatsApp<\/strong><\/h4>\n<p>Lesen Sie alle WhatsApp Chats der Zielperson in Ihrem pers\u00f6nlichen Benutzerkonto. Sie m\u00fcssen nicht in deren Telefone schielen um zu sehen, mit wem die Zielpersonen chatten und was f\u00fcr Material dort mit anderen geteilt wird.<\/p>\n<h4><strong>Facebook<\/strong><\/h4>\n<p>Mit dieser Funktion erhalten Sie Zugriff auf alle Facebook-Nachrichten der verd\u00e4chtigen Person. Lesen Sie deren Nachrichten von Ihrem Control Panel aus und sehen Sie, was sie treiben.<\/p>\n<h4><strong>Skype<\/strong><\/h4>\n<p>Skype wird weltweit zum Informationsaustausch verwendet. Sie wissen nie, wer Ihre pers\u00f6nlichen Daten auf Skype an Ihre Rivalen weitergibt. Holen Sie sich die Software und kontrollieren Sie unerkannt und aus der Ferne alle Skype-Chats der Person, die Sie verd\u00e4chtigen.<\/p>\n<h4><strong>Foto-Tracking<\/strong><\/h4>\n<p>Diese Funktion erm\u00f6glicht Ihnen alle auf dem iPhone der Zielperson gespeicherten Fotos zu sehen. Sie werden vollen Zugriff auf alle Fotos haben.<\/p>\n<p>Beachten Sie:iCloud Anmeldedaten sind erforderlich um ein iOS Ger\u00e4t ohne einen Jailbreak zu \u00fcberwachen.<\/p>\n<div class=\"col-xl-12 col-xs-12 col-sm-12 col-md-12 strip_btn spy_btn feature_bottom text-xs-center\"><a class=\"blue_btn\" href=\"https:\/\/www.spymasterpro.com\/de\/wie-spymaster-pro-funktioniert\/\">So funktioniert<\/a> \u00a0 <a class=\"white_btn demo_btn\" href=\"..\/jetzt-kaufen\/\">JETZT KAUFEN<\/a><\/div>\n","protected":false},"excerpt":{"rendered":"<p>\u00dcberwachen Sie das Ziel-iPhone aus der Ferne Tracken Sie jede Einzelheit auf dem Ziel-iPhone \u2013 Anrufprotokolle, Nachrichten, WhatsApp-Chats und vieles mehr \u00dcberwachen Sie Ihre Lieben und Angestellten Kein Jailbreak erforderlich Keine Installation erforderlich L\u00e4uft auf allen Browsern Kontakte Erhalten Sie Zugriff auf alle im Ziel-iPhone gespeicherten Kontakte, ohne es zu ber\u00fchren. Sie werden auch in &hellip; <a href=\"https:\/\/www.spymasterpro.com\/de\/iphone-spion-ohne-jailbrealk\/\" class=\"more-link\">Continue reading<span class=\"screen-reader-text\"> &#8220;iPhone Spion ohne jailbrealk&#8221;<\/span><\/a><\/p>\n","protected":false},"author":1,"featured_media":0,"parent":0,"menu_order":0,"comment_status":"open","ping_status":"open","template":"","meta":{"_acf_changed":false,"footnotes":""},"class_list":["post-751","page","type-page","status-publish","hentry"],"acf":[],"aioseo_notices":[],"_links":{"self":[{"href":"https:\/\/www.spymasterpro.com\/de\/wp-json\/wp\/v2\/pages\/751","targetHints":{"allow":["GET"]}}],"collection":[{"href":"https:\/\/www.spymasterpro.com\/de\/wp-json\/wp\/v2\/pages"}],"about":[{"href":"https:\/\/www.spymasterpro.com\/de\/wp-json\/wp\/v2\/types\/page"}],"author":[{"embeddable":true,"href":"https:\/\/www.spymasterpro.com\/de\/wp-json\/wp\/v2\/users\/1"}],"replies":[{"embeddable":true,"href":"https:\/\/www.spymasterpro.com\/de\/wp-json\/wp\/v2\/comments?post=751"}],"version-history":[{"count":0,"href":"https:\/\/www.spymasterpro.com\/de\/wp-json\/wp\/v2\/pages\/751\/revisions"}],"wp:attachment":[{"href":"https:\/\/www.spymasterpro.com\/de\/wp-json\/wp\/v2\/media?parent=751"}],"curies":[{"name":"wp","href":"https:\/\/api.w.org\/{rel}","templated":true}]}}