{"id":71,"date":"2013-05-23T11:41:39","date_gmt":"2013-05-23T11:41:39","guid":{"rendered":"https:\/\/spymasterpro.com\/de\/?page_id=71"},"modified":"2023-03-22T15:59:09","modified_gmt":"2023-03-22T10:29:09","slug":"whatsapp-spion","status":"publish","type":"page","link":"https:\/\/www.spymasterpro.com\/de\/whatsapp-spion\/","title":{"rendered":"WhatsApp Spion"},"content":{"rendered":"<section id=\"whatsapp_spy_banner\">\n<div class=\"container\">\n<div class=\"row\">\n<div class=\"col-xl-9 col-lg-9 col-md-9 col-sm-12 iphone_right_point\">\n<h4><img decoding=\"async\" src=\"..\/wp-content\/uploads\/2017\/02\/whatsapp_icon.png\" alt=\"Whatsapp Tracking\" \/> Whatsapp \u00dcberwachung<\/h4>\n<h6>NUTZEN SIE DIE WHATSAPP TRACKING FUNKTION VON SPYMASTER PRO UM UNERKANNT ALLE CHATS ZU LESEN.<\/h6>\n<ul>\n<li>Erhalten Sie Einsicht in Anrufprotokolle, Standort, Whatsapp und vieles mehr.<\/li>\n<li>Kompatibel mit Android Smartphones und iPhones.<\/li>\n<li>Zugriff von jedem Webbrowser aus<\/li>\n<li>24\/7 Rund-um-die Uhr Multi-Sprachen-Support<\/li>\n<li>100 % sicher und erfolgreich<\/li>\n<\/ul>\n<div class=\"slider_btn\"><a class=\"blue_btn\" href=\"https:\/\/www.spymasterpro.com\/de\/funktionen\/\">ALLE FUNKTIONEN SEHEN<\/a><a class=\"blue_btn demo_btn\" href=\"https:\/\/www.spymasterpro.com\/de\/demo\"><i class=\"fa fa-play\"><\/i> Live Demo<\/a><\/div>\n<\/div>\n<div class=\"col-xl-3 col-lg-3 col-md-3 hidden-sm-down iphone_left_img no_padding\"><img decoding=\"async\" src=\"..\/wp-content\/uploads\/2017\/02\/phone_banner.png\" \/><\/div>\n<\/div>\n<\/div>\n<\/section>\n<section id=\"whatsapp_middel\">\n<div class=\"container\">\n<div class=\"row\">\n<div class=\"col-lg-3 col-md-3 col-sm-12 col-xs-12 text-xs-center about_img2\"><img decoding=\"async\" src=\"https:\/\/www.spymasterpro.com\/wp-content\/uploads\/2017\/04\/mobile_img-1.png\" \/><\/div>\n<div class=\"col-lg-9 col-md-9 col-sm-12 col-xs-12 inner_txt\">\n<h2>Whatsapp \u00dcberwachung f\u00fcr iPhone<\/h2>\n<p>Um Whatsapp-Chats des Ziel-iPhone zu \u00fcberwachen, befolgen Sie bitte folgende einfache Schritte:<\/p>\n<div class=\"spy-viber-it-change\">\n<ul>\n<li>Kaufen Sie die Software und Ihre Anmeldedaten gehen Ihnen per E-Mail zu.<\/li>\n<li>Besorgen Sie sich die Zugangsdaten des Ziel-iPhone.<\/li>\n<li>Verwenden Sie die Anmeldedaten, die Sie erhalten, um sich in Ihren Spymaster Pro Konto einzuloggen und tragen Sie dort an der erforderlichen Stelle die iPhone-Zugangsdaten ein.<\/li>\n<li>Beginnen Sie mit dem Tracking der Whatsapp-Chats der Person, die Sie beobachten wollen.<\/li>\n<\/ul>\n<\/div>\n<p><strong>Beachten Sie: Sie brauchen keine Software auf dem iPhone zu installieren.<\/strong><\/p>\n<h4>Holen Sie sichSpymaster Pro Spymaster pro iPhone f\u00fcr nur $9.99 \/ Monat<\/h4>\n<div class=\"whatsapp_btns text-xs-center\">\n<p><a class=\"blue_btn\" href=\"https:\/\/www.spymasterpro.com\/de\/iphone-spion\/\">iPhone Spion<\/a> <a class=\"blue_btn\" href=\"https:\/\/www.spymasterpro.com\/de\/jetzt-kaufen\/\">Jetzt Kaufen<\/a><\/p>\n<\/div>\n<\/div>\n<\/div>\n<\/div>\n<\/section>\n<section id=\"whatsapp_middel\">\n<div class=\"container\">\n<div class=\"row\">\n<div class=\"col-lg-9 col-md-9 col-sm-12 col-xs-12 inner_txt\">\n<h2>Whatsapp-\u00dcberwachung f\u00fcr Android<\/h2>\n<p>Um die Whatsapp-Nachrichten auf dem Android-Zieltelefon zu tracken, beachten Sie bitte folgende Punkte:<\/p>\n<div class=\"spy-viber-it-change\">\n<ul>\n<li>Kaufen Sie die Software und die Anmeldedaten werden Ihnen per E-Mail gesendet.<\/li>\n<li>Installieren Sie die Software auf dem Androidtelefon mithilfe des Links aus der E-Mail (das dauert 5 Minuten) und legen Sie das telefon wieder zur\u00fcck.<\/li>\n<li>Loggen Sie sich von einem beliebigen Ger\u00e4t aus in Ihr Konto ein.<\/li>\n<li>Beginnen Sie all Whatsapp-Nachrichten auf dem Androidtelefon zu lesen, das Ihr Ziel ist.<\/li>\n<\/ul>\n<\/div>\n<h4>Holen Sie sich Spymaster Pro Android Premium f\u00fcr nur $8.33 \/ Monat<\/h4>\n<div class=\"whatsapp_btns text-xs-center\">\n<p><a class=\"blue_btn\" href=\"https:\/\/www.spymasterpro.com\/de\/android-spion\/\">Android Spion<\/a> <a class=\"blue_btn\" href=\"https:\/\/www.spymasterpro.com\/de\/jetzt-kaufen\/\">Jetzt Kaufen<\/a><\/p>\n<\/div>\n<\/div>\n<div class=\"col-lg-3 col-md-3 col-sm-3 col-xs-3 about_img2 text-xs-center\"><img decoding=\"async\" src=\"https:\/\/www.spymasterpro.com\/wp-content\/uploads\/2017\/02\/mobile_img2-1.png\" \/><\/div>\n<\/div>\n<\/div>\n<\/section>\n<div class=\"container\">\n<div class=\"row inner_txt\">\n<div class=\"col-md-12 showmlcontent\">\n<h3>\u00dcberwachen Sie jetzt ganz einfach jemanden, der WhatsApp benutzt, mit der spymaster pro App<\/h3>\n<p>\t\t\tIm Zuge des technologischen Fortschritts m\u00fcssen sich die Menschen der wesentlichen Schritte zur Risikominderung bewusst sein. Mit der Erfindung des Internets, der sozialen Medien usw. gibt es mehr M\u00f6glichkeiten denn je f\u00fcr Fremde, unschuldige Menschen auszunutzen. Deshalb brauchen Sie eine <strong>Whatsapp-Spionage-Software<\/strong>, um Ihre Lieben vor all dem zu sch\u00fctzen. Eine WhatsApp-Tracker-App oder -Software erm\u00f6glicht es Ihnen, WhatsApp-Aktivit\u00e4ten zu \u00fcberwachen, zu verfolgen und auszuspionieren.<\/p>\n<div id=\"boom\" class=\"collapse\">\n<h3>Was macht die WhatsApp-Tracking-App notwendig?<\/h3>\n<p>\t\t\t\tEs gibt zahlreiche Gr\u00fcnde, warum Sie eine WhatsApp-Tracker-App ben\u00f6tigen. Sie erm\u00f6glicht es Eltern, ihre Kinder zu \u00fcberwachen und sicherzustellen, dass sie nicht bel\u00e4stigt werden oder mit Fremden chatten. Unternehmen k\u00f6nnen diese WhatsApp-App verwenden, um die Produktivit\u00e4t ihrer Mitarbeiter zu \u00fcberwachen und sicherzustellen, dass die Geheimnisse und wichtigen Daten des Unternehmens nicht ver\u00f6ffentlicht werden.<\/p>\n<h3>Welche Funktionen umfasst eine Whatsapp-Spionage-Software?<\/h3>\n<ol>\n<li><strong>Anruf\u00fcberwachung<\/strong>: Sie k\u00f6nnen die Anrufe von Personen \u00fcberwachen, indem Sie die WhatsApp-Spionage-Anruf-Rekorder-Funktion in dieser App verwenden.<\/li>\n<li><strong>Beobachten Sie die Aktivit\u00e4ten anderer Personen: Mit der Whatsapp-\u00dcberwachungssoftware k\u00f6nnen <\/strong>Sie beobachten, was andere Personen am Telefon tun, was besprochen wird und zu welchem Zeitpunkt.<\/li>\n<li><strong>Kompatibilit\u00e4t<\/strong>: Diese Tracker-Apps sind in der Regel mit allen Ger\u00e4ten kompatibel, und Sie m\u00fcssen Ihr Telefon nicht rooten oder jailbreaken; Sie k\u00f6nnen <strong>WhatsApp-Spionage-App f\u00fcr iOS<\/strong>, Android und sogar auf einem Tablet verwenden.<\/li>\n<li><strong>Spionieren Sie WhatsApp-Chats aus: Mit <\/strong>diesen Apps k\u00f6nnen Sie auch <strong>WhatsApp-Nachrichten verfolgen <\/strong>und alle gesendeten und empfangenen Nachrichten zusammen mit ihren Zeitstempeln beobachten.<\/li>\n<\/ol>\n<p>\t\t\t\tSchlie\u00dflich k\u00f6nnen Sie geeignete Ma\u00dfnahmen ergreifen, wenn Sie beim Betrachten der Chats etwas sehen, das Sie verd\u00e4chtig macht.<\/p>\n<h3>Vorteile der spymaster pro App<\/h3>\n<p>\t\t\t\tDie Verwendung der Spymaster Pro App bietet zahlreiche Vorteile, die im Folgenden aufgef\u00fchrt sind:<\/p>\n<ol>\n<li><strong> Erhalten Sie Echtzeit-Warnungen: <\/strong>Mit dieser Tracker-App erhalten Sie Benachrichtigungen, sobald ein WhatsApp-Chat oder Anruf get\u00e4tigt wird, sodass Sie bei Bedarf sofort eingreifen k\u00f6nnen.<\/li>\n<li><strong> Anrufprotokolle anzeigen: Mit <\/strong>dieser Tracker-App k\u00f6nnen Sie alle WhatsApp-Anrufprotokolle einsehen. So k\u00f6nnen Sie sehen, wer den Anruf get\u00e4tigt hat, wann der Anruf get\u00e4tigt wurde und wie lange das Gespr\u00e4ch gedauert hat.<\/li>\n<li><strong> Einfach zu bedienen: <\/strong>Diese Tracker-Apps sind in der Regel einfach einzurichten und zu verwenden, so dass Sie im Handumdrehen mit der Verfolgung der WhatsApp-Aktivit\u00e4ten beginnen k\u00f6nnen.<\/li>\n<li><strong> Standort-Informationen: <\/strong>Mit GPS-Tracking und Geo-Fencing k\u00f6nnen detaillierte Informationen \u00fcber den Standort ermittelt werden.<\/li>\n<\/ol>\n<h3>Einige Dinge, auf die man bei Tracker-Anwendungen achten sollte<\/h3>\n<p>\t\t\t\tWas auch immer der Grund ist, es gibt ein paar Funktionen, auf die Sie bei einer WhatsApp-Tracker-App achten sollten, bevor Sie eine ausw\u00e4hlen<\/p>\n<ul>\n<li>In erster Linie sollte die App einfach zu bedienen sein. Man sollte kein technisches Genie sein m\u00fcssen, um sie zu bedienen.<\/li>\n<li>Zweitens sollte die App vor der Person, die \u00fcberwacht wird, verborgen sein. Die andere Person sollte nicht wissen k\u00f6nnen, dass Sie sie ausspionieren. Drittens sollte die App alle WhatsApp-Aktivit\u00e4ten \u00fcberwachen, z. B. Anrufe, Nachrichten und sogar Fotos und Videos, die gesendet und empfangen werden.<\/li>\n<\/ul>\n<h3>Spymaster pro App deckt alle wesentlichen Dinge ab, die bei Tracker-Apps sehr wichtig sind<\/h3>\n<p>\t\t\t\tSagen Sie Nein zu Cybermobbing und sch\u00fctzen Sie die Ger\u00e4te Ihrer Kinder vor sch\u00e4dlichen Inhalten. Werden Sie die Betr\u00fcger los und behalten Sie immer ein Auge auf die Online-Aktivit\u00e4ten Ihres Kindes. Spymaster pro ist die Antwort auf alle Ihre Tracking-Bed\u00fcrfnisse, und erhalten Sie es heute.\n\t\t\t<\/p><\/div>\n<p>\t\t\t<button id=\"showbtn\"  type=\"button\" class=\"btnS blue_btn collapsed\" data-toggle=\"collapse\" data-target=\"#boom\">Zeig mehr<\/button>\n\t\t<\/div>\n<\/p><\/div>\n<\/div>\n","protected":false},"excerpt":{"rendered":"<p>Whatsapp \u00dcberwachung NUTZEN SIE DIE WHATSAPP TRACKING FUNKTION VON SPYMASTER PRO UM UNERKANNT ALLE CHATS ZU LESEN. Erhalten Sie Einsicht in Anrufprotokolle, Standort, Whatsapp und vieles mehr. Kompatibel mit Android Smartphones und iPhones. Zugriff von jedem Webbrowser aus 24\/7 Rund-um-die Uhr Multi-Sprachen-Support 100 % sicher und erfolgreich ALLE FUNKTIONEN SEHEN Live Demo Whatsapp \u00dcberwachung f\u00fcr &hellip; <a href=\"https:\/\/www.spymasterpro.com\/de\/whatsapp-spion\/\" class=\"more-link\">Continue reading<span class=\"screen-reader-text\"> &#8220;WhatsApp Spion&#8221;<\/span><\/a><\/p>\n","protected":false},"author":1,"featured_media":0,"parent":0,"menu_order":0,"comment_status":"open","ping_status":"open","template":"page-full.php","meta":{"_acf_changed":false,"footnotes":""},"class_list":["post-71","page","type-page","status-publish","hentry"],"acf":[],"aioseo_notices":[],"_links":{"self":[{"href":"https:\/\/www.spymasterpro.com\/de\/wp-json\/wp\/v2\/pages\/71","targetHints":{"allow":["GET"]}}],"collection":[{"href":"https:\/\/www.spymasterpro.com\/de\/wp-json\/wp\/v2\/pages"}],"about":[{"href":"https:\/\/www.spymasterpro.com\/de\/wp-json\/wp\/v2\/types\/page"}],"author":[{"embeddable":true,"href":"https:\/\/www.spymasterpro.com\/de\/wp-json\/wp\/v2\/users\/1"}],"replies":[{"embeddable":true,"href":"https:\/\/www.spymasterpro.com\/de\/wp-json\/wp\/v2\/comments?post=71"}],"version-history":[{"count":3,"href":"https:\/\/www.spymasterpro.com\/de\/wp-json\/wp\/v2\/pages\/71\/revisions"}],"predecessor-version":[{"id":4064,"href":"https:\/\/www.spymasterpro.com\/de\/wp-json\/wp\/v2\/pages\/71\/revisions\/4064"}],"wp:attachment":[{"href":"https:\/\/www.spymasterpro.com\/de\/wp-json\/wp\/v2\/media?parent=71"}],"curies":[{"name":"wp","href":"https:\/\/api.w.org\/{rel}","templated":true}]}}