{"id":554,"date":"2015-03-21T12:33:39","date_gmt":"2015-03-21T12:33:39","guid":{"rendered":"https:\/\/spymasterpro.com\/de\/?page_id=554"},"modified":"2019-07-04T12:07:39","modified_gmt":"2019-07-04T12:07:39","slug":"spion-chats","status":"publish","type":"page","link":"https:\/\/www.spymasterpro.com\/de\/spion-chats\/","title":{"rendered":"Spion Chats"},"content":{"rendered":"<p style=\"text-align: center;\"><img loading=\"lazy\" decoding=\"async\" class=\"aligncenter size-full wp-image-2269\" src=\"https:\/\/www.spymasterpro.com\/de\/wp-content\/uploads\/2015\/03\/germany.jpg\" alt=\"Spy Chat\" width=\"600\" height=\"350\" \/><\/p>\n<div class=\"content-1\">\n<h2 class=\"tracking\" style=\"color: black;\"><i class=\"fa fa-whatsapp\" aria-hidden=\"true\"><!--tr--><\/i>WhatsApp Verfolgung<\/h2>\n<p>Spymaster Pro ist in der Lagealle Gespr\u00e4che, die \u00fcber das \u00fcberwachte Handy durch WhatsApp gemacht werden, zu \u00fcberwachen und zu verfolgen.Sie erhalten alle Nachrichten und geteilte Dateien.<\/p>\n<div class=\"spy-viber-it-change\" style=\"margin-bottom: 15px;\">\n<ul>\n<li>Lesen Sie gesamte WhatsApp Chats.<\/li>\n<li>Schauen Sie sich die WhatsApp Kontakte an.<\/li>\n<li>Sehen Sie das Datum und die Uhrzeit Nachrichten.<\/li>\n<li>Siehe Sie Medien wie z.B. Bilder, Audio, Video und Lage.<\/li>\n<\/ul>\n<\/div>\n<h4><strong>Wieso brauchen Sie es?<\/strong><\/h4>\n<p>WhatsApp kann die verborgene Wahrheit zu enth\u00fcllen, deshalb gehen Sie durch alle Gespr\u00e4che, die durch WhatsApp des \u00fcberwachten Handybenutzers erfolgen. Holen Sie sich alle Informationen und die Wahrheit, die Ihre Lieben seit Langem von Ihnen verstecken.<\/p>\n<\/div>\n<div class=\"content-1\">\n<h2 class=\"tracking\" style=\"color: black;\"><i class=\"fa fa-volume-control-phone\" aria-hidden=\"true\"><!--tr--><\/i>Viber Verfolgung<\/h2>\n<p>M\u00fchelos Viber Ihres \u00fcberwachten Handys mithilfe der Spymaster Pro spionieren. Sie k\u00f6nnen ganz einfach die Chatslesen, sich die Anrufe anh\u00f6ren, kurz jede Aktivit\u00e4t, die \u00fcber Viber passiert. Der Benutzer kann: \u2013<\/p>\n<div class=\"spy-viber-it-change\" style=\"margin-bottom: 15px;\">\n<ul>\n<li>Viber Chats lesen.<\/li>\n<li>Viber Anrufe anh\u00f6ren.<\/li>\n<li>Viber kontak tesehen.<\/li>\n<\/ul>\n<\/div>\n<h4><strong>Wieso brauchen Sie es?<\/strong><\/h4>\n<p>Nur nicht sitzen und warten bis die Wahrheit, aufs Eigene auftaucht, wenn Sie Zweifel haben, sollten Sie es klar machen! Installieren Sie Spymaster Pro und erhalten Sie die Details der Viber Anwendung des \u00fcberwachten Handys.<\/p>\n<\/div>\n<div class=\"content-1\">\n<h2 class=\"tracking\" style=\"color: black;\"><i class=\"fa fa-facebook-official\" aria-hidden=\"true\"><!--tr--><\/i>Facebook Messenger Verfolgung<\/h2>\n<p>Spymaster Pro erlaubt Ihnen die Chats von Facebook zu sehen. Es ist einfach, die Chats von Facebook Messenger mit Hilfe der Spymaster Pro anzuzeigen. Der Benutzer kann: \u2013<\/p>\n<div class=\"spy-viber-it-change\" style=\"margin-bottom: 15px;\">\n<ul>\n<li>Durchalle Chats gehen.<\/li>\n<li>Den Empf\u00e4nger sehen.<\/li>\n<li>Die Zeit und Datum der Nachricht sehen.<\/li>\n<\/ul>\n<\/div>\n<h4><strong>Wieso brauchen Sie es?<\/strong><\/h4>\n<p>Wenn Ihr Kind immer onlineist, die Handytasten dr\u00fcckt, dann m\u00fcssen Sie auf jeden Fall wissen, was das ist, dass sie am Handy h\u00e4lt. Installieren Sie Spymaster Pro auf ihrem Handy, und lesen Sie alle Chats von Facebook Messenger.<\/p>\n<\/div>\n<div class=\"bigtext-red\">Holen Sie sich die Spymaster Basic nur von $6.66 pro Monat<\/div>\n<div class=\"big-button\"><a class=\"blue_btnandroid\" href=\"https:\/\/www.spymasterpro.com\/de\/jetzt-kaufen\/\">Jetzt Kaufen<\/a><\/div>\n","protected":false},"excerpt":{"rendered":"<p>WhatsApp Verfolgung Spymaster Pro ist in der Lagealle Gespr\u00e4che, die \u00fcber das \u00fcberwachte Handy durch WhatsApp gemacht werden, zu \u00fcberwachen und zu verfolgen.Sie erhalten alle Nachrichten und geteilte Dateien. Lesen Sie gesamte WhatsApp Chats. Schauen Sie sich die WhatsApp Kontakte an. Sehen Sie das Datum und die Uhrzeit Nachrichten. Siehe Sie Medien wie z.B. Bilder, &hellip; <a href=\"https:\/\/www.spymasterpro.com\/de\/spion-chats\/\" class=\"more-link\">Continue reading<span class=\"screen-reader-text\"> &#8220;Spion Chats&#8221;<\/span><\/a><\/p>\n","protected":false},"author":1,"featured_media":0,"parent":0,"menu_order":0,"comment_status":"open","ping_status":"open","template":"","meta":{"_acf_changed":false,"footnotes":""},"class_list":["post-554","page","type-page","status-publish","hentry"],"acf":[],"aioseo_notices":[],"_links":{"self":[{"href":"https:\/\/www.spymasterpro.com\/de\/wp-json\/wp\/v2\/pages\/554","targetHints":{"allow":["GET"]}}],"collection":[{"href":"https:\/\/www.spymasterpro.com\/de\/wp-json\/wp\/v2\/pages"}],"about":[{"href":"https:\/\/www.spymasterpro.com\/de\/wp-json\/wp\/v2\/types\/page"}],"author":[{"embeddable":true,"href":"https:\/\/www.spymasterpro.com\/de\/wp-json\/wp\/v2\/users\/1"}],"replies":[{"embeddable":true,"href":"https:\/\/www.spymasterpro.com\/de\/wp-json\/wp\/v2\/comments?post=554"}],"version-history":[{"count":0,"href":"https:\/\/www.spymasterpro.com\/de\/wp-json\/wp\/v2\/pages\/554\/revisions"}],"wp:attachment":[{"href":"https:\/\/www.spymasterpro.com\/de\/wp-json\/wp\/v2\/media?parent=554"}],"curies":[{"name":"wp","href":"https:\/\/api.w.org\/{rel}","templated":true}]}}