{"id":552,"date":"2015-06-15T06:28:48","date_gmt":"2015-06-15T06:28:48","guid":{"rendered":"https:\/\/spymasterpro.com\/de\/?page_id=552"},"modified":"2022-08-04T14:44:31","modified_gmt":"2022-08-04T09:14:31","slug":"facebook-spion","status":"publish","type":"page","link":"https:\/\/www.spymasterpro.com\/de\/facebook-spion\/","title":{"rendered":"Facebook nachrichten mit Facebook spion software sehen"},"content":{"rendered":"<div id=\"pl-75\" class=\"panel-layout\">\n<div id=\"pg-75-0\" class=\"panel-grid panel-no-style\">\n<div id=\"pgc-75-0-0\" class=\"panel-grid-cell\" data-weight=\"1\">\n<div id=\"panel-75-0-0-0\" class=\"so-panel widget_text panel-first-child\" data-index=\"0\" data-style=\"{&quot;background_image_attachment&quot;:false,&quot;background_display&quot;:&quot;tile&quot;}\">\n<div class=\"textwidget\">\n<section id=\"facebook_spy_banner\">\n<div class=\"container\">\n<div class=\"row\">\n<div class=\"col-xl-8 col-lg-8 col-md-8 col-sm-12 iphone_right_point\">\n<h4><img decoding=\"async\" src=\"..\/wp-content\/uploads\/2017\/02\/messenger_icon.png\" alt=\"img\" \/> Facebook-\u00dcberwachung<\/h4>\n<h6>TRACKEN SIE ALLE FACEBOOK-CHATS VON JEMAND OHNE DAS PASSWORT ZU KENNEN.<\/h6>\n<ul>\n<li>Erhalten Sie Einsicht in Anrufprotokolle, Standort, Facebook und vieles mehr.<\/li>\n<li>Kompatibel mit Android Smartphones und iPhones.<\/li>\n<li>Zugriff von jedem Webbrowser aus<\/li>\n<li>24\/7 Rund-um-die Uhr Multi-Sprachen-Support<\/li>\n<li>100 % sicher und erfolgreich<\/li>\n<\/ul>\n<div class=\"slider_btn\"><a class=\"blue_btn\" href=\"https:\/\/www.spymasterpro.com\/de\/funktionen\/\">FUNKTIONEN<\/a> <a class=\"blue_btn demo_btn\" href=\"https:\/\/www.spymasterpro.com\/de\/demo\/\"><i class=\"fa fa-play\"><\/i> Live Demo<\/a><\/div>\n<\/div>\n<div class=\"col-xl-4 col-lg-4 col-md-4 hidden-sm-down iphone_left_img\"><img loading=\"lazy\" decoding=\"async\" class=\"alignnone\" title=\"Facebook Spion\" src=\"..\/wp-content\/uploads\/2017\/02\/facebook_spy_phone_img.png\" alt=\"Facebook Spion\" width=\"219\" height=\"316\" \/><\/div>\n<\/div>\n<\/div>\n<\/section>\n<\/div>\n<\/div>\n<div id=\"panel-75-0-0-1\" class=\"so-panel widget_text panel-last-child\" data-index=\"1\" data-style=\"{&quot;background_image_attachment&quot;:false,&quot;background_image_attachment_fallback&quot;:false,&quot;background_display&quot;:&quot;tile&quot;}\">\n<h3 class=\"widget-title\">Facebook-Nachrichten mit Facebook Spy-Software ansehen<\/h3>\n<div class=\"textwidget\">\n<section id=\"middle_part\">\n<div class=\"container\">\n<div class=\"row\">\n<div class=\"col-xl-12 col-lg-12 col-md-12 left_part\">\n<div class=\"side_heading\">\n<h3>Facebook-Nachrichten mit Facebook Spy-Software ansehen<\/h3>\n<\/div>\n<p>Spymaster Pro( ein Facebook Chat Spion) macht es Ihnen leicht, m\u00fchelos alle Facebook Messenger-Chats, die nat\u00fcrlich per das Telefon Ihrer \u00fcberwachten Handybenutzers vorkommen, zuzugreifen. facebook messenger spyMit Spymaster Pro Facebook Spion app k\u00f6nnen Sie:<\/p>\n<div class=\"col-xs-12 text-xs-center\">\n<h2><strong>FACEBOOK-\u00dcBERWACHUNG F\u00dcR IPHONE<\/strong><\/h2>\n<p><img loading=\"lazy\" decoding=\"async\" class=\"aligncenter wp-image-4879 size-full\" title=\"FACEBOOK-\u00dcBERWACHUNG F\u00dcR IPHONE\" src=\"..\/wp-content\/uploads\/2017\/02\/facebok-image.png\" alt=\"FACEBOOK-\u00dcBERWACHUNG F\u00dcR IPHONE\" width=\"400\" height=\"310\" \/><\/p>\n<\/div>\n<p><strong>Um die Facebook-Nachrichten des iPhone zu tracken, befolgen Sie bitte folgende einfachen Schritte:<\/strong><\/p>\n<div class=\"spy-viber-it-change\">\n<ul>\n<li>Gesamte Facebook-Chats lesen.<\/li>\n<li>Details zu den Menschen lernen, mit denen der \u00fcberwachte Handybenutzer gesprochen hat.<\/li>\n<li>Loggen Sie sich von einem beliebigen Ort aus in Ihr Spymaster Pro Konto ein, und zwar mit den Anmeldedaten, die Ihnen zugesendet wurden und f\u00fcllen Sie diese Zugangsdaten an der erforderlichen Stelle ein.<\/li>\n<li>Beginnen Sie aus der Ferne mit dem Tracking der Facebook-Nachrichten auf dem Ziel-iPhone.<\/li>\n<\/ul>\n<\/div>\n<p><strong>Beachten Sie:<\/strong> Sie brauchen auf dem iPhone keine Software zu installieren.<\/p>\n<div class=\"strip_space\">\n<div class=\"col-xl-12 col-xs-12 col-sm-12 col-md-12 strip_txt text-xs-center bigtext-red\">Holen Sie sich Spymaster Pro Android f\u00fcr nur $6.66 \/ Monath<\/div>\n<div class=\"buy_panel text-xs-center\"><a class=\"blue_btn\" href=\"https:\/\/www.spymasterpro.com\/de\/iphone-spion\/\">iPhone Spion<\/a> <a class=\"blue_btn demo_btn\" href=\"https:\/\/www.spymasterpro.com\/de\/jetzt-kaufen\/\">Jetzt Kaufen<\/a><\/div>\n<\/div>\n<div class=\"col-xs-12 text-xs-center\">\n<h2><strong>FACEBOOK-\u00dcBERWACHUNG F\u00dcR ANDROID<\/strong><\/h2>\n<p><img loading=\"lazy\" decoding=\"async\" class=\"aligncenter wp-image-4910 size-full\" title=\"FACEBOOK-\u00dcBERWACHUNG F\u00dcR ANDROID\" src=\"..\/wp-content\/uploads\/2017\/02\/uyo.png\" alt=\"FACEBOOK-\u00dcBERWACHUNG F\u00dcR ANDROID\" width=\"400\" height=\"310\" \/><\/p>\n<\/div>\n<p><strong>Um die Facebook-Nachrichten des Android-telefons zu \u00fcberwachen, befolgen Sie bitte folgende einfache Schritte:<\/strong><\/p>\n<div class=\"spy-viber-it-change\" style=\"padding-bottom: 15px;\">\n<ul>\n<li>Kaufen Sie die Software und die Anmeldedaten werden Ihnen per E-Mail gesendet.<\/li>\n<li>Installieren Sie die Software auf dem Android-Zieltelefon mithilfe des Links aus der E-Mail (das dauert 5 Minuten) und legen Sie das Telefon wieder zur\u00fcck.<\/li>\n<li>Loggen Sie sich von einem beliebigen Ort aus in Ihr Konto ein.<\/li>\n<li>Beginnen Sie die Facebook-Chats des Android-Zieltelefons mitzulesen.<\/li>\n<\/ul>\n<\/div>\n<div class=\"strip_space\">\n<div class=\"col-xl-12 col-xs-12 col-sm-12 col-md-12 strip_txt text-xs-center bigtext-red\">Holen Sie sich Spymaster Pro Android Premium f\u00fcr nur $8.33 \/ Monat<\/div>\n<div class=\"buy_panel text-xs-center\"><a class=\"blue_btn\" href=\"https:\/\/www.spymasterpro.com\/de\/android-spion\/\">Android Spion<\/a> <a class=\"blue_btn demo_btn\" href=\"https:\/\/www.spymasterpro.com\/de\/jetzt-kaufen\/\">Jetzt Kaufen<\/a><\/div>\n<\/div>\n<\/div>\n<\/div>\n<\/div>\n<\/section>\n<\/div>\n<\/div>\n<\/div>\n<\/div>\n<\/div>\n","protected":false},"excerpt":{"rendered":"<p>Facebook-\u00dcberwachung TRACKEN SIE ALLE FACEBOOK-CHATS VON JEMAND OHNE DAS PASSWORT ZU KENNEN. Erhalten Sie Einsicht in Anrufprotokolle, Standort, Facebook und vieles mehr. Kompatibel mit Android Smartphones und iPhones. Zugriff von jedem Webbrowser aus 24\/7 Rund-um-die Uhr Multi-Sprachen-Support 100 % sicher und erfolgreich FUNKTIONEN Live Demo Facebook-Nachrichten mit Facebook Spy-Software ansehen Facebook-Nachrichten mit Facebook Spy-Software ansehen &hellip; <a href=\"https:\/\/www.spymasterpro.com\/de\/facebook-spion\/\" class=\"more-link\">Continue reading<span class=\"screen-reader-text\"> &#8220;Facebook nachrichten mit Facebook spion software sehen&#8221;<\/span><\/a><\/p>\n","protected":false},"author":1,"featured_media":0,"parent":0,"menu_order":0,"comment_status":"open","ping_status":"open","template":"page-full.php","meta":{"_acf_changed":false,"footnotes":""},"class_list":["post-552","page","type-page","status-publish","hentry"],"acf":[],"aioseo_notices":[],"_links":{"self":[{"href":"https:\/\/www.spymasterpro.com\/de\/wp-json\/wp\/v2\/pages\/552","targetHints":{"allow":["GET"]}}],"collection":[{"href":"https:\/\/www.spymasterpro.com\/de\/wp-json\/wp\/v2\/pages"}],"about":[{"href":"https:\/\/www.spymasterpro.com\/de\/wp-json\/wp\/v2\/types\/page"}],"author":[{"embeddable":true,"href":"https:\/\/www.spymasterpro.com\/de\/wp-json\/wp\/v2\/users\/1"}],"replies":[{"embeddable":true,"href":"https:\/\/www.spymasterpro.com\/de\/wp-json\/wp\/v2\/comments?post=552"}],"version-history":[{"count":0,"href":"https:\/\/www.spymasterpro.com\/de\/wp-json\/wp\/v2\/pages\/552\/revisions"}],"wp:attachment":[{"href":"https:\/\/www.spymasterpro.com\/de\/wp-json\/wp\/v2\/media?parent=552"}],"curies":[{"name":"wp","href":"https:\/\/api.w.org\/{rel}","templated":true}]}}