{"id":5,"date":"2017-02-27T07:39:44","date_gmt":"2017-02-27T07:39:44","guid":{"rendered":"https:\/\/spymasterpro.com\/de\/?page_id=5"},"modified":"2020-06-30T19:51:38","modified_gmt":"2020-06-30T19:51:38","slug":"home-page","status":"publish","type":"page","link":"https:\/\/www.spymasterpro.com\/de\/","title":{"rendered":"Home Page"},"content":{"rendered":"<section id=\"feature\">\n<div class=\"container\">\n<div class=\"row\">\n<div class=\"col-lg-12 mobile_space\">\n<h3 class=\"heading\">SPYMASTERPRO EIGENSCHAFTEN<\/h3>\n<div class=\"feature_full text-center\">\n<div class=\"col-xs-2-5 col-sm-1-5 col-md-1-5\"><a href=\"https:\/\/www.spymasterpro.com\/de\/handy-uberwachung\/\"><br \/>\n<i class=\"fa fa-mobile\" aria-hidden=\"true\"><!--tr--><\/i><\/a><\/p>\n<h3>HANDY \u00dcBERWACHUNG<\/h3>\n<\/div>\n<div class=\"col-xs-2-5 col-sm-1-5 col-md-1-5\"><a href=\"https:\/\/www.spymasterpro.com\/de\/sms-uberwachung\/\"><br \/>\n<i class=\"fa fa-comments\" aria-hidden=\"true\"><!--tr--><\/i><\/a><\/p>\n<h3>Sms \u00dcBERWACHUNG<\/h3>\n<\/div>\n<div class=\"col-xs-2-5 col-sm-1-5 col-md-1-5\"><a href=\"https:\/\/www.spymasterpro.com\/de\/handy-anrufliste-verfolger\/\"><br \/>\n<i class=\"fa fa-phone\" aria-hidden=\"true\"><!--tr--><\/i><\/a><\/p>\n<h3>Anruflisten<\/h3>\n<\/div>\n<div class=\"col-xs-2-5 col-sm-1-5 col-md-1-5\"><a href=\"https:\/\/www.spymasterpro.com\/de\/whatsapp-spion\/\"><br \/>\n<i class=\"fa fa-whatsapp\" aria-hidden=\"true\"><!--tr--><\/i><\/a><\/p>\n<h3>Whatsapp SPIONAGE<\/h3>\n<\/div>\n<div class=\"col-xs-2-5 col-sm-1-5 col-md-1-5\"><a href=\"https:\/\/www.spymasterpro.com\/de\/facebook-spion\/\"><br \/>\n<i class=\"fa fa-facebook\" aria-hidden=\"true\"><!--tr--><\/i><\/a><\/p>\n<h3>Facebook VERFOLGUNG<\/h3>\n<\/div>\n<div class=\"col-xs-2-5 col-sm-1-5 col-md-1-5\"><a href=\"https:\/\/www.spymasterpro.com\/de\/snapchat-spion\/\"><br \/>\n<i class=\"fa fa-snapchat-ghost\" aria-hidden=\"true\"><!--tr--><\/i><\/a><\/p>\n<h3>SNAPCHAT \u00dcBERWACHUNG<\/h3>\n<\/div>\n<div class=\"col-xs-2-5 col-sm-1-5 col-md-1-5\"><a href=\"https:\/\/www.spymasterpro.com\/de\/instagram-spion\/\"><br \/>\n<i class=\"fa fa-instagram\" aria-hidden=\"true\"><!--tr--><\/i><\/a><\/p>\n<h3>INSTAGRAM \u00dcBERWACHUNG<\/h3>\n<\/div>\n<div class=\"col-xs-2-5 col-sm-1-5 col-md-1-5\"><a href=\"https:\/\/www.spymasterpro.com\/de\/installierter-anwendungsverfolger\/\"><br \/>\n<i class=\"fa fa-download\" aria-hidden=\"true\"><!--tr--><\/i><\/a><\/p>\n<h3>INSTALLIERTE APPS<\/h3>\n<\/div>\n<div class=\"col-xs-2-5 col-sm-1-5 col-md-1-5\"><a href=\"https:\/\/www.spymasterpro.com\/de\/gps-standort-tracking\/\"><br \/>\n<i class=\"fa fa-map-marker\" aria-hidden=\"true\"><!--tr--><\/i><\/a><\/p>\n<h3>Gps ORTUNG APP<\/h3>\n<\/div>\n<div class=\"col-xs-2-5 col-sm-1-5 col-md-1-5\"><a href=\"https:\/\/www.spymasterpro.com\/de\/multimedia-verfolgung\/\"><br \/>\n<i class=\"fa fa-picture-o\" aria-hidden=\"true\"><!--tr--><\/i><\/a><\/p>\n<h3>Multimedia tracking<\/h3>\n<\/div>\n<div class=\"col-xs-2-5 col-sm-1-5 col-md-1-5\"><a href=\"https:\/\/www.spymasterpro.com\/de\/browser-verfolgung\/\"><br \/>\n<i class=\"fa fa-chrome\" aria-hidden=\"true\"><!--tr--><\/i><\/a><\/p>\n<h3>MOZILLA GESCHICHTE<\/h3>\n<\/div>\n<div class=\"col-xs-2-5 col-sm-1-5 col-md-1-5\"><a href=\"https:\/\/www.spymasterpro.com\/de\/e-mail-verfolgungs\/\"><br \/>\n<i class=\"fa fa-envelope\" aria-hidden=\"true\"><!--tr--><\/i><\/a><\/p>\n<h3>E-Mail Verfolgung<\/h3>\n<\/div>\n<div class=\"col-xs-2-5 col-sm-1-5 col-md-1-5\"><a href=\"https:\/\/www.spymasterpro.com\/de\/hangout-spion\/\"><br \/>\n<i class=\"fa fa-quote-right\" aria-hidden=\"true\"><!--tr--><\/i><\/a><\/p>\n<h3>Hangout tracking<\/h3>\n<\/div>\n<div class=\"col-xs-2-5 col-sm-1-5 col-md-1-5\"><a href=\"https:\/\/www.spymasterpro.com\/de\/viber-spion\/\"><br \/>\n<i class=\"fa fa-volume-control-phone\" aria-hidden=\"true\"><!--tr--><\/i><\/a><\/p>\n<h3>Viber tracking<\/h3>\n<\/div>\n<div class=\"col-xs-2-5 col-sm-1-5 col-md-1-5 sm-none\"><\/div>\n<div class=\"col-xs-2-5 col-sm-1-5 col-md-1-5 sm-none\"><\/div>\n<div class=\"col-xs-2-5 col-sm-1-5 col-md-1-5\"><a href=\"https:\/\/www.spymasterpro.com\/de\/uberwachung-von-tinder\/\"><br \/>\n<i class=\"fa fa-free-code-camp\" aria-hidden=\"true\"><!--tr--><\/i><\/a><\/p>\n<h3>\u00dcberwachung Tinder<\/h3>\n<\/div>\n<div class=\"col-xs-2-5 col-sm-1-5 col-md-1-5\"><a href=\"https:\/\/www.spymasterpro.com\/de\/uberwachung-von-telegram\/\"><br \/>\n<i class=\"fa fa-telegram\" aria-hidden=\"true\"><!--tr--><\/i><\/a><\/p>\n<h3>\u00dcberwachung<br \/>\nTelegram<\/h3>\n<\/div>\n<div class=\"col-xs-2-5 col-sm-1-5 col-md-1-5\"><a href=\"https:\/\/www.spymasterpro.com\/de\/ausspahen-von-kik\/\"><br \/>\n<i class=\"fa fa-kik\" aria-hidden=\"true\"><br \/>\n<img decoding=\"async\" class=\"kik-blue\" src=\"https:\/\/www.spymasterpro.com\/de\/wp-content\/uploads\/2019\/01\/kik.png\" \/><img decoding=\"async\" class=\"kik-white\" src=\"https:\/\/www.spymasterpro.com\/de\/wp-content\/uploads\/2019\/01\/kik-white.png\" \/> <\/i><\/a><\/p>\n<h3>Kik<br \/>\nMonitoraggio<\/h3>\n<\/div>\n<\/div>\n<div class=\"text-xs-center new-btn\"><a class=\"dark-btn\" href=\"https:\/\/www.spymasterpro.com\/de\/funktionen\/\"> Funktionen<\/a> <a class=\"dark-btn\" href=\"https:\/\/www.spymasterpro.com\/de\/jetzt-kaufen\/\">Jetzt Kaufen<\/a><\/div>\n<\/div>\n<\/div>\n<\/div>\n<\/section>\n<section id=\"work\">\n<div class=\"container\">\n<div class=\"row\">\n<div class=\"work_content clearfix\">\n<div class=\"heading text-xs-center mrgn-botm\">\n<h4>So funktioniert es<\/h4>\n<div class=\"andriod-iphone-link\">\n<div class=\"andriod-iphone-icon\"><a class=\"\" href=\"https:\/\/www.spymasterpro.com\/de\/android-spion\/\"><i class=\"fa fa-android\"><\/i><\/a> <a class=\"\" href=\"https:\/\/www.spymasterpro.com\/de\/iphone-spion\/\"><i class=\"fa fa-apple\"><!--tr--><\/i><\/a><\/div>\n<\/div>\n<\/div>\n<div class=\"col-md-4 col-sm-4 col-xs-12 work_items text-xs-center wow slideInUp\">\n<div class=\"how-work-icon\"><i class=\"fa fa-usd round\" aria-hidden=\"true\"><!--tr--><\/i><\/div>\n<h5>Spymaster Pro Kaufen<\/h5>\n<p>Mobiltelefon-\u00dcberwachungssoftware Klicken Sie auf die Jetzt Kaufen Schaltfl\u00e4che oder Jetzt Kaufen Seite auf unserer Website. Senden Sie uns Ihre pers\u00f6nlichen Angaben. Nachdem Sie die erforderlichen Angaben gemacht haben, k\u00f6nnen Sie sich zum Online-Kassenbereich begeben.<\/p>\n<\/div>\n<div class=\"col-md-4 col-sm-4 col-xs-12 work_items text-xs-center slideInUp\">\n<div class=\"how-work-icon\"><i class=\"fa fa-arrow-down round\" aria-hidden=\"true\"><!--tr--><\/i><\/div>\n<h5>Installieren Sie die Software<\/h5>\n<p>Downloaden und installieren Sie die Software nur auf dem Zieltelefon, das Sie aussp\u00e4hen wollen. Folgen Sie dabei sorgf\u00e4ltig der Anleitung, die Sie per E-Mail erhalten.<\/p>\n<\/div>\n<div class=\"col-md-4 col-sm-4 col-xs-12 work_items text-xs-center wow slideInUp\">\n<div class=\"how-work-icon\"><i class=\"fa fa-mobile round\" aria-hidden=\"true\"><i class=\"fa fa-search\" aria-hidden=\"true\"><!--tr--><\/i><!--tr--><\/i><\/div>\n<h5>Beginnen Sie die \u00dcberwachung!!<\/h5>\n<p>Loggn Sie sich in Ihrem Spymaster Pro Control Panel mit den Anmeldedaten an, die Sie per E-Mail erhalten haben. Beginnen Sie mit der Beobachtung derjenigen Menschen, die Ihnen am Herzen liegen. Sch\u00fctzen Sie Ihre Familie und Ihr Gesch\u00e4ft aus der Ferne.<\/p>\n<\/div>\n<\/div>\n<div class=\"work_bottom text-xs-center slideInUp new-btn\">\n<p><a class=\"dark-btn\" href=\"https:\/\/www.spymasterpro.com\/de\/jetzt-kaufen\/\">obtenez-le ici<\/a> <a class=\"dark-btn\" href=\"https:\/\/www.spymasterpro.com\/demo\/\"><i class=\"fa fa-play\"><\/i> Live demo<\/a><\/p>\n<p class=\"text-center\" style=\"color: #60ddff;\">** Keine Installation auf dem iPhone ben\u00f6tigt<\/p>\n<p class=\"text-center\" style=\"color: #60ddff;\">Entsperren Sie die iPhone-Daten mit Spymaster Pro (aktualisierte Version)<\/p>\n<\/div>\n<\/div>\n<\/div>\n<\/section>\n<section id=\"testimonial\">\n<div id=\"carousel2\" class=\"carousel fade-carousel slide\" data-ride=\"carousel\" data-interval=\"4000\">\n<h4>T\u00e9moignage<\/h4>\n<div class=\"carousel-inner\">\n<div class=\"carousel-item slides active\">\n<div class=\"row\">\n<div class=\"testimonial_txt text-xs-center\">\n<div class=\"profile-circle my-auto\"><img decoding=\"async\" src=\"https:\/\/www.spymasterpro.com\/fr\/wp-content\/themes\/spymaster\/images\/testmoinal_img1.png\" \/><\/div>\n<h5>BRYAN SIMMONS<\/h5>\n<p>\u201cSpymaster Pro wurde mir von meinem Freund Charles empfohlen (ein alter Kunde von Spymaster). Ich bin nicht leichtgl\u00e4ubig, aber Sie k\u00f6nnen mir glauben, dass diese Software mir sehr gut gefiel. Ich habe sie verwendet, um meinen Sohn zu \u00fcberwachen, als er in schlechte Gesellschaft geraten war. Jetzt ist zum Gl\u00fcck alles in Ordnung mit ihm.\u201c<\/p>\n<\/div>\n<\/div>\n<\/div>\n<div class=\"carousel-item slides\">\n<div class=\"row\">\n<div class=\"testimonial_txt text-xs-center\">\n<div class=\"profile-circle my-auto\"><img decoding=\"async\" src=\"https:\/\/www.spymasterpro.com\/fr\/wp-content\/themes\/spymaster\/images\/testmoinal_img2.png\" \/><\/div>\n<h5>STEVE BARNES<\/h5>\n<p>\u201cIch hatte Zweifel, was meine beiden Angestellten betrifft, und suchte im Internet nach einer L\u00f6sung. Auf einmal stie\u00df ich auf Spymaster Pro und h\u00f6rte von ihrem Service. Ich kaufte die Software und begann, ihre Handys zu \u00fcberwachen. Leider gaben sie meine geheimen Informationen an die Konkurrenz weiter. Ich konnte die Situation schlau bew\u00e4ltigen, aber vielen Dank an Spymaster Pro\u201c<\/p>\n<\/div>\n<\/div>\n<\/div>\n<div class=\"carousel-item slides\">\n<div class=\"row\">\n<div class=\"testimonial_txt text-xs-center\">\n<div class=\"profile-circle my-auto\"><img decoding=\"async\" src=\"https:\/\/www.spymasterpro.com\/fr\/wp-content\/themes\/spymaster\/images\/testmoinal_img3.png\" \/><\/div>\n<h5>TIM HUGHES<\/h5>\n<p>\u201cEs klingt vielleicht eigenartig, aber meine Frau hat sich in den letzten Tagen sehr verd\u00e4chtig verhalten. Ich habe sie mehrmals gefragt, aber weil sie mich ignorierte, beschloss ich, diese Spionage-Software zu kaufen. Mit Hilfe dieser Software entdeckte ich, dass sie online von jemandem gemobbt wurde und nicht dar\u00fcber reden konnte. Dann beschloss ich, ihr zu helfen, ohne dass sie es erf\u00e4hrt und hatte zum Gl\u00fcck Erfolg. Ich wei\u00df die Hilfe von Spymaster Pro wirklich zu sch\u00e4tzen, da es im Geheimen funktioniert.\u201c<\/p>\n<\/div>\n<\/div>\n<\/div>\n<\/div>\n<p><a class=\"left carousel-control\" role=\"button\" href=\"#carousel2\" data-slide=\"prev\"><br \/>\n<i class=\"fa fa-angle-left\" aria-hidden=\"true\"><\/i><br \/>\n<\/a><br \/>\n<a class=\"right carousel-control\" role=\"button\" href=\"#carousel2\" data-slide=\"next\"><br \/>\n<i class=\"fa fa-angle-right\" aria-hidden=\"true\"><\/i><br \/>\n<\/a><\/p>\n<\/div>\n<\/section>\n","protected":false},"excerpt":{"rendered":"<p>SPYMASTERPRO EIGENSCHAFTEN HANDY \u00dcBERWACHUNG Sms \u00dcBERWACHUNG Anruflisten Whatsapp SPIONAGE Facebook VERFOLGUNG SNAPCHAT \u00dcBERWACHUNG INSTAGRAM \u00dcBERWACHUNG INSTALLIERTE APPS Gps ORTUNG APP Multimedia tracking MOZILLA GESCHICHTE E-Mail Verfolgung Hangout tracking Viber tracking \u00dcberwachung Tinder \u00dcberwachung Telegram Kik Monitoraggio Funktionen Jetzt Kaufen So funktioniert es Spymaster Pro Kaufen Mobiltelefon-\u00dcberwachungssoftware Klicken Sie auf die Jetzt Kaufen Schaltfl\u00e4che oder Jetzt &hellip; <a href=\"https:\/\/www.spymasterpro.com\/de\/\" class=\"more-link\">Continue reading<span class=\"screen-reader-text\"> &#8220;Home Page&#8221;<\/span><\/a><\/p>\n","protected":false},"author":1,"featured_media":0,"parent":0,"menu_order":0,"comment_status":"closed","ping_status":"closed","template":"home-secure.php","meta":{"_acf_changed":false,"footnotes":""},"class_list":["post-5","page","type-page","status-publish","hentry"],"acf":[],"aioseo_notices":[],"_links":{"self":[{"href":"https:\/\/www.spymasterpro.com\/de\/wp-json\/wp\/v2\/pages\/5","targetHints":{"allow":["GET"]}}],"collection":[{"href":"https:\/\/www.spymasterpro.com\/de\/wp-json\/wp\/v2\/pages"}],"about":[{"href":"https:\/\/www.spymasterpro.com\/de\/wp-json\/wp\/v2\/types\/page"}],"author":[{"embeddable":true,"href":"https:\/\/www.spymasterpro.com\/de\/wp-json\/wp\/v2\/users\/1"}],"replies":[{"embeddable":true,"href":"https:\/\/www.spymasterpro.com\/de\/wp-json\/wp\/v2\/comments?post=5"}],"version-history":[{"count":0,"href":"https:\/\/www.spymasterpro.com\/de\/wp-json\/wp\/v2\/pages\/5\/revisions"}],"wp:attachment":[{"href":"https:\/\/www.spymasterpro.com\/de\/wp-json\/wp\/v2\/media?parent=5"}],"curies":[{"name":"wp","href":"https:\/\/api.w.org\/{rel}","templated":true}]}}