{"id":419,"date":"2014-09-12T09:54:43","date_gmt":"2014-09-12T09:54:43","guid":{"rendered":"https:\/\/spymasterpro.com\/de\/?page_id=419"},"modified":"2023-03-22T13:53:58","modified_gmt":"2023-03-22T08:23:58","slug":"faq","status":"publish","type":"page","link":"https:\/\/www.spymasterpro.com\/de\/faq\/","title":{"rendered":"H\u00e4ufig gestellte Fragen"},"content":{"rendered":"<p style=\"text-align: justify;\"><strong>1. Was ist Spymaster Pro?<\/strong><\/p>\n<p style=\"text-align: justify;\">Spymaster Pro ist die fortschrittlichste Mobiltelefon-Spionage-Software der Welt. Diese Software wird Ihnen gestatten Anrufe, Nachrichten, Telefonb\u00fccher, E-Mails, WhatsApp, Facebook und vieles mehr von jedem Mobiltelefon zu verfolgen.<\/p>\n<p style=\"text-align: justify;\"><strong>2. Wie schwer ist es Spymaster Pro zu installieren?<\/strong><\/p>\n<p style=\"text-align: justify;\">Die Installation von Spymaster Pro ist einfach, das es nur einige Minuten an Zeit erfordert. Die Anweisungen die Sie von uns zugesandt bekommen erkl\u00e4ren Ihnen deutlich wie <strong><a href=\"https:\/\/spymasterpro.com\/de\/android-installation\/\" target=\"_blank\" rel=\"noopener noreferrer\">die Installation schrittweise ausgef\u00fchrt wird<\/a><\/strong>.<\/p>\n<p style=\"text-align: justify;\"><strong>3. Funktioniert Spy Master Pro in meinem Land?<\/strong><\/p>\n<p style=\"text-align: justify;\">Spymaster Pro funktioniert in jedem Land der Welt, au\u00dfer in Kontinentalchina.<\/p>\n<p style=\"text-align: justify;\"><strong>4. Wie funktioniert Spymaster Pro<\/strong><\/p>\n<p style=\"text-align: justify;\">Zuerst einmal vergewissern Sie sich in unserer betreuten Mobiltelefon-Abteilung, dass das Zieltelefon mit <b><a href=\"https:\/\/spymasterpro.com\/de\/unterstutzte-telefone\/\" target=\"_blank\" rel=\"noopener noreferrer\"><span style=\"color: #0000ff; text-decoration: underline;\">Spymaster Pro kompatibel<\/span><\/a><\/b> ist. Danach besuchen Sie hier das &#8220;<b><a href=\"https:\/\/spymasterpro.com\/de\/wie-spymaster-pro-funktioniert\/\" target=\"_blank\" rel=\"noopener noreferrer\"><span style=\"color: #0000ff; text-decoration: underline;\">Wie funktioniert Spymaster Pro<\/span><\/a><\/b>&#8220;<\/p>\n<p style=\"text-align: justify;\"><strong>5. Kann Spymaster Pro mehr als nur ein Telefon ausspionieren?<\/strong><\/p>\n<p style=\"text-align: justify;\">Mit dem Abonnement von Spymaster Pro k\u00f6nnen Sie jeweils nur ein Telefon ausspionieren. Sie m\u00fcssen die Software f\u00fcr jedes Telefon das Sie ausspionieren wollen erwerben.<\/p>\n<p style=\"text-align: justify;\"><strong>6. Werde ich irgendwelche \u00c4nderungen an meinem Telefon vornehmen m\u00fcssen?<\/strong><\/p>\n<p style=\"text-align: justify;\">Nein, Ihr Mobiltelefon bedarf keiner Modifikation und die Software wird den Betrieb Ihres Ger\u00e4tes nicht st\u00f6ren.<\/p>\n<p style=\"text-align: justify;\"><strong>7. Welche Technologie steckt hinter diesem Under-Cover-Agenten &#8211; der Spymaster Pro Software?<\/strong><\/p>\n<p style=\"text-align: justify;\">Im Einsatz arbeitet die Software ohne jede Unterbrechung und Speicherungen in jeder Sekunde in einer XML-Datei auf dem Server. Durch diese XML-Datei werden die n\u00f6tigen und verbunde Informationen auf Ihren Account aktualisiert, den Sie jederzeit \u00fcberpr\u00fcfen k\u00f6nnen. Sie bekommen Ihre Account Einzeilheiten, das sind: eine einzigartige Lizenznummer, Benutzername und ein Passwort um den Benutzerbereich, nachdem Sie Ihre Zahlung get\u00e4tigt haben, zu verwalten. Danach m\u00fcssen Sie die Software auf dem Zieltelefon der Person installieren und der Spur durch das Einloggen in den Benutzerbereich mit Ihrem Benutzernamen und Passworts nachgehen. Diese werden Ihnen in Ihrer E-Mail zur Verf\u00fcgung gestellt.<\/p>\n<p style=\"text-align: justify;\"><strong>8. F\u00fcr den Fall dass ich irgendwelche Fragen habe, wo kann ich Sie kontaktieren?<\/strong><\/p>\n<p style=\"text-align: justify;\">Wir arbeiten 24\/7 rund um die Uhr f\u00fcr Sie und Sie k\u00f6nnen uns hier kontaktieren: <a href=\"mailto:support@spymasterpro.com\"><span style=\"color: #3366ff; text-decoration: underline;\">support@spymasterpro.com<\/span><\/a>.<\/p>\n<p style=\"text-align: justify;\"><strong>9. Wie komme ich an die Software nachdem ich die Zahlung get\u00e4tigt habe?<\/strong><\/p>\n<p style=\"text-align: justify;\">Sobald die Zahlung erfolgt ist, kann Spymaster Pro sofort heruntergeladen werden. Spymaster Pro ist ein digitales Produkt. Das bedeutet, dass es nicht an Ihre Haust\u00fcr geliefert wird, wie es bei einem physischen Produkt der Fall ist, sondern dass Sie es herunterladen und installieren m\u00fcssen.<\/p>\n<p style=\"text-align: justify;\"><strong>10. Was kostet es die Software upzugraden?<\/strong><\/p>\n<p style=\"text-align: justify;\">F\u00fcr den Fall, dass wir die Software in der Zukunft upgraden werden, w\u00fcrden wir Ihnen keine Upgrade-Geb\u00fchren berechnen, da Sie bereits bei uns registriert sind.<\/p>\n<p style=\"text-align: justify;\"><strong>11. Wird das Zieltelefon davon erfahren, dass ich eine Software darauf installiert habe?<\/strong><\/p>\n<p style=\"text-align: justify;\">Nein, die Software ist v\u00f6llig unverfolgbar und wird von dem Zieltelefon-Halter absolut unidentifiziert laufen. Unsere Software ist 100 % heimlich.<\/p>\n<p style=\"text-align: justify;\"><strong>12. F\u00fcr den Fall, dass das Handy ein iPhone und nicht gehackt ist, werde ich in der Lage sein die Software darauf zu installieren?<\/strong><\/p>\n<p style=\"text-align: justify;\">Ja. Das Zieltelefon muss vor der ersten Installation nicht gehackt werden.Spymaster<span id=\"noHighlight_0.10958671919070184\">\u00a0<\/span><span id=\"ouHighlight__10_12TO10_12\">Pro<\/span><span id=\"noHighlight_0.8098111788276583\"> <\/span><span id=\"ouHighlight__14_15TO14_16\" class=\"\">ist<\/span><span id=\"noHighlight_0.7096179940272123\"> <\/span><span id=\"ouHighlight__17_26TO18_27\">kompatibel<\/span><span id=\"noHighlight_0.4908274153713137\"> <\/span><span id=\"ouHighlight__28_31TO29_31\">mit<\/span><span id=\"noHighlight_0.5754201570525765\"> <\/span><strong><span id=\"noHighlight_0.4898366548586637\">iOS-Version 9 &#8211; 11.3<\/span><\/strong><span id=\"noHighlight_0.5765024323482066\"><\/span><\/p>\n<p><strong>13. \u00e4ndern kann ich mein Spymaster iPhone Konto iCloud Anmeldeinformationen?<\/strong><\/p>\n<p>Nein, sobald Sie alle iCloud-Anmeldeinformationen in einem Konto ausf\u00fcllen, k\u00f6nnen Sie es \u00e4ndern. Auch, wenn Sie andere iCloud-Anmeldeinformationen verwenden m\u00f6chten, m\u00fcssen Sie neues Abonnement kaufen. R\u00fcckerstattung kann nicht aus einem solchen Grund verarbeitet werden, wie &#8220;Ich iCloud Anmeldedaten Konto versehentlich setzen.&#8221; Du musst neues Abonnement kaufen, wenn Sie keine neuen iCloud-Anmeldeinformationen verwenden m\u00f6chten.<\/p>\n<p><strong>14. k\u00f6nnen ich Spymaster iPhone Konto mehrere iPhone \u00fcberwachen?<\/strong><\/p>\n<p>Nein, k\u00f6nnen Sie nur ein Ziel-iPhone mit einem iPhone Konto \u00fcberwachen. Auch, bitte seien Sie vorsichtig beim iCloud Anmeldeinformationen eingeben, da Sie nur eine iCloud-Anmeldeinformationen verwenden k\u00f6nnen, die sp\u00e4ter nicht ge\u00e4ndert werden kann. Sie m\u00fcssen kaufen neue iPhone-Abonnement, um ein anderes iPhone Konto \u00fcberwachen.<\/p>\n<p><strong>15. Wie lange wird es dauern, um Informationen \u00fcber das Ziel-iPhone in meinem Konto zu erhalten?<\/strong><\/p>\n<p>Sobald Sie die iCloud-Anmeldeinformationen des Ziel-iPhones in Ihrem Konto ausgef\u00fcllt haben, dauert es etwa 48-72 Stunden, um die vollst\u00e4ndigen Informationen \u00fcber das Ziel-iPhone zu erhalten.<\/p>\n<p><strong>16. Was ist, wenn die 2-stufige \u00dcberpr\u00fcfung auf dem Ziel iPhone aktiviert ist?<\/strong><\/p>\n<p>Im Falle, wenn Ziel iPhone 2-Schritt-\u00dcberpr\u00fcfung aktiviert ist, dann m\u00fcssen Kunden manuell deaktivieren sie von ihrem Ende.<\/p>\n<p><strong>17. Was passiert, wenn das iCloud-Konto des Zielbenutzers gesperrt wird?<\/strong><\/p>\n<p>Wenn das iCloud-Konto des Zielbenutzers gesperrt ist, muss der Benutzer es manuell entsperren, um die Details zu erhalten<\/p>\n<p><strong>18. bin ich Anspruch auf R\u00fcckerstattung f\u00fcr den Fall, dass ich iPhone \u00fcberwachen m\u00f6chten, aber kaufte ich Spymaster Pro f\u00fcr Android aus versehen?<\/strong><\/p>\n<p>Nein, Erstattung nicht in diesem Fall erfolgt. Stellen Sie sicher, dass Sie kaufen genau das, was Sie wollen. Nehmen Sie sich Zeit voll, und wenn Sie Fragen haben kontaktieren Sie unser Support-Team vor der Bestellung. Aber sobald Sie die Software gekauft haben, Sie werden nicht erstattet. Also, jetzt k\u00f6nnen Sie verkn\u00fcpfen jede Ziel-Android-Handy mit Ihrem Android-Abonnement alle Features von Magistrix Pro angeboten Gebrauch zu machen.<\/p>\n<p style=\"text-align: justify;\"><strong>19. Was ist wenn ich mit der Software unzufrieden bin nachdem ich sie erworben habe?<\/strong><\/p>\n<p style=\"text-align: justify;\">Sie k\u00f6nnen uns Ihr Problem in einer <a title=\"Contact us\" href=\"https:\/\/www.spymasterpro.com\/de\/contact-us\/\"><span style=\"color: #3366ff; text-decoration: underline;\">Email<\/span><\/a> schildern und wenn wir nicht in der Lage sein werden, den Grund warum die Software auf dem Zieltelefon nicht richtig funktioniert zu beheben, wird Ihr Geld zur\u00fcckerstattet.<\/p>\n<p style=\"text-align: justify;\"><strong>20. Funktioniert Spymaster Pro mit jedem Handy-Typ?<\/strong><\/p>\n<p style=\"text-align: justify;\">Ja, Spymaster Pro funktioniert mit jedem Handy-Typ. \u00dcberpr\u00fcfen Sie folgende Punkte im Voraus, bevor sie Spymaster Pro kaufen: &#8211;<\/p>\n<p style=\"text-align: justify;\">1) Mobiltelefon-Kompatibilit\u00e4t mit Spymaster Pro \u00fcberpr\u00fcfen Sie <b><a href=\"https:\/\/spymasterpro.com\/de\/unterstutzte-telefone\/\" target=\"_blank\" rel=\"noopener noreferrer\"><span style=\"color: #0000ff; text-decoration: underline;\">hier<\/span><\/a><\/b> .<\/p>\n<p style=\"text-align: justify;\">2) Internetzugang auf dem Zieltelefon.<br \/>\n<strong>21. Welche Zahlungsmethoden akzeptieren Sie?<\/strong><\/p>\n<p style=\"text-align: justify;\">Wir akzeptieren alle g\u00e4ngigen Zahlungsmethoden, so wie: &#8211;<\/p>\n<p style=\"text-align: justify;\">1) American Visa Card<\/p>\n<p style=\"text-align: justify;\">2) MasterCard<\/p>\n<p style=\"text-align: justify;\">3) Discover Novan Express<\/p>\n<p style=\"text-align: justify;\">4) PayPal<\/p>\n<p style=\"text-align: justify;\">5) JCB<\/p>\n<p style=\"text-align: justify;\">6) Fax<\/p>\n<p style=\"text-align: justify;\">7) Diners Club<\/p>\n<p style=\"text-align: justify;\">8) Bank\u00fcberweisung<\/p>\n<p style=\"text-align: justify;\"><strong>22. Welche Informationen werde ich mit dem Whatsapp-Feature f\u00fcr Android-Ger\u00e4te \u00fcberwachen k\u00f6nnen?<\/strong><\/p>\n<p style=\"text-align: justify;\">Spymaster Pro erm\u00f6glicht es Ihnen geteilte Bilder und Videos, Gruppenchats, sowie gesendete und empfangene Nachrichten zu sehen. Sie k\u00f6nnen alle diese Einzelheiten im Spymaster Pro Whatsapp-Abschnitt nach dem Login einsehen.<\/p>\n<p style=\"text-align: justify;\"><strong>23. Welche Facebook-Aktivit\u00e4ten werde ich durch den Spymaster Pro sehen k\u00f6nnen?<\/strong><\/p>\n<p style=\"text-align: justify;\">Die Spymaster Pro Version verfolgt alle durch den Facebook Messenger gesendeten und empfangenen Nachrichten.<\/p>\n<p style=\"text-align: justify;\"><strong>24. Wie sieht Ihre R\u00fcckerstattungs-Regelung aus?<\/strong><\/p>\n<p style=\"text-align: justify;\">Bitte lesen Sie die R\u00fcckerstattungs-Richtlinien und Bedingungen indem Sie <a href=\"https:\/\/spymasterpro.com\/de\/ruckerstattung\/\" target=\"_blank\" rel=\"noopener noreferrer\"><b><span style=\"color: #0000ff; text-decoration: underline;\"> hier klicken<\/span><\/b> <\/a>.<\/p>\n<p style=\"text-align: justify;\"><strong>25. Wie lange dauert ein Abonnement? Muss ich das Abo erneuern?<\/strong><\/p>\n<p style=\"text-align: justify;\">Die Software kann f\u00fcr ein Mobiltelefon erworben werden und die Dauer des Verfolgungsservices betr\u00e4gt 1 Jahr. Falls Sie danach weiterhin den Verfolgungsservice beanspruchen wollen, m\u00fcssen Sie ein neues Abonnement erwerben,\u00a0<span id=\"ouHighlight__0_1TO0_3\">oder<\/span><span id=\"noHighlight_0.49953259294852614\"> <\/span><span id=\"ouHighlight__3_7TO5_12\" class=\"\">erneuern<\/span><span id=\"noHighlight_0.6282862352672964\"> <\/span><span id=\"ouHighlight__9_10TO14_16\" class=\"\">Sie.<\/span><\/p>\n<p style=\"text-align: justify;\">**Falls\u00a0Sie\u00a0das\u00a0Abonnement\u00a0erneuern,\u00a0bevor\u00a0es\u00a0abl\u00e4uft,\u00a0dann\u00a0brauchen\u00a0Sie\u00a0die\u00a0Software\u00a0nicht\u00a0noch\u00a0einmal\u00a0zu\u00a0installieren.\u00a0Aber\u00a0wenn\u00a0Sie\u00a0das\u00a0Abonnement\u00a0erst\u00a0erneuern,\u00a0nachdem\u00a0es\u00a0abgelaufen\u00a0ist,\u00a0dann\u00a0m\u00fcssen\u00a0Sie\u00a0die\u00a0Software\u00a0erneut\u00a0installieren.<\/p>\n<p style=\"text-align: justify;\"><b>BEACHTEN\u00a0SIE:\u00a0Sie\u00a0k\u00f6nnen\u00a0das\u00a0Zielger\u00e4t\u00a0so\u00a0oft\u00a0wie\u00a0Sie\u00a0wollen\u00a0KOSTENLOS\u00a0wechseln,\u00a0aber\u00a0Sie\u00a0k\u00f6nnen\u00a0nur\u00a0ein\u00a0Ger\u00e4t\u00a0gleichzeitig\u00a0\u00fcberwachen.\u00a0<\/b><\/p>\n<p style=\"text-align: justify;\"><strong>26. Wie l\u00e4uft der Installationsprozess von Spymaster Pro auf anderen Smartphones ab?<\/strong><\/p>\n<p style=\"text-align: justify;\">Der Installationsprozess f\u00fcr alle Smartphones ist \u00e4hnlich mit dem der Installation auf Android. F\u00fcr mehr Informationen \u00fcber die Installation, <strong><a href=\"https:\/\/spymasterpro.com\/de\/android-installation\/\" target=\"_blank\" rel=\"noopener noreferrer\">besuchen Sie uns bitte hier<\/a><\/strong>.<\/p>\n<p style=\"text-align: justify;\"><strong>27. Unterscheidet sich die WhatsApp Spionage-Software irgendwie von Ihrer Software?<\/strong><\/p>\n<p style=\"text-align: justify;\">Nein, Spymaster Pro ist ein Software-Paket, das ebenfalls WhatsApp Spionage enth\u00e4lt. <strong><a href=\"https:\/\/spymasterpro.com\/de\/whatsapp-spion\/\" target=\"_blank\" rel=\"noopener noreferrer\">WhatsApp Spying<\/a><\/strong> ist eins der Features unserer Spionage-Werkzeuge, deshalb spionieren Sie mit dem Erwerb von Spymaster Pro nicht nur WhatsApp aus, sondern auch andere Apps so wie Facebook.<\/p>\n<p style=\"text-align: justify;\"><b>28. Was,\u00a0wenn\u00a0Sie\u00a0die\u00a0iCloud\u00a0Zugangsdaten\u00a0nicht\u00a0kennen?\u00a0<\/b><\/p>\n<p style=\"text-align: justify;\">Die\u00a0iCloud\u00a0Zugangsdaten\u00a0m\u00fcssen\u00a0Sie\u00a0kennen\u00a0Ohne\u00a0die\u00a0iCloud\u00a0Zugangsdaten\u00a0k\u00f6nnen\u00a0Sie\u00a0nicht\u00a0die\u00a0iPhone\u00a0Daten\u00a0aussp\u00e4hen.\u00a0Spymaster\u00a0Pro\u00a0sammelt\u00a0alle\u00a0Daten\u00a0und\u00a0Informationen\u00a0aus\u00a0dem\u00a0iCloud\u00a0Backup\u00a0und\u00a0macht\u00a0diese\u00a0f\u00fcr\u00a0Sie\u00a0verf\u00fcgbar.<\/p>\n<p style=\"text-align: justify;\"><b>29. Was\u00a0soll\u00a0ich\u00a0tun,\u00a0wenn\u00a0iCloud\u00a0Backup\u00a0auf\u00a0dem\u00a0Ziel-iPhone\u00a0nicht\u00a0aktiviert\u00a0ist?\u00a0<\/b><\/p>\n<p style=\"text-align: justify;\"><b>\u00a0<\/b>Wenn\u00a0iCloud\u00a0Backup\u00a0nicht\u00a0aktiviert\u00a0ist,\u00a0dann\u00a0k\u00f6nnen\u00a0Sie\u00a0es\u00a0aktivieren.\u00a0Gehen\u00a0Sie\u00a0zu\u00a0iCloud&gt;&gt;\u00a0Backup\u00a0und\u00a0aktivieren\u00a0Sie\u00a0es\u00a0auf\u00a0dem\u00a0Zieltelefon.<\/p>\n<p style=\"text-align: justify;\"><strong>30. Muss\u00a0ich\u00a0das\u00a0Android-Zieltelefon\u00a0rooten?<\/strong><\/p>\n<p>Ja, das Rooten ist f\u00fcr Android Smartphones dann erforderlich, falls Sie die fortgeschrittenen, modernen Funktionen von Spymaster Pro nutzen m\u00f6chten. Der Root-Vorgang ist sehr einfach und sicher durchf\u00fchrbar. Der Nutzer des Zieltelefons wird niemals erfahren, dass das Telefon gerootet wurde.<\/p>\n<p><strong>31.\u00a0Wie lange wird es dauern, um Informationen \u00fcber das Ziel-Android-Handy in meinem Spymaster Pro-Konto zu erhalten?<\/strong><\/p>\n<p>Im Falle eines Android-Telefons dauert es 24-48 Stunden, um die Informationen vom Zieltelefon auf Ihr Spymaster Pro-Konto zu \u00fcbertragen.<\/p>\n<p><strong>32. \u00e4ndern kann ich auf meinem iPhone-Konto Magistrix iCloud Anmeldeinformationen?<\/strong><\/p>\n<p>Nein, sobald Sie alle iCloud-Anmeldeinformationen in einem Konto ausf\u00fcllen, k\u00f6nnen Sie es \u00e4ndern. Auch, wenn Sie andere iCloud-Anmeldeinformationen verwenden m\u00f6chten, m\u00fcssen Sie neues Abonnement kaufen. R\u00fcckerstattung kann nicht aus einem solchen Grund verarbeitet werden, wie &#8220;Ich iCloud Anmeldedaten Konto versehentlich setzen.&#8221; Du musst neues Abonnement kaufen, wenn Sie keine neuen iCloud-Anmeldeinformationen verwenden m\u00f6chten.<\/p>\n<p><strong>33. k\u00f6nnen ich Spymaster iPhone Konto mehrere iPhone \u00fcberwachen?<\/strong><\/p>\n<p>Nein, k\u00f6nnen Sie nur ein Ziel-iPhone mit einem iPhone Konto \u00fcberwachen. Auch, bitte seien Sie vorsichtig beim iCloud Anmeldeinformationen eingeben, da Sie nur eine iCloud-Anmeldeinformationen verwenden k\u00f6nnen, die sp\u00e4ter nicht ge\u00e4ndert werden kann. Sie m\u00fcssen kaufen neue iPhone-Abonnement, um ein anderes iPhone Konto \u00fcberwachen.<\/p>\n","protected":false},"excerpt":{"rendered":"<p>1. Was ist Spymaster Pro? Spymaster Pro ist die fortschrittlichste Mobiltelefon-Spionage-Software der Welt. Diese Software wird Ihnen gestatten Anrufe, Nachrichten, Telefonb\u00fccher, E-Mails, WhatsApp, Facebook und vieles mehr von jedem Mobiltelefon zu verfolgen. 2. Wie schwer ist es Spymaster Pro zu installieren? Die Installation von Spymaster Pro ist einfach, das es nur einige Minuten an Zeit &hellip; <a href=\"https:\/\/www.spymasterpro.com\/de\/faq\/\" class=\"more-link\">Continue reading<span class=\"screen-reader-text\"> &#8220;H\u00e4ufig gestellte Fragen&#8221;<\/span><\/a><\/p>\n","protected":false},"author":1,"featured_media":0,"parent":0,"menu_order":0,"comment_status":"open","ping_status":"open","template":"","meta":{"_acf_changed":false,"footnotes":""},"class_list":["post-419","page","type-page","status-publish","hentry"],"acf":[],"aioseo_notices":[],"_links":{"self":[{"href":"https:\/\/www.spymasterpro.com\/de\/wp-json\/wp\/v2\/pages\/419","targetHints":{"allow":["GET"]}}],"collection":[{"href":"https:\/\/www.spymasterpro.com\/de\/wp-json\/wp\/v2\/pages"}],"about":[{"href":"https:\/\/www.spymasterpro.com\/de\/wp-json\/wp\/v2\/types\/page"}],"author":[{"embeddable":true,"href":"https:\/\/www.spymasterpro.com\/de\/wp-json\/wp\/v2\/users\/1"}],"replies":[{"embeddable":true,"href":"https:\/\/www.spymasterpro.com\/de\/wp-json\/wp\/v2\/comments?post=419"}],"version-history":[{"count":1,"href":"https:\/\/www.spymasterpro.com\/de\/wp-json\/wp\/v2\/pages\/419\/revisions"}],"predecessor-version":[{"id":4057,"href":"https:\/\/www.spymasterpro.com\/de\/wp-json\/wp\/v2\/pages\/419\/revisions\/4057"}],"wp:attachment":[{"href":"https:\/\/www.spymasterpro.com\/de\/wp-json\/wp\/v2\/media?parent=419"}],"curies":[{"name":"wp","href":"https:\/\/api.w.org\/{rel}","templated":true}]}}