{"id":388,"date":"2014-08-22T05:24:15","date_gmt":"2014-08-22T05:24:15","guid":{"rendered":"https:\/\/spymasterpro.com\/de\/?page_id=388"},"modified":"2023-03-22T13:41:50","modified_gmt":"2023-03-22T08:11:50","slug":"kinder-handy-uberwachung","status":"publish","type":"page","link":"https:\/\/www.spymasterpro.com\/de\/kinder-handy-uberwachung\/","title":{"rendered":"Kinder Handy \u00dcberwachung"},"content":{"rendered":"<h4 style=\"text-align: justify;\"><img loading=\"lazy\" decoding=\"async\" class=\"alignnone wp-image-1895 size-full\" title=\"Kinder Handy \u00dcberwachung\" src=\"https:\/\/www.spymasterpro.com\/de\/wp-content\/uploads\/2019\/07\/Kinder-Handy-\u00dcberwachung.jpg\" alt=\"Kinder Handy \u00dcberwachung\" width=\"650\" height=\"350\" srcset=\"https:\/\/www.spymasterpro.com\/de\/wp-content\/uploads\/2019\/07\/Kinder-Handy-\u00dcberwachung.jpg 650w, https:\/\/www.spymasterpro.com\/de\/wp-content\/uploads\/2019\/07\/Kinder-Handy-\u00dcberwachung-600x323.jpg 600w, https:\/\/www.spymasterpro.com\/de\/wp-content\/uploads\/2019\/07\/Kinder-Handy-\u00dcberwachung-300x162.jpg 300w\" sizes=\"auto, (max-width: 650px) 85vw, 650px\" \/><\/h4>\n<p style=\"text-align: justify;\">Wissen Sie genau mit Hilfe Child-Cell-Phone-Monitoringdes <a class=\"inner-link\" href=\"https:\/\/www.spymasterpro.com\/de\/gps-standort-tracking\/\" target=\"_blank\" rel=\"noopener noreferrer\"><strong>GPS Tracker<\/strong><\/a>, wo sich Ihr Kind zu jeder Zeit des Tages befindetchild cell phone monitoring<\/p>\n<div class=\"spy-viber-it-change\" style=\"text-align: justify;\">\n<ul>\n<li>\u00dcberpr\u00fcfen Sie das Telefonbuch auf potenziell sch\u00e4dliche Personen.<\/li>\n<li>Bleiben Sie auf dem Laufenden, was den Inhalt den Inhalt des Handys Ihres Kindes angeht, um zu sehen, ob es illegale Inhalte oder MMS hat.<\/li>\n<li>Sch\u00fctzen Sie Ihr Kind vor jeder Art von Schaden oder Cybermobbing Sexting, indem Sie die Wurzel des Problems durch SMS Spion sehen.<\/li>\n<li>Folgen Sie dem Zeitprotokoll, um zu wissen, ob Ihr Kind das Handy zu unpassenden Zeiten wie w\u00e4hrend der Fahrt oder zu sp\u00e4t in der Nacht benutzt.<\/li>\n<li>Informieren Sie sich \u00fcber Beteiligung Ihres Kindes an illegalen oder gef\u00e4hrlichen T\u00e4tigkeiten wie Sexting.<\/li>\n<\/ul>\n<\/div>\n<p style=\"text-align: justify;\">Als Eltern werden Sie fast alles tun, um Ihr Kind vor jeder Art von illegalen Aktivit\u00e4ten fernzuhalten. Aber in den meisten F\u00e4llen wird Ihr Kind all die grauen Teile seines Lebens vor Ihnen verstecken k\u00f6nnte. Dies macht es extrem schwierig, Ihrem Kind zu Hilfe zu kommen, auch wenn es sich in einer Situation befindet, die das Potenzial hat, seine Karriere zu ruinieren.<\/p>\n<h4 style=\"text-align: justify;\">Bleiben Sie \u00fcber die Aktivit\u00e4ten Ihres Kindes auf dem Laufenden<\/h4>\n<p style=\"text-align: justify;\">Ihr Herz setzt einen Schlag aus, wenn immer Sie sehen oder h\u00f6ren, dass ein Kind in eine ungl\u00fcckliche Situation geraten ist. Wahrscheinlich ist der Gedanke, Ihr Kind in der gleichen Situation verstrickt zu sehen, extrem be\u00e4ngstigend. Um sich vor einem solchen Vorfall zu sch\u00fctzen, beginnen Sie Ihr Kind zu sch\u00fctzen, indem Sie alle Aktivit\u00e4ten, in die es verwickelt ist, mit Spymaster Pro als Kinder\u00fcberwachung Softwareherausfinden.<\/p>\n<h4 style=\"text-align: justify;\">Besch\u00fctzen Sie Ihr Kind<\/h4>\n<p style=\"text-align: justify;\">Handy-Lecks k\u00f6nnen eine Quelle gro\u00dfer Verlegenheit sein, nicht nur f\u00fcr Ihr Kind, sondern auch f\u00fcr Ihre ganze Familie. Ohne Kindersicherung Software kann gro\u00dfer Schaden auch f\u00fcr Ihre Kinder entstehen, wenn Sie zum Ziel von Sexualstraft\u00e4tern werden. Erstens k\u00f6nnen Freunden zu Raubtieren werden und dann werden sie junge Menschen \u00fcber das Telefon zu Opfern machen (Sexting). Um Ihr Kind von solchen fehlgeleiteten Verhaltensweisen zu sch\u00fctzen, sollten Sie Spymaster Pro verwenden, um alle ein-und ausgehende Kommunikation dynamisch verfolgen zu k\u00f6nne.<\/p>\n<h4 style=\"text-align: justify;\">Erstaunliche Eigenschaften des Spymaster Pro<\/h4>\n<p style=\"text-align: justify;\">Spymaster Pro kommt mit einer Vielzahl von Funktionen, um Ihr Kind rund um die Uhr verstecktt zu \u00fcberwachen und ihm auf jede Art und Weise zu helfen. W\u00e4hlen Sie zwischen der bezahlten oder kostenlosen Version, je nach dem, welche Funktion Sie ben\u00f6tigen.<\/p>\n<h2 style=\"color: black; margin-bottom: 20px; text-align: justify;\">Eigenschaften der Gratisversion<\/h2>\n<h4 style=\"text-align: justify;\">SMS Verfolgung<\/h4>\n<p style=\"text-align: justify;\">Diese Funktion ist besonders wichtig f\u00fcr Kinder und Jugendliche in der heutigen Zeit. Die meisten Jugendlichen bevorzugen Nachrichten gegen\u00fcber Anrufen um zu kommunizieren. Mit unserer Software, dem SMS Spion, werden Sie nicht nur die Telefonnummern von Sendern und Empf\u00e4nger erhalten, sondern auch Wort f\u00fcr Wort Details der gesendeten und empfangenen Nachrichten erhalten und k\u00f6nnen somit die SMS abfangen.<\/p>\n<h4 style=\"text-align: justify;\">Ortung mit GPS<\/h4>\n<p style=\"text-align: justify;\">Verbieten Sie Ihrem Kind an einen bestimmten Ort zu gehen, funktioniert in der Regel nicht gut, da Jugendliche eine rebellische Haltung haben. In den meisten F\u00e4llen l\u00fcgen sie und gehen sowieso zu den verbotenen Orten, da hilft es das Handy orten. Ist das Handy verloren orten Sie es einfach. Um sicherzustellen, dass nichts dergleichen geschieht, k\u00f6nnen Sie auf der Registrierkarte \u00fcberwachen wohin sie gehen. Mit unseren GPS-Tracker k\u00f6nnen Sie jede Bewegung Ihres Kindes zusammen mit der Zeit zu verfolgen.<\/p>\n<h4 style=\"text-align: justify;\">Telefonbuchzugang<\/h4>\n<p style=\"text-align: justify;\">Lernen Sie das gesamte Netzwerk Ihres Kindes kennen und handeln Sie entsprechend, wenn Sie etwas Verd\u00e4chtiges finden.<\/p>\n<h4 style=\"text-align: justify;\">Email und Fotoverfolgung<\/h4>\n<p style=\"text-align: justify;\">Eine weitere bevorzugte Art der Kommunikation f\u00fcr die heutigen Jugendlichen sind E-Mails. Mit dieser Funktion k\u00f6nnen sie die gesamte Mail-Kommunikation aufnehmen und von zu Hause aus ansehen. Alle Fotos auf dem Handy Ihres Kindes und die, die es angeklickt hat, werden in Ihrem Mitgliedsbreich einsehbar.<\/p>\n<div class=\"strip_space \">\n<div class=\"col-xl-12 col-xs-12 col-sm-12 col-md-12 strip_txt text-xs-center bigtext-red\">Holen Sie sich die Spymaster Basic nur von \u20ac6.66 pro Monat<\/div>\n<div class=\"strip_btn feature_bottom text-xs-center\"><a class=\"blue_btn\" href=\"https:\/\/spymasterpro.com\/demo\/\">Live Demo<\/a> <a class=\"white_btn demo_btn\" href=\"https:\/\/www.spymasterpro.com\/de\/jetzt-kaufen\">Jetzt Kaufen<\/a><\/div>\n<\/div>\n<p style=\"text-align: justify;\"><!--<\/p>\n\n\n\n\n\n<div class=\"view-more\"><a title=\"Learn More\" href=\"https:\/\/new.spymasterpro.com\/new\/how-spymaster-pro-works\/\">Learn More<\/a><\/div>\n\n\n--><br \/>\n<!--p style=\"text-align:center; font-size:\"16px; float:\"left;\"><span style=\"font-size:18px; font-weight:bold; \">Currently Serving Only Android Users!<\/span><\/p\n\n\n<div class=\"cart_img\"><img loading=\"lazy\" decoding=\"async\" class=\"aligncenter\" style=\"padding-left: 10px;\" title=\"\" src=\"https:\/\/www.spymasterpro.com\/wp-content\/themes\/twentyten\/images\/mastercard.png\" alt=\"\" width=\"250\" height=\"33\" \/><\/div>\n\n\n--><\/p>\n<h2 style=\"color: black; margin-bottom: 20px; text-align: justify;\">Eigenschaften der bezahlten Version<\/h2>\n<h4 style=\"text-align: justify;\">WhatsApp \u00dcberwachung<\/h4>\n<p style=\"text-align: justify;\">Durch die Hilfe von Spymaster Pro k\u00f6nnen Sie durch die <a href=\"https:\/\/www.spymasterpro.com\/de\/whatsapp-spion\/\" target=\"_blank\" rel=\"noopener noreferrer\"><strong>WhatsApp Spionage Software<\/strong> <\/a>ganze Chats Ihrer Kinder oder Ihrer betr\u00fcgenden Ehepartner lesen. Auch geteilte Fotos und Videos k\u00f6nnen mit Datum und Uhrzeit verfolgt werden.<\/p>\n<h4 style=\"text-align: justify;\">Facebook Messenger \u00dcberwachung<\/h4>\n<p style=\"text-align: justify;\">Spymaster Pro erm\u00f6glicht es Ihnen, alle Facebook-Chat-Gespr\u00e4che aus der Ferne mit Uhrzeit und Tag durch den <a class=\"inner-link\" href=\"https:\/\/www.spymasterpro.com\/de\/facebook-spion\/\" target=\"_blank\" rel=\"noopener noreferrer\"><strong>Facebook Spion<\/strong><\/a>, zu verfolgen.<\/p>\n<div class=\"strip_space \">\n<div class=\"col-xl-12 col-xs-12 col-sm-12 col-md-12 strip_space strip_txt text-xs-center bigtext-red\">Holen Sie sich die Spymaster Pro iPhone nur von \u20ac9.99 pro Monat<\/div>\n<div class=\"strip_btn feature_bottom text-xs-center\"><a class=\"blue_btn\" href=\"https:\/\/www.spymasterpro.com\/de\/wie-spymaster-pro-funktioniert\/\">schnelle Tour<\/a> <a class=\"white_btn demo_btn\" href=\"https:\/\/www.spymasterpro.com\/de\/jetzt-kaufen\/\">Jetzt Kaufen<\/a><\/div>\n<\/div>\n","protected":false},"excerpt":{"rendered":"<p>Wissen Sie genau mit Hilfe Child-Cell-Phone-Monitoringdes GPS Tracker, wo sich Ihr Kind zu jeder Zeit des Tages befindetchild cell phone monitoring \u00dcberpr\u00fcfen Sie das Telefonbuch auf potenziell sch\u00e4dliche Personen. Bleiben Sie auf dem Laufenden, was den Inhalt den Inhalt des Handys Ihres Kindes angeht, um zu sehen, ob es illegale Inhalte oder MMS hat. Sch\u00fctzen &hellip; <a href=\"https:\/\/www.spymasterpro.com\/de\/kinder-handy-uberwachung\/\" class=\"more-link\">Continue reading<span class=\"screen-reader-text\"> &#8220;Kinder Handy \u00dcberwachung&#8221;<\/span><\/a><\/p>\n","protected":false},"author":1,"featured_media":0,"parent":0,"menu_order":0,"comment_status":"open","ping_status":"open","template":"","meta":{"_acf_changed":false,"footnotes":""},"class_list":["post-388","page","type-page","status-publish","hentry"],"acf":[],"aioseo_notices":[],"_links":{"self":[{"href":"https:\/\/www.spymasterpro.com\/de\/wp-json\/wp\/v2\/pages\/388","targetHints":{"allow":["GET"]}}],"collection":[{"href":"https:\/\/www.spymasterpro.com\/de\/wp-json\/wp\/v2\/pages"}],"about":[{"href":"https:\/\/www.spymasterpro.com\/de\/wp-json\/wp\/v2\/types\/page"}],"author":[{"embeddable":true,"href":"https:\/\/www.spymasterpro.com\/de\/wp-json\/wp\/v2\/users\/1"}],"replies":[{"embeddable":true,"href":"https:\/\/www.spymasterpro.com\/de\/wp-json\/wp\/v2\/comments?post=388"}],"version-history":[{"count":2,"href":"https:\/\/www.spymasterpro.com\/de\/wp-json\/wp\/v2\/pages\/388\/revisions"}],"predecessor-version":[{"id":4055,"href":"https:\/\/www.spymasterpro.com\/de\/wp-json\/wp\/v2\/pages\/388\/revisions\/4055"}],"wp:attachment":[{"href":"https:\/\/www.spymasterpro.com\/de\/wp-json\/wp\/v2\/media?parent=388"}],"curies":[{"name":"wp","href":"https:\/\/api.w.org\/{rel}","templated":true}]}}