{"id":371,"date":"2014-08-22T06:35:12","date_gmt":"2014-08-22T06:35:12","guid":{"rendered":"https:\/\/spymasterpro.com\/de\/?page_id=371"},"modified":"2022-07-17T13:16:01","modified_gmt":"2022-07-17T13:16:01","slug":"mitarbeiter-uberwachung","status":"publish","type":"page","link":"https:\/\/www.spymasterpro.com\/de\/mitarbeiter-uberwachung\/","title":{"rendered":"Mitarbeiter-\u00dcberwachung"},"content":{"rendered":"<h2 style=\"text-align: justify;\"><img loading=\"lazy\" decoding=\"async\" class=\"alignnone wp-image-1982 size-full\" title=\"Mitarbeiter-\u00dcberwachung\" src=\"https:\/\/www.spymasterpro.com\/de\/wp-content\/uploads\/2019\/11\/Mitarbeiter-\u00dcberwachung.jpg\" alt=\"Mitarbeiter-\u00dcberwachung\" width=\"650\" height=\"350\" srcset=\"https:\/\/www.spymasterpro.com\/de\/wp-content\/uploads\/2019\/11\/Mitarbeiter-\u00dcberwachung.jpg 650w, https:\/\/www.spymasterpro.com\/de\/wp-content\/uploads\/2019\/11\/Mitarbeiter-\u00dcberwachung-600x323.jpg 600w, https:\/\/www.spymasterpro.com\/de\/wp-content\/uploads\/2019\/11\/Mitarbeiter-\u00dcberwachung-300x162.jpg 300w\" sizes=\"auto, (max-width: 650px) 85vw, 650px\" \/><\/h2>\n<h2 style=\"color: black; text-align: justify;\"><strong>Mitarbeiter\u00fcberwachung mit Spymaster Pro<\/strong><\/h2>\n<div class=\"spy-viber-it-change\" style=\"text-align: justify;\">\n<ul>\n<li>Verfolgen Sie, wohin Ihre Mitarbeiter gehen und wen sie, mit Hilfe der <strong><a class=\"inner-link\" href=\"https:\/\/www.spymasterpro.com\/de\/gps-standort-tracking\/\" target=\"_blank\" rel=\"noopener noreferrer\">GPS-f\u00e4higen Standortverfolgung<\/a><\/strong> einer Mitarbeiter \u00dcberwachung nach.<\/li>\n<li>Messen Sie die Produktivit\u00e4t Ihrer Mitarbeiter durch die dynamische Verfolgung.<\/li>\n<li>Erhalten Sie Zugang zu jeder Kommunikation des Telefons Ihres Mitarbeiters, die in rechtskonformen Verhalten stattgefunden hat.<\/li>\n<li>Sammeln Sie eindeutige Beweise, um Nachzuweisen, dass Ihr Mitarbeiter dem Unternehmen schadet und Betrug begeht.<\/li>\n<li>Bleiben Sie w\u00e4hrend der Spionage Ihrer Mitarbeiter unsichtbar.<\/li>\n<\/ul>\n<\/div>\n<p style=\"text-align: justify;\">Betr\u00fcgerische Aktivit\u00e4ten von Mitarbeitern k\u00f6nnen einem Unternehmen eine Menge von Scham und Misskredit bringen. Als Manager m\u00fcssen Sie das Unternehmen, gegen das Auftreten einer solchen Aktivit\u00e4t durch st\u00e4ndige Wachsamkeit und \u00dcberwachung, sch\u00fctzen. Die Aufrechterhaltung einer konstanten F\u00e4hrte der T\u00e4tigkeit eines Mitarbeiters kann sogar f\u00fcr effiziente Manager schwierig sein. Durch leistungsbezogene Anreize k\u00f6nnen Sie sich gegen Ineffizienz zu sch\u00fctzen, aber immer noch nicht die Risiken mit der Freigabe von Informationen durch den Arbeitnehmer komplett abdecken. Wenn Sie genau verfolgen wollen, welche Informationen, die betr\u00fcgerisch sind, durchsickern, sollten Sie erw\u00e4gen, eine Software wie Spymaster Profi zu benutzen, um ein Auge auf Ihre Kommunikation zu halten.<\/p>\n<h4 style=\"text-align: justify;\"><strong>Wissen Sie mehr \u00fcber die Akitvit\u00e4ten Ihrer Mitarbeiter mit With Spymaster Pro<\/strong><\/h4>\n<p style=\"text-align: justify;\">Spymaster Pro hilft Ihnen, alle ankommenden und abgehenden Gespr\u00e4che aus dem Telefon Ihrer Mitarbeiter in Echtzeit zu verfolgen. Unsere st\u00e4ndige Forschung und Entwicklung hat es m\u00f6glich gemacht, das Echtzeit-Tracking der Person am anderen Ende der Verbindung zu verbessern, durch beispielsweise die <a class=\"inner-link\" href=\"https:\/\/www.spymasterpro.com\/de\/whatsapp-spion\/\" target=\"_blank\" rel=\"noopener noreferrer\"><strong>WhatsApp Spionage Software<\/strong><\/a>. Durch den Zugriff auf all diese Informationen k\u00f6nnen Sie sich sofort gegen den Austritt von sensiblen Informationen sch\u00fctzen und geeignete Ma\u00dfnahmen gegen einen Betrug ergreifen. Haben Sie die Software installiert, k\u00f6nnen Sie die Informationen von den komfortabel von Ihrem PC zu Hause abrufen.<\/p>\n<h4 style=\"text-align: justify;\"><strong>Warum sollten Sie sich f\u00fcr Spymaster Pro entscheiden?<\/strong><\/h4>\n<p style=\"text-align: justify;\">Durch die Vielzahl seiner Funktionen unterscheidet sich Spymaster Pro von anderer Spionage-Software. Die Einfachheit und Benutzerfreundlichkeit der Bedienoberfl\u00e4che ist einer der Hauptgr\u00fcnde, warum diese Software sich als Favorit unter den Anwendern etabliert hat.<\/p>\n<h2 style=\"color: black; margin-bottom: 20px; text-align: justify;\"><strong>Eigenschaften<\/strong><\/h2>\n<h4 style=\"text-align: justify;\"><strong>SMS-Verfolgung<\/strong><\/h4>\n<p style=\"text-align: justify;\">Das gesamte SMS Protokoll des Telefons Ihrer Mitarbeiter werden durch den SMS Spion f\u00fcr Sie zug\u00e4nglich sein. Selbst nach dem L\u00f6schen vom Telefon des Mitarbeiters haben Sie Zugang zum Text-Log zusammen mit dem Inhalt jeder SMS und k\u00f6nnen somit die SMS abfangen.<\/p>\n<h4 style=\"text-align: justify;\"><strong>Standortverfolgung mit GPS<\/strong><\/h4>\n<p style=\"text-align: justify;\">Mit dem GPS-Tracker k\u00f6nnen Sie herausfinden, wo sich Ihre Mitarbeiter zu einem bestimmten Zeitpunkt befinden und das Handy orten. Dies k\u00f6nnte sehr n\u00fctzlich sein um einen Verk\u00e4ufer und dessen Ums\u00e4tze zu beobachten. Sollten Sie das Handy verloren haben k\u00f6nnen Sie es orten.<\/p>\n<h4 style=\"text-align: justify;\"><strong>Telefonbuchzugang<\/strong><\/h4>\n<p style=\"text-align: justify;\">Bekommen Sie uneingeschr\u00e4nkten Zugriff auf das Telefonbuch Ihrer Mitarbeiter und finden Sie heraus, ob diese mit jemanden befreundet ist, der sich als nachteilig f\u00fcr Ihr Unternehmen erweisen k\u00f6nnte.<\/p>\n<h4 style=\"text-align: justify;\"><strong>E-mail und Telefon\u00fcberwachung<\/strong><\/h4>\n<p style=\"text-align: justify;\">Holen Sie sich Zugang zu den Inhalten jeder E-Mail, die vom Telefon des Mitarbeiters gesendet wird. Fotos, die von Ihrem Mitarbeiter angeklickt wurden, werden an einem sicheren Ort gespeichert, von dem Sie sie bei Bedarf abrufen k\u00f6nnen.<\/p>\n<div class=\"strip_space\" style=\"text-align: justify;\">\n<div class=\"col-xl-12 col-xs-12 col-sm-12 col-md-12 strip_txt text-xs-center bigtext-red\">Holen Sie sich die Spymaster Basic nur von \u20ac6.66 pro Monat<\/div>\n<div class=\"strip_btn feature_bottom text-xs-center hidden-sm-down\"><a class=\"blue_btn\" href=\"https:\/\/www.spymasterpro.com\/demo\/\">Live Demo<\/a> <a class=\"white_btn demo_btn\" href=\"https:\/\/www.spymasterpro.com\/de\/jetzt-kaufen\/\">HIER KAUFEN<\/a><\/div>\n<div class=\"strip_btn feature_bottom text-xs-center hidden-md-up\"><a class=\"blue_btn\" href=\"https:\/\/www.spymasterpro.com\/de\/funktionen\/\"> Funktionen <\/a> <a class=\"white_btn demo_btn blue_btn\"> kaufe jetzt<\/a><\/div>\n<\/div>\n<h2 style=\"color: black; margin-top: 20px; margin-bottom: 20px; text-align: justify;\"><strong>Erweiterte Funktionen in der Bezahlversion<\/strong><\/h2>\n<h4 style=\"text-align: justify;\"><strong>Whats App \u00dcberwachung<\/strong><\/h4>\n<p style=\"text-align: justify;\">Durch die Hilfe von Spymaster Pro k\u00f6nnen Sie ganze Gespr\u00e4ch Ihrer Kinder oder Ihres betr\u00fcgenden Ehepartners lesen. Es wird auch geteilte Fotos und Videos mit Datum und Uhrzeit speichern.<\/p>\n<p style=\"text-align: justify;\">Spymaster Pro \u00fcberwacht Viber Chat-Protokolle, Anrufe, gesendete und empfangene Bilder mit Datum und Uhrzeit. Der Viber Spion ist mit iPhone und Android.<\/p>\n<h4 style=\"text-align: justify;\"><strong>Facebook Messenger \u00dcberwachung<\/strong><\/h4>\n<p style=\"text-align: justify;\">Spymaster Pro erm\u00f6glicht es Ihnen, alle Facebook-Chat-Gespr\u00e4che aus der Ferne, durch den <a href=\"https:\/\/www.spymasterpro.com\/de\/facebook-spion\/\" target=\"_blank\" rel=\"noopener noreferrer\"><strong>Facebook Spion<\/strong><\/a>, mit Uhrzeit und Tag zu verfolgen.<\/p>\n<div class=\"strip_space\" style=\"text-align: justify;\">\n<div class=\"col-xl-12 col-xs-12 col-sm-12 col-md-12 strip_txt text-xs-center bigtext-red\">Holen Sie sich die Spymaster Pro iPhone nur von \u20ac9.99 pro Monat<\/div>\n<div class=\"strip_btn feature_bottom text-xs-center hidden-sm-down\"><a class=\"blue_btn\" href=\"https:\/\/www.spymasterpro.com\/de\/funktionen\/\">SCHNELLE TOUR<\/a> <a class=\"white_btn demo_btn\" href=\"https:\/\/www.spymasterpro.com\/de\/jetzt-kaufen\/\">HIER KAUFEN<\/a><\/div>\n<div class=\"strip_btn feature_bottom text-xs-center hidden-md-up\"><a class=\"blue_btn\" href=\"https:\/\/www.spymasterpro.com\/de\/wie-spymaster-pro-funktioniert\/\">SCHNELLE TOUR<\/a> <a class=\"white_btn demo_btn\" href=\"https:\/\/www.spymasterpro.com\/de\/jetzt-kaufen\/\">Jetzt kaufen<\/a><\/div>\n<\/div>\n<p style=\"text-align: justify;\"><!--<a title=\"Learn More\" href=\"https:\/\/www.spymasterpro.com\/how-spymaster-pro-works\/\">Learn More<\/a><\/div>\n\n\n--><br \/>\n<!--p style=\"text-align:center; font-size:\"16px; float:\"left;\"><span style=\"font-size:18px; font-weight:bold; \">Currently Serving Only Android Phone Users For Pro Version<\/span><\/p\n<img loading=\"lazy\" decoding=\"async\" class=\"aligncenter\" style=\"padding-left: 10px;\" title=\"\" src=\"https:\/\/www.spymasterpro.com\/wp-content\/themes\/twentyten\/images\/mastercard.png\" alt=\"\" width=\"250\" height=\"33\" \/><\/div>\n\n\n--><\/p>\n<p style=\"text-align: justify;\">\n","protected":false},"excerpt":{"rendered":"<p>Mitarbeiter\u00fcberwachung mit Spymaster Pro Verfolgen Sie, wohin Ihre Mitarbeiter gehen und wen sie, mit Hilfe der GPS-f\u00e4higen Standortverfolgung einer Mitarbeiter \u00dcberwachung nach. Messen Sie die Produktivit\u00e4t Ihrer Mitarbeiter durch die dynamische Verfolgung. Erhalten Sie Zugang zu jeder Kommunikation des Telefons Ihres Mitarbeiters, die in rechtskonformen Verhalten stattgefunden hat. Sammeln Sie eindeutige Beweise, um Nachzuweisen, dass &hellip; <a href=\"https:\/\/www.spymasterpro.com\/de\/mitarbeiter-uberwachung\/\" class=\"more-link\">Continue reading<span class=\"screen-reader-text\"> &#8220;Mitarbeiter-\u00dcberwachung&#8221;<\/span><\/a><\/p>\n","protected":false},"author":1,"featured_media":0,"parent":0,"menu_order":0,"comment_status":"open","ping_status":"open","template":"","meta":{"_acf_changed":false,"footnotes":""},"class_list":["post-371","page","type-page","status-publish","hentry"],"acf":[],"aioseo_notices":[],"_links":{"self":[{"href":"https:\/\/www.spymasterpro.com\/de\/wp-json\/wp\/v2\/pages\/371","targetHints":{"allow":["GET"]}}],"collection":[{"href":"https:\/\/www.spymasterpro.com\/de\/wp-json\/wp\/v2\/pages"}],"about":[{"href":"https:\/\/www.spymasterpro.com\/de\/wp-json\/wp\/v2\/types\/page"}],"author":[{"embeddable":true,"href":"https:\/\/www.spymasterpro.com\/de\/wp-json\/wp\/v2\/users\/1"}],"replies":[{"embeddable":true,"href":"https:\/\/www.spymasterpro.com\/de\/wp-json\/wp\/v2\/comments?post=371"}],"version-history":[{"count":0,"href":"https:\/\/www.spymasterpro.com\/de\/wp-json\/wp\/v2\/pages\/371\/revisions"}],"wp:attachment":[{"href":"https:\/\/www.spymasterpro.com\/de\/wp-json\/wp\/v2\/media?parent=371"}],"curies":[{"name":"wp","href":"https:\/\/api.w.org\/{rel}","templated":true}]}}