{"id":37,"date":"2013-03-30T09:55:30","date_gmt":"2013-03-30T09:55:30","guid":{"rendered":"https:\/\/spymasterpro.com\/de\/?page_id=37"},"modified":"2020-02-21T08:00:55","modified_gmt":"2020-02-21T08:00:55","slug":"sms-spion","status":"publish","type":"page","link":"https:\/\/www.spymasterpro.com\/de\/sms-spion\/","title":{"rendered":"SMS Spion"},"content":{"rendered":"<div class=\"first_content\">\n<p style=\"text-align: center;\"><img loading=\"lazy\" decoding=\"async\" class=\"top-right\" title=\"black-berry-phone-spy\" src=\"https:\/\/www.spymasterpro.com\/de\/wp-content\/uploads\/2019\/05\/spymaster-pro-sms-tracking-2.png\" alt=\"sms-spy\" width=\"600\" height=\"350\" \/><\/p>\n<div class=\"spy-viber-it-change\" style=\"padding-bottom: 15px;\">\n<ul>\n<li>Unternehmen sind durch unehrliche Mitarbeiter an den Aktienm\u00e4rkten abgest\u00fcrzt<\/li>\n<li>Ehen wurden durch eine umstrittene Textnachricht ersch\u00fcttert.<\/li>\n<li>Kinder wurden mit Nachrichten von Sexualstraft\u00e4tern bel\u00e4stigt.<\/li>\n<li>Sch\u00fctzen Sie Ihre Lieben mit Hilfe von SMS Spionage. Kennen Sie die Inhalte von jeder gesendeten oder empfangenen Nachricht, von jemandem, der Ihnen nahe steht. Lesen Sie den Inhalt, auch wenn der Benutzer ihn aus seinem Telefon l\u00f6scht.<\/li>\n<\/ul>\n<\/div>\n<h4><strong>Bleiben Sie gesch\u00fctzt mit SMS Spion<\/strong><\/h4>\n<div class=\"second_content-page\">\n<p>Es ist wirklich ein beruhigendes Gef\u00fchl, wenn man wei\u00df, dass sich jeder oder alles was Ihnen wichtig ist in Sicherheit befindet, sowohl pers\u00f6nlich als auch beruflich! Sie k\u00f6nnen sich bequem in Ihrem Sessel zur\u00fccklehnen, ohne einen einzigen Gedanken der den Seelenfrieden st\u00f6rt. Solche Ruhe kann man nur erfahren, wenn Sie die volle Kontrolle \u00fcber Ihre Umgebung haben. Dies ist, wo unsere Software sehr hilfreich sein kann. Mit unserer SMS-Erkennungs-Software k\u00f6nnen Sie herausfinden, welche Nachrichten von der Person gesendet werden, und an wen sie gesendet wird.<\/p>\n<\/div>\n<\/div>\n<div>\n<h2 style=\"color: black\"><strong>Wann ist SMS Spionage Wichtig<\/strong><\/h2>\n<div class=\"call_tracking\">\n<h4><strong>Spionage Ihres Ehepartners<\/strong><\/h4>\n<div class=\"trackings_middle\">\n<p>Zweifel an der vermuteten Untreue Ihrer Frau k\u00f6nnen sehr sch\u00e4dlich f\u00fcr Ihre Beziehung sein. Solche Zweifel geben oft viel Stoff zum Nachdenken, wenn das Telefon Ihrer Frau hin und wieder piept und sie das Thema vermeidet, mit wem sie spricht. Nicht vorzustellen, wie angespannt Ihre Beziehung sein wird, wenn Sie solche Zweifel unterhalten! Zu denken, dass es vielleicht nur ein Freund und nicht ein Liebhaber war, wie Sie es vermuteten und doch belastet es Ihre Beziehung zu Ihrer Frau schrecklich. Wenn Sie einen Verdacht haben, dass Ihre Frau mit ihrem Geliebten schreibt, k\u00f6nnen Sie ihn durch das Ausspionieren jeder von ihrem Handy gesendeten oder empfangen Nachricht best\u00e4tigen. Wenn sie tats\u00e4chlich schuldig ist und in Ihrer Abwesenheit sexy, verf\u00fchrerische Nachrichten zu ihrem Geliebten gesendet hat, k\u00f6nnen Sie die notwendigen Schritte einleiten. Ansonsten k\u00f6nnen Sie gl\u00fccklich leben mit der Gewissheit, dass alles gut ist.<\/p>\n<\/div>\n<\/div>\n<p><!--call_tracking Ends Here--><\/p>\n<div class=\"sms_tracking\">\n<h4><strong>Sch\u00fctzen Sie Ihre Kinder<\/strong><\/h4>\n<div class=\"trackings_middle\">\n<p>Mit unserer Pro-Software k\u00f6nnen Sie Text-Gespr\u00e4che zwischen Ihren Kindern und allen potentiell gef\u00e4rlichen Empf\u00e4ngern bespitzeln. Sie m\u00fcssen sich also keine Sorgen dar\u00fcber machen, dass Ihre Kinder einem Drogendealer wegen einer gef\u00e4hrlichen Droge schreiben. Sie werden bereit sein, Ihr Kind zu retten, wenn Sie \u00fcber ein solches Ereignis herausfinden. Sie k\u00f6nnen Ihr Kind sogar vor sexuellen Bel\u00e4stigern sch\u00fctzen, die ihr Unwesen \u00fcber Nachrichten betreiben. Wann immer so etwas geschieht, k\u00f6nnen Sie in den Vordergrund r\u00fccken und Ihrem Kind die Folgen dieser Handlungen nahebringen.<\/p>\n<\/div>\n<\/div>\n<p><!--sms_tracking Ends Here--><\/p>\n<div class=\"GPS_location_tracking\">\n<h4><strong>Sch\u00fctzen Sie Ihr Unternehmen vor Spionen<\/strong><\/h4>\n<div class=\"trackings_middle\">\n<p>Neuigkeiten \u00fcber Datenlecks ist sehr beliebt in der Unternehmenswelt. Ihr Konkurrent k\u00f6nnte seinen Spion als Mitarbeiter in Ihrem Unternehmen einbringen, der dann Informationen nach au\u00dfen tr\u00e4gt. Angenommen Sie bieten auf ein Preissensibeles, aber wichtiges Projekt und Ihr Angebot wird durch einen Spion von Ihrem Konkurrenten unterboten. Jetzt ist deren Angebot niedriger als Ihres und sie erhalten den Vertrag anstelle von Ihnen. Mit unserer Software k\u00f6nnen Sie solche operative Verluste vermeiden, indem Sie die Gespr\u00e4che Ihrer Mitarbeiter mit der Au\u00dfenwelt verfolgen.<\/p>\n<\/div>\n<\/div>\n<p><!--GPS location Tracking Ends Here--><\/p>\n<div class=\"first_content\">\n<p>Manche Mitarbeiter tun es m\u00f6glicherweise oft ohne b\u00f6swillige Absichten und diskutieren harmlos einige tiefe Geheimnisse Ihres Unternehmens mit Freunden in einem anderen Unternehmen. Die Ergebnisse k\u00f6nnen verheerend sein f\u00fcr Sie und Sie m\u00fcssen immer auf dem Laufenden \u00fcber solche M\u00f6glichkeiten sein und geeignete Ma\u00dfnahmen treffen<\/p>\n<\/div>\n<\/div>\n<div class=\"first_content-bottom\">\n<p>Klicken Sie hier, um unsere aktuellen Preise und Funktionen unserer Handy-Spion-Software zu finden<\/p>\n<p>Werfen Sie einen Blick auf die Liste aller Funktionen von Spymaster Pro.<\/p>\n<\/div>\n<h4 class=\"pro_version_only\"><strong>Was macht Spymaster Pro so spektakul\u00e4r<\/strong><\/h4>\n<div class=\"tagline1\"><\/div>\n<div class=\"first_content\">\n<p>Mit unserer Software erhalten Sie eine Welt, in der keine sensiblen Informationen vor Ihnen verborgen bleiben. Unabh\u00e4ngig davon, wer versucht, etwas zu verbergen, haben Sie immer einen Weg, diese tief verwurzelten Geheimnisse zu kennen. Immer wenn es eine drohende Katastrophe gibt, k\u00f6nnen Sie eingreifen, um Ihre Freunde und Familie davor zu sch\u00fctzen.<\/p>\n<\/div>\n<div class=\"enviornment_listening\">\n<div>\n<div class=\"first_content-bottom\">\n<p>Klicken Sie hier, um unsere aktuellen Preise und Funktionen unserer Handy-Spion-Software zu finden<\/p>\n<p>Werfen Sie einen Blick auf die Liste aller Funktionen von Spymaster Pro.<\/p>\n<\/div>\n<div><\/div>\n<\/div>\n<\/div>\n<p><!--enviornment_listening Ends Here--><\/p>\n<div>\n<div class=\"bigtext-red\">Holen Sie sich die Spymaster Pro nur von $8.33 pro Monat<\/div>\n<div class=\"big-button\"><a class=\"blue_btnandroid\" href=\"https:\/\/www.spymasterpro.com\/de\/jetzt-kaufen\/\">Jetzt Kaufen<\/a><\/div>\n<\/div>\n","protected":false},"excerpt":{"rendered":"<p>Unternehmen sind durch unehrliche Mitarbeiter an den Aktienm\u00e4rkten abgest\u00fcrzt Ehen wurden durch eine umstrittene Textnachricht ersch\u00fcttert. Kinder wurden mit Nachrichten von Sexualstraft\u00e4tern bel\u00e4stigt. Sch\u00fctzen Sie Ihre Lieben mit Hilfe von SMS Spionage. Kennen Sie die Inhalte von jeder gesendeten oder empfangenen Nachricht, von jemandem, der Ihnen nahe steht. Lesen Sie den Inhalt, auch wenn der &hellip; <a href=\"https:\/\/www.spymasterpro.com\/de\/sms-spion\/\" class=\"more-link\">Continue reading<span class=\"screen-reader-text\"> &#8220;SMS Spion&#8221;<\/span><\/a><\/p>\n","protected":false},"author":1,"featured_media":0,"parent":0,"menu_order":0,"comment_status":"open","ping_status":"open","template":"","meta":{"_acf_changed":false,"footnotes":""},"class_list":["post-37","page","type-page","status-publish","hentry"],"acf":[],"aioseo_notices":[],"_links":{"self":[{"href":"https:\/\/www.spymasterpro.com\/de\/wp-json\/wp\/v2\/pages\/37","targetHints":{"allow":["GET"]}}],"collection":[{"href":"https:\/\/www.spymasterpro.com\/de\/wp-json\/wp\/v2\/pages"}],"about":[{"href":"https:\/\/www.spymasterpro.com\/de\/wp-json\/wp\/v2\/types\/page"}],"author":[{"embeddable":true,"href":"https:\/\/www.spymasterpro.com\/de\/wp-json\/wp\/v2\/users\/1"}],"replies":[{"embeddable":true,"href":"https:\/\/www.spymasterpro.com\/de\/wp-json\/wp\/v2\/comments?post=37"}],"version-history":[{"count":0,"href":"https:\/\/www.spymasterpro.com\/de\/wp-json\/wp\/v2\/pages\/37\/revisions"}],"wp:attachment":[{"href":"https:\/\/www.spymasterpro.com\/de\/wp-json\/wp\/v2\/media?parent=37"}],"curies":[{"name":"wp","href":"https:\/\/api.w.org\/{rel}","templated":true}]}}