{"id":34,"date":"2013-03-30T09:49:08","date_gmt":"2013-03-30T09:49:08","guid":{"rendered":"https:\/\/spymasterpro.com\/de\/?page_id=34"},"modified":"2022-07-17T11:33:59","modified_gmt":"2022-07-17T11:33:59","slug":"android-spion","status":"publish","type":"page","link":"https:\/\/www.spymasterpro.com\/de\/android-spion\/","title":{"rendered":"Sp\u00e4hsoftware f\u00fcr Android | Android \u00dcberwachungssoftware"},"content":{"rendered":"<div id=\"pl-34\" class=\"panel-layout\">\n<div id=\"pg-34-0\" class=\"panel-grid panel-no-style\">\n<div id=\"pgc-34-0-0\" class=\"panel-grid-cell\" data-weight=\"1\">\n<div id=\"panel-34-0-0-0\" class=\"so-panel widget_text panel-first-child\" data-index=\"0\" data-style=\"{&quot;background_image_attachment&quot;:false,&quot;background_display&quot;:&quot;tile&quot;}\">\n<div class=\"textwidget\">\n<section id=\"android_spy_banner\">\n<div class=\"container\">\n<div class=\"row\">\n<div class=\"col-xl-8 col-lg-8 col-md-8 col-sm-12 iphone_right_point\">\n<h4>Android-\u00dcberwachung<\/h4>\n<h6>Android-\u00dcberwachung Ist Jetzt Leicht Verf\u00fcgbar<\/h6>\n<ul>\n<li>Erhalten Sie Einsicht in gel\u00f6schte Nachrichten, Whatsapp, Facebook, Chat, GPS und vieles mehr..<\/li>\n<li>Wesentliche Funktionen zum garantiert minimalen Preis<\/li>\n<li>Spymaster ist kompatibel mit Android 6 to Android 11<\/li>\n<li>Zugriff von jedem Webbrowser aus<\/li>\n<li>100 % sicher und erfolgreich<\/li>\n<li>24\/7 Rund-um-die Uhr Multi-Sprachen-Support<\/li>\n<\/ul>\n<div class=\"slider_btn\">\n<p><a class=\"blue_btn\" href=\"https:\/\/www.spymasterpro.com\/demo\/\"><i class=\"fa fa-play\"><\/i> Live Demo<\/a> <a class=\"blue_btn demo_btn\" href=\"..\/jetzt-kaufen\/\">JETZT KAUFEN <\/a><\/p>\n<\/div>\n<\/div>\n<div class=\"col-xl-4 col-lg-4 col-md-4 hidden-sm-down iphone_left_img\">\n<p><img loading=\"lazy\" decoding=\"async\" class=\"alignnone\" title=\"Android-\u00dcberwachung\" src=\"..\/wp-content\/uploads\/2017\/02\/android_spy_phone_img.png\" alt=\"Android-\u00dcberwachung\" width=\"340\" height=\"377\" \/><\/p>\n<\/div>\n<\/div>\n<\/div>\n<\/section>\n<\/div>\n<\/div>\n<div id=\"panel-34-0-0-1\" class=\"so-panel widget_text panel-last-child\" data-index=\"1\" data-style=\"{&quot;background_display&quot;:&quot;tile&quot;}\">\n<h3 class=\"widget-title\">Android-Smartphones ausspionieren mit Spymaster pro!<\/h3>\n<div class=\"textwidget\">\n<section id=\"android_spy\">\n<div class=\"container\">\n<div class=\"row\">\n<div class=\"col-xs-12\">\n<h2>Android-Smartphones ausspionieren mit Spymaster pro!<\/h2>\n<p>&nbsp;<\/p>\n<div class=\"col-xl-5 col-lg-5 col-sm-5 col-md-5 col-sm-12 col-xs-12\">\n<p><img loading=\"lazy\" decoding=\"async\" class=\"alignnone\" title=\"Android-Smartphones ausspionieren mit Spymaster pro\" src=\"..\/wp-content\/uploads\/2017\/02\/androind_spy_img.png\" alt=\"Android-Smartphones ausspionieren mit Spymaster pro\" width=\"477\" height=\"241\" \/><\/p>\n<\/div>\n<div class=\"col-xl-7 col-lg-7 col-sm-7 col-md-7 col-sm-12 col-xs-12\">\n<p>Spymaster Pro hilft Ihnen dabei, jede Aufzeichnung auf dem Zieltelefon nachzuverfolgen. Sie m\u00fcssen das Telefon nicht mehr ber\u00fchren, nachdem die Software installiert worden ist. Diese Installation dauert kaum 5 Minuten und danach k\u00f6nnen Sie auf alle Informationen aus der Ferne zugreifen. Holen Sie sich einfach die Spionagesoftware und beginnen Sie Ihre Lieben oder verd\u00e4chtigen Angestellten zu tracken. <strong>handy \u00fcberwachung app android<\/strong> ist wirklich einfach zu verwenden und kann von jedem Standort aus gesteuert werden. Sie ist 100-%-ig sicher in der Anwendung, da die Zielperson niemals etwas vom Vorhandensein der Software merken wird.<\/p>\n<\/div>\n<\/div>\n<\/div>\n<\/div>\n<\/section>\n<section id=\"android_spy_feature\">\n<div class=\"container\">\n<div class=\"row\">\n<div class=\"col-xs-12 feature_heading text-xs-center\">\n<h3>Funktionen von Spymaster Pro<\/h3>\n<\/div>\n<div class=\"clearfix\">\n<div class=\"col-xl-6 col-lg-6 col-sm-6 col-md-6 android_spy_points\">\n<h5><img decoding=\"async\" src=\"..\/wp-content\/uploads\/2017\/02\/android_icon.png\" \/> Anruf-Tracking<\/h5>\n<p>Die Android-Spionage-Software hat Anruf-Tracking und gibt Ihnen somit Zugriff auf die Nummern der ausgehenden und eingehenden Anrufe.<\/p>\n<\/div>\n<div class=\"col-xl-6 col-lg-6 col-sm-6 col-md-6 android_spy_points\">\n<h5><img decoding=\"async\" src=\"..\/wp-content\/uploads\/2017\/02\/feature_icon2.png\" alt=\"icon_img\" \/> SMS Verfolgung<\/h5>\n<p>SMS Verfolgung wird Ihnen bei der \u00dcberwachung der gesendeten und empfangenen Nachrichten helfen.<\/p>\n<\/div>\n<div class=\"col-xl-6 col-lg-6 col-sm-6 col-md-6 android_spy_points\">\n<h5><img decoding=\"async\" src=\"..\/wp-content\/uploads\/2017\/02\/feature_icon3.png\" alt=\"icon_img\" \/> GPS Ortung<\/h5>\n<p>Diese Software enth\u00e4llt auch GPS-Ortung, so dass Sie wissen, wo sich der Benutzer befindet. Durch diese Funktion k\u00f6nnen Sie mit Hilfe einer Karte genau ihre Standorte bestimmen.<\/p>\n<\/div>\n<div class=\"col-xl-6 col-lg-6 col-sm-6 col-md-6 android_spy_points\">\n<h5><img decoding=\"async\" src=\"..\/wp-content\/uploads\/2017\/02\/feature_icon10.png\" alt=\"icon_img\" \/>Foto Verfolgung<\/h5>\n<p>Foto Verfolgung ist auch eine weitere Funktion dieser Software, mit der Sie Fotos \u00fcberpr\u00fcfen k\u00f6nnen, die auf dem handy \u00fcberwachung app android gespeichert sind.<\/p>\n<\/div>\n<div class=\"col-xl-6 col-lg-6 col-sm-6 col-md-6 android_spy_points\">\n<h5><img decoding=\"async\" src=\"..\/wp-content\/uploads\/2017\/02\/android_icon2.png\" \/> URL Verfolgung<\/h5>\n<p>Wussten Sie, dass auch eine URL-Verfolgung, m\u00f6glich ist? Sie k\u00f6nnen jetzt einen Blick auf die Websites werfen, die sie besuchen.<\/p>\n<\/div>\n<div class=\"col-xl-6 col-lg-6 col-sm-6 col-md-6 android_spy_points\">\n<h5><img decoding=\"async\" src=\"..\/wp-content\/uploads\/2017\/02\/feature_icon6.png\" alt=\"icon_img\" \/> Telefonbuch Verfolgung<\/h5>\n<p>Die Software verf\u00fcgt \u00fcber Telefonbuch Verfolgung, die Ihnen Zugriff auf das Telefonbuch gibt.<\/p>\n<\/div>\n<div class=\"col-xl-6 col-lg-6 col-sm-6 col-md-6 android_spy_points\">\n<h5><img decoding=\"async\" src=\"https:\/\/www.spymasterpro.com\/de\/wp-content\/uploads\/2017\/08\/snapchat_icon.png\" \/> Snapchat<\/h5>\n<p>Mit dieser Funktion k\u00f6nnen Sie die volle Kontrolle \u00fcber die Textnachrichten haben, die vom Zieltelefon ausgetauscht werden.<\/p>\n<\/div>\n<div class=\"col-xl-6 col-lg-6 col-sm-6 col-md-6 android_spy_points\">\n<h5><img decoding=\"async\" src=\"https:\/\/www.spymasterpro.com\/de\/wp-content\/uploads\/2017\/08\/instagram_icon.png\" alt=\"icon_img\" \/> Instagram<\/h5>\n<p>Mit Spymaster Pro k\u00f6nnen Sie die Chat-Nachrichten lesen und die volle Kontrolle \u00fcber die Mediendateien (Fotos &amp; Videos) haben, die vom Ziel-iOS \/ Android-Ger\u00e4t ausgetauscht werden.<\/p>\n<\/div>\n<\/div>\n<div class=\"col-xl-12 col-xs-12 col-sm-12 col-md-12 strip_txt text-xs-center web_strip\">Holen Sie sich Spymaster pro f\u00fcr nur $8.33 \/ Monat<\/div>\n<div class=\"col-xl-12 col-xs-12 col-sm-12 col-md-12 strip_btn feature_bottom spy_btn text-xs-center hidden-md-up\">\n<p><a class=\"blue_btn\" href=\"..\/wie-spymaster-pro-funktioniert\/\">SCHNELLE TOUR <\/a> <a class=\"white_btn demo_btn\" href=\"..\/jetzt-kaufen\/\">HIER KAUFEN<\/a><\/p>\n<\/div>\n<div class=\"col-xl-6 col-lg-6 col-sm-6 col-md-6 android_spy_points\">\n<h5><img decoding=\"async\" src=\"..\/wp-content\/uploads\/2017\/02\/feature_icon8.png\" alt=\"icon_img\" \/> WhatsApp Spion<\/h5>\n<p>Spymaster Pro erm\u00f6glicht Ihnen, die Einzel- und Gruppenchatdialoge auf WhatsApp auf sehr bequeme Art und Weise mitzulesen. Sie erhalten per Fernsteuerung auch Zugang zu den \u00fcbermittelten Multimediadateien wie Bilder\/Selfies, Videos und Audiodateien, und zwar jederzeit, durch.<\/p>\n<\/div>\n<div class=\"col-xl-6 col-lg-6 col-sm-6 col-md-6 android_spy_points\">\n<h5><img decoding=\"async\" src=\"..\/wp-content\/uploads\/2017\/02\/feature_icon9.png\" alt=\"icon_img\" \/> Facebook Spion<\/h5>\n<p>Tracken Sie ferngesteuert Facebook Messenger Chats mit dem Spymaster Pro. Er erm\u00f6glicht Ihnen, die Facebook Text-Chats mit genauen Zeit- und Datumsangaben zu sehen bzw. zu lesen.<\/p>\n<\/div>\n<div class=\"col-xl-12 col-xs-12 col-sm-12 col-md-12 strip_txt text-xs-center\">Holen Sie sich die Spymaster Basic nur von \u20ac6.66 pro Monat<\/div>\n<div class=\"col-xl-12 col-xs-12 col-sm-12 col-md-12 strip_btn spy_btn feature_bottom text-xs-center\">\n<p><a class=\"white_btn demo_btn hidden-md-up\" href=\"..\/sichere-anwendung\/\">Sicher zu bedienen<\/a> <a class=\"blue_btn hidden-sm-down\" href=\"..\/wie-spymaster-pro-funktioniert\/\">SCHNELLE TOUR<\/a> <a class=\"white_btn demo_btn\" href=\"..\/jetzt-kaufen\/\">JETZT KAUFEN<\/a><\/p>\n<\/div>\n<\/div>\n<\/div>\n<\/section>\n<\/div>\n<\/div>\n<\/div>\n<\/div>\n<\/div>\n","protected":false},"excerpt":{"rendered":"<p>Android-\u00dcberwachung Android-\u00dcberwachung Ist Jetzt Leicht Verf\u00fcgbar Erhalten Sie Einsicht in gel\u00f6schte Nachrichten, Whatsapp, Facebook, Chat, GPS und vieles mehr.. Wesentliche Funktionen zum garantiert minimalen Preis Spymaster ist kompatibel mit Android 6 to Android 11 Zugriff von jedem Webbrowser aus 100 % sicher und erfolgreich 24\/7 Rund-um-die Uhr Multi-Sprachen-Support Live Demo JETZT KAUFEN Android-Smartphones ausspionieren mit &hellip; <a href=\"https:\/\/www.spymasterpro.com\/de\/android-spion\/\" class=\"more-link\">Continue reading<span class=\"screen-reader-text\"> &#8220;Sp\u00e4hsoftware f\u00fcr Android | Android \u00dcberwachungssoftware&#8221;<\/span><\/a><\/p>\n","protected":false},"author":1,"featured_media":0,"parent":0,"menu_order":0,"comment_status":"open","ping_status":"open","template":"page-full.php","meta":{"_acf_changed":false,"footnotes":""},"class_list":["post-34","page","type-page","status-publish","hentry"],"acf":[],"aioseo_notices":[],"_links":{"self":[{"href":"https:\/\/www.spymasterpro.com\/de\/wp-json\/wp\/v2\/pages\/34","targetHints":{"allow":["GET"]}}],"collection":[{"href":"https:\/\/www.spymasterpro.com\/de\/wp-json\/wp\/v2\/pages"}],"about":[{"href":"https:\/\/www.spymasterpro.com\/de\/wp-json\/wp\/v2\/types\/page"}],"author":[{"embeddable":true,"href":"https:\/\/www.spymasterpro.com\/de\/wp-json\/wp\/v2\/users\/1"}],"replies":[{"embeddable":true,"href":"https:\/\/www.spymasterpro.com\/de\/wp-json\/wp\/v2\/comments?post=34"}],"version-history":[{"count":0,"href":"https:\/\/www.spymasterpro.com\/de\/wp-json\/wp\/v2\/pages\/34\/revisions"}],"wp:attachment":[{"href":"https:\/\/www.spymasterpro.com\/de\/wp-json\/wp\/v2\/media?parent=34"}],"curies":[{"name":"wp","href":"https:\/\/api.w.org\/{rel}","templated":true}]}}