{"id":31,"date":"2013-03-30T09:40:33","date_gmt":"2013-03-30T09:40:33","guid":{"rendered":"https:\/\/spymasterpro.com\/de\/?page_id=31"},"modified":"2019-05-08T09:55:53","modified_gmt":"2019-05-08T09:55:53","slug":"blackberry-spion","status":"publish","type":"page","link":"https:\/\/www.spymasterpro.com\/de\/blackberry-spion\/","title":{"rendered":"Blackberry Spion"},"content":{"rendered":"<div class=\"first_content\">\n<div class=\"first_content-top1\">\n<p>Mit der Spymaster Pro Blackberry-Software, werden Sie einfach \u00fcber die Aktivit\u00e4ten Ihrer Lieben bescheid wissen, wenn sie ihr Blackberry benutzen. Mit den neuesten Innovationen in Anruf und Umgebungs-Abh\u00f6ren k\u00f6nnen Sie ganz einfach erfahren, was sie tun und wo sie sind. Die Verwendung dieser Art von Werkzeug ist nat\u00fcrlich durch Forschungsarbeiten unterst\u00fctzt.<\/p>\n<\/div>\n<div class=\"second_content-page\">\n<p>Einige Studien deuten darauf hin, dass verheiratete M\u00e4nner und Frauen nicht \u00fcber die au\u00dferehelichen Aff\u00e4ren ihrer Partner bescheid wissen. Sie wollen kein Teil der wachsenden Statistiken sein, nicht wahr?<\/p>\n<\/div>\n<div class=\"second_content-page\">\n<h4 class=\"heading01\"><strong>Sind Sie besorgt \u00fcber?<\/strong><\/h4>\n<div class=\"spy-viber-it-change\">\n<ul style=\"margin-bottom: 15px;\">\n<li>Ob Ihr Ehepartner Sie betr\u00fcgt<\/li>\n<li>Ob Ihr Arbeitnehmer Unternehmensinformationen stielt<\/li>\n<li>Wenn Ihre Kinder an schlechten T\u00e4tigkeiten teilhaben<\/li>\n<\/ul>\n<\/div>\n<h4 class=\"heading01\"><strong>Erfahren Sie die Wahrheit!<\/strong><\/h4>\n<p>Sie k\u00f6nnen es durch den Einsatz von Spymaster Pro m\u00f6glich machen &#8211; betrachten Sie dies als eine moderne Art und Weise der Spionage auf ihrem Blackberry, so dass Sie wissen, wo sie sind und was sie tun. Durch den Einsatz dieser Software wird es einfacher f\u00fcr Sie sein, alle wichtigen Details und Informationen wie Anrufe, deren Standorte und sogar Fotos zu verfolgen.<\/p>\n<\/div>\n<\/div>\n<h2 class=\"pro_version_only\" style=\"color: black;\">Funktionen in der Spymaster Pro (Basisversion)<\/h2>\n<h4 class=\"pro_version_only\"><strong><span style=\"font-size: 20px;\">SMS Verfolgung<\/span><\/strong><\/h4>\n<p>Jetzt werden Sie die Arten von Nachrichten kennen, die von ihren Blackberry gesendet und empfangen werden. Jede Nachricht wird registriert, so dass Sie ihre Pl\u00e4ne und was sie tun verfolgen k\u00f6nnen<\/p>\n<h4 class=\"pro_version_only\"><strong style=\"font-size: 20px;\">Anruf Abh\u00f6ren<\/strong><\/h4>\n<div class=\"call_tracking\">\n<div class=\"trackings_middle\">\n<p>Diese Funktion wird Ihnen die Verwaltung aller get\u00e4tigten und empfangenen Anrufe erm\u00f6glichen, inklusive relevanter Details \u00fcber all diese Anrufe, wie Dauer der Anrufe und die Zeit der Anrufe<\/p>\n<\/div>\n<\/div>\n<div class=\"phonebook\">\n<h4><strong>Telefonbuch Zugang<\/strong><\/h4>\n<div class=\"trackings_middle\">\n<p>Wenn Sie wissen wollen, welche Nummern auf dem Handy gespeichert sind, dann k\u00f6nnen Sie es m\u00f6glich machen<\/p>\n<\/div>\n<\/div>\n<div class=\"GPS_location_tracking\">\n<h4><strong>GPS Ortung<\/strong><\/h4>\n<div class=\"trackings_middle\">\n<p>Diese Funktion l\u00e4sst Sie ihre Position und ihre Bewegungen verfolgen. Es gibt auch eine interaktive Karte, die Sie benutzen k\u00f6nnen.<\/p>\n<\/div>\n<\/div>\n<div class=\"sms_tracking\">\n<h4><strong>Email Verfolgung<\/strong><\/h4>\n<div class=\"trackings_middle\">\n<p>Durch diese Funktion k\u00f6nnen Sie leicht alle Nachrichten \u00fcberpr\u00fcfen und \u00fcberwachen, die von dem Blackberry gesendet und empfangen werden.<\/p>\n<\/div>\n<\/div>\n<div class=\"photo_tracking\">\n<h4><strong>Foto Verfolgung<\/strong><\/h4>\n<div class=\"trackings_middle\">\n<p>Diese Funktion l\u00e4sst Sie all die Bilder sehen, die w\u00e4hrend der Verwendung des Telefons angeklickt wurden.<\/p>\n<\/div>\n<\/div>\n<div>\n<div class=\"bigtext-red\">Holen Sie sich die Software f\u00fcr $49.95<\/div>\n<div class=\"big-button\"><a class=\"blue_btnandroid\" href=\"https:\/\/www.spymasterpro.com\/de\/jetzt-kaufen\/\">Jetzt Kaufen<\/a><\/div>\n<p>Derzeit k\u00f6nnen wir nur den Android-Nutzer helfen!<br \/>\nWir sind unter Wartung f\u00fcr <b>iPhone, Blackberry, Windows und Symbian-Ger\u00e4te.<\/b> .<br \/>\nWir werden bald zur\u00fcck sein!<\/p>\n<h2 style=\"color: black;\"><strong>Funktionen der Spymaster Pro (Pro Version)<\/strong><\/h2>\n<div class=\"call_listening\">\n<h4><strong>Anrufe Abh\u00f6ren<\/strong><\/h4>\n<div class=\"trackings_middle\">\n<p>Stellen Sie sich vor, ihre Gespr\u00e4che in Echtzeit mitzuh\u00f6ren!<\/p>\n<\/div>\n<\/div>\n<div class=\"enviornment_listening\">\n<h4><strong>Umgebung Abh\u00f6ren und Aufnehmen<\/strong><\/h4>\n<div class=\"trackings_middle\">\n<p>Diese Funktion erm\u00f6glicht es Ihnen, besondere Ger\u00e4usche und Kl\u00e4nge abzuh\u00f6ren, die um sie herum geschehen. Sie k\u00f6nnen all diese Aufnahmen auch speichern und abspielen, wenn es Ihnen gelegen ist. Aber keine Sorge, sie k\u00f6nne nicht erkennen, dass Sie sie beobachten.<\/p>\n<h4><strong>BBM Verfolgung<\/strong><\/h4>\n<\/div>\n<\/div>\n<div class=\"bbm\">Die BBM-Nachrichten, die gesendet und empfangen werden k\u00f6nnen jetzt Ihnen geh\u00f6ren. Alle ihrer Chat-Protokolle k\u00f6nnen nun eingesehen werden<\/div>\n<div class=\"bbm\">\n<div class=\"border-bottom\"><\/div>\n<\/div>\n<div class=\"whatsapp_Tracking\">\n<h4><!--url Tracking--><strong>WhatsApp Tracking<\/strong><\/h4>\n<div class=\"trackings_middle\">\n<p>WhatsApp-Chats auf Blackberry-Ger\u00e4ten k\u00f6nnen mit Hilfe von Spymaster Pro einfach verfolgt werden. Damit k\u00f6nnen Sie nun alle Textverl\u00e4ufe ihr Kinder im Teenageralter mitlesen. Die Software kann auch alle geteilten Fotos und Videos mit genauen Datum- und Zeitstempeln tracken.<\/p>\n<\/div>\n<div class=\"border-bottom\">\n<h4><strong>Viber Tracking<\/strong><\/h4>\n<\/div>\n<\/div>\n<div class=\"Viber_Tracking\">\n<div class=\"trackings_middle\">\n<p>Viber Chat-Protokolle, Grafiken wie Bilder\/Fotos\/Selfies, Video- und Audiodateien k\u00f6nnen nun sehr einfach mit Hilfe von Spymaster Pro nachverfolgt werden. Erhalten Sie s\u00e4mtliche Aufzeichnungsprotokolle in chronologischer Reihenfolge im Webaccount.<\/p>\n<\/div>\n<\/div>\n<div class=\"Facebook_tracking\">\n<h4><strong><!--url Tracking-->Facebook Messenger Tracking<\/strong><\/h4>\n<div class=\"trackings_middle\">\n<p>Die Textnachrichrichten des bekannten Sozialen Netzwerks Facebook k\u00f6nnen mit Hilfe von Spymaster pro ganz einfach mitgeschnitten werden. Pr\u00fcfen Sie jederzeit die Chat-Protokolle, die zeitgleich mitgeschnitten und im Control Panel auf der Website mit dem jeweiligem Datum und der Uhrzeit gespeichert sind.<\/p>\n<\/div>\n<\/div>\n<div class=\"remote-icon\">\n<h4><strong>Fernsteuerung<\/strong><\/h4>\n<div class=\"trackings_middle\">\n<p>Sie k\u00f6nnen die Software jetzt aus der Ferne steuern und konfigurieren<\/p>\n<\/div>\n<\/div>\n<p><strong>Spymaster Pro<\/strong> ist Ihre fortschrittlichste L\u00f6sung, wenn Sie ihr Blackberry in Echtzeit verfolgen m\u00f6chten. Mit einem einfach zu bedienenden System, k\u00f6nnen Sie die Technologie einfach zu Ihrem Vorteil nutzen.<\/p>\n<div>\n<div class=\"bigtext-red\">Holen Sie sich die Software f\u00fcr $84.90<\/div>\n<div class=\"big-button\"><a class=\"blue_btnandroid\" href=\"https:\/\/www.spymasterpro.com\/de\/jetzt-kaufen\/\">Jetzt Kaufen<\/a><\/div>\n<div>\n<p>Derzeit k\u00f6nnen wir nur den Android-Nutzer helfen!<br \/>\nWir sind unter Wartung f\u00fcr <b>iPhone, Blackberry, Windows und Symbian-Ger\u00e4te.<\/b> .<br \/>\nWir werden bald zur\u00fcck sein!<\/p>\n<\/div>\n<\/div>\n<\/div>\n","protected":false},"excerpt":{"rendered":"<p>Mit der Spymaster Pro Blackberry-Software, werden Sie einfach \u00fcber die Aktivit\u00e4ten Ihrer Lieben bescheid wissen, wenn sie ihr Blackberry benutzen. Mit den neuesten Innovationen in Anruf und Umgebungs-Abh\u00f6ren k\u00f6nnen Sie ganz einfach erfahren, was sie tun und wo sie sind. Die Verwendung dieser Art von Werkzeug ist nat\u00fcrlich durch Forschungsarbeiten unterst\u00fctzt. Einige Studien deuten darauf &hellip; <a href=\"https:\/\/www.spymasterpro.com\/de\/blackberry-spion\/\" class=\"more-link\">Continue reading<span class=\"screen-reader-text\"> &#8220;Blackberry Spion&#8221;<\/span><\/a><\/p>\n","protected":false},"author":1,"featured_media":0,"parent":0,"menu_order":0,"comment_status":"open","ping_status":"open","template":"","meta":{"_acf_changed":false,"footnotes":""},"class_list":["post-31","page","type-page","status-publish","hentry"],"acf":[],"aioseo_notices":[],"_links":{"self":[{"href":"https:\/\/www.spymasterpro.com\/de\/wp-json\/wp\/v2\/pages\/31","targetHints":{"allow":["GET"]}}],"collection":[{"href":"https:\/\/www.spymasterpro.com\/de\/wp-json\/wp\/v2\/pages"}],"about":[{"href":"https:\/\/www.spymasterpro.com\/de\/wp-json\/wp\/v2\/types\/page"}],"author":[{"embeddable":true,"href":"https:\/\/www.spymasterpro.com\/de\/wp-json\/wp\/v2\/users\/1"}],"replies":[{"embeddable":true,"href":"https:\/\/www.spymasterpro.com\/de\/wp-json\/wp\/v2\/comments?post=31"}],"version-history":[{"count":0,"href":"https:\/\/www.spymasterpro.com\/de\/wp-json\/wp\/v2\/pages\/31\/revisions"}],"wp:attachment":[{"href":"https:\/\/www.spymasterpro.com\/de\/wp-json\/wp\/v2\/media?parent=31"}],"curies":[{"name":"wp","href":"https:\/\/api.w.org\/{rel}","templated":true}]}}