{"id":303,"date":"2014-08-22T04:45:08","date_gmt":"2014-08-22T04:45:08","guid":{"rendered":"https:\/\/spymasterpro.com\/de\/?page_id=303"},"modified":"2020-02-21T08:02:06","modified_gmt":"2020-02-21T08:02:06","slug":"wie-spymaster-pro-funktioniert","status":"publish","type":"page","link":"https:\/\/www.spymasterpro.com\/de\/wie-spymaster-pro-funktioniert\/","title":{"rendered":"Wie Spymaster Pro funktioniert"},"content":{"rendered":"<section id=\"qick_tour_banner\">\n<div class=\"container\">\n<div class=\"row\">\n<div class=\"col-xl-8 col-lg-8 col-md-8 col-sm-12 iphone_right_point text-xs-center\">\n<h4>Wie es funktioniert?<\/h4>\n<p><img decoding=\"async\" src=\"..\/wp-content\/uploads\/2017\/02\/points_img.png\" alt=\"point_img\" \/><\/p>\n<h6>**Keine Installation bei iPhone erforderlich<\/h6>\n<\/div>\n<div class=\"col-xl-4 col-lg-4 col-md-4 hidden-sm-down iphone_left_img text-xs-center\"><img decoding=\"async\" src=\"..\/wp-content\/uploads\/2017\/02\/quik_side_img.png\" alt=\"img\" \/><\/div>\n<\/div>\n<\/div>\n<\/section>\n<section id=\"quick_works\">\n<div class=\"container\">\n<div class=\"row\">\n<div class=\"col-xs-12 text-xs-center iphone_wrk\">\n<h3>WIE SPYMASTER PRO AUF DEM IPHONE FUNKTIONIERT<\/h3>\n<p>Sie m\u00f6chten die Inhalte eines iPhone nachverfolgen, aber ohne die Beziehung zum Besitzer zu gef\u00e4hrden? Dann sind Sie hier richtig. Eine verd\u00e4chtige Person andauernd im Auge zu behalten ist ein Ding der Unm\u00f6glichkeit. Aber wenn es denn das Gebot der Stunde ist, dann muss man daf\u00fcr eine einfache und schnelle L\u00f6sung finden. Die intelligenteste Technik ist, moderne Spionage-Software f\u00fcr iPhone Trackung zu verwenden. Spionieren Sie jede gew\u00fcnschte Person heimlich aus, ohne das iPhone dabei zu ber\u00fchren. Es ist daf\u00fcr keine Installation und auch kein Jailbreak n\u00f6tig.<\/p>\n<\/div>\n<div class=\"col-xl-4 col-lg-4 col-md-4 col-sm-4 col-xs-12 text-xs-center\">\n<div class=\"box_part\">\n<h5>Spymaster Pro Kaufen<\/h5>\n<p>Mobiltelefon-\u00dcberwachungssoftware Klicken Sie auf die Jetzt Kaufen Schaltfl\u00e4che oder Jetzt Kaufen Seite, irgendwo auf unserer Website. Senden Sie uns Ihre pers\u00f6nlichen Angaben. Nachdem Sie die erforderlichen Angaben gemacht haben, k\u00f6nnen Sie sich zum Online-Kassenbereich begeben.<\/p>\n<\/div>\n<\/div>\n<div class=\"col-xl-4 col-lg-4 col-md-4 col-sm-4 col-xs-12 text-xs-center\">\n<div class=\"box_part\">\n<h5>Verwenden Sie iCloud Anmeldedaten<\/h5>\n<p>Sie brauchen die Software auf dem iPhone, das Sie aussp\u00e4hen m\u00f6chten, nicht zu installieren. Verwenden Sie einfach w\u00e4hrend des Einrichtens nach Aufforderung die iCloud-Anmeldedaten des Ziel-iPhone. Folgen Sie aufmerksam und genau der Anleitung, die Sie per E-Mail erhalten.<\/p>\n<\/div>\n<\/div>\n<div class=\"col-xl-4 col-lg-4 col-md-4 col-sm-4 col-xs-12 text-xs-center\">\n<div class=\"box_part\">\n<h5>Beginnen Sie die \u00dcberwachung!!<\/h5>\n<p>Loggen Sie sich in Ihrem Pro Control Panel mit den Anmeldedaten an, die Sie per E-Mail erhalten haben. Beginnen Sie mit der Beobachtung derjenigen Menschen, die Ihnen am Herzen liegen. Sch\u00fctzen Sie Ihre Familie und Ihr Gesch\u00e4ft aus der Ferne.<\/p>\n<\/div>\n<\/div>\n<div class=\"col-xl-12 col-xs-12 col-sm-12 col-md-12 strip_btn spy_btn feature_bottom text-xs-center\"><a class=\"blue_btn\" href=\"https:\/\/www.spymasterpro.com\/de\/iphone-spion\/\"\">iPhone Spion<\/a> <a class=\"blue_btn demo_btn\" href=\"https:\/\/www.spymasterpro.com\/de\/jetzt-kaufen\/\">JETZT KAUFEN<\/a><\/div>\n<\/div>\n<\/div>\n<\/section>\n<section id=\"quick_content\">\n<div class=\"container\">\n<div class=\"row\">\n<div class=\"col-xl-12 text-xs-center\">\n<h3>SO LOGGEN SIE SICH BEI SPYMASTER PRO EIN:<\/h3>\n<div id=\"myCarousel\" class=\"carousel slide\">\n<div class=\"carousel-inner\">\n<div class=\"carousel-item active\">\n<div class=\"col-md-10 offset-md-1 text-xs-center\"><img loading=\"lazy\" decoding=\"async\" class=\"attachment-post-thumbnail size-post-thumbnail wp-post-image\" src=\"https:\/\/www.spymasterpro.com\/wp-content\/uploads\/2017\/02\/pc_img11-1.png\" sizes=\"auto, (max-width: 709px) 85vw, (max-width: 909px) 67vw, (max-width: 984px) 60vw, (max-width: 1362px) 62vw, 840px\" srcset=\"https:\/\/www.spymasterpro.com\/wp-content\/uploads\/2017\/02\/pc_img11-1.png 835w, https:\/\/www.spymasterpro.com\/wp-content\/uploads\/2017\/02\/pc_img11-1-300x174.png 300w, https:\/\/www.spymasterpro.com\/wp-content\/uploads\/2017\/02\/pc_img11-1-768x446.png 768w\" alt=\"\" width=\"835\" height=\"485\" \/><\/div>\n<div class=\"col-xs-12 silder_txt text-xs-center\">\n<h3>Facebook<\/h3>\n<p>Falls Ihr Kind Facebook-s\u00fcchtig ist und Sie das beenden m\u00f6chten, dann machen Sie sich keine Sorgen mehr. Jetzt kann spymaster Pro auch den Facebook Messenger des Ziel-Mobiltelefons mit allen Einzelheiten tracken.<\/p>\n<\/div>\n<\/div>\n<div class=\"carousel-item \">\n<div class=\"col-md-10 offset-md-1 text-xs-center\"><img loading=\"lazy\" decoding=\"async\" class=\"attachment-post-thumbnail size-post-thumbnail wp-post-image\" src=\"https:\/\/www.spymasterpro.com\/wp-content\/uploads\/2017\/02\/pc_img10-1.png\" sizes=\"auto, (max-width: 709px) 85vw, (max-width: 909px) 67vw, (max-width: 984px) 60vw, (max-width: 1362px) 62vw, 840px\" srcset=\"https:\/\/www.spymasterpro.com\/wp-content\/uploads\/2017\/02\/pc_img10-1.png 835w, https:\/\/www.spymasterpro.com\/wp-content\/uploads\/2017\/02\/pc_img10-1-300x174.png 300w, https:\/\/www.spymasterpro.com\/wp-content\/uploads\/2017\/02\/pc_img10-1-768x446.png 768w\" alt=\"\" width=\"835\" height=\"485\" \/><\/div>\n<div class=\"col-xs-12 silder_txt text-xs-center\">\n<h3>GEO-STANDORT &#038; GEO TRACKING<\/h3>\n<p>All the address of the places &#038; location history where the target phone was carried will be available through the GPS feature located on <a href=\"https:\/\/www.spymasterpro.com\/\"><strong>Spymaster Pro<\/strong><\/a>.<\/p>\n<\/div>\n<\/div>\n<div class=\"carousel-item \">\n<div class=\"col-md-10 offset-md-1 text-xs-center\"><img loading=\"lazy\" decoding=\"async\" class=\"attachment-post-thumbnail size-post-thumbnail wp-post-image\" src=\"https:\/\/www.spymasterpro.com\/wp-content\/uploads\/2017\/02\/pc_img9-1.png\" sizes=\"auto, (max-width: 709px) 85vw, (max-width: 909px) 67vw, (max-width: 984px) 60vw, (max-width: 1362px) 62vw, 840px\" srcset=\"https:\/\/www.spymasterpro.com\/wp-content\/uploads\/2017\/02\/pc_img9-1.png 835w, https:\/\/www.spymasterpro.com\/wp-content\/uploads\/2017\/02\/pc_img9-1-300x174.png 300w, https:\/\/www.spymasterpro.com\/wp-content\/uploads\/2017\/02\/pc_img9-1-768x446.png 768w\" alt=\"\" width=\"835\" height=\"485\" \/><\/div>\n<div class=\"col-xs-12 silder_txt text-xs-center\">\n<h3>FOTOS<\/h3>\n<p>Fotos jeder Gr\u00f6\u00dfe und jeden Formats, die \u00fcber das Zieltelefon ausgetauscht wurden, werden Ihnen in Datenform zug\u00e4nglich gemacht.<\/p>\n<\/div>\n<\/div>\n<div class=\"carousel-item \">\n<div class=\"col-md-10 offset-md-1 text-xs-center\"><img loading=\"lazy\" decoding=\"async\" class=\"attachment-post-thumbnail size-post-thumbnail wp-post-image\" src=\"https:\/\/www.spymasterpro.com\/wp-content\/uploads\/2017\/02\/pc_img8-1.png\" sizes=\"auto, (max-width: 709px) 85vw, (max-width: 909px) 67vw, (max-width: 984px) 60vw, (max-width: 1362px) 62vw, 840px\" srcset=\"https:\/\/www.spymasterpro.com\/wp-content\/uploads\/2017\/02\/pc_img8-1.png 835w, https:\/\/www.spymasterpro.com\/wp-content\/uploads\/2017\/02\/pc_img8-1-300x174.png 300w, https:\/\/www.spymasterpro.com\/wp-content\/uploads\/2017\/02\/pc_img8-1-768x446.png 768w\" alt=\"\" width=\"835\" height=\"485\" \/><\/div>\n<div class=\"col-xs-12 silder_txt text-xs-center\">\n<h3>Browser Historie<\/h3>\n<p>Es gibt nun keinen Grund mehr zur Besorgnis, dass die Historie nicht mehr auffindbar oder verloren ist. Jede individuelle Einzelheit des Surfens, die auf dem Zieltelefon erfolgt ist, wird im Benutzerkonto einsehbar sein, zusammen mit der Anzahl der Seitenbesuche &amp; Datumsaufzeichnungen.<\/p>\n<\/div>\n<\/div>\n<div class=\"carousel-item \">\n<div class=\"col-md-10 offset-md-1 text-xs-center\"><img loading=\"lazy\" decoding=\"async\" class=\"attachment-post-thumbnail size-post-thumbnail wp-post-image\" src=\"https:\/\/www.spymasterpro.com\/wp-content\/uploads\/2017\/02\/pc_img7-1.png\" sizes=\"auto, (max-width: 709px) 85vw, (max-width: 909px) 67vw, (max-width: 984px) 60vw, (max-width: 1362px) 62vw, 840px\" srcset=\"https:\/\/www.spymasterpro.com\/wp-content\/uploads\/2017\/02\/pc_img7-1.png 835w, https:\/\/www.spymasterpro.com\/wp-content\/uploads\/2017\/02\/pc_img7-1-300x174.png 300w, https:\/\/www.spymasterpro.com\/wp-content\/uploads\/2017\/02\/pc_img7-1-768x446.png 768w\" alt=\"\" width=\"835\" height=\"485\" \/><\/div>\n<div class=\"col-xs-12 silder_txt text-xs-center\">\n<h3>KONTAKTE<\/h3>\n<p>Alle in der \u201cKontaktliste\u201d vorhandenen Kontakte sind einsehbar, und zwar mit allen individuellen Einzelheiten in Zusammenhang mit den entsprechenden Kontakten zus\u00e4tzlich zu allen weiteren Nummern, die sich auf dem Zieltelefon befinden.<\/p>\n<\/div>\n<\/div>\n<div class=\"carousel-item \">\n<div class=\"col-md-10 offset-md-1 text-xs-center\"><img loading=\"lazy\" decoding=\"async\" class=\"attachment-post-thumbnail size-post-thumbnail wp-post-image\" src=\"https:\/\/www.spymasterpro.com\/wp-content\/uploads\/2017\/02\/pc_img6-1.png\" sizes=\"auto, (max-width: 709px) 85vw, (max-width: 909px) 67vw, (max-width: 984px) 60vw, (max-width: 1362px) 62vw, 840px\" srcset=\"https:\/\/www.spymasterpro.com\/wp-content\/uploads\/2017\/02\/pc_img6-1.png 835w, https:\/\/www.spymasterpro.com\/wp-content\/uploads\/2017\/02\/pc_img6-1-300x174.png 300w, https:\/\/www.spymasterpro.com\/wp-content\/uploads\/2017\/02\/pc_img6-1-768x446.png 768w\" alt=\"\" width=\"835\" height=\"485\" \/><\/div>\n<div class=\"col-xs-12 silder_txt text-xs-center\">\n<h3>E-MAIL PROTOKOLL<\/h3>\n<p>Die E-Mails werden in smarten Formateinzelheiten aufgef\u00fchrt und enthalten Details wie Datum, Uhrzeit, Name, Betreff zusammen mit dem Inhalt und inklusive Anh\u00e4ngen, falls die Mail welche hatte.<\/p>\n<\/div>\n<\/div>\n<div class=\"carousel-item \">\n<div class=\"col-md-10 offset-md-1 text-xs-center\"><img loading=\"lazy\" decoding=\"async\" class=\"attachment-post-thumbnail size-post-thumbnail wp-post-image\" src=\"https:\/\/www.spymasterpro.com\/wp-content\/uploads\/2017\/02\/pc_img5-1.png\" sizes=\"auto, (max-width: 709px) 85vw, (max-width: 909px) 67vw, (max-width: 984px) 60vw, (max-width: 1362px) 62vw, 840px\" srcset=\"https:\/\/www.spymasterpro.com\/wp-content\/uploads\/2017\/02\/pc_img5-1.png 835w, https:\/\/www.spymasterpro.com\/wp-content\/uploads\/2017\/02\/pc_img5-1-300x174.png 300w, https:\/\/www.spymasterpro.com\/wp-content\/uploads\/2017\/02\/pc_img5-1-768x446.png 768w\" alt=\"\" width=\"835\" height=\"485\" \/><\/div>\n<div class=\"col-xs-12 silder_txt text-xs-center\">\n<h3>WhatsApp<\/h3>\n<p>Spymaster pro trackt alle WhatsApp Chat-Gespr\u00e4che wie eingehende und ausgehende Textnachrichten, geteilte Bilder und Videos mit dem Personennamen und Mobiltelefonnummer inclusive Datum.<\/p>\n<\/div>\n<\/div>\n<div class=\"carousel-item \">\n<div class=\"col-md-10 offset-md-1 text-xs-center\"><img loading=\"lazy\" decoding=\"async\" class=\"attachment-post-thumbnail size-post-thumbnail wp-post-image\" src=\"https:\/\/www.spymasterpro.com\/wp-content\/uploads\/2017\/02\/pc_img4-1.png\" sizes=\"auto, (max-width: 709px) 85vw, (max-width: 909px) 67vw, (max-width: 984px) 60vw, (max-width: 1362px) 62vw, 840px\" srcset=\"https:\/\/www.spymasterpro.com\/wp-content\/uploads\/2017\/02\/pc_img4-1.png 835w, https:\/\/www.spymasterpro.com\/wp-content\/uploads\/2017\/02\/pc_img4-1-300x174.png 300w, https:\/\/www.spymasterpro.com\/wp-content\/uploads\/2017\/02\/pc_img4-1-768x446.png 768w\" alt=\"\" width=\"835\" height=\"485\" \/><\/div>\n<div class=\"col-xs-12 silder_txt text-xs-center\">\n<h3>SMS PROTOKOLL<\/h3>\n<p>Die SMS-Protokolle erscheinen durch einfaches Klicken auf den entsprechenden Tab. Dadurch erhalten Sie s\u00e4mtliche Einzelheiten sowie den ausgetauschten text, und das, sogar, wenn der User versucht hat, diesen sp\u00e4ter zu l\u00f6schen.<\/p>\n<\/div>\n<\/div>\n<div class=\"carousel-item \">\n<div class=\"col-md-10 offset-md-1 text-xs-center\"><img loading=\"lazy\" decoding=\"async\" class=\"attachment-post-thumbnail size-post-thumbnail wp-post-image\" src=\"https:\/\/www.spymasterpro.com\/wp-content\/uploads\/2017\/02\/pc_img3-1.png\" sizes=\"auto, (max-width: 709px) 85vw, (max-width: 909px) 67vw, (max-width: 984px) 60vw, (max-width: 1362px) 62vw, 840px\" srcset=\"https:\/\/www.spymasterpro.com\/wp-content\/uploads\/2017\/02\/pc_img3-1.png 835w, https:\/\/www.spymasterpro.com\/wp-content\/uploads\/2017\/02\/pc_img3-1-300x174.png 300w, https:\/\/www.spymasterpro.com\/wp-content\/uploads\/2017\/02\/pc_img3-1-768x446.png 768w\" alt=\"\" width=\"835\" height=\"485\" \/><\/div>\n<div class=\"col-xs-12 silder_txt text-xs-center\">\n<h3>ANRUF PROTOKOLL<\/h3>\n<p>Durch Klicken auf Anrufprotokoll erh\u00e4lt man die Verbindungsdaten samt jedem Kontaktnamen sowie weitere Einzelheiten.<\/p>\n<\/div>\n<\/div>\n<div class=\"carousel-item \">\n<div class=\"col-md-10 offset-md-1 text-xs-center\"><img loading=\"lazy\" decoding=\"async\" class=\"attachment-post-thumbnail size-post-thumbnail wp-post-image\" src=\"https:\/\/www.spymasterpro.com\/wp-content\/uploads\/2017\/02\/pc_img2-1.png\" sizes=\"auto, (max-width: 709px) 85vw, (max-width: 909px) 67vw, (max-width: 984px) 60vw, (max-width: 1362px) 62vw, 840px\" srcset=\"https:\/\/www.spymasterpro.com\/wp-content\/uploads\/2017\/02\/pc_img2-1.png 835w, https:\/\/www.spymasterpro.com\/wp-content\/uploads\/2017\/02\/pc_img2-1-300x174.png 300w, https:\/\/www.spymasterpro.com\/wp-content\/uploads\/2017\/02\/pc_img2-1-768x446.png 768w\" alt=\"\" width=\"835\" height=\"485\" \/><\/div>\n<div class=\"col-xs-12 silder_txt text-xs-center\">\n<h3>Dashboard<\/h3>\n<p>Alle Tabs wie SMS-Protokolle, E-Mails, Telefonbuch, Geo-Standort, URL-Tracking, Foto-Tracking &amp; Anrufprotokolle sind vom Dashboard aus aufurfbar. Jeder Tab besteht aus den getrackten Daten, die vom  Zieltelefon bez\u00fcglich der angebotenen Funktionen in Echtzeit hochgeladen wurden.<\/p>\n<\/div>\n<\/div>\n<div class=\"carousel-item \">\n<div class=\"col-md-10 offset-md-1 text-xs-center\"><img loading=\"lazy\" decoding=\"async\" class=\"attachment-post-thumbnail size-post-thumbnail wp-post-image\" src=\"https:\/\/www.spymasterpro.com\/wp-content\/uploads\/2017\/02\/pc_img1-1.png\" sizes=\"auto, (max-width: 709px) 85vw, (max-width: 909px) 67vw, (max-width: 984px) 60vw, (max-width: 1362px) 62vw, 840px\" srcset=\"https:\/\/www.spymasterpro.com\/wp-content\/uploads\/2017\/02\/pc_img1-1.png 835w, https:\/\/www.spymasterpro.com\/wp-content\/uploads\/2017\/02\/pc_img1-1-300x174.png 300w, https:\/\/www.spymasterpro.com\/wp-content\/uploads\/2017\/02\/pc_img1-1-768x446.png 768w\" alt=\"\" width=\"835\" height=\"485\" \/><\/div>\n<div class=\"col-xs-12 silder_txt text-xs-center\">\n<p>Um alle getrackten Daten zu haben, f\u00fchren Sie Login mit Benutzername &amp; Passw\u00f6rter durch. Dann clicken <a href=\"https:\/\/www.spymasterpro.com\/main_admin\/login.php\"><strong>Login<\/strong><\/a>.<\/p>\n<\/div>\n<\/div>\n<\/div>\n<p><a class=\"left carousel-control text-xs-left\" href=\"#myCarousel\" data-slide=\"prev\"><i class=\"fa fa-angle-left\"><\/i><\/a><br \/>\n<a class=\"right carousel-control text-xs-right\" href=\"#myCarousel\" data-slide=\"next\"><i class=\"fa fa-angle-right\"><\/i><\/a><\/p>\n<\/div>\n<div class=\"quick_customer\">\n<h3>KUNDEN SUPPORT<\/h3>\n<p>Bei auftauchenden Fragen mailen Sie uns bitte an support <strong>support@spymasterpro.com<\/strong>.<\/p>\n<p><img decoding=\"async\" src=\"..\/wp-content\/uploads\/2017\/02\/ios_icon_img.jpg\" \/><\/p>\n<\/div>\n<\/div>\n<\/div>\n<\/div>\n<\/section>\n<section id=\"quick_works\">\n<div class=\"container\">\n<div class=\"row\">\n<div class=\"col-xs-12 text-xs-center iphone_wrk\">\n<h3>WIE SPYMASTER PRO MIT ANDROID FUNKTIONIERT<\/h3>\n<p>Jetzt ist es recht einfach ein Android-Smartphone heimlich zu \u00fcberwachen. Einfacher, sicherer und schneller. Man muss sich hierf\u00fcr nicht heimlich das Zieltelefon schnappen und eigenh\u00e4ndig nachschauen. Holen Sie sich einfach die moderne Spionage-App und \u00fcberwachen Sie die Aktivit\u00e4ten der Zielperson online. Sie k\u00f6nnen sich mit einem einzigen Klick s\u00e4mtliche Inhalte auf dem Android-Zieltelefon ansehen, ganz einfach, indem Sie die exklusiven Funktionen dieser \u00dcberwachungssoftware nutzen. Holen Sie sich diese Software, lehnen Sie sich zur\u00fcck und entspannen Sie sich. Die Software liefert Ihnen 100% verl\u00e4ssliche Informationen.<\/p>\n<\/div>\n<div class=\"col-xl-4 col-lg-4 col-md-4 col-sm-4 col-xs-12 text-xs-center\">\n<div class=\"box_part\">\n<h5>Spymaster Pro Kaufen<\/h5>\n<p>Mobiltelefon-\u00dcberwachungssoftware Klicken Sie auf die Jetzt Kaufen Schaltfl\u00e4che oder Jetzt Kaufen Seite auf unserer Website. Senden Sie uns Ihre pers\u00f6nlichen Angaben. Nachdem Sie die erforderlichen Angaben gemacht haben, k\u00f6nnen Sie sich zum Online-Kassenbereich begeben.<\/p>\n<\/div>\n<\/div>\n<div class=\"col-xl-4 col-lg-4 col-md-4 col-sm-4 col-xs-12 text-xs-center\">\n<div class=\"box_part\">\n<h5>Installieren Sie die Software<\/h5>\n<p>Downloaden und installieren Sie die Software nur auf dem Zieltelefon, das Sie aussp\u00e4hen wollen. Folgen Sie dabei sorgf\u00e4ltig der Anleitung, die Sie per E-Mail erhalten.<\/p>\n<\/div>\n<\/div>\n<div class=\"col-xl-4 col-lg-4 col-md-4 col-sm-4 col-xs-12 text-xs-center\">\n<div class=\"box_part\">\n<h5>Beginnen Sie die \u00dcberwachung!!<\/h5>\n<p>Loggn Sie sich in Ihrem Spymaster Pro Control Panel mit den Anmeldedaten an, die Sie per E-Mail erhalten haben. Beginnen Sie mit der Beobachtung derjenigen Menschen, die Ihnen am Herzen liegen. Sch\u00fctzen Sie Ihre Familie und Ihr Gesch\u00e4ft aus der Ferne.<\/p>\n<\/div>\n<\/div>\n<div class=\"col-xl-12 col-xs-12 col-sm-12 col-md-12 strip_btn spy_btn feature_bottom text-xs-center\"><a class=\"blue_btn\" href=\"https:\/\/www.spymasterpro.com\/de\/android-spion\/\">Android Spion<\/a> <a class=\"blue_btn demo_btn\" href=\"https:\/\/www.spymasterpro.com\/de\/jetzt-kaufen\/\">JETZT KAUFEN<\/a><\/div>\n<\/div>\n<\/div>\n<\/section>\n","protected":false},"excerpt":{"rendered":"<p>Wie es funktioniert? **Keine Installation bei iPhone erforderlich WIE SPYMASTER PRO AUF DEM IPHONE FUNKTIONIERT Sie m\u00f6chten die Inhalte eines iPhone nachverfolgen, aber ohne die Beziehung zum Besitzer zu gef\u00e4hrden? Dann sind Sie hier richtig. Eine verd\u00e4chtige Person andauernd im Auge zu behalten ist ein Ding der Unm\u00f6glichkeit. Aber wenn es denn das Gebot der &hellip; <a href=\"https:\/\/www.spymasterpro.com\/de\/wie-spymaster-pro-funktioniert\/\" class=\"more-link\">Continue reading<span class=\"screen-reader-text\"> &#8220;Wie Spymaster Pro funktioniert&#8221;<\/span><\/a><\/p>\n","protected":false},"author":1,"featured_media":0,"parent":0,"menu_order":0,"comment_status":"open","ping_status":"open","template":"page-full.php","meta":{"_acf_changed":false,"footnotes":""},"class_list":["post-303","page","type-page","status-publish","hentry"],"acf":[],"aioseo_notices":[],"_links":{"self":[{"href":"https:\/\/www.spymasterpro.com\/de\/wp-json\/wp\/v2\/pages\/303","targetHints":{"allow":["GET"]}}],"collection":[{"href":"https:\/\/www.spymasterpro.com\/de\/wp-json\/wp\/v2\/pages"}],"about":[{"href":"https:\/\/www.spymasterpro.com\/de\/wp-json\/wp\/v2\/types\/page"}],"author":[{"embeddable":true,"href":"https:\/\/www.spymasterpro.com\/de\/wp-json\/wp\/v2\/users\/1"}],"replies":[{"embeddable":true,"href":"https:\/\/www.spymasterpro.com\/de\/wp-json\/wp\/v2\/comments?post=303"}],"version-history":[{"count":0,"href":"https:\/\/www.spymasterpro.com\/de\/wp-json\/wp\/v2\/pages\/303\/revisions"}],"wp:attachment":[{"href":"https:\/\/www.spymasterpro.com\/de\/wp-json\/wp\/v2\/media?parent=303"}],"curies":[{"name":"wp","href":"https:\/\/api.w.org\/{rel}","templated":true}]}}