{"id":29,"date":"2013-03-30T09:27:27","date_gmt":"2013-03-30T09:27:27","guid":{"rendered":"https:\/\/spymasterpro.com\/de\/?page_id=29"},"modified":"2020-02-21T08:03:08","modified_gmt":"2020-02-21T08:03:08","slug":"handy-spion","status":"publish","type":"page","link":"https:\/\/www.spymasterpro.com\/de\/handy-spion\/","title":{"rendered":"Handy Spion"},"content":{"rendered":"<h2 style=\"color: black; font-size: 26px;\">SPION AUF HANDY MIT SPYMASTER PRO<\/h2>\n<p><img loading=\"lazy\" decoding=\"async\" class=\"aligncenter wp-image-4913 size-full\" title=\"SPION AUF HANDY MIT SPYMASTER PRO\" src=\"https:\/\/www.spymasterpro.com\/de\/wp-content\/uploads\/2017\/04\/image.png\" alt=\"SPION AUF HANDY MIT SPYMASTER PRO\" width=\"605\" height=\"287\" \/><\/p>\n<p>Das ist eine angemessene Frage. Spymaster Pro hat alle Ma\u00dfnahmen getroffen, die Sie davor bewahren erwischt zu werden. Sie werden absolut keine Probleme bei der Installation der Software haben, da es nur einige Minuten dauert. Einmal installiert, l\u00e4uft die Software l\u00e4uft 100% im verborgenen Modus. Niemand wird jemals wissen, ob eine Handy Spion Software irgendeiner Art auf ihrem Handy installiert ist.<\/p>\n<h2 style=\"color: black; font-size: 26px;\">Spymaster Pro kommt mit einer Vielzahl von Funktionen einer Spionage-Software<\/h2>\n<h2 style=\"color: black; font-size: 20px;\"><i class=\"fa fa-hand-o-right\" aria-hidden=\"true\"><!--tr--><\/i>ANRUF-TRACKING<\/h2>\n<p>Pr\u00fcfen Sie die eingehenden und ausgehenden Anrufe Ihres Kindes, Angestellten oder Partners und sehen Sie die Telefonnummern. Dar\u00fcber hinaus sehen Sie auch die gew\u00e4hlten Nummern und anrufenden Nummern f\u00fcr jede bestimmte Datumsspanne. Sie k\u00f6nnen zudem die Anrufdauer pr\u00fcfen und der Name der Person erscheint im Bericht, wenn diese Mobilfunknummer im Speicher des Telefonbuchs des Anwenders gelistet ist.<\/p>\n<h2 style=\"color: black; font-size: 20px;\"><i class=\"fa fa-hand-o-right\" aria-hidden=\"true\"><!--tr--><\/i>Sms Verfolgung<\/h2>\n<p>Verfolgen Sie alle eingehenden\/ausgehenden Nachrichten aus dem \u00fcberwachten Telefon. Alle Nachrichten werden im Spymaster Pro-Account gespeichert w\u00e4hrend sie erstellt werden. So haben Sie eine Aufzeichnung aller Nachrichten, selbst wenn der Handybesitzer sie l\u00f6scht.<\/p>\n<h2 style=\"color: black; font-size: 20px;\"><i class=\"fa fa-hand-o-right\" aria-hidden=\"true\"><!--tr--><\/i>GPS Ortung<\/h2>\n<p>Mit der Verwendung von Google Map k\u00f6nnen Sie den genauen Standort des Telefons verfolgen. Melden Sie sich einfach an Ihrem Konto an und finden Sie heraus, ob Ihr Kind beim Lernen in der Bibliothek, oder beim Feiern mit seinen Freunden ist. Alle Informationen werden in Echtzeit an den Server \u00fcbertragen.<\/p>\n<h2 style=\"color: black; font-size: 20px;\"><i class=\"fa fa-hand-o-right\" aria-hidden=\"true\"><!--tr--><\/i>Email Verfolgung<\/h2>\n<p>Spymaster Pro erstellt Protokolle f\u00fcr alle eingehenden und ausgehenden E-Mails. So k\u00f6nnen Sie \u00fcberpr\u00fcfen, welche Informationen sie durch E-Mails empfangen oder senen. Alle Nachrichten werden in Spymaster pro Konto gespeichert.<\/p>\n<h2 style=\"color: black; font-size: 20px;\"><i class=\"fa fa-hand-o-right\" aria-hidden=\"true\"><!--tr--><\/i>Telefonbuchzugriff<\/h2>\n<p>Mit Spymaster pro k\u00f6nnen Sie jede Telefonnummer sehen, die auf dem Telefon gespeichert ist.<\/p>\n<h2 style=\"color: black; font-size: 20px;\"><i class=\"fa fa-hand-o-right\" aria-hidden=\"true\"><!--tr--><\/i>Url Verfolgung<\/h2>\n<p>Die gesamten Website-URLs, die der Nutzer besucht, werden in dem Spymaster Pro-Konto aufgezeichnet werden. Alle Details der URL wird in Spymaster Pro Konto gespreichert.<\/p>\n<h2 style=\"color: black; font-size: 20px;\"><i class=\"fa fa-hand-o-right\" aria-hidden=\"true\"><!--tr--><\/i>Foto Verfolgung<\/h2>\n<p>Spymaster pro bietet einen \u00fcberblick \u00fcber alle Bilder, die auf dem Handy gesendet\/empfangen werden. Alle Details der Fotos werden in Spymaster Pro Konto gespeichert.<\/p>\n<div class=\"strip_space\">\n<div class=\"col-xl-12 col-xs-12 col-sm-12 col-md-12 strip_txt text-xs-center bigtext-red\">Holen Sie sich die Spymaster Basic nur von \u20ac6.66 pro Monat<\/div>\n<div class=\"strip_btn feature_bottom text-xs-center\"><a class=\"blue_btn\" href=\"https:\/\/www.spymasterpro.com\/demo\/\">Live Demo<\/a> <a class=\"white_btn demo_btn\" href=\"https:\/\/www.spymasterpro.com\/de\/jetzt-kaufen\/\">HIER KAUFEN<\/a><\/div>\n<\/div>\n<p><!--p style=\"text-align:center; font-size:\"16px; float:\"left;\"><span style=\"font-size:18px; font-weight:bold; \">Currently Serving Only Android Users!<\/span>\n\n<img loading=\"lazy\" decoding=\"async\" class=\"aligncenter\" style=\"padding-left: 10px;\" title=\"\" src=\"https:\/\/www.spymasterpro.com\/wp-content\/themes\/twentyten\/images\/mastercard.png\" alt=\"\" width=\"250\" height=\"33\" \/>--><\/p>\n<h2 style=\"color: black; font-size: 20px;\"><i class=\"fa fa-hand-o-right\" aria-hidden=\"true\"><!--tr--><\/i>WhatsApp Spionage<\/h2>\n<p>Einige der intimsten, privaten Gespr\u00e4che finden auf dem Whatsapp-Programm f\u00fcr iPhone und Android statt. Spymaster Pro kann auch diese Nachrichten verfolgen und alle Aktivit\u00e4ten werden \u00fcberwacht, so dass Sie nichts verpassen was Sie wissen m\u00fcssen \u2013 vor allem nicht die saftigen St\u00fccke!<\/p>\n<h2 style=\"color: black; font-size: 20px;\"><i class=\"fa fa-hand-o-right\" aria-hidden=\"true\"><!--tr--><\/i>Facebook Verfolgung<\/h2>\n<p>Facebook Messenger-Chat-Protokolle k\u00f6nnen mit dem Spymaster auf einfache Art und Weise nachverfolgt werden. Sammeln Sie alle einschl\u00e4gigen Beweise mit entsprechendem Datum und jeweiliger Uhrzeit.<\/p>\n<div class=\"strip_space\">\n<div class=\"col-xl-12 col-xs-12 col-sm-12 col-md-12 strip_txt text-xs-center bigtext-red\">Holen Sie sich die Spymaster iPhone nur von \u20ac9.99 pro Monat<\/div>\n<div class=\"strip_btn feature_bottom text-xs-center\"><a class=\"blue_btn\" href=\"https:\/\/www.spymasterpro.com\/de\/wie-spymaster-pro-funktioniert\/\"> SCHNELLE TOUR <\/a> <a class=\"white_btn demo_btn\" href=\"https:\/\/www.spymasterpro.com\/de\/jetzt-kaufen\/\">Jetzt Kaufen<\/a><\/div>\n<\/div>\n<p><!--p style=\"text-align:center; font-size:\"16px; float:\"left;\"><span style=\"font-size:18px; font-weight:bold; \">Currently Serving Only Android Phone Users For Pro Version!<\/span>\n<img loading=\"lazy\" decoding=\"async\" class=\"aligncenter\" style=\"padding-left: 10px;\" title=\"\" src=\"https:\/\/www.spymasterpro.com\/wp-content\/themes\/twentyten\/images\/mastercard.png\" alt=\"\" width=\"250\" height=\"33\" \/>\n--><\/p>\n","protected":false},"excerpt":{"rendered":"<p>SPION AUF HANDY MIT SPYMASTER PRO Das ist eine angemessene Frage. Spymaster Pro hat alle Ma\u00dfnahmen getroffen, die Sie davor bewahren erwischt zu werden. Sie werden absolut keine Probleme bei der Installation der Software haben, da es nur einige Minuten dauert. Einmal installiert, l\u00e4uft die Software l\u00e4uft 100% im verborgenen Modus. Niemand wird jemals wissen, &hellip; <a href=\"https:\/\/www.spymasterpro.com\/de\/handy-spion\/\" class=\"more-link\">Continue reading<span class=\"screen-reader-text\"> &#8220;Handy Spion&#8221;<\/span><\/a><\/p>\n","protected":false},"author":1,"featured_media":0,"parent":0,"menu_order":0,"comment_status":"open","ping_status":"open","template":"","meta":{"_acf_changed":false,"footnotes":""},"class_list":["post-29","page","type-page","status-publish","hentry"],"acf":[],"aioseo_notices":[],"_links":{"self":[{"href":"https:\/\/www.spymasterpro.com\/de\/wp-json\/wp\/v2\/pages\/29","targetHints":{"allow":["GET"]}}],"collection":[{"href":"https:\/\/www.spymasterpro.com\/de\/wp-json\/wp\/v2\/pages"}],"about":[{"href":"https:\/\/www.spymasterpro.com\/de\/wp-json\/wp\/v2\/types\/page"}],"author":[{"embeddable":true,"href":"https:\/\/www.spymasterpro.com\/de\/wp-json\/wp\/v2\/users\/1"}],"replies":[{"embeddable":true,"href":"https:\/\/www.spymasterpro.com\/de\/wp-json\/wp\/v2\/comments?post=29"}],"version-history":[{"count":0,"href":"https:\/\/www.spymasterpro.com\/de\/wp-json\/wp\/v2\/pages\/29\/revisions"}],"wp:attachment":[{"href":"https:\/\/www.spymasterpro.com\/de\/wp-json\/wp\/v2\/media?parent=29"}],"curies":[{"name":"wp","href":"https:\/\/api.w.org\/{rel}","templated":true}]}}