{"id":1667,"date":"2019-01-09T11:13:04","date_gmt":"2019-01-09T11:13:04","guid":{"rendered":"https:\/\/www.spymasterpro.com\/de\/?page_id=1667"},"modified":"2023-03-22T14:31:57","modified_gmt":"2023-03-22T09:01:57","slug":"uberwachung-von-tinder","status":"publish","type":"page","link":"https:\/\/www.spymasterpro.com\/de\/uberwachung-von-tinder\/","title":{"rendered":"\u00dcberwachung von Tinder"},"content":{"rendered":"<section id=\"Tinder_spy_banner\">\n<div class=\"container\">\n<div class=\"row\">\n<div class=\"col-xl-9 col-lg-9 col-md-9 col-sm-12 iphone_right_point\">\n<h4><img decoding=\"async\" src=\"https:\/\/www.spymasterpro.com\/de\/wp-content\/uploads\/2019\/01\/spy-tinder-logo_03.png\" \/> \u00dcberwachung von Tinder<\/h4>\n<h6>VERWENDEN SIE DIE AUSSP\u00c4H-APP, UM CHATS BEI TINDER GEHEIM MITZULESEN<\/h6>\n<ul>\n<li>Enthalten Sie alle Tinder-Nachrichten des Zieltelefons aus der Ferne<\/li>\n<li>Funktioniert versteckt<\/li>\n<li>Sowohl mit Android als auch mit iPhone kompatibel<\/li>\n<li>Mehrsprachiger Kundendienst rund um die Uhr<\/li>\n<li>100% sicher und einfach zu nutzen<\/li>\n<\/ul>\n<div class=\"slider_btn\"><a class=\"blue_btn\" href=\"https:\/\/www.spymasterpro.com\/de\/funktionen\/\">ALLE FUNKTIONEN SEHEN<\/a> <a class=\"blue_btn demo_btn\" href=\"https:\/\/www.spymasterpro.com\/de\/demo\"><i class=\"fa fa-play\"><\/i> Live Demo<\/a><\/div>\n<\/div>\n<div class=\"col-xl-3 col-lg-3 col-md-3 hidden-sm-down iphone_left_img no_padding\"><img loading=\"lazy\" decoding=\"async\" class=\"alignnone\" title=\"\u00dcberwachung von Tinder\" src=\"https:\/\/www.spymasterpro.com\/de\/wp-content\/uploads\/2019\/01\/spy-tinder-phone_03.png\" alt=\"\u00dcberwachung von Tinder\" width=\"286\" height=\"358\" \/><\/div>\n<\/div>\n<\/div>\n<\/section>\n<section id=\"whatsapp_middel\">\n<div class=\"container\">\n<div class=\"row\">\n<div class=\"col-lg-3 col-md-3 col-sm-12 col-xs-12 text-xs-center about_img2\"><img loading=\"lazy\" decoding=\"async\" class=\"alignnone\" title=\"Die Aussp\u00e4h-App f\u00fcr Tinder f\u00fcr das iPhone\" src=\"https:\/\/www.spymasterpro.com\/de\/wp-content\/uploads\/2019\/01\/tinder-iphone.png\" alt=\"Die Aussp\u00e4h-App f\u00fcr Tinder f\u00fcr das iPhone\" width=\"326\" height=\"515\" \/><\/div>\n<div class=\"col-lg-9 col-md-9 col-sm-12 col-xs-12 inner_txt\">\n<h2>Die Aussp\u00e4h-App f\u00fcr Tinder f\u00fcr das iPhone<\/h2>\n<h6>Um Chats auf Tinder auf dem Ziel-iPhone auszusp\u00e4hen folgen Sie den untengenannten Schritten:<\/h6>\n<ul>\n<li>Laden Sie die bedeutende Aussp\u00e4h-App f\u00fcr Tinder herunter und loggen Sie sich mit den Zugriffsdaten ein, die Ihnen per E-Mail zugesandt wurden<\/li>\n<li>Besorgen Sie sich die iCloud-Zugriffsdaten von Ziel-iPhone<\/li>\n<li>Vervollst\u00e4ndigen Sie die restlichen Formalit\u00e4ten und<\/li>\n<li>Beginnen Sie, die Zielperson auszusp\u00e4hen<\/li>\n<\/ul>\n<p><strong>Bemerkung: f\u00fcr das Aussp\u00e4hen eines iPhones ist kein Installationsaufwand erforderlich<\/strong><\/p>\n<div class=\"whatsapp_btns text-xs-center\">\n<p><a class=\"blue_btn\" href=\"https:\/\/www.spymasterpro.com\/de\/iphone-spion\/\">iPhone Spion<\/a> <a class=\"blue_btn\" href=\"https:\/\/www.spymasterpro.com\/de\/jetzt-kaufen\/\">Jetzt Kaufen<\/a><\/p>\n<\/div>\n<\/div>\n<\/div>\n<\/div>\n<\/section>\n<section id=\"whatsapp_middel\">\n<div class=\"container\">\n<div class=\"row\">\n<div class=\"col-lg-9 col-md-9 col-sm-12 col-xs-12 inner_txt\">\n<h2>Die Aussp\u00e4h-App f\u00fcr Tinder f\u00fcr Android-Handys<\/h2>\n<h6>Um Tinder-Nachrichten auf dem Zielhandy mit Android aussp\u00e4hen zu k\u00f6nnen, folgen Sie dem folgenden Prozess:<\/h6>\n<ul>\n<li>Kaufen Sie das Produkt online, um die Anmeldedaten zu erhalten<\/li>\n<li>Laden Sie die App auf dem Android-Telefon des Verd\u00e4chtigten herunter und installieren Sie sie. Dieser Vorgang ist sehr einfach und dauert etwa 5 Minuten<\/li>\n<li>Besuchen Sie die Webseite und loggen Sie sich von jedem Browser aus ein<\/li>\n<li>Erhalten Sie s\u00e4mtliche Chats, die vom \u00fcberwachten Android-Telefon gef\u00fchrt wurden<\/li>\n<\/ul>\n<div class=\"whatsapp_btns text-xs-center\">\n<p><a class=\"blue_btn\" href=\"https:\/\/www.spymasterpro.com\/de\/android-spion\/\">Android Spion<\/a> <a class=\"blue_btn\" href=\"https:\/\/www.spymasterpro.com\/de\/jetzt-kaufen\/\">Jetzt Kaufen<\/a><\/p>\n<\/div>\n<\/div>\n<div class=\"col-lg-3 col-md-3 col-sm-3 col-xs-3 about_img2 text-xs-center\"><img loading=\"lazy\" decoding=\"async\" class=\"alignnone\" title=\"Android Spion Jetzt Kaufen\" src=\"https:\/\/www.spymasterpro.com\/de\/wp-content\/uploads\/2019\/01\/tinder-android.png\" alt=\"Android Spion Jetzt Kaufen\" width=\"185\" height=\"371\" \/><\/div>\n<\/div>\n<\/div>\n<\/section>\n","protected":false},"excerpt":{"rendered":"<p>\u00dcberwachung von Tinder VERWENDEN SIE DIE AUSSP\u00c4H-APP, UM CHATS BEI TINDER GEHEIM MITZULESEN Enthalten Sie alle Tinder-Nachrichten des Zieltelefons aus der Ferne Funktioniert versteckt Sowohl mit Android als auch mit iPhone kompatibel Mehrsprachiger Kundendienst rund um die Uhr 100% sicher und einfach zu nutzen ALLE FUNKTIONEN SEHEN Live Demo Die Aussp\u00e4h-App f\u00fcr Tinder f\u00fcr das &hellip; <a href=\"https:\/\/www.spymasterpro.com\/de\/uberwachung-von-tinder\/\" class=\"more-link\">Continue reading<span class=\"screen-reader-text\"> &#8220;\u00dcberwachung von Tinder&#8221;<\/span><\/a><\/p>\n","protected":false},"author":1,"featured_media":0,"parent":0,"menu_order":0,"comment_status":"closed","ping_status":"closed","template":"page-full.php","meta":{"_acf_changed":false,"footnotes":""},"class_list":["post-1667","page","type-page","status-publish","hentry"],"acf":[],"aioseo_notices":[],"_links":{"self":[{"href":"https:\/\/www.spymasterpro.com\/de\/wp-json\/wp\/v2\/pages\/1667","targetHints":{"allow":["GET"]}}],"collection":[{"href":"https:\/\/www.spymasterpro.com\/de\/wp-json\/wp\/v2\/pages"}],"about":[{"href":"https:\/\/www.spymasterpro.com\/de\/wp-json\/wp\/v2\/types\/page"}],"author":[{"embeddable":true,"href":"https:\/\/www.spymasterpro.com\/de\/wp-json\/wp\/v2\/users\/1"}],"replies":[{"embeddable":true,"href":"https:\/\/www.spymasterpro.com\/de\/wp-json\/wp\/v2\/comments?post=1667"}],"version-history":[{"count":1,"href":"https:\/\/www.spymasterpro.com\/de\/wp-json\/wp\/v2\/pages\/1667\/revisions"}],"predecessor-version":[{"id":4060,"href":"https:\/\/www.spymasterpro.com\/de\/wp-json\/wp\/v2\/pages\/1667\/revisions\/4060"}],"wp:attachment":[{"href":"https:\/\/www.spymasterpro.com\/de\/wp-json\/wp\/v2\/media?parent=1667"}],"curies":[{"name":"wp","href":"https:\/\/api.w.org\/{rel}","templated":true}]}}