{"id":1657,"date":"2019-01-09T10:55:51","date_gmt":"2019-01-09T10:55:51","guid":{"rendered":"https:\/\/www.spymasterpro.com\/de\/?page_id=1657"},"modified":"2023-03-22T14:29:55","modified_gmt":"2023-03-22T08:59:55","slug":"uberwachung-von-telegram","status":"publish","type":"page","link":"https:\/\/www.spymasterpro.com\/de\/uberwachung-von-telegram\/","title":{"rendered":"\u00dcberwachung von Telegram"},"content":{"rendered":"<section id=\"Telegram_spy_banner\">\n<div class=\"container\">\n<div class=\"row\">\n<div class=\"col-xl-9 col-lg-9 col-md-9 col-sm-12 iphone_right_point\">\n<h4><img decoding=\"async\" src=\"https:\/\/www.spymasterpro.com\/de\/wp-content\/uploads\/2019\/01\/spy-telegram-icon_03.png\" \/> \u00dcberwachung von Telegram<\/h4>\n<h6>ERHALTEN SIE DIE VOLLST\u00c4NDIGEN TELEGRAM-CHATS DES ZIELTELEFONS<\/h6>\n<ul>\n<li>Sehen, lesen und downloaden Sie die Chatnachrichten aus der Ferne<\/li>\n<li>Funktioniert ger\u00e4uschlos und hinterl\u00e4sst keine Spuren<\/li>\n<li>Zugriff von dem jedem Webbrowser aus<\/li>\n<li>Mit den neuesten Versionen komplett kompatibel<\/li>\n<li>Einfach nutzbar<\/li>\n<\/ul>\n<div class=\"slider_btn\"><a class=\"blue_btn\" href=\"https:\/\/www.spymasterpro.com\/de\/funktionen\/\">ALLE FUNKTIONEN SEHEN<\/a> <a class=\"blue_btn demo_btn\" href=\"https:\/\/www.spymasterpro.com\/de\/demo\"><i class=\"fa fa-play\"><\/i> Live Demo<\/a><\/div>\n<\/div>\n<div class=\"col-xl-3 col-lg-3 col-md-3 hidden-sm-down iphone_left_img no_padding\"><img loading=\"lazy\" decoding=\"async\" class=\"alignnone\" title=\"\u00dcberwachung von Telegram\" src=\"https:\/\/www.spymasterpro.com\/de\/wp-content\/uploads\/2019\/01\/spy-telegram-icon_06.png\" alt=\"\u00dcberwachung von Telegram\" width=\"258\" height=\"346\" \/><\/div>\n<\/div>\n<\/div>\n<\/section>\n<section id=\"whatsapp_middel\">\n<div class=\"container\">\n<div class=\"row\">\n<div class=\"col-lg-3 col-md-3 col-sm-12 col-xs-12 text-xs-center about_img2\"><img loading=\"lazy\" decoding=\"async\" class=\"alignnone\" title=\"Telegram Aussp\u00e4h-App f\u00fcr iPhones\" src=\"https:\/\/www.spymasterpro.com\/de\/wp-content\/uploads\/2019\/01\/telegram-iphon.png\" alt=\"Telegram Aussp\u00e4h-App f\u00fcr iPhones\" width=\"326\" height=\"515\" \/><\/div>\n<div class=\"col-lg-9 col-md-9 col-sm-12 col-xs-12 inner_txt\">\n<h2>Telegram Aussp\u00e4h-App f\u00fcr iPhones<\/h2>\n<h6>Sehen Sie sich \u00fcber den folgenden Prozess alle Telegram-Chats auf dem Ziel-iPhone an:<\/h6>\n<div class=\"spy-viber-it-change\">\n<ul>\n<li>Holen Sie sich die Aussp\u00e4h-App f\u00fcr Telegram<\/li>\n<li>Gehen Sie in Ihre Inbox und suchen Sie die Zugriffsdaten f\u00fcr das Login<\/li>\n<li>Besorgen Sie sich die iCloud-Zugriffsdaten des Zielhandys<\/li>\n<li>Lesen Sie die Chat-Nachrichten \u00fcber das Ziel-iPhone aus der Ferne<\/li>\n<\/ul>\n<\/div>\n<p><strong>Anmerkung: Kein Jailbreak f\u00fcr iPhones n\u00f6tig<\/strong><\/p>\n<div class=\"whatsapp_btns text-xs-center\">\n<p><a class=\"blue_btn\" href=\"https:\/\/www.spymasterpro.com\/de\/iphone-spion\/\">iPhone Spion<\/a> <a class=\"blue_btn\" href=\"https:\/\/www.spymasterpro.com\/de\/jetzt-kaufen\/\">Jetzt Kaufen<\/a><\/p>\n<\/div>\n<\/div>\n<\/div>\n<\/div>\n<\/section>\n<section id=\"whatsapp_middel\">\n<div class=\"container\">\n<div class=\"row\">\n<div class=\"col-lg-9 col-md-9 col-sm-12 col-xs-12 inner_txt\">\n<h2>Telegram Aussp\u00e4h-App f\u00fcr Android-Ger\u00e4te<\/h2>\n<h6>Um die Nachrichten des Verd\u00e4chtigten \u00fcber Telegram zu lesen, folgen Sie diesem einfachen Prozess:<\/h6>\n<div class=\"spy-viber-it-change\">\n<ul>\n<li>Kaufen Sie die Aussp\u00e4h-App f\u00fcr Telegram online,<\/li>\n<li>laden Sie es herunter und installieren Sie die App auf dem Handy des Verd\u00e4chtigten. Die Installation dauert gew\u00f6hnlich 5 Minuten<\/li>\n<li>Besuchen Sie die Webseite und gehen Sie zum Login<\/li>\n<li>Geben Sie Nutzernamen und Passwort ein und<\/li>\n<\/ul>\n<\/div>\n<p><strong>Beginnen Sie damit, s\u00e4mtliche Telegram-Nachrichten auf dem Ziel-Android-Handy zu lesen<\/strong><\/p>\n<div class=\"whatsapp_btns text-xs-center\">\n<p><a class=\"blue_btn\" href=\"https:\/\/www.spymasterpro.com\/de\/android-spion\/\">Android Spion<\/a> <a class=\"blue_btn\" href=\"https:\/\/www.spymasterpro.com\/de\/jetzt-kaufen\/\">Jetzt Kaufen<\/a><\/p>\n<\/div>\n<\/div>\n<div class=\"col-lg-3 col-md-3 col-sm-3 col-xs-3 about_img2 text-xs-center\"><img loading=\"lazy\" decoding=\"async\" class=\"alignnone\" title=\"Android Spion Jetzt Kaufen\" src=\"https:\/\/www.spymasterpro.com\/de\/wp-content\/uploads\/2019\/01\/telegram-android.png\" alt=\"Android Spion Jetzt Kaufen\" width=\"185\" height=\"371\" \/><\/div>\n<\/div>\n<\/div>\n<\/section>\n","protected":false},"excerpt":{"rendered":"<p>\u00dcberwachung von Telegram ERHALTEN SIE DIE VOLLST\u00c4NDIGEN TELEGRAM-CHATS DES ZIELTELEFONS Sehen, lesen und downloaden Sie die Chatnachrichten aus der Ferne Funktioniert ger\u00e4uschlos und hinterl\u00e4sst keine Spuren Zugriff von dem jedem Webbrowser aus Mit den neuesten Versionen komplett kompatibel Einfach nutzbar ALLE FUNKTIONEN SEHEN Live Demo Telegram Aussp\u00e4h-App f\u00fcr iPhones Sehen Sie sich \u00fcber den folgenden &hellip; <a href=\"https:\/\/www.spymasterpro.com\/de\/uberwachung-von-telegram\/\" class=\"more-link\">Continue reading<span class=\"screen-reader-text\"> &#8220;\u00dcberwachung von Telegram&#8221;<\/span><\/a><\/p>\n","protected":false},"author":1,"featured_media":0,"parent":0,"menu_order":0,"comment_status":"closed","ping_status":"closed","template":"page-full.php","meta":{"_acf_changed":false,"footnotes":""},"class_list":["post-1657","page","type-page","status-publish","hentry"],"acf":[],"aioseo_notices":[],"_links":{"self":[{"href":"https:\/\/www.spymasterpro.com\/de\/wp-json\/wp\/v2\/pages\/1657","targetHints":{"allow":["GET"]}}],"collection":[{"href":"https:\/\/www.spymasterpro.com\/de\/wp-json\/wp\/v2\/pages"}],"about":[{"href":"https:\/\/www.spymasterpro.com\/de\/wp-json\/wp\/v2\/types\/page"}],"author":[{"embeddable":true,"href":"https:\/\/www.spymasterpro.com\/de\/wp-json\/wp\/v2\/users\/1"}],"replies":[{"embeddable":true,"href":"https:\/\/www.spymasterpro.com\/de\/wp-json\/wp\/v2\/comments?post=1657"}],"version-history":[{"count":1,"href":"https:\/\/www.spymasterpro.com\/de\/wp-json\/wp\/v2\/pages\/1657\/revisions"}],"predecessor-version":[{"id":4059,"href":"https:\/\/www.spymasterpro.com\/de\/wp-json\/wp\/v2\/pages\/1657\/revisions\/4059"}],"wp:attachment":[{"href":"https:\/\/www.spymasterpro.com\/de\/wp-json\/wp\/v2\/media?parent=1657"}],"curies":[{"name":"wp","href":"https:\/\/api.w.org\/{rel}","templated":true}]}}