{"id":1495,"date":"2018-04-25T06:31:30","date_gmt":"2018-04-25T06:31:30","guid":{"rendered":"https:\/\/www.spymasterpro.com\/de\/?page_id=1495"},"modified":"2022-08-04T15:40:07","modified_gmt":"2022-08-04T10:10:07","slug":"viber-spion","status":"publish","type":"page","link":"https:\/\/www.spymasterpro.com\/de\/viber-spion\/","title":{"rendered":"Viber Spion"},"content":{"rendered":"<section id=\"snapchat_banner\">\n<div class=\"container\">\n<div class=\"row\">\n<div class=\"col-xl-8 col-lg-8 col-md-8 col-sm-12 iphone_right_point\">\n<h4>Das Viber von anderen \u00fcberwachen? Verwende Spymaster Pro!<\/h4>\n<h6>Sch\u00fctze Deine Liebsten von Datenr\u00e4ubern, indem Du Spymaster Pro einsetzt!<\/h6>\n<ul>\n<li>L\u00fcckenlose \u00dcberwachung aller Chats-Aktivit\u00e4ten<\/li>\n<li>Greife \u00fcber das Bedienfeld der Software auf die erfassten Daten zu<\/li>\n<li>\u00dcberpr\u00fcfe die Daten ganz bequem von zuhause aus<\/li>\n<\/ul>\n<div class=\"slider_btn\"><a class=\"blue_btn demo_btn\" href=\"https:\/\/www.spymasterpro.com\/demo\/\"><i class=\"fa fa-play\"><\/i> Live Demo<\/a> <a class=\"blue_btn demo_btn\" href=\"https:\/\/www.spymasterpro.com\/de\/jetzt-kaufen\/\">Jetzt Kaufen<\/a><\/div>\n<\/div>\n<div class=\"col-xl-4 col-lg-4 col-md-4 hidden-sm-down iphone_left_img text-xs-center\"><img decoding=\"async\" src=\"https:\/\/www.spymasterpro.com\/de\/wp-content\/uploads\/2018\/04\/viber_mobile.png\" alt=\"img\"\/><\/div>\n<\/div>\n<\/div>\n<\/section>\n<section id=\"snapchat_info\">\n<div class=\"container\">\n<div class=\"row\">\n<div class=\"col-xs-12 text-xs-center\"><img decoding=\"async\" src=\"https:\/\/www.spymasterpro.com\/de\/wp-content\/uploads\/2018\/04\/viber.png\" alt=\"img\"\/><\/p>\n<h6>Chat-\u00dcberwachung von Viber<\/h6>\n<p>Die Viber-\u00dcberwachung von Spymaster Pro bietet einen einzigartigen Weg, um die Viper Chats des Zieltelefons zu erfassen. Alle erfassten Daten werden dem Nutzer \u00fcber ihr Bedienfeld bereitgestellt \u2013 mit genauer Angabe von Datum und Zeit.<\/p>\n<\/div>\n<\/div>\n<\/div>\n<\/section>\n<section id=\"snapchat_feature\">\n<div class=\"container\">\n<div class=\"row\">\n<div class=\"col-xs-12 text-xs-center\">\n<h3>Spymasterpro Eigenschaften<\/h3>\n<\/div>\n<div class=\"col-md-3 col-sm-6 col-xs-12 text-xs-center\">\n<a href=\"https:\/\/www.spymasterpro.com\/de\/whatsapp-spion\/\"><\/p>\n<div class=\"snapchat_bx_instagram\">\n<i class=\"fa fa-whatsapp\" aria-hidden=\"true\"><!--tr--><\/i><\/p>\n<h6>WhatsApp Spion<\/h6>\n<\/div>\n<p><\/a>\n<\/div>\n<div class=\"col-md-3 col-sm-6 col-xs-12 text-xs-center\">\n<a href=\"https:\/\/www.spymasterpro.com\/de\/facebook-spion\/\"><\/p>\n<div class=\"snapchat_bx_instagram\">\n<i class=\"fa fa-facebook-square\" aria-hidden=\"true\"><!--tr--><\/i><\/p>\n<h6>Facebook Spion<\/h6>\n<\/div>\n<p><\/a>\n<\/div>\n<div class=\"col-md-3 col-sm-6 col-xs-12 text-xs-center\">\n<a href=\"https:\/\/www.spymasterpro.com\/de\/gps-standort-tracking\/\"><\/p>\n<div class=\"snapchat_bx_instagram\">\n<i class=\"fa fa-map-marker\" aria-hidden=\"true\"><!--tr--><\/i><\/p>\n<h6>GPS Standort Tracking<\/h6>\n<\/div>\n<p><\/a>\n<\/div>\n<div class=\"col-md-3 col-sm-6 col-xs-12 text-xs-center\">\n<a href=\"https:\/\/www.spymasterpro.com\/de\/funktionen\/\"><\/p>\n<div class=\"snapchat_bx_instagram\">\n<i class=\"fa fa-commenting-o\" aria-hidden=\"true\"><!--tr--><\/i><\/p>\n<h6>SMS \u00fcberwachung<\/h6>\n<\/div>\n<p><\/a>\n<\/div>\n<div class=\"col-md-3 col-sm-6 col-xs-12 text-xs-center\">\n<a href=\"https:\/\/www.spymasterpro.com\/de\/funktionen\/\"><\/p>\n<div class=\"snapchat_bx_instagram\">\n<i class=\"fa fa-picture-o\" aria-hidden=\"true\"><!--tr--><\/i><\/p>\n<h6>Foto Verfolgung<\/h6>\n<\/div>\n<p><\/a>\n<\/div>\n<div class=\"col-md-3 col-sm-6 col-xs-12 text-xs-center\">\n<a href=\"https:\/\/www.spymasterpro.com\/de\/funktionen\/\"><\/p>\n<div class=\"snapchat_bx_instagram\">\n<i class=\"fa fa-phone\" aria-hidden=\"true\"><!--tr--><\/i><\/p>\n<h6>Anrufprotokoll verfolgen<\/h6>\n<\/div>\n<p><\/a>\n<\/div>\n<div class=\"col-md-3 col-sm-6 col-xs-12 text-xs-center\">\n<a href=\"https:\/\/www.spymasterpro.com\/de\/funktionen\/\"><\/p>\n<div class=\"snapchat_bx_instagram\">\n<i class=\"fa fa-envelope-o\" aria-hidden=\"true\"><!--tr--><\/i><\/p>\n<h6>Email Verfolgung<\/h6>\n<\/div>\n<p><\/a>\n<\/div>\n<div class=\"col-md-3 col-sm-6 col-xs-12 text-xs-center\">\n<a href=\"https:\/\/www.spymasterpro.com\/de\/snapchat-spion\/\"><\/p>\n<div class=\"snapchat_bx_instagram\">\n<i class=\"fa fa-snapchat-ghost\" aria-hidden=\"true\"><!--tr--><\/i><\/p>\n<h6>Snapchat Spion<\/h6>\n<\/div>\n<p><\/a>\n<\/div>\n<\/div>\n<\/div>\n<\/section>\n<section id=\"iphone_spy_work\">\n<div class=\"container\">\n<div class=\"row\">\n<div class=\"feature_heading text-xs-center\">\n<h3>So funktioniert es<\/h3>\n<\/div>\n<div class=\"row iphone_spy_work_phone\">\n<div class=\"col-xl-4 col-lg-4 col-md-4 col-sm-4 text-xs-center\">\n<div class=\"iphone_spy_bx\">\n<p><img decoding=\"async\" src=\"https:\/\/spymasterpro.com\/wp-content\/uploads\/2017\/09\/new_icon1-1.png\" \/><\/p>\n<h5>Spymaster Pro Kaufen<\/h5>\n<p>Mobiltelefon-\u00dcberwachungssoftware Klicken Sie auf die Jetzt Kaufen Schaltfl\u00e4che oder Jetzt Kaufen Seite auf unserer Website. Senden Sie uns Ihre pers\u00f6nlichen Angaben. Nachdem Sie die erforderlichen Angaben gemacht haben, k\u00f6nnen Sie sich zum Online-Kassenbereich begeben.<\/p>\n<\/div>\n<\/div>\n<div class=\"col-xl-4 col-lg-4 col-md-4 col-sm-4 text-xs-center\">\n<div class=\"iphone_spy_bx\">\n<p><img decoding=\"async\" src=\"https:\/\/spymasterpro.com\/wp-content\/uploads\/2017\/09\/new_icon2-1.png\" \/><\/p>\n<h5>Installieren Sie die Software<\/h5>\n<p>Downloaden und installieren Sie die Software nur auf dem Zieltelefon, das Sie aussp\u00e4hen wollen. Folgen Sie dabei sorgf\u00e4ltig der Anleitung, die Sie per E-Mail erhalten.<\/p>\n<\/div>\n<\/div>\n<div class=\"col-xl-4 col-lg-4 col-md-4 col-sm-4 text-xs-center\">\n<div class=\"iphone_spy_bx\">\n<p><img decoding=\"async\" src=\"https:\/\/spymasterpro.com\/wp-content\/uploads\/2017\/09\/new_icon3-1.png\" \/><\/p>\n<h5>Beginnen Sie die \u00dcberwachung!!<\/h5>\n<p>Loggn Sie sich in Ihrem Spymaster Pro Control Panel mit den Anmeldedaten an, die Sie per E-Mail erhalten haben. Beginnen Sie mit der Beobachtung derjenigen Menschen, die Ihnen am Herzen liegen. Sch\u00fctzen Sie Ihre Familie und Ihr Gesch\u00e4ft aus der Ferne.<\/p>\n<\/div>\n<\/div>\n<div class=\"text-xs-center col-xs-12\">\n<p style=\"padding: 22px 0 0; color: red;\">** Keine Installation auf dem iPhone ben\u00f6tigt<\/p>\n<p>&nbsp;<\/p>\n<\/div>\n<div class=\"col-xl-12 col-xs-12 col-sm-12 col-md-12 text-xs-center\">\n<div class=\"strip_txt\">Holen Sie sich die Spymaster Basic nur von \u20ac6.66 pro Monat<\/div>\n<\/div>\n<\/div>\n<\/div>\n<\/div>\n<\/section>\n<section id=\"snapchat_safe_use\">\n<div class=\"container\">\n<div class=\"row\">\n<div class=\"col-xs-12 text-xs-center\">\n<h2>SICHER IN DER ANWENDUNG<\/h2>\n<\/div>\n<div class=\"col-md-6 col-xs-12 safe_box\">\n<div class=\"col-sm-3 col-xs-3 no_padding\">\n<div class=\"safe_bx_icon text-xs-center\"><img decoding=\"async\" src=\"https:\/\/spymasterpro.com\/wp-content\/uploads\/2017\/02\/safe_icon.png\" alt=\"img\" \/><\/div>\n<\/div>\n<div class=\"col-sm-9 col-xs-9\">\n<div class=\"safe_bx_info\">\n<h6>Es erscheint kein Icon\/Symbol auf dem Zieltelefon<\/h6>\n<p>Diese Software wurde von Experten so clever programmiert, dass Sie stets unsichtbar bleiben. Sie arbeitet in einem unsichtbarem Modus, so dass die Zielperson gar nichts davon mitbekommt.<\/p>\n<\/div>\n<\/div>\n<\/div>\n<div class=\"col-md-6 col-xs-12 safe_box\">\n<div class=\"col-sm-3 col-xs-3 no_padding\">\n<div class=\"safe_bx_icon text-xs-center\"><img decoding=\"async\" src=\"https:\/\/spymasterpro.com\/wp-content\/uploads\/2017\/02\/safe_icon2.png\" alt=\"img\" \/><\/div>\n<\/div>\n<div class=\"col-sm-9 col-xs-9\">\n<div class=\"safe_bx_info\">\n<h6>Die Zielperson wird keine Ahnung haben, bis Sie es ihr sagen<\/h6>\n<p>Die Zielperson wird niemals realisieren, dass jemand ihr\/sein wachsames Auge auf sie hat.<\/p>\n<\/div>\n<\/div>\n<\/div>\n<div class=\"col-md-6 col-xs-12 safe_box\">\n<div class=\"col-sm-3 col-xs-3 no_padding\">\n<div class=\"safe_bx_icon text-xs-center\"><img decoding=\"async\" src=\"https:\/\/spymasterpro.com\/wp-content\/uploads\/2017\/09\/safe_icon3.png\" alt=\"img\" \/><\/div>\n<\/div>\n<div class=\"col-sm-9 col-xs-9\">\n<div class=\"safe_bx_info\">\n<h6>Die Software arbeit im Tarnkappenmodus<\/h6>\n<p>Diese Software kopiert Heimlich jede Einzelheit auf dem Zieltelefon und sendet sie an Ihr Control Panel. Sie k\u00f6nnen sich jederzeit in Ihren spymaster pro Account einloggen und sehen alles, was Ihre Zielperson auf ihrem(seinem Smartphone getan hat.<\/p>\n<\/div>\n<\/div>\n<\/div>\n<div class=\"col-md-6 col-xs-12 safe_box\">\n<div class=\"col-sm-3 col-xs-3 no_padding\">\n<div class=\"safe_bx_icon text-xs-center\"><img decoding=\"async\" src=\"https:\/\/spymasterpro.com\/wp-content\/uploads\/2017\/02\/safe_icon4.png\" alt=\"img\" \/><\/div>\n<\/div>\n<div class=\"col-sm-9 col-xs-9\">\n<div class=\"safe_bx_info\">\n<h6>Funtioniert aus der Ferne<\/h6>\n<p>Diese \u00dcberwachungssoftware arbeitet aus der Ferne, was bedeutet, dass Sie das Zieltelefon von \u00fcberall her \u00fcberwachen k\u00f6nnen, auch auf einer Gesch\u00e4ftsreise oder wenn Ihr Kind in der Schule ist oder auch im n\u00e4chsten Raum.<\/p>\n<\/div>\n<\/div>\n<\/div>\n<\/div>\n<\/div>\n<\/section>\n<section id=\"iphone_spy_bottom\">\n<div class=\"container\">\n<div class=\"row\">\n<div class=\"col-xl-12 col-xs-12 col-sm-12 col-md-12 text-xs-center\">\n<div class=\"strip_txt\">Holen Sie sich Spymaster pro iPhone f\u00fcr nur $9.99 \/ Monat<\/div>\n<\/div>\n<div class=\"col-xl-12 col-xs-12 col-sm-12 col-md-12 strip_btn spy_btn feature_bottom text-xs-center\"><a class=\"blue_btn\" href=\"https:\/\/www.spymasterpro.com\/de\/sichere-anwendung\/\">SICHER IN DER ANWENDUNG<\/a> <a class=\"white_btn demo_btn\" href=\"https:\/\/www.spymasterpro.com\/de\/jetzt-kaufen\/\">Jetzt Kaufen<\/a><\/div>\n<\/div>\n<\/div>\n<\/section>\n","protected":false},"excerpt":{"rendered":"<p>Das Viber von anderen \u00fcberwachen? Verwende Spymaster Pro! Sch\u00fctze Deine Liebsten von Datenr\u00e4ubern, indem Du Spymaster Pro einsetzt! L\u00fcckenlose \u00dcberwachung aller Chats-Aktivit\u00e4ten Greife \u00fcber das Bedienfeld der Software auf die erfassten Daten zu \u00dcberpr\u00fcfe die Daten ganz bequem von zuhause aus Live Demo Jetzt Kaufen Chat-\u00dcberwachung von Viber Die Viber-\u00dcberwachung von Spymaster Pro bietet einen &hellip; <a href=\"https:\/\/www.spymasterpro.com\/de\/viber-spion\/\" class=\"more-link\">Continue reading<span class=\"screen-reader-text\"> &#8220;Viber Spion&#8221;<\/span><\/a><\/p>\n","protected":false},"author":1,"featured_media":0,"parent":0,"menu_order":0,"comment_status":"closed","ping_status":"closed","template":"page-full.php","meta":{"_acf_changed":false,"footnotes":""},"class_list":["post-1495","page","type-page","status-publish","hentry"],"acf":[],"aioseo_notices":[],"_links":{"self":[{"href":"https:\/\/www.spymasterpro.com\/de\/wp-json\/wp\/v2\/pages\/1495","targetHints":{"allow":["GET"]}}],"collection":[{"href":"https:\/\/www.spymasterpro.com\/de\/wp-json\/wp\/v2\/pages"}],"about":[{"href":"https:\/\/www.spymasterpro.com\/de\/wp-json\/wp\/v2\/types\/page"}],"author":[{"embeddable":true,"href":"https:\/\/www.spymasterpro.com\/de\/wp-json\/wp\/v2\/users\/1"}],"replies":[{"embeddable":true,"href":"https:\/\/www.spymasterpro.com\/de\/wp-json\/wp\/v2\/comments?post=1495"}],"version-history":[{"count":0,"href":"https:\/\/www.spymasterpro.com\/de\/wp-json\/wp\/v2\/pages\/1495\/revisions"}],"wp:attachment":[{"href":"https:\/\/www.spymasterpro.com\/de\/wp-json\/wp\/v2\/media?parent=1495"}],"curies":[{"name":"wp","href":"https:\/\/api.w.org\/{rel}","templated":true}]}}