{"id":1352,"date":"2017-08-21T06:52:37","date_gmt":"2017-08-21T06:52:37","guid":{"rendered":"https:\/\/www.spymasterpro.com\/de\/?page_id=1352"},"modified":"2022-07-17T13:59:47","modified_gmt":"2022-07-17T13:59:47","slug":"spion-auf-iphone-8","status":"publish","type":"page","link":"https:\/\/www.spymasterpro.com\/de\/spion-auf-iphone-8\/","title":{"rendered":"Remote-Spion auf iPhone 8 ohne Jailbreak-Spymaster Pro"},"content":{"rendered":"<p><center><img loading=\"lazy\" decoding=\"async\" class=\"aligncenter\" title=\"Remote Spion auf iPhone 8 ohne Jailbreak\" src=\"https:\/\/www.spymasterpro.com\/de\/wp-content\/uploads\/2017\/08\/Spion-auf.png\" alt=\"Remote Spion auf iPhone 8 ohne Jailbreak\" width=\"650\" height=\"350\" \/><\/center><\/p>\n<p>Damals im Jahr 2007 kam Apple mit dem ersten iPhone und seitdem haben die Verk\u00e4ufe des iPhones nie aufgeh\u00f6rt. Ungef\u00e4hr 1 Billion Menschen von Jugendlichen bis hin zu Erwachsenen sind gl\u00fcckliche iPhone Kunden. Warum nicht? Die meisten der Nutzer glauben, dass das iPhone eine benutzerfreundliche Schnittstelle hat im Vergleich zu anderen Handys auf dem Welt Handy Markt.<\/p>\n<p>Wenn Sie also noch keins gekauft haben und planen ein iPhone 8 f\u00fcr Ihre Liebsten zu kaufen, dann kommen hier die guten Nachrichten. Sie k\u00f6nnen ihr iPhone \u00fcberwachen, mit einer App die SpyMasterPro hei\u00dft. Das beste an diesem Handy ist, dass es keinen Gesetzesbruch erfordert. Sie brauchen nur die Login Daten des Zielhandys, dass ferngesteuert aktiv auf Ihrem Handy sein wird, um die Aktivit\u00e4ten des Handys anzuschauen, das \u00fcberwacht wird. Das Zielhandy wird nichts von der Software bemerken, da kein Icon dargestellt wird.<\/p>\n<p><strong>Wird eine Installation ben\u00f6tigt?<\/strong><\/p>\n<p><img loading=\"lazy\" decoding=\"async\" class=\"aligncenter\" title=\"Wird eine Installation ben\u00f6tigt\" src=\"https:\/\/www.spymasterpro.com\/de\/wp-content\/uploads\/2017\/08\/iphone-de.png\" alt=\"Wird eine Installation ben\u00f6tigt\" width=\"1148\" height=\"250\" \/><\/p>\n<p>Keine Installation von SpyMasterPro wird ben\u00f6tigt, noch erfordert es einen Gesetzesbruch. Stattdessen brauchen Sie einfach nur die iPhone Daten, geben die Daten auf Ihrem Konto ein und der Rest wird gemacht. Beginnen Sie die Aktivit\u00e4ten des Zielhandys zu \u00fcberwachen und lernen Sie was die Zielperson macht, ohne dabei das Zielhandy anzufassen.<\/p>\n<p>Das ist die beste L\u00f6sung f\u00fcr Menschen die \u00fcber die Sicherheit ihrer Liebsten besorgt sind. Kein Grund sich das Handy anderer anzuschauen. Entspannen Sie sich und beobachten Sie ihre Aktivit\u00e4ten ohne ihr Wissen.<br \/>\n<strong><br \/>\nWenn die Software einmal gekauft ist, k\u00f6nnen Sie die folgenden Vorteile nutzen:<\/strong><\/p>\n<div class=\"spy-viber-it-change\" style=\"margin-bottom: 20px;\">\n<ul>\n<li>Facebook chats<\/li>\n<li>Whatsapp Nachrichten<\/li>\n<li>Anrufer Aufzeichnungen<\/li>\n<li>Text Nachrichten und vieles mehr<\/li>\n<\/ul>\n<\/div>\n<div class=\"strip_btn feature_bottom text-xs-center\"><a class=\"blue_btn\" href=\"https:\/\/www.spymasterpro.com\/de\/iphone-spion\/\"> IPHONE SPION <\/a> <a class=\"white_btn demo_btn\" href=\"https:\/\/www.spymasterpro.com\/de\/jetzt-kaufen\/\"> JETZT KAUFEN <\/a><\/div>\n","protected":false},"excerpt":{"rendered":"<p>Damals im Jahr 2007 kam Apple mit dem ersten iPhone und seitdem haben die Verk\u00e4ufe des iPhones nie aufgeh\u00f6rt. Ungef\u00e4hr 1 Billion Menschen von Jugendlichen bis hin zu Erwachsenen sind gl\u00fcckliche iPhone Kunden. Warum nicht? Die meisten der Nutzer glauben, dass das iPhone eine benutzerfreundliche Schnittstelle hat im Vergleich zu anderen Handys auf dem Welt &hellip; <a href=\"https:\/\/www.spymasterpro.com\/de\/spion-auf-iphone-8\/\" class=\"more-link\">Continue reading<span class=\"screen-reader-text\"> &#8220;Remote-Spion auf iPhone 8 ohne Jailbreak-Spymaster Pro&#8221;<\/span><\/a><\/p>\n","protected":false},"author":1,"featured_media":0,"parent":0,"menu_order":0,"comment_status":"closed","ping_status":"closed","template":"","meta":{"_acf_changed":false,"footnotes":""},"class_list":["post-1352","page","type-page","status-publish","hentry"],"acf":[],"aioseo_notices":[],"_links":{"self":[{"href":"https:\/\/www.spymasterpro.com\/de\/wp-json\/wp\/v2\/pages\/1352","targetHints":{"allow":["GET"]}}],"collection":[{"href":"https:\/\/www.spymasterpro.com\/de\/wp-json\/wp\/v2\/pages"}],"about":[{"href":"https:\/\/www.spymasterpro.com\/de\/wp-json\/wp\/v2\/types\/page"}],"author":[{"embeddable":true,"href":"https:\/\/www.spymasterpro.com\/de\/wp-json\/wp\/v2\/users\/1"}],"replies":[{"embeddable":true,"href":"https:\/\/www.spymasterpro.com\/de\/wp-json\/wp\/v2\/comments?post=1352"}],"version-history":[{"count":0,"href":"https:\/\/www.spymasterpro.com\/de\/wp-json\/wp\/v2\/pages\/1352\/revisions"}],"wp:attachment":[{"href":"https:\/\/www.spymasterpro.com\/de\/wp-json\/wp\/v2\/media?parent=1352"}],"curies":[{"name":"wp","href":"https:\/\/api.w.org\/{rel}","templated":true}]}}