{"id":1298,"date":"2017-07-08T07:35:06","date_gmt":"2017-07-08T07:35:06","guid":{"rendered":"https:\/\/www.spymasterpro.com\/de\/?page_id=1298"},"modified":"2020-02-06T06:49:51","modified_gmt":"2020-02-06T06:49:51","slug":"whatsapp-schnuffler-android-software-spymaster-pro","status":"publish","type":"page","link":"https:\/\/www.spymasterpro.com\/de\/whatsapp-schnuffler-android-software-spymaster-pro\/","title":{"rendered":"WhatsApp Schn\u00fcffler Android Software: Spymaster Pro"},"content":{"rendered":"<p><img loading=\"lazy\" decoding=\"async\" class=\"aligncenter\" title=\"WhatsApp Schn\u00fcffler Android Software\" src=\"https:\/\/www.spymasterpro.com\/de\/wp-content\/uploads\/2017\/07\/android-whatapp-spy.png\" alt=\"WhatsApp Schn\u00fcffler Android \" width=\"730\" height=\"367\" \/><\/p>\n<p>Spymaster Pro ist die Beste WhatsApp Schn\u00fcffler Android Software in 2020, welche von Leuten in Deutschland, Aufgrund eines Zweifels oder um sich selbst vor Gefahren zu sch\u00fctzen, benutzt wird und daher WhatsApp Verl\u00e4ufe von jemandem zu verfolgen.<\/p>\n<h2><strong>Verfolgen Sie WhatsApp Verl\u00e4ufe auf Android Telefonen mit Spymaster Pro<\/strong><\/h2>\n<p>Spymaster Pro hat ein angemessenes Preis-Leistungsverh\u00e4ltnis und ist ein einfach zu benutzender<a class=\"inner-link\" href=\"https:\/\/www.spymasterpro.com\/de\/whatsapp-spion\/\"> <strong>WhatsApp Schn\u00fcffler Android App<\/strong><\/a>. Einmal installiert (ben\u00f6tigt kaum zwei \u2013 f\u00fcnf Minuten), f\u00e4ngt die Software an Daten vom Zielobjekt zu kopieren und die Berichte direkt an das Spymaster Pro Konto des Nutzers zu senden.<\/p>\n<div class=\"spy-viber-it-change\" style=\"margin-bottom: 20px;\">\n<ul>\n<li>Einsicht in alle WhatsApp Unterhaltungen<\/li>\n<li>Einsicht in alle Namen und Nummern der Leute, mit welchen die Zielpersonen schreibt<\/li>\n<li>Erhalten aller Daten und Uhrzeiten jeder Nachricht, welche gesendet oder empfangen wurde<\/li>\n<\/ul>\n<\/div>\n<h2><strong>Wie dieWhatsApp Schn\u00fcffler Android Software funktioniert?<\/strong><\/h2>\n<p><img loading=\"lazy\" decoding=\"async\" class=\"aligncenter\" title=\"Spionage whatsapp android Software funktioniert\" src=\"https:\/\/www.spymasterpro.com\/de\/wp-content\/uploads\/2017\/07\/spymaster-working-android-de.png\" alt=\"Spionage whatsapp android Software funktioniert\" width=\"876\" height=\"266\" \/><\/p>\n<h2><strong>Au\u00dfer WhatsApp Spy, erm\u00f6glicht der Spymaster Pro zudem den Zugang zu:<\/strong><\/h2>\n<div class=\"spy-viber-it-change\" style=\"margin-bottom: 20px;\">\n<ul>\n<li>Konversationen des Facebook Nachrichtendienstes<\/li>\n<li>Fotos<\/li>\n<li>Anrufprotokolle<\/li>\n<li>Textnachrichten<\/li>\n<li>GPS-Standort<\/li>\n<li>Alle gel\u00f6schten Nachrichten<\/li>\n<li>Browser-Verlauf<\/li>\n<li>E-Mails<\/li>\n<li>Und vieles mehr<\/li>\n<\/ul>\n<\/div>\n<p><a class=\"inner-link\" href=\"https:\/\/www.spymasterpro.com\/de\"><strong>Spymaster Pro<\/strong><\/a> ist im Top f\u00fcr die Kundenweil alles \u00fcber diese Whatsapp Spionage Android App einfachist, einschlie\u00dflich des niedrigsten Preisschildes, der exklusivenFunktionen, Benutzeroberfl\u00e4che und Software-Installation. Des weiteren hilft Ihnen die unvergleichbareKundenbetreuung alle Zweifeln und Problemen in k\u00fcrzester Zeit zu l\u00f6sen.<\/p>\n<div style=\"text-align: center;\"><a class=\"blue_btn\" href=\"https:\/\/www.spymasterpro.com\/de\/wie-spymaster-pro-funktioniert\/\">So funktioniert<\/a> <a class=\"white_btn demo_btn\" href=\"https:\/\/www.spymasterpro.com\/de\/jetzt-kaufen\/\">JETZT KAUFEN<\/a><\/div>\n","protected":false},"excerpt":{"rendered":"<p>Spymaster Pro ist die Beste WhatsApp Schn\u00fcffler Android Software in 2020, welche von Leuten in Deutschland, Aufgrund eines Zweifels oder um sich selbst vor Gefahren zu sch\u00fctzen, benutzt wird und daher WhatsApp Verl\u00e4ufe von jemandem zu verfolgen. Verfolgen Sie WhatsApp Verl\u00e4ufe auf Android Telefonen mit Spymaster Pro Spymaster Pro hat ein angemessenes Preis-Leistungsverh\u00e4ltnis und ist &hellip; <a href=\"https:\/\/www.spymasterpro.com\/de\/whatsapp-schnuffler-android-software-spymaster-pro\/\" class=\"more-link\">Continue reading<span class=\"screen-reader-text\"> &#8220;WhatsApp Schn\u00fcffler Android Software: Spymaster Pro&#8221;<\/span><\/a><\/p>\n","protected":false},"author":1,"featured_media":0,"parent":0,"menu_order":0,"comment_status":"closed","ping_status":"closed","template":"","meta":{"_acf_changed":false,"footnotes":""},"class_list":["post-1298","page","type-page","status-publish","hentry"],"acf":[],"aioseo_notices":[],"_links":{"self":[{"href":"https:\/\/www.spymasterpro.com\/de\/wp-json\/wp\/v2\/pages\/1298","targetHints":{"allow":["GET"]}}],"collection":[{"href":"https:\/\/www.spymasterpro.com\/de\/wp-json\/wp\/v2\/pages"}],"about":[{"href":"https:\/\/www.spymasterpro.com\/de\/wp-json\/wp\/v2\/types\/page"}],"author":[{"embeddable":true,"href":"https:\/\/www.spymasterpro.com\/de\/wp-json\/wp\/v2\/users\/1"}],"replies":[{"embeddable":true,"href":"https:\/\/www.spymasterpro.com\/de\/wp-json\/wp\/v2\/comments?post=1298"}],"version-history":[{"count":0,"href":"https:\/\/www.spymasterpro.com\/de\/wp-json\/wp\/v2\/pages\/1298\/revisions"}],"wp:attachment":[{"href":"https:\/\/www.spymasterpro.com\/de\/wp-json\/wp\/v2\/media?parent=1298"}],"curies":[{"name":"wp","href":"https:\/\/api.w.org\/{rel}","templated":true}]}}