{"id":1282,"date":"2017-07-01T10:40:07","date_gmt":"2017-07-01T10:40:07","guid":{"rendered":"https:\/\/www.spymasterpro.com\/de\/?page_id=1282"},"modified":"2020-02-21T08:03:39","modified_gmt":"2020-02-21T08:03:39","slug":"iphone-ios-7-spionagesoftware","status":"publish","type":"page","link":"https:\/\/www.spymasterpro.com\/de\/iphone-ios-7-spionagesoftware\/","title":{"rendered":"iPhone iOS 7 Spionagesoftware"},"content":{"rendered":"<p><img loading=\"lazy\" decoding=\"async\" class=\"&quot;aligncenter alignnone\" title=\"iPhone iOS 7 Spionagesoftware\" src=\"https:\/\/www.spymasterpro.com\/de\/wp-content\/uploads\/2017\/07\/spy-iphone-7-no-jailbreak.png\" alt=\"iPhone iOS 7 Spionagesoftware\" width=\"708\" height=\"357\" \/><br \/>\nSpymaster Pro ist eine Software zur iPhone iOS 7 Spionage, entwickelt, um diverse sinnvolle Anwendungsbereiche abzudecken: Sie k\u00f6nnen Ihre Kinder vor Kinderverf\u00fchrern sch\u00fctzen, etwas \u00fcber Ihren Lebenspartner in Erfahrung bringen oder die Aktivit\u00e4ten Ihrer Mitarbeiter auf ihren Mobiltelefonen \u00fcberpr\u00fcfen.<\/p>\n<p><strong>\u00dcberwachungsfunktionen des Spymaster Pro zur iPhone iOS 7 Spionage:<\/strong><\/p>\n<div class=\"spy-viber-it-change\" style=\"margin-bottom: 20px;\">\n<ul>\n<li><a class=\"inner-link\" href=\"https:\/\/www.spymasterpro.com\/de\/whatsapp-spion\/\"><strong>Die WhatsApp-Chats einer Person anzeigen lassen<\/strong><\/a><\/li>\n<li>Die Textnachrichten einer Person lesen<\/li>\n<li>Eingehende und ausgehende Anrufe \u00fcberwachen<\/li>\n<li>Zugriff auf Fotos, die auf dem Handy gespeichert sind<\/li>\n<li>Auf die Facebook-Messenger-Chats einer Person zugreifen<\/li>\n<li>Und vieles mehr<\/li>\n<\/ul>\n<\/div>\n<p><strong>Wie funktioniert Spymaster Pro?<\/strong><img loading=\"lazy\" decoding=\"async\" class=\"aligncenter\" title=\"spymaster So funktioniert iphone\" src=\"https:\/\/www.spymasterpro.com\/de\/wp-content\/uploads\/2017\/07\/spymaster-working-iPhone-de.png\" alt=\"spymaster So funktioniert iphone\" width=\"876\" height=\"266\" \/><\/p>\n<p>Geht es um ein Android-Handy, muss zuerst die App auf dem zu \u00fcberwachenden Ger\u00e4t installiert werden. Geht es um ein iPhone, ben\u00f6tigen wir die Apple-ID-Anmeldedaten des zu \u00fcberwachenden Mobiltelefons, keine Installation.<\/p>\n<p><a href=\"https:\/\/www.spymasterpro.com\/de\/iphone-spion\/\"><strong>\u00dcberwachen Sie das Ziel-iPhone aus der Ferne, Kein Jailbreak erforderlich<\/strong><\/a><\/p>\n<p>Sind die ersten Schritte erledigt, k\u00f6nnen Sie sich von jedem beliebigen Ort aus und mit jedem Ger\u00e4t in Ihr Spymaster-Benutzerkonto einloggen, um die von der Software aufgezeichneten Daten anzeigen zu lassen. Die Software ist Deutschlands bew\u00e4hrteste Software auf diesem Gebietund wurde mit dem Ziel entwickelt, die beste \u00dcberwachungsl\u00f6sung 2017 zur Verf\u00fcgung zu stellen.<\/p>\n<p><strong>Arbeitet im Stealth-Modus<\/strong><\/p>\n<p>Die Software arbeitet versteckten Modus, keine Installation, kein Symbol, und keine Meldungen \u2013 sodass der Nutzer nie erf\u00e4hrt, dass ihr oder sein Telefon aus der Ferne beobachtet wird.<\/p>\n<div style=\"text-align: center;\"><a class=\"blue_btn\" href=\"https:\/\/www.spymasterpro.com\/de\/wie-spymaster-pro-funktioniert\/\">So funktioniert<\/a> <a class=\"white_btn demo_btn\" href=\"https:\/\/www.spymasterpro.com\/de\/jetzt-kaufen\/\">JETZT KAUFEN<\/a><\/div>\n","protected":false},"excerpt":{"rendered":"<p>Spymaster Pro ist eine Software zur iPhone iOS 7 Spionage, entwickelt, um diverse sinnvolle Anwendungsbereiche abzudecken: Sie k\u00f6nnen Ihre Kinder vor Kinderverf\u00fchrern sch\u00fctzen, etwas \u00fcber Ihren Lebenspartner in Erfahrung bringen oder die Aktivit\u00e4ten Ihrer Mitarbeiter auf ihren Mobiltelefonen \u00fcberpr\u00fcfen. \u00dcberwachungsfunktionen des Spymaster Pro zur iPhone iOS 7 Spionage: Die WhatsApp-Chats einer Person anzeigen lassen Die &hellip; <a href=\"https:\/\/www.spymasterpro.com\/de\/iphone-ios-7-spionagesoftware\/\" class=\"more-link\">Continue reading<span class=\"screen-reader-text\"> &#8220;iPhone iOS 7 Spionagesoftware&#8221;<\/span><\/a><\/p>\n","protected":false},"author":1,"featured_media":0,"parent":0,"menu_order":0,"comment_status":"closed","ping_status":"closed","template":"","meta":{"_acf_changed":false,"footnotes":""},"class_list":["post-1282","page","type-page","status-publish","hentry"],"acf":[],"aioseo_notices":[],"_links":{"self":[{"href":"https:\/\/www.spymasterpro.com\/de\/wp-json\/wp\/v2\/pages\/1282","targetHints":{"allow":["GET"]}}],"collection":[{"href":"https:\/\/www.spymasterpro.com\/de\/wp-json\/wp\/v2\/pages"}],"about":[{"href":"https:\/\/www.spymasterpro.com\/de\/wp-json\/wp\/v2\/types\/page"}],"author":[{"embeddable":true,"href":"https:\/\/www.spymasterpro.com\/de\/wp-json\/wp\/v2\/users\/1"}],"replies":[{"embeddable":true,"href":"https:\/\/www.spymasterpro.com\/de\/wp-json\/wp\/v2\/comments?post=1282"}],"version-history":[{"count":0,"href":"https:\/\/www.spymasterpro.com\/de\/wp-json\/wp\/v2\/pages\/1282\/revisions"}],"wp:attachment":[{"href":"https:\/\/www.spymasterpro.com\/de\/wp-json\/wp\/v2\/media?parent=1282"}],"curies":[{"name":"wp","href":"https:\/\/api.w.org\/{rel}","templated":true}]}}