{"id":114,"date":"2014-06-25T10:40:15","date_gmt":"2014-06-25T10:40:15","guid":{"rendered":"https:\/\/spymasterpro.com\/de\/?page_id=114"},"modified":"2019-05-08T06:10:28","modified_gmt":"2019-05-08T06:10:28","slug":"ruckerstattung","status":"publish","type":"page","link":"https:\/\/www.spymasterpro.com\/de\/ruckerstattung\/","title":{"rendered":"R\u00fcckerstattung"},"content":{"rendered":"<p>Gem\u00e4\u00df den Spymaster Pro R\u00fcckerstattungsoption, wenn die folgenden Konditionen zutreffen, kann ein Nutzer <strong>volle R\u00fcckerstattung innerhalb von 10 Tagen nach Kauf <\/strong> verlangen, nur wenn die Gr\u00fcnde anders sind als die in den R\u00fcckerstattungoption genannten sind. Bitte lesen Sie die folgenden Konditionen:<\/p>\n<div class=\"spy-viber-it-change\">\n<ul style=\"text-align: justify; float: left; \">\n<li style=\"list-style: disc\">Ein Nutzer bekommt keine R\u00fcckerstattung nach Ablauf von 10 Tagen nach dem Kauf der Software. Ale Anspr\u00fcche sind innerhalb der 10 Tage nach Kauf von Spymaster Pro zu machen.<\/li>\n<li style=\"list-style: disc\">Eine R\u00fcckerstattung erfolgt nur einmalig. Wenn ein Nutzer eine weitere Spymaster Pro Lizenz erwirbt und eine weitere R\u00fcckerstattung verlangt, wird diese verweigert.<\/li>\n<li style=\"list-style: disc\">Der Kunde bekommt keine R\u00fcckerstattung, insbesondere wenn die Software aufger\u00fcstet wurde und die Software nicht im Zieltelefon aktualisiert wurde. Das wird als ein Fehler des Kunden gesehen.<\/li>\n<\/ul>\n<\/div>\n<p><b>Spymaster Pro keine R\u00fcckerstattung bewilligen f\u00fcr folgende Konditionen:<\/b><\/p>\n<div class=\"spy-viber-it-change\">\n<ul style=\"text-align: justify;\">\n<li style=\"list-style: disc\">Wenn das Zielhandy keine aktive Internetverbindung hat oder aus irgendwelchen Gr\u00fcnden \u00fcberhaupt nicht verbunden ist.<\/li>\n<li style=\"list-style: disc\">Wenn der Nutzer des Zielhandys den Netzwerkbetreiber wechselt, daher die Internetverbindung trennt, was zu Datenverlust f\u00fchrt.<\/li>\n<li style=\"list-style: disc\">M\u00f6gliche Aktualisierung des Anwendungssystems des Zielhandys.<\/li>\n<li style=\"list-style: disc\">Wiederherstellung der Werkeinstellungen im Zieltelefon.<\/li>\n<li style=\"list-style: disc\">Falsche Installation der Software durch den Kunden.<\/li>\n<li style=\"list-style: disc\">Nicht Erreichbarkeit des Zieltelefons durch den Kunden.<\/li>\n<li style=\"list-style: disc\">Durch den Kunden genannte pers\u00f6nliche Gr\u00fcnde f\u00fcr R\u00fcckerstattung, aufgrund von einem einfachen Fehlkauf etc.<\/li>\n<\/ul>\n<\/div>\n<p><span id=\"result_box\" class=\"\" lang=\"de\"><span class=\"\"><strong>Wenn der Account des Benutzers abgelaufen ist, wird keine R\u00fcckerstattung an den Benutzer gew\u00e4hrt<\/strong>.<\/span><\/span><\/p>\n<p>F\u00fcr s\u00e4mtliche Ihrer Anfragen und Probleme schreiben Sie uns an <b>support@spymasterpro.com<\/b><\/p>\n","protected":false},"excerpt":{"rendered":"<p>Gem\u00e4\u00df den Spymaster Pro R\u00fcckerstattungsoption, wenn die folgenden Konditionen zutreffen, kann ein Nutzer volle R\u00fcckerstattung innerhalb von 10 Tagen nach Kauf verlangen, nur wenn die Gr\u00fcnde anders sind als die in den R\u00fcckerstattungoption genannten sind. Bitte lesen Sie die folgenden Konditionen: Ein Nutzer bekommt keine R\u00fcckerstattung nach Ablauf von 10 Tagen nach dem Kauf der &hellip; <a href=\"https:\/\/www.spymasterpro.com\/de\/ruckerstattung\/\" class=\"more-link\">Continue reading<span class=\"screen-reader-text\"> &#8220;R\u00fcckerstattung&#8221;<\/span><\/a><\/p>\n","protected":false},"author":1,"featured_media":0,"parent":0,"menu_order":0,"comment_status":"open","ping_status":"open","template":"","meta":{"_acf_changed":false,"footnotes":""},"class_list":["post-114","page","type-page","status-publish","hentry"],"acf":[],"aioseo_notices":[],"_links":{"self":[{"href":"https:\/\/www.spymasterpro.com\/de\/wp-json\/wp\/v2\/pages\/114","targetHints":{"allow":["GET"]}}],"collection":[{"href":"https:\/\/www.spymasterpro.com\/de\/wp-json\/wp\/v2\/pages"}],"about":[{"href":"https:\/\/www.spymasterpro.com\/de\/wp-json\/wp\/v2\/types\/page"}],"author":[{"embeddable":true,"href":"https:\/\/www.spymasterpro.com\/de\/wp-json\/wp\/v2\/users\/1"}],"replies":[{"embeddable":true,"href":"https:\/\/www.spymasterpro.com\/de\/wp-json\/wp\/v2\/comments?post=114"}],"version-history":[{"count":0,"href":"https:\/\/www.spymasterpro.com\/de\/wp-json\/wp\/v2\/pages\/114\/revisions"}],"wp:attachment":[{"href":"https:\/\/www.spymasterpro.com\/de\/wp-json\/wp\/v2\/media?parent=114"}],"curies":[{"name":"wp","href":"https:\/\/api.w.org\/{rel}","templated":true}]}}