{"id":109,"date":"2014-06-23T07:35:20","date_gmt":"2014-06-23T07:35:20","guid":{"rendered":"https:\/\/spymasterpro.com\/de\/?page_id=109"},"modified":"2019-05-07T07:17:56","modified_gmt":"2019-05-07T07:17:56","slug":"datenschutzerklarung","status":"publish","type":"page","link":"https:\/\/www.spymasterpro.com\/de\/datenschutzerklarung\/","title":{"rendered":"Datenschutzerkl\u00e4rung"},"content":{"rendered":"<p>Wir legen Wert darauf, dass Ihre Informationen bei uns sicher sind. Wir widmen uns ganz der Garantie, dass alle Ihre privaten Informationen wie Ihre Kreditkarte und Kontaktdetails niemals anderen mitgeteilt werden. Ihre Identit\u00e4t und Anonymit\u00e4t ist von h\u00f6chster Sicherheit f\u00fcr uns. Falls Sie aus einem Grund eine Information im Bezug auf Ihr Konto bei uns ben\u00f6tigen, wird es ganz sicher nicht an andere weiter gegeben, verkauft oder an Dritte vermietet. Wir sch\u00e4tzen Ihre Privatsph\u00e4re und sch\u00fctzen sie vor jeglichem Schaden. S\u00e4mtliche pers\u00f6nlichen Daten unserer Kunden sind durch SSL-Verschl\u00fcsselung verschl\u00fcsselt (Sicherer Server) und sichere Ma\u00dfnahmen sind getroffen, um Informationen in unseren Aufzeichnungen zu sichern.<\/p>\n<p><strong>Unsere Versandoption<\/strong><br \/>\nDas angebotene Produkt bietet weltweiten Versand und sichert garantierten Versand zu. Es ist anzumerken, dass digitale Produkte, die herunterladbar sind NICHT verschickt werden. Nachdem Sie erfolgreich bezahlt haben f\u00fcr Ihr Produkt, sind Sie sofort berechtigt, Ihr Produkt herunterzuladen. Bitte beachten Sie, dass wir kein In-Store Abholung.<\/p>\n<p><strong>Software Download R\u00fccksendungsoption<\/strong><br \/>\nFalls Sie jemals Probleme im Bezug auf das Herunterladen der Software haben, z\u00f6gern Sie nicht, uns 24 am Tag, 7 Tage die Woche eine E-Mail zu schreiben. Wir werden Probleme schnellst m\u00f6glich l\u00f6sen. Ein einmal gemachter Einkauf ist endg\u00fcltig und der einmalige in-store Kredit ist gesichert.<\/p>\n","protected":false},"excerpt":{"rendered":"<p>Wir legen Wert darauf, dass Ihre Informationen bei uns sicher sind. Wir widmen uns ganz der Garantie, dass alle Ihre privaten Informationen wie Ihre Kreditkarte und Kontaktdetails niemals anderen mitgeteilt werden. Ihre Identit\u00e4t und Anonymit\u00e4t ist von h\u00f6chster Sicherheit f\u00fcr uns. Falls Sie aus einem Grund eine Information im Bezug auf Ihr Konto bei uns &hellip; <a href=\"https:\/\/www.spymasterpro.com\/de\/datenschutzerklarung\/\" class=\"more-link\">Continue reading<span class=\"screen-reader-text\"> &#8220;Datenschutzerkl\u00e4rung&#8221;<\/span><\/a><\/p>\n","protected":false},"author":1,"featured_media":0,"parent":0,"menu_order":0,"comment_status":"open","ping_status":"open","template":"","meta":{"_acf_changed":false,"footnotes":""},"class_list":["post-109","page","type-page","status-publish","hentry"],"acf":[],"aioseo_notices":[],"_links":{"self":[{"href":"https:\/\/www.spymasterpro.com\/de\/wp-json\/wp\/v2\/pages\/109","targetHints":{"allow":["GET"]}}],"collection":[{"href":"https:\/\/www.spymasterpro.com\/de\/wp-json\/wp\/v2\/pages"}],"about":[{"href":"https:\/\/www.spymasterpro.com\/de\/wp-json\/wp\/v2\/types\/page"}],"author":[{"embeddable":true,"href":"https:\/\/www.spymasterpro.com\/de\/wp-json\/wp\/v2\/users\/1"}],"replies":[{"embeddable":true,"href":"https:\/\/www.spymasterpro.com\/de\/wp-json\/wp\/v2\/comments?post=109"}],"version-history":[{"count":0,"href":"https:\/\/www.spymasterpro.com\/de\/wp-json\/wp\/v2\/pages\/109\/revisions"}],"wp:attachment":[{"href":"https:\/\/www.spymasterpro.com\/de\/wp-json\/wp\/v2\/media?parent=109"}],"curies":[{"name":"wp","href":"https:\/\/api.w.org\/{rel}","templated":true}]}}