{"id":1064,"date":"2014-08-22T07:03:12","date_gmt":"2014-08-22T07:03:12","guid":{"rendered":"https:\/\/spymasterpro.com\/de\/?page_id=182"},"modified":"2023-03-22T16:26:39","modified_gmt":"2023-03-22T10:56:39","slug":"funktionen","status":"publish","type":"page","link":"https:\/\/www.spymasterpro.com\/de\/funktionen\/","title":{"rendered":"Funktionen"},"content":{"rendered":"<div id=\"pl-1064\" class=\"panel-layout\">\n<div id=\"pg-1064-0\" class=\"panel-grid panel-no-style\">\n<div id=\"pgc-1064-0-0\" class=\"panel-grid-cell\" data-weight=\"1\">\n<div id=\"panel-1064-0-0-0\" class=\"so-panel widget widget_text panel-first-child\" data-index=\"0\" data-style=\"{&quot;background_display&quot;:&quot;tile&quot;}\">\n<h3 class=\"widget-title\">Banner<\/h3>\n<div class=\"textwidget\">\n<section id=\"new_feature_banner\">\n<div class=\"container\">\n<div class=\"row\">\n<div class=\"col-xl-8 col-lg-8 col-md-8 col-sm-12 iphone_right_point text-xs-center text-md-left\">\n<h6>SpymasterPro bietet<br \/>\n\t\t\t\t\t\t\t\t\t\tfantastische Funktionen<br \/>\n\t\t\t\t\t\t\t\t\t<\/h6>\n<div class=\"slider_btn\"><a class=\"blue_btn\" href=\"..\/android-spion\/\">ANDROID<\/a> <a class=\"blue_btn demo_btn\" href=\"..\/iphone-spion\/\">IPHONE<\/a><\/div>\n<\/p><\/div>\n<div class=\"col-xl-4 col-lg-4 col-md-4 hidden-sm-down iphone_left_img\"><img decoding=\"async\" src=\"..\/wp-content\/uploads\/2017\/02\/features_img.png\" alt=\"img\" \/><\/div>\n<\/p><\/div>\n<\/p><\/div>\n<\/section><\/div>\n<\/p><\/div>\n<div id=\"panel-1064-0-0-1\" class=\"so-panel widget widget_text panel-last-child\" data-index=\"1\" data-style=\"{&quot;background_display&quot;:&quot;tile&quot;}\">\n<h3 class=\"widget-title\">Features<\/h3>\n<div class=\"textwidget\">\n<section id=\"feature\">\n<div class=\"container\">\n<div class=\"new_feature_part row align-items-center\">\n<div class=\"col-12 col-md-3 text-center\"><img decoding=\"async\" src=\"https:\/\/www.spymasterpro.com\/de\/wp-content\/uploads\/2019\/02\/tinder-feature.png\" alt=\"img\" \/><\/div>\n<div class=\"col-12 col-md-9 text-center text-md-start feature_new\">\n<h5>TINDER VERFOLGUNG<\/h5>\n<p>\t\t\t\t\t\t\t\t\tMit diesem Teil der Software haben Sie vollen Zugriff auf alle Nachrichten, die auf dem Mobilger\u00e4t des Zielbenutzers im Tinder-Profil freigegeben sind. Zeit- und Datumsangaben stehen Ihnen mit dieser Funktion ebenfalls zur Verf\u00fcgung.<br \/>\n\t\t\t\t\t\t\t\t\t<img decoding=\"async\" class=\"feature_line2\" src=\"..\/wp-content\/uploads\/2017\/02\/feature_line.png\" alt=\"img\" \/>\n\t\t\t\t\t\t\t\t<\/div>\n<\/p><\/div>\n<div class=\"new_feature_part row flex-row-reverse align-items-center\">\n<div class=\"col-12 col-md-3 text-center\"><img decoding=\"async\" src=\"https:\/\/www.spymasterpro.com\/de\/wp-content\/uploads\/2019\/02\/kik-feature.png\" alt=\"img\" \/><\/div>\n<div class=\"col-12 col-md-9 text-center text-md-start feature_new\">\n<h5>KIK VERFOLGUNG<\/h5>\n<p>\t\t\t\t\t\t\t\t\tMithilfe von Spymaster Pro k\u00f6nnen Sie die Facebook.Gespr\u00e4che-Threads des Zieltelefons nachverfolgen. Es holt sich auf clevere Weise die Facebook-Chats des Zieltelefons und kopiert sie in Ihr Dashboard. Sie k\u00f6nnen dann alle Chats mit Datum und Zeit durchlesen.<br \/>\n\t\t\t\t\t\t\t\t\t<img decoding=\"async\" class=\"feature_line\" src=\"..\/wp-content\/uploads\/2017\/02\/feature_line.png\" alt=\"img\" \/>\n\t\t\t\t\t\t\t\t<\/div>\n<\/p><\/div>\n<div class=\"new_feature_part row align-items-center\">\n<div class=\"col-12 col-md-3 text-center\"><img decoding=\"async\" src=\"https:\/\/www.spymasterpro.com\/de\/wp-content\/uploads\/2019\/02\/telegram-feature.png\" alt=\"img\" \/><\/div>\n<div class=\"col-12 col-md-9 text-center text-md-start feature_new\">\n<h5>TELEGRAMM VERFOLGUNG<\/h5>\n<p>\t\t\t\t\t\t\t\t\tSie k\u00f6nnen alle Chats im Telegrammprofil des Zielbenutzers \u00fcber Spymaster Pro sehen. Es ist sehr einfach und macht den Benutzer niemals darauf aufmerksam, dass die Daten an Ihr Dashboard gesendet werden. Sie erhalten die Daten mit Uhrzeit und Datum.<br \/>\n\t\t\t\t\t\t\t\t\t<img decoding=\"async\" class=\"feature_line2\" src=\"..\/wp-content\/uploads\/2017\/02\/feature_line.png\" alt=\"img\" \/>\n\t\t\t\t\t\t\t\t<\/div>\n<\/p><\/div>\n<div class=\"new_feature_part row flex-row-reverse align-items-center\">\n<div class=\"col-12 col-md-3 text-center\"><img decoding=\"async\" src=\"..\/wp-content\/uploads\/2017\/02\/feature_newicon1.png\" alt=\"img\" \/><\/div>\n<div class=\"col-12 col-md-9 text-center text-md-start feature_new\">\n<h5>SMS Verfolgung:<\/h5>\n<p>\t\t\t\t\t\t\t\t\tEine der einzigartigen Funktionen, die Sie mit Skymaster Pro erhalten ist das SMS tracking.Mit diesem Werkzeug, dem SMS Spion, k\u00f6nnen Sie einen Einblick in alle SMS-Nachrichten, die \u00fcber das \u00fcberwachte Handy abgewickelt werden und somit die SMS abfangen. Sie erhalten. Auf diesem Weg erhalten Sie alle Nachrichten, die empfangen, gelesen oder gel\u00f6scht wurden.<br \/>\n\t\t\t\t\t\t\t\t\t<img decoding=\"async\" class=\"feature_line\" src=\"..\/wp-content\/uploads\/2017\/02\/feature_line.png\" alt=\"img\" \/>\n\t\t\t\t\t\t\t\t<\/div>\n<\/p><\/div>\n<div class=\"new_feature_part row align-items-center\">\n<div class=\"col-12 col-md-3 text-center\"><img decoding=\"async\" src=\"..\/wp-content\/uploads\/2017\/02\/feature_newicon3.png\" alt=\"img\" \/><\/div>\n<div class=\"col-12 col-md-9 text-center text-md-start feature_new\">\n<h5>Anrufzuh\u00f6rung<\/h5>\n<p>\t\t\t\t\t\t\t\t\tDer Benutzer kann einfach alle Anrufe, die von oder an das \u00fcberwachte Handy gemacht worden sind, einsehen. Die Aktivit\u00e4ten des \u00fcberwachten Handys werden aufgezeichnet und der Benutzer sieht alle ein- und abgehenden Anrufe, die Zeit, Dauer und vieles mehr.<br \/>\n\t\t\t\t\t\t\t\t\t<img decoding=\"async\" class=\"feature_line2\" src=\"..\/wp-content\/uploads\/2017\/02\/feature_line.png\" alt=\"img\" \/>\n\t\t\t\t\t\t\t\t<\/div>\n<\/p><\/div>\n<div class=\"new_feature_part row flex-row-reverse align-items-center\">\n<div class=\"col-12 col-md-3 text-center\"><img decoding=\"async\" src=\"..\/wp-content\/uploads\/2017\/02\/feature_newicon4.png\" alt=\"img\" \/><\/div>\n<div class=\"col-12 col-md-9 text-center text-md-start feature_new\">\n<h5>SPS STANDORT RACKING<\/h5>\n<p>\t\t\t\t\t\t\t\t\tSpymaster Pro erm\u00f6glicht Ihnen den Standort des \u00fcberwachten Handys auf einer Karte durch Tracking anzuzeigen. Durch das Handy orten k\u00f6nnen Sie einfach alle Orte sehen, an denen das Telefon ist! Wenn Sie das Handy verloren haben, k\u00f6nnen Sie ganz einfach eine Ortung durchf\u00fchren.<br \/>\n\t\t\t\t\t\t\t\t\t<img decoding=\"async\" class=\"feature_line\" src=\"..\/wp-content\/uploads\/2017\/02\/feature_line.png\" alt=\"img\" \/>\n\t\t\t\t\t\t\t\t<\/div>\n<\/p><\/div>\n<div class=\"col-xl-12 strip_txt text-xs-center\">Holen Sie sich die Spymaster Basic nur von \u20ac6.66 pro Monat<\/div>\n<div class=\"strip_btn feature_bottom text-xs-center\"><a class=\"white_btn demo_btn\" href=\"..\/android-spion\/\">Android Spion<\/a> <a class=\"blue_btn\" href=\"..\/jetzt-kaufen\/\">JETZT KAUFEN <\/a><\/div>\n<div class=\"new_feature_part row align-items-center\">\n<div class=\"col-12 col-md-3 text-center\"><img decoding=\"async\" src=\"..\/wp-content\/uploads\/2017\/02\/feature_newicon6.png\" alt=\"img\" \/><\/div>\n<div class=\"col-12 col-md-9 text-center text-md-start feature_new\">\n<h5>Email Verfolgung<\/h5>\n<p>\t\t\t\t\t\t\t\t\tSpymaster Pro ist ein Ass auf dem Gebiet des Abfangens von Nachrichten, Anrufen und \u00c4hnlichem. Es ist es ebenfalls ein Experte bei der Verfolgung der E-Mails! Der Benutzer kann alle \u00fcberwachten E-Mails lesen, verfolgen und Ihren Inhalt sehen.<br \/>\n\t\t\t\t\t\t\t\t\t<img decoding=\"async\" class=\"feature_line2\" src=\"..\/wp-content\/uploads\/2017\/02\/feature_line.png\" alt=\"img\" \/>\n\t\t\t\t\t\t\t\t<\/div>\n<\/p><\/div>\n<div class=\"new_feature_part row flex-row-reverse align-items-center\">\n<div class=\"col-12 col-md-3 text-center\"><img decoding=\"async\" src=\"..\/wp-content\/uploads\/2017\/02\/feature_newicon7.png\" alt=\"img\" \/><\/div>\n<div class=\"col-12 col-md-9 text-center text-md-start feature_new\">\n<h5>Whatsapp Tracking<\/h5>\n<p>\t\t\t\t\t\t\t\t\tSpymaster Pro ist ein Experte, wenn es darum geht, Nachrichten abzufangen, die Software kopiert alle Chats, die auf Whatsapp stattfinden und l\u00e4dt sie direct auf das Anwender-Dashboard hoch. Auf diese Weise k\u00f6nnen Sie alle Chats lesen.<br \/>\n\t\t\t\t\t\t\t\t\t<img decoding=\"async\" class=\"feature_line\" src=\"..\/wp-content\/uploads\/2017\/02\/feature_line.png\" alt=\"img\" \/>\n\t\t\t\t\t\t\t\t<\/div>\n<\/p><\/div>\n<div class=\"new_feature_part row align-items-center\">\n<div class=\"col-12 col-md-3 text-center\"><img decoding=\"async\" src=\"..\/wp-content\/uploads\/2017\/02\/feature_newicon8.jpg\" alt=\"img\" \/><\/div>\n<div class=\"col-12 col-md-9 text-center text-md-start feature_new\">\n<h5>Facebook Tracking<\/h5>\n<p>\t\t\t\t\t\t\t\t\tMithilfe von Spymaster Pro k\u00f6nnen Sie die Facebook.Gespr\u00e4che-Threads des Zieltelefons nachverfolgen. Es holt sich auf clevere Weise die Facebook-Chats des Zieltelefons und kopiert sie in Ihr Dashboard. Sie k\u00f6nnen dann alle Chats mit Datum und Zeit durchlesen.<br \/>\n\t\t\t\t\t\t\t\t\t<img decoding=\"async\" class=\"feature_line2\" src=\"..\/wp-content\/uploads\/2017\/02\/feature_line.png\" alt=\"img\" \/>\n\t\t\t\t\t\t\t\t<\/div>\n<\/p><\/div>\n<div class=\"new_feature_part row flex-row-reverse align-items-center\">\n<div class=\"col-12 col-md-3 text-center\"><img decoding=\"async\" src=\"https:\/\/www.spymasterpro.com\/de\/wp-content\/uploads\/2017\/02\/feature_newicon10.png\" alt=\"img\" \/><\/div>\n<div class=\"col-12 col-md-9 text-center text-md-start feature_new\">\n<h5>Kalender, Telefonbuch &amp; Kalenderzugang<\/h5>\n<p>\t\t\t\t\t\t\t\t\tMit Hilfe von Spymaster Pro k\u00f6nnen Sie einfach alle Kontakte von dem \u00fcberwachten Handy sehen. Zusammen mit den Kontakten werden alle Details gezeigt, weswegen Sie die Kontakte mit Leichtigkeit sehen k\u00f6nnen. Auf \u00e4hnliche Weise k\u00f6nnen Sie die Kalenderaktivit\u00e4ten einsehen.<br \/>\n\t\t\t\t\t\t\t\t\t<img decoding=\"async\" class=\"feature_line\" src=\"..\/wp-content\/uploads\/2017\/02\/feature_line.png\" alt=\"img\" \/>\n\t\t\t\t\t\t\t\t<\/div>\n<\/p><\/div>\n<div class=\"new_feature_part row align-items-center\">\n<div class=\"col-12 col-md-3 text-center\"><img decoding=\"async\" src=\"..\/wp-content\/uploads\/2017\/02\/feature_newicon11.png\" alt=\"img\" \/><\/div>\n<div class=\"col-12 col-md-9 text-center text-md-start feature_new\">\n<h5>Foto Tracking a.k.a Multimedia<\/h5>\n<p>\t\t\t\t\t\t\t\t\tMit Spymaster Pro k\u00f6nnen Sie auf alle Mediadaten des \u00fcberwachten Handys zugreifen. Dadurch haben Sie einen direkten Zugriff auf die Alben und Sie k\u00f6nnen alle Fotos die in diesen gespeichert sind, einsehen.<br \/>\n\t\t\t\t\t\t\t\t\t<img decoding=\"async\" class=\"feature_line2\" src=\"..\/wp-content\/uploads\/2017\/02\/feature_line.png\" alt=\"img\" \/>\n\t\t\t\t\t\t\t\t<\/div>\n<\/p><\/div>\n<div class=\"new_feature_part row flex-row-reverse align-items-center\">\n<div class=\"col-12 col-md-3 text-center\"><img decoding=\"async\" src=\"https:\/\/www.spymasterpro.com\/de\/wp-content\/uploads\/2014\/08\/feature_1.png\" alt=\"img\" \/><\/div>\n<div class=\"col-12 col-md-9 text-center text-md-start feature_new\">\n<h5>SNAPCHAT Verfolgung<\/h5>\n<p>\t\t\t\t\t\t\t\t\tMit dieser Funktion k\u00f6nnen Sie die volle Kontrolle \u00fcber die Textnachrichten haben, die vom Zieltelefon ausgetauscht werden. Abgesehen davon k\u00f6nnen Sie auf komplette Informationen zugreifen, wie genau das Datum und die Uhrzeit, an der die Chats ausgetauscht wurden.<br \/>\n\t\t\t\t\t\t\t\t\t<img decoding=\"async\" class=\"feature_line\" src=\"..\/wp-content\/uploads\/2017\/02\/feature_line.png\" alt=\"img\" \/>\n\t\t\t\t\t\t\t\t<\/div>\n<\/p><\/div>\n<div class=\"new_feature_part row align-items-center\">\n<div class=\"col-12 col-md-3 text-center\"><img decoding=\"async\" src=\"https:\/\/www.spymasterpro.com\/de\/wp-content\/uploads\/2014\/08\/feature_2.png\" alt=\"img\" \/><\/div>\n<div class=\"col-12 col-md-9 text-center text-md-start feature_new\">\n<h5>INSTAGRAM Verfolgung<\/h5>\n<p>\t\t\t\t\t\t\t\t\tMit Spymaster Pro k\u00f6nnen Sie die Chat-Nachrichten lesen und die volle Kontrolle \u00fcber die Mediendateien (Fotos &amp; Videos) haben, die vom Ziel Android\/iPhone.<br \/>\n\t\t\t\t\t\t\t\t\t<img decoding=\"async\" class=\"feature_line2\" src=\"..\/wp-content\/uploads\/2017\/02\/feature_line.png\" alt=\"img\" \/>\n\t\t\t\t\t\t\t\t<\/div>\n<\/p><\/div>\n<div class=\"col-xl-12 strip_txt text-xs-center\">Holen Sie sich die Spymaster Pro iPhone nur von \u20ac9.99 pro Monat<\/div>\n<div class=\"strip_btn feature_bottom text-xs-center\"><a class=\"white_btn demo_btn\" href=\"..\/iphone-spion\/\">iPhone Spion<\/a> <a class=\"blue_btn\" href=\"..\/jetzt-kaufen\/\">HIER KAUFEN<\/a><\/div>\n<\/p><\/div>\n<\/section><\/div>\n<\/p><\/div>\n<\/p><\/div>\n<\/p><\/div>\n<\/div>\n","protected":false},"excerpt":{"rendered":"<p>Banner SpymasterPro bietet fantastische Funktionen ANDROID IPHONE Features TINDER VERFOLGUNG Mit diesem Teil der Software haben Sie vollen Zugriff auf alle Nachrichten, die auf dem Mobilger\u00e4t des Zielbenutzers im Tinder-Profil freigegeben sind. Zeit- und Datumsangaben stehen Ihnen mit dieser Funktion ebenfalls zur Verf\u00fcgung. KIK VERFOLGUNG Mithilfe von Spymaster Pro k\u00f6nnen Sie die Facebook.Gespr\u00e4che-Threads des Zieltelefons &hellip; <a href=\"https:\/\/www.spymasterpro.com\/de\/funktionen\/\" class=\"more-link\">Continue reading<span class=\"screen-reader-text\"> &#8220;Funktionen&#8221;<\/span><\/a><\/p>\n","protected":false},"author":1,"featured_media":0,"parent":0,"menu_order":0,"comment_status":"open","ping_status":"open","template":"page-full.php","meta":{"_acf_changed":false,"footnotes":""},"class_list":["post-1064","page","type-page","status-publish","hentry"],"acf":[],"aioseo_notices":[],"_links":{"self":[{"href":"https:\/\/www.spymasterpro.com\/de\/wp-json\/wp\/v2\/pages\/1064","targetHints":{"allow":["GET"]}}],"collection":[{"href":"https:\/\/www.spymasterpro.com\/de\/wp-json\/wp\/v2\/pages"}],"about":[{"href":"https:\/\/www.spymasterpro.com\/de\/wp-json\/wp\/v2\/types\/page"}],"author":[{"embeddable":true,"href":"https:\/\/www.spymasterpro.com\/de\/wp-json\/wp\/v2\/users\/1"}],"replies":[{"embeddable":true,"href":"https:\/\/www.spymasterpro.com\/de\/wp-json\/wp\/v2\/comments?post=1064"}],"version-history":[{"count":5,"href":"https:\/\/www.spymasterpro.com\/de\/wp-json\/wp\/v2\/pages\/1064\/revisions"}],"predecessor-version":[{"id":4069,"href":"https:\/\/www.spymasterpro.com\/de\/wp-json\/wp\/v2\/pages\/1064\/revisions\/4069"}],"wp:attachment":[{"href":"https:\/\/www.spymasterpro.com\/de\/wp-json\/wp\/v2\/media?parent=1064"}],"curies":[{"name":"wp","href":"https:\/\/api.w.org\/{rel}","templated":true}]}}