{"id":105,"date":"2014-06-25T10:38:32","date_gmt":"2014-06-25T10:38:32","guid":{"rendered":"https:\/\/spymasterpro.com\/de\/?page_id=105"},"modified":"2019-05-07T07:19:45","modified_gmt":"2019-05-07T07:19:45","slug":"affiliate","status":"publish","type":"page","link":"https:\/\/www.spymasterpro.com\/de\/affiliate\/","title":{"rendered":"Affiliate"},"content":{"rendered":"<div id=\"pl-105\" class=\"panel-layout\">\n<div id=\"pg-105-0\" class=\"panel-grid panel-no-style\">\n<div id=\"pgc-105-0-0\" class=\"panel-grid-cell\" data-weight=\"1\">\n<div id=\"panel-105-0-0-0\" class=\"so-panel widget_text panel-first-child\" data-index=\"0\" data-style=\"{&quot;background_display&quot;:&quot;tile&quot;}\">\n<div class=\"textwidget\">\n<section id=\"affilate_program_banner\">\n<div class=\"container\">\n<div class=\"row\">\n<div class=\"col-xl-9 col-lg-9 col-md-9 col-sm-12 iphone_right_point\">\n<h4>NEHMEN SIE TEIL AM SPYMASTERPRO Affiliate-Programm (Partnerprogramm)<\/h4>\n<h6>Erh\u00f6hen Sie Ihr Einkommen mit Premium-Produkten<\/h6>\n<ul>\n<li>$95.5 Durchschnittlicher Verkaufspreis<\/li>\n<li>120 Tages Cookie-Lebensdauer<\/li>\n<li>1.5% Durchschnittliche Erstatttungsrate<\/li>\n<\/ul>\n<div class=\"slider_btn\"><a class=\"blue_btn\" href=\"..\/affiliate-process\/\">Werden Sie Partner<\/a> <a class=\"blue_btn\" href=\"https:\/\/spymasterpro.offerit.com\/\">Login<\/a><\/div>\n<\/div>\n<\/div>\n<\/div>\n<\/section>\n<\/div>\n<\/div>\n<div id=\"panel-105-0-0-1\" class=\"so-panel widget_text\" data-index=\"1\" data-style=\"{&quot;background_display&quot;:&quot;tile&quot;}\">\n<div class=\"textwidget\">\n<section id=\"affilate_program\">\n<div class=\"container\">\n<div class=\"row\">\n<div class=\"col-xs-12 text-xs-center affilate_txt\">\n<h4>Was ist das SPYMASTERPRO Affiliate-Programm (Partnerprogramm)?<\/h4>\n<p>Spymaster Pro ist eine sehr renommierte \u00dcberwachungssoftware am Markt. Nehmen Sie teil an unserem Affiliate-Programm und beginnen Sie, gutes Geld zu verdienen. Wir bieten Ihnen mindestens 50 % Profit auf jeden Verkauf, den Sie zu uns \u00fcberleiten. Mehr Verk\u00e4ufe bedeuten einen gr\u00f6\u00dferen Anteil am Profit. Sie k\u00f6nnen bis zu 70% Anteil an jedem Spymaster Pro Produktverkauf partizipieren. Darum gilt das Motto: Beginnen Sie, unsere Produkte zu verkaufen und werden Sie bald wohlhabend.<\/p>\n<\/div>\n<div class=\"col-xs-12\">\n<div class=\"feature_heading text-xs-center\">\n<h3>Ihr Provisionsanteil steigt in dem Ma\u00dfe, in dem<\/h3>\n<\/div>\n<div class=\"row\">\n<div class=\"col-xl-3 col-lg-3 col-md-3 col-sm-6 text-xs-center\">\n<div class=\"commision_bx\">\n<h3>$ 2.000<\/h3>\n<p>Verdienen unsere Affiliates pro Monat<\/p>\n<\/div>\n<\/div>\n<div class=\"col-xl-3 col-lg-3 col-md-3 col-sm-6 text-xs-center\">\n<div class=\"commision_bx\">\n<h3>30<\/h3>\n<p>Tage Ums\u00e4tze werden von uns getrackt<\/p>\n<\/div>\n<\/div>\n<div class=\"col-xl-3 col-lg-3 col-md-3 col-sm-6 text-xs-center\">\n<div class=\"commision_bx\">\n<h3>$50<\/h3>\n<p>Durchschnittliche Provision pro Verkaufsumsatz<\/p>\n<\/div>\n<\/div>\n<div class=\"col-xl-3 col-lg-3 col-md-3 col-sm-6 text-xs-center\">\n<div class=\"commision_bx\">\n<h3>200<\/h3>\n<p>Affiliates sind bereits f\u00fcr uns t\u00e4tig<\/p>\n<\/div>\n<\/div>\n<\/div>\n<\/div>\n<div class=\"col-xs-12 text-xs-center affilate_txt\">\n<h4>Wir lassen Sie nicht alleine; Wir begleiten Sie die ganze Zeit \u00fcber.<\/h4>\n<p>Spymaster Pro w\u00fcrde Sie niemals im Regen stehen lassen, nachdem Sie unserem Affiliate-Programm beigetreten sind. Sobald Sie sich bei unserem Partnerprogramm auf Spymaster Pro registriert haben, wird Ihnen ein engagierter professioneller Experte zugeteilt. Er wird Sie auf Ihrem neuen Karriereweg st\u00e4ndig hilfreich begleiten, damit Sie mehr und mehr Verkaufsums\u00e4tze generieren.<\/p>\n<p><a class=\"blue_btn\" href=\"..\/affiliate\/\">Jetzt teilnehmen<\/a><\/p>\n<\/div>\n<div class=\"col-xs-12\">\n<div class=\"feature_heading text-xs-center\">\n<h3>Wir arbeiten die ganze Zeit \u00fcber eng mit Ihnen zusammen<\/h3>\n<\/div>\n<div class=\"row\">\n<div class=\"col-xl-4 col-lg-4 col-md-4 text-xs-center\">\n<div class=\"affilate_work\">\n<p><img decoding=\"async\" src=\"..\/wp-content\/uploads\/2017\/02\/affilate_icon1.png\" alt=\"icon_img\" \/><\/p>\n<h5>Hohe Provisionen<\/h5>\n<p>Werden Sie unser Affiliate und erhalten Sie als h\u00f6chste Provision 50% auf jeden Verkaufsumsatz. Sichern Sie sich diese Gelegenheit heute und nutzen Sie alle Vorteile dieser Partnerschaft.<\/p>\n<p><a class=\"blue_btn\" href=\"..\/affiliate\/\">Werden Sie Partner<\/a><\/p>\n<\/div>\n<\/div>\n<div class=\"col-xl-4 col-lg-4 col-md-4 text-xs-center\">\n<div class=\"affilate_work\">\n<p><img decoding=\"async\" src=\"..\/wp-content\/uploads\/2017\/02\/affilate_icon2.png\" alt=\"icon_img\" \/><\/p>\n<h5>Erstklassige Software<\/h5>\n<p>Unsere Software ist kompatibel mit den neuesten mobilen Betriebssystemversionen von Android und iPhone. Sie funktioniert problemlos und bietet zahlreiche Funktionen.<\/p>\n<p><a class=\"blue_btn\" href=\"..\/affiliate\/\">Werden Sie Partner<\/a><\/p>\n<\/div>\n<\/div>\n<div class=\"col-xl-4 col-lg-4 col-md-4 text-xs-center\">\n<div class=\"affilate_work\">\n<p><img decoding=\"async\" src=\"..\/wp-content\/uploads\/2017\/02\/affilate_icon3.png\" alt=\"icon_img\" \/><\/p>\n<h5>Bezahlt werden f\u00fcr jeden Verkaufsumsatz<\/h5>\n<p>Ja, jeder Verkauf wird von uns honoriert und Sie werden f\u00fcr jeden Umsatz von uns bezahlt! Wir glauben an faire Gesch\u00e4ftspraktiken und jede gesch\u00e4ftliche Allianz ist uns heilig.<\/p>\n<p><a class=\"blue_btn\" href=\"..\/affiliate\/\">Werden Sie Partner<\/a><\/p>\n<\/div>\n<\/div>\n<\/div>\n<\/div>\n<\/div>\n<\/div>\n<\/section>\n<\/div>\n<\/div>\n<div id=\"panel-105-0-0-2\" class=\"so-panel widget_text panel-last-child\" data-index=\"2\" data-style=\"{&quot;background_image_attachment&quot;:false,&quot;background_display&quot;:&quot;tile&quot;}\">\n<div class=\"textwidget\">\n<section id=\"affilate_program\">\n<div class=\"container\">\n<div class=\"col-xs-12 affilate_faq\">\n<div class=\"feature_heading text-xs-center\">\n<h3>H\u00c4UFIG GESTELLTE FRAGEN<\/h3>\n<\/div>\n<div class=\"row\">\n<div id=\"bs-collapse\" class=\"panel-group wrap\">\n<div class=\"col-md-6 col-sm-12\">\n<div class=\"panel\">\n<div class=\"panel-heading\">\n<h4 class=\"panel-title\"><a href=\"#one\" data-toggle=\"collapse\" data-parent=\"#\">Wie wird man eina Spymaster Pro Affiliate?<\/a><\/h4>\n<\/div>\n<div id=\"one\" class=\"panel-collapse collapse\">\n<div class=\"panel-body\">F\u00fcllen Sie online das Affiliates-Formular, das Sie auf unserer Website finden <a href=\"..\/affiliate\/\"><strong><!--?php echo site_url();?-->\/affiliates\/<\/strong><\/a><\/div>\n<\/div>\n<\/div>\n<p><!-- end of panel --><\/p>\n<div class=\"panel\">\n<div class=\"panel-heading\">\n<h4 class=\"panel-title\"><a href=\"#two\" data-toggle=\"collapse\" data-parent=\"#\">Muss ich daf\u00fcr etwas zahlen?<\/a><\/h4>\n<\/div>\n<div id=\"two\" class=\"panel-collapse collapse\">\n<div class=\"panel-body\">Nein, Ihnen entstehen keinerlei Kosten oder Geb\u00fchren, um Affiliate bei Spymaster Pro zu werden. Es ist absolut kostenlos. Zudem k\u00f6nnen Sie mehr Geld verdienen, indem Sie weitere Verkaufsums\u00e4tze \u00fcber Ihre Links generieren.<\/div>\n<\/div>\n<\/div>\n<p><!-- end of panel --><\/p>\n<div class=\"panel\">\n<div class=\"panel-heading\">\n<h4 class=\"panel-title\"><a href=\"#three\" data-toggle=\"collapse\" data-parent=\"#\">Kann ich dieses Werbematerial auf meine Website oder in meinen Blog stellen?<\/a><\/h4>\n<\/div>\n<div id=\"three\" class=\"panel-collapse collapse\">\n<div class=\"panel-body\">Unbedingt! Um weitere Verkaufsums\u00e4tze zu erzielen, macht es absolut Sinn, das werbematerial auf Ihre Website oder in Ihren Blog zu stellen.<\/div>\n<\/div>\n<\/div>\n<p><!-- end of panel --><\/p>\n<div class=\"panel\">\n<div class=\"panel-heading\">\n<h4 class=\"panel-title\"><a href=\"#four\" data-toggle=\"collapse\" data-parent=\"#\">Ist es n\u00f6tig, eine Website oder einen Blog zu betreiben, um Affiliate zu werden?<\/a><\/h4>\n<\/div>\n<div id=\"four\" class=\"panel-collapse collapse\">\n<div class=\"panel-body\">Nein, es ist nicht zwingend notwendig, eine eigene Website oder einen Blog zu haben, um Affiliate zu werden. Sie k\u00f6nne auch andere Werbekan\u00e4le nutzen, um Geld zu verdienen wie etwa Cost per Click (Klickverg\u00fctung, E-Mail-Marketing, usw.<\/div>\n<\/div>\n<\/div>\n<p><!-- end of panel --><\/p>\n<div class=\"panel\">\n<div class=\"panel-heading\">\n<h4 class=\"panel-title\"><a href=\"#nine\" data-toggle=\"collapse\" data-parent=\"#\">Wo erhalte ich die Links, die ich auf meine Seite tun soll?<\/a><\/h4>\n<\/div>\n<div id=\"nine\" class=\"panel-collapse collapse\">\n<div class=\"panel-body\">Nach Ausf\u00fcllen des Online-Forumlars <a href=\"..\/affiliate\/\"><strong>..\/affiliate\/<\/strong><\/a>,sind Sie ein Affiliate von Spymaster Pro und erhalten einen eigenen Benutzernamen sowie ein Passwort. Es wird ein autmatischer Link f\u00fcr Sie generiert werden. Nun k\u00f6nnen Sie mit Verwenden dieses Links anfangen, die Produkte von Spymaster Pro zu verkaufen. Stellen Sie diesen Link einfach durch Kopieren und einf\u00fcgen auf Ihre Websiet oder in Ihren Blog. Der Kunde wird diesen Link klicken und somit durch Ihre Empfehlung die Spymaster Pro Website besuchen.<\/div>\n<\/div>\n<\/div>\n<p><!-- end of panel --><\/p>\n<div class=\"panel\">\n<div class=\"panel-heading\">\n<h4 class=\"panel-title\"><a href=\"#ten\" data-toggle=\"collapse\" data-parent=\"#\">Wie stele ich fest, dass ich einen Verkaufsumsatz erzielt habe?<\/a><\/h4>\n<\/div>\n<div id=\"ten\" class=\"panel-collapse collapse\">\n<div class=\"panel-body\">Wenn ein Kunde die Spymaster Pro Website \u00fcber Ihren mit Ihrer Affiliate-ID generierten Empfehlungslink besucht und dann die Software bei uns kauft, erhalten Sie eine E-Mail \u00fcber diesen Kauf. Sie werden Ihren festgesetzten prozentualen Anteil auf den aktuellen Preis des Proddukts.<\/div>\n<\/div>\n<\/div>\n<\/div>\n<p><!-- end of #bs-collapse --><\/p>\n<div class=\"col-md-6 col-sm-12\">\n<div class=\"panel\">\n<div class=\"panel-heading\">\n<h4 class=\"panel-title\"><a href=\"#five\" data-toggle=\"collapse\" data-parent=\"#\">Wie werde ich bezahlt?<\/a><\/h4>\n<\/div>\n<div id=\"five\" class=\"panel-collapse collapse\">\n<div class=\"panel-body\">Sie erhalten Ihre Bezahlung monatlich.<\/div>\n<\/div>\n<\/div>\n<p><!-- end of panel --><\/p>\n<div class=\"panel\">\n<div class=\"panel-heading\">\n<h4 class=\"panel-title\"><a href=\"#six\" data-toggle=\"collapse\" data-parent=\"#\">Muss ich nach einem Verkaufsumsatz Kundenservice bereitstellen?<\/a><\/h4>\n<\/div>\n<div id=\"six\" class=\"panel-collapse collapse\">\n<div class=\"panel-body\">Nein, \u00fcber den Kundenservice brauchen Sie sich keine Gedanken zu machen. Sas \u00fcbernehmen wir. Sie m\u00fcssen nur potentielle Besucher zu tats\u00e4chlichen Besuchern unserer Seite machen und sich nach erfolgtem Verkaufsumsatz am Geld erfreuen, was wir Ihnen zahlen. Alles \u00fcbrige \u00fcbernimmt das Spymaster Pro Team.<\/div>\n<\/div>\n<\/div>\n<p><!-- end of panel --><\/p>\n<div class=\"panel\">\n<div class=\"panel-heading\">\n<h4 class=\"panel-title\"><a href=\"#seven\" data-toggle=\"collapse\" data-parent=\"#\">Kann ich auch in meinem Newsletter oder e-zine werben?<\/a><\/h4>\n<\/div>\n<div id=\"seven\" class=\"panel-collapse collapse\">\n<div class=\"panel-body\">Sie k\u00f6nnen jede Methode oder Technik des modernen Internet-Marketing nutzen, die denkbar ist, um Besucher auf unsere Website zu f\u00fchren und unsere Verkaufsums\u00e4tze zu steigern.<\/div>\n<\/div>\n<\/div>\n<p><!-- end of panel --><\/p>\n<div class=\"panel\">\n<div class=\"panel-heading\">\n<h4 class=\"panel-title\"><a href=\"#eight\" data-toggle=\"collapse\" data-parent=\"#\">Welches sind Ihre Zielgruppen?<\/a><\/h4>\n<\/div>\n<div id=\"eight\" class=\"panel-collapse collapse\">\n<div class=\"panel-body\">\n<p>Obwohl nat\u00fcrlich jeder Spymaster Pro verwenden kann, gibt es doch einen Zielmarkt f\u00fcr diese Software:<\/p>\n<ul>\n<li><strong>Besorgte Eltern:<\/strong> um die Mobilfunkaktivit\u00e4ten ihrer heranwachsenden Kinder zu tracken und zu \u00fcberwachen<\/li>\n<li><strong>Familien:<\/strong> um gegenseitig auf sich aufzupassen<\/li>\n<li><strong>Firmeninhaber:<\/strong> um insgeheim auf ihre Mitarbeiter achtzugeben<\/li>\n<\/ul>\n<\/div>\n<\/div>\n<\/div>\n<div class=\"panel\">\n<div class=\"panel-heading\">\n<h4 class=\"panel-title\"><a href=\"#eleven\" data-toggle=\"collapse\" data-parent=\"#\">Welche Sprachen und L\u00e4nder werden von Spymaster Pro unterst\u00fctzt?<\/a><\/h4>\n<\/div>\n<div id=\"eleven\" class=\"panel-collapse collapse\">\n<div class=\"panel-body\">\n<p>Wir arbeiten hart, um in jeder Region dieser Welt, in der Spymaster Pro genutzt wird, vollen Support bieten zu k\u00f6nnen. Wir verstehen uns als Weltmarktf\u00fchrer in der \u00dcberwachungsbranche. Wir bieten unseren Kunden die bestm\u00f6glichen Dienstleistungen, die diese weltweit erhalten k\u00f6nnen. Wir bieten unsere Dienste in folgenden Sprachen an:<\/p>\n<ul>\n<li>Italienisch<\/li>\n<li>Portugisisch<\/li>\n<li>Englisch<\/li>\n<li>Spanisch<\/li>\n<li>Deutsch<\/li>\n<li>Serbisch<\/li>\n<li>Franz\u00f6sisch<\/li>\n<li>Thail\u00e4ndisch<\/li>\n<li>T\u00fcrkisch<\/li>\n<\/ul>\n<\/div>\n<\/div>\n<\/div>\n<div class=\"panel\">\n<div class=\"panel-heading\">\n<h4 class=\"panel-title\"><a href=\"#twelve\" data-toggle=\"collapse\" data-parent=\"#\">Ich habe eine andere Frage, die nicht durch diese FAQ beantwortet wird.<\/a><\/h4>\n<\/div>\n<div id=\"twelve\" class=\"panel-collapse collapse\">\n<div class=\"panel-body\">Wir freuen uns, Ihnen jederzeit weiterhelfen zu k\u00f6nnen. Kontaktieren Sie uns f\u00fcr weitere Informationen unter <strong>affiliates@spymasterpro.com<\/strong><\/div>\n<\/div>\n<\/div>\n<\/div>\n<\/div>\n<\/div>\n<\/div>\n<div class=\"col-xs-12 text-xs-center affilate_bottom\">\n<p><a class=\"blue_btn\" href=\"..\/affiliate\/\">Jetzt registrieren<\/a> <a class=\"blue_btn\" href=\"https:\/\/spymasterpro.offerit.com\/\">Login<\/a><\/p>\n<h4>Sie haben noch eine Frage? Z\u00f6gern Sie nicht, uns zu kontaktieren unter affiliates@spymasterpro.com<\/h4>\n<\/div>\n<\/div>\n<\/section>\n<\/div>\n<\/div>\n<\/div>\n<\/div>\n<\/div>\n","protected":false},"excerpt":{"rendered":"<p>NEHMEN SIE TEIL AM SPYMASTERPRO Affiliate-Programm (Partnerprogramm) Erh\u00f6hen Sie Ihr Einkommen mit Premium-Produkten $95.5 Durchschnittlicher Verkaufspreis 120 Tages Cookie-Lebensdauer 1.5% Durchschnittliche Erstatttungsrate Werden Sie Partner Login Was ist das SPYMASTERPRO Affiliate-Programm (Partnerprogramm)? Spymaster Pro ist eine sehr renommierte \u00dcberwachungssoftware am Markt. Nehmen Sie teil an unserem Affiliate-Programm und beginnen Sie, gutes Geld zu verdienen. Wir &hellip; <a href=\"https:\/\/www.spymasterpro.com\/de\/affiliate\/\" class=\"more-link\">Continue reading<span class=\"screen-reader-text\"> &#8220;Affiliate&#8221;<\/span><\/a><\/p>\n","protected":false},"author":1,"featured_media":0,"parent":0,"menu_order":0,"comment_status":"open","ping_status":"open","template":"page-full.php","meta":{"_acf_changed":false,"footnotes":""},"class_list":["post-105","page","type-page","status-publish","hentry"],"acf":[],"aioseo_notices":[],"_links":{"self":[{"href":"https:\/\/www.spymasterpro.com\/de\/wp-json\/wp\/v2\/pages\/105","targetHints":{"allow":["GET"]}}],"collection":[{"href":"https:\/\/www.spymasterpro.com\/de\/wp-json\/wp\/v2\/pages"}],"about":[{"href":"https:\/\/www.spymasterpro.com\/de\/wp-json\/wp\/v2\/types\/page"}],"author":[{"embeddable":true,"href":"https:\/\/www.spymasterpro.com\/de\/wp-json\/wp\/v2\/users\/1"}],"replies":[{"embeddable":true,"href":"https:\/\/www.spymasterpro.com\/de\/wp-json\/wp\/v2\/comments?post=105"}],"version-history":[{"count":0,"href":"https:\/\/www.spymasterpro.com\/de\/wp-json\/wp\/v2\/pages\/105\/revisions"}],"wp:attachment":[{"href":"https:\/\/www.spymasterpro.com\/de\/wp-json\/wp\/v2\/media?parent=105"}],"curies":[{"name":"wp","href":"https:\/\/api.w.org\/{rel}","templated":true}]}}