{"id":101,"date":"2014-06-25T10:29:00","date_gmt":"2014-06-25T10:29:00","guid":{"rendered":"https:\/\/spymasterpro.com\/de\/?page_id=101"},"modified":"2020-02-06T06:48:43","modified_gmt":"2020-02-06T06:48:43","slug":"handy-verfolgung","status":"publish","type":"page","link":"https:\/\/www.spymasterpro.com\/de\/handy-verfolgung\/","title":{"rendered":"Handy Verfolgung"},"content":{"rendered":"<p style=\"text-align: center;\"><img loading=\"lazy\" decoding=\"async\" class=\"aligncenter wp-image-2307 size-full\" title=\"Handy Verfolgung\" src=\"https:\/\/www.spymasterpro.com\/de\/wp-content\/uploads\/2017\/04\/banner_img-1.png\" alt=\"Handy Verfolgung\" width=\"350\" height=\"200\" \/><\/p>\n<p>Spymaster Pro ist eine der getesteten und vertrauensw\u00fcrdigen Handy Verfolgungs- Plattformen, die die \u00dcberwachung von Standorten, wo sogar GPS-basierte Anwendungen fehlschlagen. Zus\u00e4tzlich dazu versorgt Spymaster Pro Sie mit aktuellsten zus\u00e4tzlichen Handy Verfolgungswerkzeugen, um sicherzustellen, dass komplette Eintr\u00e4ge aller Aktivit\u00e4ten, die jemals existiert auf dem Handy existiert haben unter Beobachtung stehen.<\/p>\n<p>Handyverfolgungssoftware wird alle Aktivit\u00e4ten aufnehmen &amp; gleichzeitig die Daten derselben Aktivit\u00e4ten auf das Nutzer-Konto von Spymaster Pro hinzuf\u00fcgen. Diese Verfolgungsanwendung ist kompatibel mit allen Smartphones wie iPhone, Nokia, Samsung, Sony, Micromax etc. Spymaster Pro ist anerkannte Handy Verfolgungs Software zus\u00e4tzlich zu der Verfolgung von Handy Ger\u00e4ten kann es au\u00dferdem:<\/p>\n<div class=\"spy-viber-it-change\" style=\"padding-bottom: 13px;\">\n<ul>\n<li>Alle E-Mails einsehen, eingehende\/ausgehende Ims und Texte. Verlauf von Web Browsing scrollen<\/li>\n<li>Alle eingehende oder abgehende Anrufe k\u00f6nnen mitgeh\u00f6rt werden<\/li>\n<li>Es kann selbst dann ein Handy verfolgen, wenn herk\u00f6mmliche GPS versagen.<\/li>\n<li>Verfolgung von WhatsApp Chat Konversationen mit genauem Datum und Zei<\/li>\n<li>Verfolgung von Viber Anrufen und Nachrichten<\/li>\n<li>Verfolgung von Facebook MessengerChats<\/li>\n<\/ul>\n<\/div>\n<div class=\"first_content-bottom strip_space\">\n<div class=\"col-xl-12 col-xs-12 col-sm-12 col-md-12 strip_txt text-xs-center bigtext-red\">Preis beginnt bei $6,66 nur \/ Monat<\/div>\n<div class=\"buy_panel text-xs-center hidden-sm-down\"><a class=\"blue_btn\" href=\"https:\/\/www.spymasterpro.com\/demo\/index.php\">Demo<\/a> <a class=\"blue_btn demo_btn\" href=\"https:\/\/www.spymasterpro.com\/de\/jetzt-kaufen\/\">Jetzt Kaufen<\/a> <a class=\"blue_btn \" href=\"https:\/\/www.spymasterpro.com\/de\/sichere-anwendung\/\">Sichere Verwendung<\/a><\/div>\n<div class=\"buy_panel text-xs-center hidden-md-up\"><a class=\"blue_btn\" href=\"#\">Mais recursos<\/a> <a class=\"blue_btn demo_btn\" href=\"#\">Compre Agora<\/a><\/div>\n<\/div>\n<section id=\"partners\">\n<div class=\"container wow slideInUp\">\n<div class=\"row\">\n<div class=\"col-lg-12 text-xs-center\">\n<h4>UNSERE Partnern<\/h4>\n<p><a href=\"#\"><img decoding=\"async\" src=\"https:\/\/www.spymasterpro.com\/de\/wp-content\/themes\/spymaster\/images\/partner_logo.jpg\" \/><\/a> <a href=\"#\"><img decoding=\"async\" src=\"https:\/\/www.spymasterpro.com\/de\/wp-content\/themes\/spymaster\/images\/partner_logo2.jpg\" alt=\"partner_logo_img\" \/><\/a> <a href=\"#\"><img decoding=\"async\" src=\"https:\/\/www.spymasterpro.com\/de\/wp-content\/themes\/spymaster\/images\/partner_logo3.jpg\" alt=\"partner_logo_img\" \/><\/a><\/p>\n<\/div>\n<\/div>\n<\/div>\n<\/section>\n","protected":false},"excerpt":{"rendered":"<p>Spymaster Pro ist eine der getesteten und vertrauensw\u00fcrdigen Handy Verfolgungs- Plattformen, die die \u00dcberwachung von Standorten, wo sogar GPS-basierte Anwendungen fehlschlagen. Zus\u00e4tzlich dazu versorgt Spymaster Pro Sie mit aktuellsten zus\u00e4tzlichen Handy Verfolgungswerkzeugen, um sicherzustellen, dass komplette Eintr\u00e4ge aller Aktivit\u00e4ten, die jemals existiert auf dem Handy existiert haben unter Beobachtung stehen. Handyverfolgungssoftware wird alle Aktivit\u00e4ten aufnehmen &hellip; <a href=\"https:\/\/www.spymasterpro.com\/de\/handy-verfolgung\/\" class=\"more-link\">Continue reading<span class=\"screen-reader-text\"> &#8220;Handy Verfolgung&#8221;<\/span><\/a><\/p>\n","protected":false},"author":1,"featured_media":0,"parent":0,"menu_order":0,"comment_status":"open","ping_status":"open","template":"","meta":{"_acf_changed":false,"footnotes":""},"class_list":["post-101","page","type-page","status-publish","hentry"],"acf":[],"aioseo_notices":[],"_links":{"self":[{"href":"https:\/\/www.spymasterpro.com\/de\/wp-json\/wp\/v2\/pages\/101","targetHints":{"allow":["GET"]}}],"collection":[{"href":"https:\/\/www.spymasterpro.com\/de\/wp-json\/wp\/v2\/pages"}],"about":[{"href":"https:\/\/www.spymasterpro.com\/de\/wp-json\/wp\/v2\/types\/page"}],"author":[{"embeddable":true,"href":"https:\/\/www.spymasterpro.com\/de\/wp-json\/wp\/v2\/users\/1"}],"replies":[{"embeddable":true,"href":"https:\/\/www.spymasterpro.com\/de\/wp-json\/wp\/v2\/comments?post=101"}],"version-history":[{"count":0,"href":"https:\/\/www.spymasterpro.com\/de\/wp-json\/wp\/v2\/pages\/101\/revisions"}],"wp:attachment":[{"href":"https:\/\/www.spymasterpro.com\/de\/wp-json\/wp\/v2\/media?parent=101"}],"curies":[{"name":"wp","href":"https:\/\/api.w.org\/{rel}","templated":true}]}}